{"id":2805,"date":"2023-11-13T14:59:34","date_gmt":"2023-11-13T13:59:34","guid":{"rendered":"https:\/\/www.lepontdemazerat.com\/animationen\/"},"modified":"2025-11-26T10:26:29","modified_gmt":"2025-11-26T09:26:29","slug":"animationen","status":"publish","type":"page","link":"https:\/\/www.lepontdemazerat.com\/de\/animationen\/","title":{"rendered":"Animationen"},"content":{"rendered":"\n<div class=\"wp-block-cover alignfull\"><span aria-hidden=\"true\" class=\"has-background-dim-60 wp-block-cover__gradient-background has-background-dim\"><\/span><img loading=\"lazy\" width=\"1600\" height=\"1200\" class=\"wp-block-cover__image-background wp-image-683\" alt=\"camping en dordogne avec les enfants\" src=\"https:\/\/www.lepontdemazerat.com\/wp-content\/uploads\/2022\/12\/IMG-20221205-WA0008.jpg\" style=\"object-position:46% 21%\" data-object-fit=\"cover\" data-object-position=\"46% 21%\" srcset=\"https:\/\/www.lepontdemazerat.com\/wp-content\/uploads\/2022\/12\/IMG-20221205-WA0008.jpg 1600w, https:\/\/www.lepontdemazerat.com\/wp-content\/uploads\/2022\/12\/IMG-20221205-WA0008-300x225.jpg 300w, https:\/\/www.lepontdemazerat.com\/wp-content\/uploads\/2022\/12\/IMG-20221205-WA0008-1024x768.jpg 1024w, https:\/\/www.lepontdemazerat.com\/wp-content\/uploads\/2022\/12\/IMG-20221205-WA0008-768x576.jpg 768w, https:\/\/www.lepontdemazerat.com\/wp-content\/uploads\/2022\/12\/IMG-20221205-WA0008-1536x1152.jpg 1536w\" sizes=\"(max-width: 1600px) 100vw, 1600px\" \/><div class=\"wp-block-cover__inner-container\">\n<p class=\"has-text-align-center has-large-font-size\"><\/p>\n<\/div><\/div>\n\n\n\n<div class=\"wp-block-columns alignfull are-vertically-aligned-center has-blanc-background-color has-background\">\n<div class=\"wp-block-column is-vertically-aligned-center\">\n<h1 id=\"sejournez-dans-un-camping-a-sarlat-au-coeur-d-une-nature-en-fete\">Camping in der Dordogne mit Animationen f\u00fcr Kinder<\/h1>\n\n\n\n<p>F\u00fcr Ihren Aufenthalt auf einem <a href=\"https:\/\/www.lepontdemazerat.com\/de\/\">4-Sterne-Campingplatz in der N\u00e4he von Sarlat<\/a> bieten wir Ihnen eine gro\u00dfe Auswahl an Unterhaltung, Aktivit\u00e4ten und geselligen Momenten f\u00fcr die ganze Familie.  <\/p>\n\n\n\n<h2 id=\"aktivitaten-im-freien\">Aktivit\u00e4ten im Freien<\/h2>\n\n\n\n<p>Begeben Sie sich zu Fu\u00df oder mit dem Mountainbike auf die markierten Wanderwege, die direkt von unserem Campingplatz in der N\u00e4he von Sarlat ausgehen. Fragen Sie uns an der Rezeption nach Karten und weiteren Informationen.<\/p>\n\n\n\n<p>Auf unserem <strong>Familiencampingplatz in der Dordogne<\/strong> finden Sie verschiedene Sporteinrichtungen wie <strong>zwei Boulepl\u00e4tze<\/strong>, eine <strong>Minigolfanlage<\/strong> und einen Sportplatz, der sich <strong>ideal f\u00fcr Fu\u00dfball, Volleyball und Badminton<\/strong> eignet!<\/p>\n\n\n\n<h2 id=\"l-etang-de-tamnies-l-endroit-parfait-pour-se-baigner-et-pecher\">Der Teich von Tamni\u00e8s: Der perfekte Ort zum Baden und Angeln<\/h2>\n\n\n\n<p>Nur <strong>300 Meter vom Campingplatz entfernt<\/strong> liegt der <a href=\"https:\/\/www.lepontdemazerat.com\/de\/campingplatz-mit-see-dordogne\/\">\u00c9tang de Tamni\u00e8s<\/a>, der seit 2011 mit dem G\u00fctesiegel <strong>Blaue Flagge<\/strong> ausgezeichnet ist. Dieser 5 Hektar gro\u00dfe Badesee ist ideal zum Schwimmen. Im Juli und August beherbergt er au\u00dferdem <a href=\"https:\/\/www.sarlat-tourisme.com\/je-selectionne-mes-activites\/loisirs-et-activites-de-plein-air\/aqua-delire-tamnies-fr-4593798\/\" target=\"_blank\" rel=\"noreferrer noopener\">Aqua D\u00e9lire<\/a>, einen Wasserpark mit aufblasbaren Strukturen, der sowohl bei Kindern ab 6 Jahren als auch bei Erwachsenen sehr beliebt ist und t\u00e4glich von 11 bis 21 Uhr ge\u00f6ffnet ist. Sie finden hier auch einen Gesundheitsparcours sowie einen ausgewiesenen Badebereich f\u00fcr Hunde.<\/p>\n\n\n\n<p>M\u00f6chten Sie angeln? <strong>Der \u00c9tang de Tamni\u00e8s ist ebenfalls zum Angeln ge\u00f6ffnet<\/strong> und bietet mehrere Arten von S\u00fc\u00dfwasserfischen f\u00fcr das Vergn\u00fcgen aller Angelfreunde.<\/p>\n\n\n\n<ul><li>Beaufsichtigtes Baden im Juli und August<\/li><li>Wasserpark mit aufblasbaren Strukturen<\/li><li>Strand mit feinem Sand<\/li><\/ul>\n\n\n\n<div class=\"wp-block-group lire-plus-pc\"><div class=\"wp-block-group__inner-container\">\n<p>Lesen Sie mehr<\/p>\n\n\n\n<div class=\"wp-container-6a025ff648033 wp-block-group\"><div class=\"wp-block-group__inner-container\">\n<p>Auch die Zeit der Gourmetm\u00e4rkte am Sonntagabend sollten Sie nicht verpassen. Das Konzept ist einfach und nur einen kleinen Abstecher entfernt: Sie bringen Ihr eigenes Besteck mit und w\u00e4hlen die Spezialit\u00e4t aus, die Sie an den gro\u00dfen Tischen auf dem Feld genie\u00dfen m\u00f6chten. Ein einzigartiger Moment, um bei musikalischer Atmosph\u00e4re mit den Einheimischen ins Gespr\u00e4ch zu kommen.<\/p>\n<\/div><\/div>\n<\/div><\/div>\n<\/div>\n\n\n\n<div class=\"wp-block-column is-vertically-aligned-center\" style=\"flex-basis:45%\">\n<figure class=\"wp-block-gallery has-nested-images columns-default is-cropped gal_2\">\n<figure class=\"wp-block-image size-full\"><img loading=\"lazy\" width=\"1024\" height=\"683\" src=\"https:\/\/www.lepontdemazerat.com\/wp-content\/uploads\/2023\/01\/camping-dordogne-4-etoiles-aire-de-jeux-lepontdemazerat.jpg\" alt=\"\" class=\"wp-image-2809\" srcset=\"https:\/\/www.lepontdemazerat.com\/wp-content\/uploads\/2023\/01\/camping-dordogne-4-etoiles-aire-de-jeux-lepontdemazerat.jpg 1024w, https:\/\/www.lepontdemazerat.com\/wp-content\/uploads\/2023\/01\/camping-dordogne-4-etoiles-aire-de-jeux-lepontdemazerat-300x200.jpg 300w, https:\/\/www.lepontdemazerat.com\/wp-content\/uploads\/2023\/01\/camping-dordogne-4-etoiles-aire-de-jeux-lepontdemazerat-768x512.jpg 768w\" sizes=\"(max-width: 1024px) 100vw, 1024px\" \/><\/figure>\n\n\n\n<figure class=\"wp-block-image size-full\"><img loading=\"lazy\" width=\"300\" height=\"300\" src=\"https:\/\/www.lepontdemazerat.com\/wp-content\/uploads\/2023\/01\/Jeux-gonflables-etang-de-tamnies-1-300x300-1.jpg\" alt=\"Naturcampingplatz Dordogne\" class=\"wp-image-957\" srcset=\"https:\/\/www.lepontdemazerat.com\/wp-content\/uploads\/2023\/01\/Jeux-gonflables-etang-de-tamnies-1-300x300-1.jpg 300w, https:\/\/www.lepontdemazerat.com\/wp-content\/uploads\/2023\/01\/Jeux-gonflables-etang-de-tamnies-1-300x300-1-150x150.jpg 150w\" sizes=\"(max-width: 300px) 100vw, 300px\" \/><\/figure>\n<\/figure>\n<\/div>\n<\/div>\n\n\n\n<div class=\"wp-container-6a025ff6487cd wp-block-group alignfull has-fond-background-color has-background\"><div class=\"wp-block-group__inner-container\">\n<h2 class=\"has-text-align-center\" id=\"un-camping-ideal-pour-les-enfants-1\">Die Animationen f\u00fcr Kinder und Eltern auf dem Campingplatz in der Dordogne<\/h2>\n\n\n\n<ul class=\"pictos col-4\"><li><i class=\"fas fa-child\"><\/i>  Kinderclub<\/li><li><i class=\"fas fa-person-running\"><\/i> Sportliche Animationen<\/li><li><i class=\"fas fa-music\"><\/i>  Musikabende in der Hochsaison<\/li><li><i class=\"fas fa-utensils\"><\/i>  Lokale Verpflegung<\/li><li><i class=\"fas fa-futbol\"><\/i>  Sportplatz (Fu\u00dfball, Volleyball, Badminton)<\/li><li><i class=\"fas fa-castle\"><\/i>  Aufblasbare Burg<\/li><li><i class=\"fas fa-coin\"><\/i>  Trampoline<\/li><li><i class=\"fas fa-golf-club\"><\/i>  Minigolf<\/li><\/ul>\n\n\n\n<p class=\"has-text-align-center\">Weil man umso mehr lacht, je verr\u00fcckter man ist, starten wir die <strong>Animationen in der Hochsaison<\/strong>!<\/p>\n\n\n\n<p class=\"has-text-align-center\">An mehreren Vormittagen pro Woche im Kinderclub besch\u00e4ftigt ein Betreuer Ihre <strong>Kinder von 6 bis 11<\/strong> Jahren nach einem ver\u00e4nderbaren Plan: sportliche Aktivit\u00e4ten, Backen, Gesellschaftsspiele&#8230; Der Fantasie unseres Betreuers sind keine Grenzen gesetzt!<\/p>\n\n\n\n<div class=\"wp-block-group lire-plus-pc\"><div class=\"wp-block-group__inner-container\">\n<p class=\"has-text-align-center\">Lesen Sie mehr<\/p>\n\n\n\n<div class=\"wp-container-6a025ff64841f wp-block-group\"><div class=\"wp-block-group__inner-container\">\n<p class=\"has-text-align-center\">Da Sie aber auch hier sind, um die gemeinsamen Momente zu teilen, k\u00f6nnen Sie an Aktivit\u00e4ten teilnehmen, die <strong>speziell auf Familien zugeschnitten<\/strong> sind: Olympiaden, Quiz, Schatzsuchen&#8230;<\/p>\n\n\n\n<p class=\"has-text-align-center\">Nehmen Sie an unseren <strong>Themenabenden<\/strong> teil: Musikabend, Abend mit perigourdinischem Essen, Paella-Abend&#8230; Ihr Erfolg h\u00e4ngt von Ihrer Teilnahme ab!<\/p>\n\n\n\n<p class=\"has-text-align-center\">Wer die Ruhe liebt, sollte nicht weglaufen, denn alle unsere <strong>Animationen enden sp\u00e4testens um 24 Uhr<\/strong> (Pr\u00e4fekturerlass verpflichtet) und finden im Restaurantbereich am Eingang des Campingplatzes statt.<\/p>\n<\/div><\/div>\n<\/div><\/div>\n\n\n\n<figure class=\"wp-block-gallery alignwide has-nested-images columns-7 is-cropped diaporama--3\">\n<figure class=\"wp-block-image size-large\"><img loading=\"lazy\" width=\"1600\" height=\"1200\" src=\"https:\/\/www.lepontdemazerat.com\/wp-content\/uploads\/2023\/01\/IMG-20221205-WA0003.jpg\" alt=\"\" class=\"wp-image-1214\" srcset=\"https:\/\/www.lepontdemazerat.com\/wp-content\/uploads\/2023\/01\/IMG-20221205-WA0003.jpg 1600w, https:\/\/www.lepontdemazerat.com\/wp-content\/uploads\/2023\/01\/IMG-20221205-WA0003-300x225.jpg 300w, https:\/\/www.lepontdemazerat.com\/wp-content\/uploads\/2023\/01\/IMG-20221205-WA0003-1024x768.jpg 1024w, https:\/\/www.lepontdemazerat.com\/wp-content\/uploads\/2023\/01\/IMG-20221205-WA0003-768x576.jpg 768w, https:\/\/www.lepontdemazerat.com\/wp-content\/uploads\/2023\/01\/IMG-20221205-WA0003-1536x1152.jpg 1536w\" sizes=\"(max-width: 1600px) 100vw, 1600px\" \/><\/figure>\n\n\n\n<figure class=\"wp-block-image size-large\"><img loading=\"lazy\" width=\"1600\" height=\"1200\" src=\"https:\/\/www.lepontdemazerat.com\/wp-content\/uploads\/2023\/01\/IMG-20221205-WA0016.jpg\" alt=\"Kinderspielplatz\" class=\"wp-image-1208\" srcset=\"https:\/\/www.lepontdemazerat.com\/wp-content\/uploads\/2023\/01\/IMG-20221205-WA0016.jpg 1600w, https:\/\/www.lepontdemazerat.com\/wp-content\/uploads\/2023\/01\/IMG-20221205-WA0016-300x225.jpg 300w, https:\/\/www.lepontdemazerat.com\/wp-content\/uploads\/2023\/01\/IMG-20221205-WA0016-1024x768.jpg 1024w, https:\/\/www.lepontdemazerat.com\/wp-content\/uploads\/2023\/01\/IMG-20221205-WA0016-768x576.jpg 768w, https:\/\/www.lepontdemazerat.com\/wp-content\/uploads\/2023\/01\/IMG-20221205-WA0016-1536x1152.jpg 1536w\" sizes=\"(max-width: 1600px) 100vw, 1600px\" \/><\/figure>\n\n\n\n<figure class=\"wp-block-image size-large\"><img loading=\"lazy\" width=\"1600\" height=\"1200\" src=\"https:\/\/www.lepontdemazerat.com\/wp-content\/uploads\/2023\/01\/IMG-20230106-WA0003.jpg\" alt=\"Indoor-Spielplatz\" class=\"wp-image-1443\" srcset=\"https:\/\/www.lepontdemazerat.com\/wp-content\/uploads\/2023\/01\/IMG-20230106-WA0003.jpg 1600w, https:\/\/www.lepontdemazerat.com\/wp-content\/uploads\/2023\/01\/IMG-20230106-WA0003-300x225.jpg 300w, https:\/\/www.lepontdemazerat.com\/wp-content\/uploads\/2023\/01\/IMG-20230106-WA0003-1024x768.jpg 1024w, https:\/\/www.lepontdemazerat.com\/wp-content\/uploads\/2023\/01\/IMG-20230106-WA0003-768x576.jpg 768w, https:\/\/www.lepontdemazerat.com\/wp-content\/uploads\/2023\/01\/IMG-20230106-WA0003-1536x1152.jpg 1536w\" sizes=\"(max-width: 1600px) 100vw, 1600px\" \/><\/figure>\n\n\n\n<figure class=\"wp-block-image size-large\"><img loading=\"lazy\" width=\"1024\" height=\"683\" src=\"https:\/\/www.lepontdemazerat.com\/wp-content\/uploads\/2023\/01\/camping-sarlat-perigord-noir-trampoline-lepontdemazerat.jpg\" alt=\"Kindertrampolin\" class=\"wp-image-946\" srcset=\"https:\/\/www.lepontdemazerat.com\/wp-content\/uploads\/2023\/01\/camping-sarlat-perigord-noir-trampoline-lepontdemazerat.jpg 1024w, https:\/\/www.lepontdemazerat.com\/wp-content\/uploads\/2023\/01\/camping-sarlat-perigord-noir-trampoline-lepontdemazerat-300x200.jpg 300w, https:\/\/www.lepontdemazerat.com\/wp-content\/uploads\/2023\/01\/camping-sarlat-perigord-noir-trampoline-lepontdemazerat-768x512.jpg 768w\" sizes=\"(max-width: 1024px) 100vw, 1024px\" \/><\/figure>\n\n\n\n<figure class=\"wp-block-image size-large\"><img loading=\"lazy\" width=\"1600\" height=\"1200\" src=\"https:\/\/www.lepontdemazerat.com\/wp-content\/uploads\/2023\/01\/IMG-20230106-WA0009.jpg\" alt=\"lebhafter Abend\" class=\"wp-image-1437\" srcset=\"https:\/\/www.lepontdemazerat.com\/wp-content\/uploads\/2023\/01\/IMG-20230106-WA0009.jpg 1600w, https:\/\/www.lepontdemazerat.com\/wp-content\/uploads\/2023\/01\/IMG-20230106-WA0009-300x225.jpg 300w, https:\/\/www.lepontdemazerat.com\/wp-content\/uploads\/2023\/01\/IMG-20230106-WA0009-1024x768.jpg 1024w, https:\/\/www.lepontdemazerat.com\/wp-content\/uploads\/2023\/01\/IMG-20230106-WA0009-768x576.jpg 768w, https:\/\/www.lepontdemazerat.com\/wp-content\/uploads\/2023\/01\/IMG-20230106-WA0009-1536x1152.jpg 1536w\" sizes=\"(max-width: 1600px) 100vw, 1600px\" \/><\/figure>\n\n\n\n<figure class=\"wp-block-image size-large\"><img loading=\"lazy\" width=\"1024\" height=\"683\" src=\"https:\/\/www.lepontdemazerat.com\/wp-content\/uploads\/2023\/01\/camping-4-etoiles-dordogne-sarlat-club-enfant-lepontdemazerat.jpg\" alt=\"Tischtennis\" class=\"wp-image-948\" srcset=\"https:\/\/www.lepontdemazerat.com\/wp-content\/uploads\/2023\/01\/camping-4-etoiles-dordogne-sarlat-club-enfant-lepontdemazerat.jpg 1024w, https:\/\/www.lepontdemazerat.com\/wp-content\/uploads\/2023\/01\/camping-4-etoiles-dordogne-sarlat-club-enfant-lepontdemazerat-300x200.jpg 300w, https:\/\/www.lepontdemazerat.com\/wp-content\/uploads\/2023\/01\/camping-4-etoiles-dordogne-sarlat-club-enfant-lepontdemazerat-768x512.jpg 768w\" sizes=\"(max-width: 1024px) 100vw, 1024px\" \/><\/figure>\n\n\n\n<figure class=\"wp-block-image size-large\"><img loading=\"lazy\" width=\"1536\" height=\"2048\" src=\"https:\/\/www.lepontdemazerat.com\/wp-content\/uploads\/2023\/01\/IMG-20230106-WA0000.jpg\" alt=\"\" class=\"wp-image-1445\" srcset=\"https:\/\/www.lepontdemazerat.com\/wp-content\/uploads\/2023\/01\/IMG-20230106-WA0000.jpg 1536w, https:\/\/www.lepontdemazerat.com\/wp-content\/uploads\/2023\/01\/IMG-20230106-WA0000-225x300.jpg 225w, https:\/\/www.lepontdemazerat.com\/wp-content\/uploads\/2023\/01\/IMG-20230106-WA0000-768x1024.jpg 768w, https:\/\/www.lepontdemazerat.com\/wp-content\/uploads\/2023\/01\/IMG-20230106-WA0000-1152x1536.jpg 1152w\" sizes=\"(max-width: 1536px) 100vw, 1536px\" \/><\/figure>\n\n\n\n<figure class=\"wp-block-image size-large\"><img loading=\"lazy\" width=\"1024\" height=\"768\" src=\"https:\/\/www.lepontdemazerat.com\/wp-content\/uploads\/2022\/12\/IMG-20221205-WA0008-1024x768.jpg\" alt=\"\" class=\"wp-image-683\" srcset=\"https:\/\/www.lepontdemazerat.com\/wp-content\/uploads\/2022\/12\/IMG-20221205-WA0008-1024x768.jpg 1024w, https:\/\/www.lepontdemazerat.com\/wp-content\/uploads\/2022\/12\/IMG-20221205-WA0008-300x225.jpg 300w, https:\/\/www.lepontdemazerat.com\/wp-content\/uploads\/2022\/12\/IMG-20221205-WA0008-768x576.jpg 768w, https:\/\/www.lepontdemazerat.com\/wp-content\/uploads\/2022\/12\/IMG-20221205-WA0008-1536x1152.jpg 1536w, https:\/\/www.lepontdemazerat.com\/wp-content\/uploads\/2022\/12\/IMG-20221205-WA0008.jpg 1600w\" sizes=\"(max-width: 1024px) 100vw, 1024px\" \/><\/figure>\n\n\n\n<figure class=\"wp-block-image size-large\"><img loading=\"lazy\" width=\"1600\" height=\"1200\" src=\"https:\/\/www.lepontdemazerat.com\/wp-content\/uploads\/2023\/01\/IMG-20221205-WA0020.jpg\" alt=\"\" class=\"wp-image-1210\" srcset=\"https:\/\/www.lepontdemazerat.com\/wp-content\/uploads\/2023\/01\/IMG-20221205-WA0020.jpg 1600w, https:\/\/www.lepontdemazerat.com\/wp-content\/uploads\/2023\/01\/IMG-20221205-WA0020-300x225.jpg 300w, https:\/\/www.lepontdemazerat.com\/wp-content\/uploads\/2023\/01\/IMG-20221205-WA0020-1024x768.jpg 1024w, https:\/\/www.lepontdemazerat.com\/wp-content\/uploads\/2023\/01\/IMG-20221205-WA0020-768x576.jpg 768w, https:\/\/www.lepontdemazerat.com\/wp-content\/uploads\/2023\/01\/IMG-20221205-WA0020-1536x1152.jpg 1536w\" sizes=\"(max-width: 1600px) 100vw, 1600px\" \/><\/figure>\n\n\n\n<figure class=\"wp-block-image size-large\"><img loading=\"lazy\" width=\"1200\" height=\"1600\" src=\"https:\/\/www.lepontdemazerat.com\/wp-content\/uploads\/2023\/01\/IMG-20221205-WA0017.jpg\" alt=\"aufblasbare Struktur\" class=\"wp-image-1212\" srcset=\"https:\/\/www.lepontdemazerat.com\/wp-content\/uploads\/2023\/01\/IMG-20221205-WA0017.jpg 1200w, https:\/\/www.lepontdemazerat.com\/wp-content\/uploads\/2023\/01\/IMG-20221205-WA0017-225x300.jpg 225w, https:\/\/www.lepontdemazerat.com\/wp-content\/uploads\/2023\/01\/IMG-20221205-WA0017-768x1024.jpg 768w, https:\/\/www.lepontdemazerat.com\/wp-content\/uploads\/2023\/01\/IMG-20221205-WA0017-1152x1536.jpg 1152w\" sizes=\"(max-width: 1200px) 100vw, 1200px\" \/><\/figure>\n\n\n\n<figure class=\"wp-block-image size-large\"><img loading=\"lazy\" width=\"840\" height=\"600\" src=\"https:\/\/www.lepontdemazerat.com\/wp-content\/uploads\/2023\/01\/aire-de-jeux-2017-camping-le-pont-de-mazerat.jpg\" alt=\"\" class=\"wp-image-1008\" srcset=\"https:\/\/www.lepontdemazerat.com\/wp-content\/uploads\/2023\/01\/aire-de-jeux-2017-camping-le-pont-de-mazerat.jpg 840w, https:\/\/www.lepontdemazerat.com\/wp-content\/uploads\/2023\/01\/aire-de-jeux-2017-camping-le-pont-de-mazerat-300x214.jpg 300w, https:\/\/www.lepontdemazerat.com\/wp-content\/uploads\/2023\/01\/aire-de-jeux-2017-camping-le-pont-de-mazerat-768x549.jpg 768w\" sizes=\"(max-width: 840px) 100vw, 840px\" \/><\/figure>\n<\/figure>\n<\/div><\/div>\n","protected":false},"excerpt":{"rendered":"<p>Camping in der Dordogne mit Animationen f\u00fcr Kinder F\u00fcr Ihren Aufenthalt auf einem 4-Sterne-Campingplatz in der N\u00e4he von Sarlat bieten wir Ihnen eine gro\u00dfe Auswahl an Unterhaltung, Aktivit\u00e4ten und geselligen Momenten f\u00fcr die ganze Familie. Aktivit\u00e4ten im Freien Begeben Sie sich zu Fu\u00df oder mit dem Mountainbike auf die markierten Wanderwege, die direkt von unserem [&hellip;]<\/p>\n","protected":false},"author":1,"featured_media":0,"parent":0,"menu_order":0,"comment_status":"closed","ping_status":"closed","template":"","meta":[],"acf":[],"_links":{"self":[{"href":"https:\/\/www.lepontdemazerat.com\/de\/wp-json\/wp\/v2\/pages\/2805"}],"collection":[{"href":"https:\/\/www.lepontdemazerat.com\/de\/wp-json\/wp\/v2\/pages"}],"about":[{"href":"https:\/\/www.lepontdemazerat.com\/de\/wp-json\/wp\/v2\/types\/page"}],"author":[{"embeddable":true,"href":"https:\/\/www.lepontdemazerat.com\/de\/wp-json\/wp\/v2\/users\/1"}],"replies":[{"embeddable":true,"href":"https:\/\/www.lepontdemazerat.com\/de\/wp-json\/wp\/v2\/comments?post=2805"}],"version-history":[{"count":4,"href":"https:\/\/www.lepontdemazerat.com\/de\/wp-json\/wp\/v2\/pages\/2805\/revisions"}],"predecessor-version":[{"id":4615,"href":"https:\/\/www.lepontdemazerat.com\/de\/wp-json\/wp\/v2\/pages\/2805\/revisions\/4615"}],"wp:attachment":[{"href":"https:\/\/www.lepontdemazerat.com\/de\/wp-json\/wp\/v2\/media?parent=2805"}],"curies":[{"name":"wp","href":"https:\/\/api.w.org\/{rel}","templated":true}]}}