{"id":2827,"date":"2023-11-13T15:04:11","date_gmt":"2023-11-13T14:04:11","guid":{"rendered":"https:\/\/www.lepontdemazerat.com\/standort\/"},"modified":"2025-04-03T15:32:50","modified_gmt":"2025-04-03T13:32:50","slug":"stellplatz-dordogne-aquitaine","status":"publish","type":"page","link":"https:\/\/www.lepontdemazerat.com\/de\/stellplatz-dordogne-aquitaine\/","title":{"rendered":"Standort"},"content":{"rendered":"\n<div class=\"wp-block-cover alignfull\"><span aria-hidden=\"true\" class=\"has-background-dim-60 wp-block-cover__gradient-background has-background-dim\"><\/span><img loading=\"lazy\" width=\"2048\" height=\"1365\" class=\"wp-block-cover__image-background wp-image-818\" alt=\"Campingstellplatz in der Dordogne\" src=\"https:\/\/www.lepontdemazerat.com\/wp-content\/uploads\/2023\/01\/camping-sarlat-dordgne-pas-cher-lepontdemazerat.webp\" data-object-fit=\"cover\" srcset=\"https:\/\/www.lepontdemazerat.com\/wp-content\/uploads\/2023\/01\/camping-sarlat-dordgne-pas-cher-lepontdemazerat.webp 2048w, https:\/\/www.lepontdemazerat.com\/wp-content\/uploads\/2023\/01\/camping-sarlat-dordgne-pas-cher-lepontdemazerat-300x200.webp 300w, https:\/\/www.lepontdemazerat.com\/wp-content\/uploads\/2023\/01\/camping-sarlat-dordgne-pas-cher-lepontdemazerat-1024x683.webp 1024w, https:\/\/www.lepontdemazerat.com\/wp-content\/uploads\/2023\/01\/camping-sarlat-dordgne-pas-cher-lepontdemazerat-768x512.webp 768w, https:\/\/www.lepontdemazerat.com\/wp-content\/uploads\/2023\/01\/camping-sarlat-dordgne-pas-cher-lepontdemazerat-1536x1024.webp 1536w\" sizes=\"(max-width: 2048px) 100vw, 2048px\" \/><div class=\"wp-block-cover__inner-container\">\n<p class=\"has-text-align-center has-large-font-size\"><\/p>\n<\/div><\/div>\n\n\n\n<div class=\"wp-block-columns alignwide\">\n<div class=\"wp-block-column padding-t-b\" style=\"flex-basis:50%\">\n<h1 id=\"des-emplacements-de-camping-en-dordogne\">Campen Sie auf einem Stellplatz im Herzen der Dordogne in Frankreich<\/h1>\n\n\n\n<p>Unser <a href=\"https:\/\/www.lepontdemazerat.com\/de\/\">Naturcampingplatz in der Dordogne<\/a> bietet Ihnen <strong>zwei Arten von Stellpl\u00e4tzen<\/strong> f\u00fcr Ihren <strong>Urlaub im Zelt, Wohnwagen oder Wohnmobil in der N\u00e4he von Sarlat.<\/strong> <\/p>\n\n\n\n<p>Angeboten neben den <a href=\"https:\/\/www.lepontdemazerat.com\/de\/vermietungen\/mobilheim-aquitaine\/\">Mobilheimen<\/a>, <strong>Der Campingplatz Le Pont de Mazerat in der Dordogne<\/strong> bietet Ihnen eine Reihe von <strong> ger\u00e4umige<\/strong> und begr\u00fcnte <strong> Campingpl\u00e4tze<\/strong> sowie <strong> vorger\u00fcsteteStellpl\u00e4tze . ausgestattet<\/strong> f\u00fcr mehr Komfort.<\/p>\n\n\n\n<ul class=\"pictos col-4\"><li><i class=\"fas fa-campground\"><\/i>  Zelt, Wohnwagen oder Van<\/li><li><i class=\"fas fa-rv\"><\/i>  Wohnmobilstellplatz<\/li><li><i class=\"fas fa-cube\"><\/i>  Raum von 100 m\u00b2<\/li><li><i class=\"fas fa-bolt-lightning\"><\/i> 10 A Stromanschluss<\/li><\/ul>\n\n\n\n<h2 class=\"h3\" id=\"emplacements-nus-pour-tente-caravane-et-camping-car-en-dordogne\">Nackte Stellpl\u00e4tze f\u00fcr Zelt, Wohnwagen und Wohnmobil in Dordogne<\/h2>\n\n\n\n<p>F\u00fcr echte Naturcamping-Fans: Stellen Sie Ihre Ausr\u00fcstung auf ger\u00e4umigen, <strong>abgegrenzten Campingpl\u00e4tzen von 100 m\u00b2 auf<\/strong>. Ob Sie einen <strong>schattigen, halbschattigen oder sonnigen Platz bevorzugen<\/strong>, w\u00e4hlen Sie den Platz, den Sie f\u00fcr Ihren <strong>Urlaub in der N\u00e4he von Sarlat<\/strong> bevorzugen. Alle sind mit 10-Ampere-Elektroanschl\u00fcssen ausgestattet.<\/p>\n\n\n\n<div class=\"wp-container-6a0261b5175d7 wp-block-buttons\">\n<div class=\"wp-block-button btn_galerie\"><a class=\"wp-block-button__link\" href=\"https:\/\/www.lepontdemazerat.com\/de\/nackter-stellplatz\/\">Klassische Stellpl\u00e4tze entdecken<\/a><\/div>\n<\/div>\n\n\n\n<div class=\"wp-container-6a0261b517849 wp-block-buttons\">\n<div class=\"wp-block-button btn_resa\"><a class=\"wp-block-button__link\">Reservieren Sie einen Stellplatz!<\/a><\/div>\n<\/div>\n<\/div>\n\n\n\n<div class=\"wp-block-column\">\n<figure class=\"wp-block-gallery alignfull has-nested-images columns-3 is-cropped diaporama--1 gal_overflow\">\n<figure class=\"wp-block-image size-large\"><img loading=\"lazy\" width=\"1024\" height=\"768\" src=\"https:\/\/www.lepontdemazerat.com\/wp-content\/uploads\/2023\/01\/IMG-20230106-WA0006-1024x768.jpg\" alt=\"campingplatz dordogne perigord\" class=\"wp-image-1460\" srcset=\"https:\/\/www.lepontdemazerat.com\/wp-content\/uploads\/2023\/01\/IMG-20230106-WA0006-1024x768.jpg 1024w, https:\/\/www.lepontdemazerat.com\/wp-content\/uploads\/2023\/01\/IMG-20230106-WA0006-300x225.jpg 300w, https:\/\/www.lepontdemazerat.com\/wp-content\/uploads\/2023\/01\/IMG-20230106-WA0006-768x576.jpg 768w, https:\/\/www.lepontdemazerat.com\/wp-content\/uploads\/2023\/01\/IMG-20230106-WA0006-1536x1152.jpg 1536w, https:\/\/www.lepontdemazerat.com\/wp-content\/uploads\/2023\/01\/IMG-20230106-WA0006.jpg 1600w\" sizes=\"(max-width: 1024px) 100vw, 1024px\" \/><\/figure>\n\n\n\n<figure class=\"wp-block-image size-large\"><img loading=\"lazy\" width=\"1922\" height=\"1281\" src=\"https:\/\/www.lepontdemazerat.com\/wp-content\/uploads\/2022\/12\/bet_004.jpg\" alt=\"zeltplatz in der dordogne\" class=\"wp-image-645\" srcset=\"https:\/\/www.lepontdemazerat.com\/wp-content\/uploads\/2022\/12\/bet_004.jpg 1922w, https:\/\/www.lepontdemazerat.com\/wp-content\/uploads\/2022\/12\/bet_004-300x200.jpg 300w, https:\/\/www.lepontdemazerat.com\/wp-content\/uploads\/2022\/12\/bet_004-1024x682.jpg 1024w, https:\/\/www.lepontdemazerat.com\/wp-content\/uploads\/2022\/12\/bet_004-768x512.jpg 768w, https:\/\/www.lepontdemazerat.com\/wp-content\/uploads\/2022\/12\/bet_004-1536x1024.jpg 1536w\" sizes=\"(max-width: 1922px) 100vw, 1922px\" \/><\/figure>\n\n\n\n<figure class=\"wp-block-image size-large\"><img loading=\"lazy\" width=\"800\" height=\"532\" src=\"https:\/\/www.lepontdemazerat.com\/wp-content\/uploads\/2023\/01\/00000152161.webp\" alt=\"campingurlaub stellplatz in der n\u00e4he von sarlat\" class=\"wp-image-831\" srcset=\"https:\/\/www.lepontdemazerat.com\/wp-content\/uploads\/2023\/01\/00000152161.webp 800w, https:\/\/www.lepontdemazerat.com\/wp-content\/uploads\/2023\/01\/00000152161-300x200.webp 300w, https:\/\/www.lepontdemazerat.com\/wp-content\/uploads\/2023\/01\/00000152161-768x511.webp 768w\" sizes=\"(max-width: 800px) 100vw, 800px\" \/><\/figure>\n\n\n\n<figure class=\"wp-block-image size-large\"><img loading=\"lazy\" width=\"800\" height=\"532\" src=\"https:\/\/www.lepontdemazerat.com\/wp-content\/uploads\/2023\/01\/00000152162.webp\" alt=\"stellplatz zelt camping dordogne\" class=\"wp-image-829\" srcset=\"https:\/\/www.lepontdemazerat.com\/wp-content\/uploads\/2023\/01\/00000152162.webp 800w, https:\/\/www.lepontdemazerat.com\/wp-content\/uploads\/2023\/01\/00000152162-300x200.webp 300w, https:\/\/www.lepontdemazerat.com\/wp-content\/uploads\/2023\/01\/00000152162-768x511.webp 768w\" sizes=\"(max-width: 800px) 100vw, 800px\" \/><\/figure>\n\n\n\n<figure class=\"wp-block-image size-large\"><img loading=\"lazy\" width=\"768\" height=\"1024\" src=\"https:\/\/www.lepontdemazerat.com\/wp-content\/uploads\/2023\/01\/emplacement-confort-cuisine-dordogne-lepontdemazerat-768x1024-1.jpeg\" alt=\"vorger\u00fcsteter standort in der dordogne\" class=\"wp-image-852\" srcset=\"https:\/\/www.lepontdemazerat.com\/wp-content\/uploads\/2023\/01\/emplacement-confort-cuisine-dordogne-lepontdemazerat-768x1024-1.jpeg 768w, https:\/\/www.lepontdemazerat.com\/wp-content\/uploads\/2023\/01\/emplacement-confort-cuisine-dordogne-lepontdemazerat-768x1024-1-225x300.jpeg 225w\" sizes=\"(max-width: 768px) 100vw, 768px\" \/><\/figure>\n<\/figure>\n\n\n\n<div class=\"wp-container-6a0261b517b77 wp-block-buttons\">\n<div class=\"wp-block-button btn_galerie\"><a class=\"wp-block-button__link\" href=\"https:\/\/www.lepontdemazerat.com\/de\/mediengalerie\/\">Entdecken Sie die Mediengalerie<\/a><\/div>\n<\/div>\n<\/div>\n<\/div>\n\n\n\n<div class=\"wp-block-columns alignfull are-vertically-aligned-center reverse-mob has-fond-background-color has-background\">\n<div class=\"wp-block-column is-vertically-aligned-center\" style=\"flex-basis:45%\">\n<figure class=\"wp-block-gallery has-nested-images columns-default is-cropped gal_2\">\n<figure class=\"wp-block-image size-large\"><img loading=\"lazy\" width=\"999\" height=\"561\" src=\"https:\/\/www.lepontdemazerat.com\/wp-content\/uploads\/2023\/01\/hebergement-vacances-insolites-wassant-2.jpg\" alt=\"campingplatz mit k\u00fcche in der dordogne\" class=\"wp-image-813\" srcset=\"https:\/\/www.lepontdemazerat.com\/wp-content\/uploads\/2023\/01\/hebergement-vacances-insolites-wassant-2.jpg 999w, https:\/\/www.lepontdemazerat.com\/wp-content\/uploads\/2023\/01\/hebergement-vacances-insolites-wassant-2-300x168.jpg 300w, https:\/\/www.lepontdemazerat.com\/wp-content\/uploads\/2023\/01\/hebergement-vacances-insolites-wassant-2-768x431.jpg 768w\" sizes=\"(max-width: 999px) 100vw, 999px\" \/><\/figure>\n\n\n\n<figure class=\"wp-block-image size-full\"><img loading=\"lazy\" width=\"1024\" height=\"683\" src=\"https:\/\/www.lepontdemazerat.com\/wp-content\/uploads\/2023\/01\/drone-033.jpg\" alt=\"campingplatz in der n\u00e4he von sarlat in der dordogne\" class=\"wp-image-810\" srcset=\"https:\/\/www.lepontdemazerat.com\/wp-content\/uploads\/2023\/01\/drone-033.jpg 1024w, https:\/\/www.lepontdemazerat.com\/wp-content\/uploads\/2023\/01\/drone-033-300x200.jpg 300w, https:\/\/www.lepontdemazerat.com\/wp-content\/uploads\/2023\/01\/drone-033-768x512.jpg 768w\" sizes=\"(max-width: 1024px) 100vw, 1024px\" \/><\/figure>\n<\/figure>\n<\/div>\n\n\n\n<div class=\"wp-block-column is-vertically-aligned-center\">\n<h2 id=\"emplacements-pre-equipes-avec-cuisine-voyagez-leger\">Vorbereitete Stellpl\u00e4tze mit K\u00fcche: Reisen Sie mit leichtem Gep\u00e4ck!<\/h2>\n\n\n\n<ul class=\"pictos col-3\"><li><i class=\"fas fa-utensils\"><\/i>  Mit K\u00fcche!<\/li><li><i class=\"fas fa-briefcase\"><\/i>  Reisen mit leichtem Gep\u00e4ck<\/li><li><i class=\"fas fa-plus-minus\"><\/i>  Vorbereitet<\/li><\/ul>\n\n\n\n<p>Belasten Sie sich nicht l\u00e4nger! Schluss mit dem Kopfzerbrechen \u00fcber einen Kofferraum, der sich nicht schlie\u00dfen l\u00e4sst.<\/p>\n\n\n\n<p>Nehmen Sie nur Ihr Schlafmaterial, Ihre Koffer&#8230; und los geht&#8217;s in den <strong>Urlaub in der N\u00e4he von Sarlat<\/strong> mit einem Auto, in dem man sich nicht eingeengt f\u00fchlt. <br>Auf unserem <strong>100 m\u00b2 gro\u00dfen, vorab ausgestatteten Stellplatz<\/strong> finden Sie eine <strong>5 m\u00b2 gro\u00dfe Holzh\u00fctte<\/strong> mit folgenden Ausstattungsmerkmalen:<\/p>\n\n\n\n<ul><li>Eine gesch\u00fctzte K\u00fcche<\/li><li>Ein K\u00fchlschrank<\/li><li>Eine Kochplatte mit ihrer Gasflasche<\/li><li>Ein Tisch und eine Bank aus Holz<\/li><li>Eine Gartengarnitur<\/li><\/ul>\n\n\n\n<div class=\"wp-container-6a0261b517edc wp-block-buttons\">\n<div class=\"wp-block-button btn_galerie\"><a class=\"wp-block-button__link\" href=\"https:\/\/www.lepontdemazerat.com\/de\/vorbereiteter-platz\/\">Vorinstallierte Stellpl\u00e4tze ansehen<\/a><\/div>\n<\/div>\n\n\n\n<div class=\"wp-container-6a0261b518133 wp-block-buttons\">\n<div class=\"wp-block-button btn_resa\"><a class=\"wp-block-button__link\">Reservieren Sie einen Stellplatz!<\/a><\/div>\n<\/div>\n<\/div>\n<\/div>\n\n\n\n<div class=\"wp-container-6a0261b51865a wp-block-group\"><div class=\"wp-block-group__inner-container\">\n<h2 id=\"cyprum-itidem-insulam-procul-a-continenti-discretam-1\"><i class=\"fas fa-circle-info\"><\/i> Praktische Informationen: Stellplatz in der Dordogne<\/h2>\n\n\n\n<p class=\"has-text-align-left\">Die <strong> nackten und vorger\u00fcsteten Campingpl\u00e4tze<\/strong> sind ab 14 Uhr verf\u00fcgbar. <br>Sie m\u00fcssen vor 12 Uhr ger\u00e4umt werden.<\/p>\n\n\n\n<p class=\"has-text-align-left\">Elektrogrills sind nicht erlaubt, nur Kohlegrills.<\/p>\n\n\n\n<p class=\"has-text-align-left\">F\u00fcr die Standorte brauchen Sie Ihren europ\u00e4ischen Stromadapter nicht mitzunehmen. Unsere elektrischen Ladestationen sind mit franz\u00f6sischen Steckdosen ausgestattet.  <\/p>\n\n\n\n<p>In der N\u00e4he Ihres Stellplatzesgelegen, Die Sanit\u00e4ranlagen bieten die besten Einrichtungen f\u00fcr Familien mit Kindern und Personen mit eingeschr\u00e4nkter Mobilit\u00e4t . Sie werden insbesondere eine Toilettenecke f\u00fcr Kinder und Babys vorfinden, Duschkabinen, Waschbecken, Haartrockner und Sanit\u00e4ranlagen f\u00fcr Behinderte. <\/p>\n\n\n\n<ul class=\"pictos centre\"><li><i class=\"fas fa-toilet\"><\/i>  Ausgestatteter Sanit\u00e4rblock<\/li><li><i class=\"fas fa-rv\"><\/i>  Vidoir Wohnmobil<\/li><li><i class=\"fas fa-wheelchair-move\"><\/i>  WCs &amp; Kabinen PMR<\/li><li><i class=\"fas fa-shish-kebab\"><\/i>  Kohlegrills<\/li><\/ul>\n\n\n\n<div class=\"wp-container-6a0261b518423 wp-block-buttons\">\n<div class=\"wp-block-button is-style-outline\"><a class=\"wp-block-button__link\" href=\"\" target=\"_blank\" rel=\"noreferrer noopener\">Siehe den Plan des Campingplatzes<\/a><\/div>\n<\/div>\n<\/div><\/div>\n\n\n\n<div class=\"wp-block-columns alignwide\">\n<div class=\"wp-block-column padding-t-b\" style=\"flex-basis:32%\">\n<h2 id=\"wohnmobilstellplatze-in-der-dordogne-geniessen-sie-einen-ruhigen-urlaub\">Wohnmobilstellpl\u00e4tze in der Dordogne: Genie\u00dfen Sie einen ruhigen Urlaub<\/h2>\n\n\n\n<ul class=\"pictos col-3\"><li><i class=\"fas fa-rv\"><\/i> Wohnmobil<\/li><li><i class=\"fas fa-leaf\"><\/i>  Natur<\/li><li><i class=\"fas fa-water\"><\/i>  Wasseranschl\u00fcsse<\/li><\/ul>\n\n\n\n<p>Camping Le Pont de Mazerat, gelegen in der <strong>Dordogne<\/strong>, ist der ideale Ort f\u00fcr <strong>Wohnmobilfreunde<\/strong>, egal ob Sie aus den Niederlanden oder von anderswo kommen. Der Campingplatz bietet moderne Entsorgungsstationen, die speziell daf\u00fcr ausgelegt sind, die Wartung Ihres Fahrzeugs zu erleichtern. Au\u00dferdem finden Sie gut ausgestattete Sanit\u00e4ranlagen, die allen Komfort f\u00fcr einen angenehmen und praktischen Zwischenstopp bieten.<\/p>\n\n\n\n<p>Ein Aufenthalt auf dem Campingplatz Le Pont de Mazerat bringt viele Vorteile f\u00fcr einen sorgenfreien Urlaub mit sich. Im Herzen der Dordogne, in der N\u00e4he von Sarlat gelegen, ist der Campingplatz der perfekte Ausgangspunkt, um die Region, ihre wundersch\u00f6nen Landschaften und historischen Sehensw\u00fcrdigkeiten zu entdecken. Neben der nat\u00fcrlichen und erholsamen Umgebung verf\u00fcgt der <a href=\"https:\/\/www.lepontdemazerat.com\/de\/swimmingpool\/\">Campingplatz \u00fcber ein beheiztes Au\u00dfenschwimmbad<\/a> und liegt nur wenige Meter vom See von Tamni\u00e8s entfernt, der zahlreiche Aktivit\u00e4ten bietet. Es ist auch eine ausgezeichnete Gelegenheit f\u00fcr einen Zwischenstopp auf Ihrer <strong>Wohnmobiltour durch die Dordogne<\/strong>, wenn Sie auf der Suche nach einem authentischen und erholsamen Reiseziel in Frankreich sind.<\/p>\n\n\n\n<div class=\"wp-container-6a0261b51896b wp-block-buttons\">\n<div class=\"wp-block-button\"><a class=\"wp-block-button__link\" href=\"https:\/\/www.lepontdemazerat.com\/de\/umgebung\/\">Sehenswertes in der Dordogne<\/a><\/div>\n<\/div>\n<\/div>\n\n\n\n<div class=\"wp-block-column\">\n<figure class=\"wp-block-gallery alignfull has-nested-images columns-3 is-cropped diaporama--1 gal_overflow\">\n<figure class=\"wp-block-image size-large\"><img loading=\"lazy\" width=\"1024\" height=\"547\" src=\"https:\/\/www.lepontdemazerat.com\/wp-content\/uploads\/2024\/06\/20230809_191848-1.jpg\" alt=\"campingplatz mit pool dordogne\" class=\"wp-image-3595\" srcset=\"https:\/\/www.lepontdemazerat.com\/wp-content\/uploads\/2024\/06\/20230809_191848-1.jpg 1024w, https:\/\/www.lepontdemazerat.com\/wp-content\/uploads\/2024\/06\/20230809_191848-1-300x160.jpg 300w, https:\/\/www.lepontdemazerat.com\/wp-content\/uploads\/2024\/06\/20230809_191848-1-768x410.jpg 768w\" sizes=\"(max-width: 1024px) 100vw, 1024px\" \/><\/figure>\n\n\n\n<figure class=\"wp-block-image size-large\"><img loading=\"lazy\" width=\"1280\" height=\"853\" src=\"https:\/\/www.lepontdemazerat.com\/wp-content\/uploads\/2023\/01\/pexels-kampus-production-7967386-1.jpg\" alt=\"Wohnmobiltour durch die Dordogne\" class=\"wp-image-2110\" srcset=\"https:\/\/www.lepontdemazerat.com\/wp-content\/uploads\/2023\/01\/pexels-kampus-production-7967386-1.jpg 1280w, https:\/\/www.lepontdemazerat.com\/wp-content\/uploads\/2023\/01\/pexels-kampus-production-7967386-1-300x200.jpg 300w, https:\/\/www.lepontdemazerat.com\/wp-content\/uploads\/2023\/01\/pexels-kampus-production-7967386-1-1024x682.jpg 1024w, https:\/\/www.lepontdemazerat.com\/wp-content\/uploads\/2023\/01\/pexels-kampus-production-7967386-1-768x512.jpg 768w\" sizes=\"(max-width: 1280px) 100vw, 1280px\" \/><\/figure>\n\n\n\n<figure class=\"wp-block-image size-large\"><img loading=\"lazy\" width=\"900\" height=\"600\" src=\"https:\/\/www.lepontdemazerat.com\/wp-content\/uploads\/2025\/02\/ADO-La-Roque-Gageac.jpg\" alt=\"dordogne tourismus\" class=\"wp-image-3918\" srcset=\"https:\/\/www.lepontdemazerat.com\/wp-content\/uploads\/2025\/02\/ADO-La-Roque-Gageac.jpg 900w, https:\/\/www.lepontdemazerat.com\/wp-content\/uploads\/2025\/02\/ADO-La-Roque-Gageac-300x200.jpg 300w, https:\/\/www.lepontdemazerat.com\/wp-content\/uploads\/2025\/02\/ADO-La-Roque-Gageac-768x512.jpg 768w\" sizes=\"(max-width: 900px) 100vw, 900px\" \/><\/figure>\n\n\n\n<figure class=\"wp-block-image size-large\"><img loading=\"lazy\" width=\"300\" height=\"300\" src=\"https:\/\/www.lepontdemazerat.com\/wp-content\/uploads\/2023\/01\/Jeux-gonflables-etang-de-tamnies-1-300x300-1.jpg\" alt=\"teich von tamni\u00e8s in der dordogne\" class=\"wp-image-2071\" srcset=\"https:\/\/www.lepontdemazerat.com\/wp-content\/uploads\/2023\/01\/Jeux-gonflables-etang-de-tamnies-1-300x300-1.jpg 300w, https:\/\/www.lepontdemazerat.com\/wp-content\/uploads\/2023\/01\/Jeux-gonflables-etang-de-tamnies-1-300x300-1-150x150.jpg 150w\" sizes=\"(max-width: 300px) 100vw, 300px\" \/><\/figure>\n<\/figure>\n<\/div>\n<\/div>\n","protected":false},"excerpt":{"rendered":"<p>Campen Sie auf einem Stellplatz im Herzen der Dordogne in Frankreich Unser Naturcampingplatz in der Dordogne bietet Ihnen zwei Arten von Stellpl\u00e4tzen f\u00fcr Ihren Urlaub im Zelt, Wohnwagen oder Wohnmobil in der N\u00e4he von Sarlat. Angeboten neben den Mobilheimen, Der Campingplatz Le Pont de Mazerat in der Dordogne bietet Ihnen eine Reihe von ger\u00e4umige und [&hellip;]<\/p>\n","protected":false},"author":1,"featured_media":2754,"parent":0,"menu_order":0,"comment_status":"closed","ping_status":"closed","template":"","meta":[],"acf":[],"_links":{"self":[{"href":"https:\/\/www.lepontdemazerat.com\/de\/wp-json\/wp\/v2\/pages\/2827"}],"collection":[{"href":"https:\/\/www.lepontdemazerat.com\/de\/wp-json\/wp\/v2\/pages"}],"about":[{"href":"https:\/\/www.lepontdemazerat.com\/de\/wp-json\/wp\/v2\/types\/page"}],"author":[{"embeddable":true,"href":"https:\/\/www.lepontdemazerat.com\/de\/wp-json\/wp\/v2\/users\/1"}],"replies":[{"embeddable":true,"href":"https:\/\/www.lepontdemazerat.com\/de\/wp-json\/wp\/v2\/comments?post=2827"}],"version-history":[{"count":6,"href":"https:\/\/www.lepontdemazerat.com\/de\/wp-json\/wp\/v2\/pages\/2827\/revisions"}],"predecessor-version":[{"id":4053,"href":"https:\/\/www.lepontdemazerat.com\/de\/wp-json\/wp\/v2\/pages\/2827\/revisions\/4053"}],"wp:featuredmedia":[{"embeddable":true,"href":"https:\/\/www.lepontdemazerat.com\/de\/wp-json\/wp\/v2\/media\/2754"}],"wp:attachment":[{"href":"https:\/\/www.lepontdemazerat.com\/de\/wp-json\/wp\/v2\/media?parent=2827"}],"curies":[{"name":"wp","href":"https:\/\/api.w.org\/{rel}","templated":true}]}}