{"id":2862,"date":"2023-11-13T15:05:19","date_gmt":"2023-11-13T14:05:19","guid":{"rendered":"https:\/\/www.lepontdemazerat.com\/gruppen\/"},"modified":"2023-11-15T09:07:01","modified_gmt":"2023-11-15T08:07:01","slug":"gruppen","status":"publish","type":"page","link":"https:\/\/www.lepontdemazerat.com\/de\/gruppen\/","title":{"rendered":"Gruppen"},"content":{"rendered":"\n<div class=\"wp-block-cover alignfull\"><span aria-hidden=\"true\" class=\"has-background-dim-60 wp-block-cover__gradient-background has-background-dim\"><\/span><img loading=\"lazy\" width=\"1967\" height=\"1105\" class=\"wp-block-cover__image-background wp-image-537\" alt=\"\" src=\"https:\/\/www.lepontdemazerat.com\/wp-content\/uploads\/2022\/12\/drone-16-redim.jpg\" data-object-fit=\"cover\" srcset=\"https:\/\/www.lepontdemazerat.com\/wp-content\/uploads\/2022\/12\/drone-16-redim.jpg 1967w, https:\/\/www.lepontdemazerat.com\/wp-content\/uploads\/2022\/12\/drone-16-redim-300x169.jpg 300w, https:\/\/www.lepontdemazerat.com\/wp-content\/uploads\/2022\/12\/drone-16-redim-1024x575.jpg 1024w, https:\/\/www.lepontdemazerat.com\/wp-content\/uploads\/2022\/12\/drone-16-redim-768x431.jpg 768w, https:\/\/www.lepontdemazerat.com\/wp-content\/uploads\/2022\/12\/drone-16-redim-1536x864.jpg 1536w, https:\/\/www.lepontdemazerat.com\/wp-content\/uploads\/2022\/12\/drone-16-redim-1920x1080.jpg 1920w\" sizes=\"(max-width: 1967px) 100vw, 1967px\" \/><div class=\"wp-block-cover__inner-container\">\n<p class=\"has-text-align-center has-large-font-size\"><\/p>\n<\/div><\/div>\n\n\n\n<div class=\"wp-block-columns alignfull are-vertically-aligned-center has-fond-background-color has-background\">\n<div class=\"wp-block-column is-vertically-aligned-center\" style=\"flex-basis:45%\">\n<figure class=\"wp-block-gallery has-nested-images columns-default is-cropped gal_2\">\n<figure class=\"wp-block-image size-large\"><img loading=\"lazy\" width=\"700\" height=\"441\" src=\"https:\/\/www.lepontdemazerat.com\/wp-content\/uploads\/2023\/01\/mobilhome-camping-sarlat-lepontdemazerat-dordogne-700x441-1.jpg\" alt=\"\" class=\"wp-image-710\" srcset=\"https:\/\/www.lepontdemazerat.com\/wp-content\/uploads\/2023\/01\/mobilhome-camping-sarlat-lepontdemazerat-dordogne-700x441-1.jpg 700w, https:\/\/www.lepontdemazerat.com\/wp-content\/uploads\/2023\/01\/mobilhome-camping-sarlat-lepontdemazerat-dordogne-700x441-1-300x189.jpg 300w\" sizes=\"(max-width: 700px) 100vw, 700px\" \/><\/figure>\n\n\n\n<figure class=\"wp-block-image size-large\"><img loading=\"lazy\" width=\"300\" height=\"300\" src=\"https:\/\/www.lepontdemazerat.com\/wp-content\/uploads\/2023\/01\/balade-camping-le-pont-de-mazerat-300x300-1.jpg\" alt=\"\" class=\"wp-image-1039\" srcset=\"https:\/\/www.lepontdemazerat.com\/wp-content\/uploads\/2023\/01\/balade-camping-le-pont-de-mazerat-300x300-1.jpg 300w, https:\/\/www.lepontdemazerat.com\/wp-content\/uploads\/2023\/01\/balade-camping-le-pont-de-mazerat-300x300-1-150x150.jpg 150w\" sizes=\"(max-width: 300px) 100vw, 300px\" \/><\/figure>\n<\/figure>\n<\/div>\n\n\n\n<div class=\"wp-block-column is-vertically-aligned-center\">\n<h1 id=\"se-reunir-en-famille-ou-entre-amis-dans-un-camping-en-dordogne-en-plein-coeur-du-perigord-noir\">Mit Familie oder Freunden auf <em>einem Campingplatz in der Dordogne im Herzen des P\u00e9rigord Noir<\/em> zusammenkommen<\/h1>\n\n\n\n<p>W\u00e4hlen Sie einen <strong>Campingplatz in der Dordogne, der Ihre Gruppe aufnimmt<\/strong>. Der Campingplatz le Pont de Mazerat wird sich an Ihre W\u00fcnsche anpassen.<\/p>\n\n\n\n<p>Egal, ob Sie ein <strong>Verein<\/strong> oder ein <strong>Club<\/strong> sind oder<strong> Ihre Familie und Freunde zusammenbringen<\/strong> m\u00f6chten, wir freuen uns, Sie bei uns begr\u00fc\u00dfen zu d\u00fcrfen. Der Campingplatz Le Pont de Mazerat kann bis zu <strong>100 Personen<\/strong> in unseren verschiedenen Unterk\u00fcnften unterbringen.  <\/p>\n\n\n\n<div class=\"wp-block-group lire-plus-pc\"><div class=\"wp-block-group__inner-container\">\n<p>Lesen Sie mehr<\/p>\n\n\n\n<div class=\"wp-container-69eeacd98461d wp-block-group\"><div class=\"wp-block-group__inner-container\">\n<p>Der Campingplatz Le Pont de Mazerat liegt im <a href=\"https:\/\/www.lepontdemazerat.com\/de\/alentours\/schwarzes-perigord\/\" data-type=\"alentours\" data-id=\"3008\" target=\"_blank\" rel=\"noreferrer noopener\">Herzen des P\u00e9rigord<\/a>, in der N\u00e4he aller wichtigen Sehensw\u00fcrdigkeiten. Er ist ideal gelegen, um<strong> die Stra\u00dfen der Dordogne zu durchqueren<\/strong>.<\/p>\n\n\n\n<p>Wir verf\u00fcgen \u00fcber<strong>einen gro\u00dfen Saal<\/strong> f\u00fcr Ihre Mahlzeiten und eine gro\u00dfe Terrasse zum Entspannen. Wir bieten auch Aufenthalte mit Fr\u00fchst\u00fcck, <strong>Halbpension<\/strong> und eine Picknickformel an. Entdecken Sie die<strong> gastronomischen Spezialit\u00e4ten<\/strong> des P\u00e9rigord Noir oder fragen Sie nach Gerichten wie einer Paella oder einem Schinken&#8230;<\/p>\n<\/div><\/div>\n<\/div><\/div>\n<\/div>\n<\/div>\n\n\n\n<div class=\"wp-block-cover alignfull M-05-a\"><span aria-hidden=\"true\" class=\"has-background-dim-60 wp-block-cover__gradient-background has-background-dim\"><\/span><img loading=\"lazy\" width=\"2004\" height=\"1336\" class=\"wp-block-cover__image-background wp-image-1047\" alt=\"\" src=\"https:\/\/www.lepontdemazerat.com\/wp-content\/uploads\/2023\/01\/camping-dordogne-groupe.jpg\" data-object-fit=\"cover\" srcset=\"https:\/\/www.lepontdemazerat.com\/wp-content\/uploads\/2023\/01\/camping-dordogne-groupe.jpg 2004w, https:\/\/www.lepontdemazerat.com\/wp-content\/uploads\/2023\/01\/camping-dordogne-groupe-300x200.jpg 300w, https:\/\/www.lepontdemazerat.com\/wp-content\/uploads\/2023\/01\/camping-dordogne-groupe-1024x683.jpg 1024w, https:\/\/www.lepontdemazerat.com\/wp-content\/uploads\/2023\/01\/camping-dordogne-groupe-768x512.jpg 768w, https:\/\/www.lepontdemazerat.com\/wp-content\/uploads\/2023\/01\/camping-dordogne-groupe-1536x1024.jpg 1536w\" sizes=\"(max-width: 2004px) 100vw, 2004px\" \/><div class=\"wp-block-cover__inner-container\">\n<p class=\"h3\">Organisieren Sie Ihr Treffen auf einem f\u00fcr <strong>Gruppen<\/strong> geeigneten<strong> Campingplatz in der Dordogne<\/strong> und verbringen Sie Ihren Urlaub im P\u00e9rigord mit freiem Kopf.<\/p>\n\n\n\n<p>Wir bieten Ihnen 28m\u00b2 gro\u00dfe Mobilheime mit 2 Schlafzimmern. Wir haben aber auch andere Unterk\u00fcnfte. Entdecken Sie sie!  <\/p>\n<\/div><\/div>\n","protected":false},"excerpt":{"rendered":"<p>Mit Familie oder Freunden auf einem Campingplatz in der Dordogne im Herzen des P\u00e9rigord Noir zusammenkommen W\u00e4hlen Sie einen Campingplatz in der Dordogne, der Ihre Gruppe aufnimmt. Der Campingplatz le Pont de Mazerat wird sich an Ihre W\u00fcnsche anpassen. Egal, ob Sie ein Verein oder ein Club sind oder Ihre Familie und Freunde zusammenbringen m\u00f6chten, [&hellip;]<\/p>\n","protected":false},"author":1,"featured_media":0,"parent":0,"menu_order":0,"comment_status":"closed","ping_status":"closed","template":"","meta":[],"acf":[],"_links":{"self":[{"href":"https:\/\/www.lepontdemazerat.com\/de\/wp-json\/wp\/v2\/pages\/2862"}],"collection":[{"href":"https:\/\/www.lepontdemazerat.com\/de\/wp-json\/wp\/v2\/pages"}],"about":[{"href":"https:\/\/www.lepontdemazerat.com\/de\/wp-json\/wp\/v2\/types\/page"}],"author":[{"embeddable":true,"href":"https:\/\/www.lepontdemazerat.com\/de\/wp-json\/wp\/v2\/users\/1"}],"replies":[{"embeddable":true,"href":"https:\/\/www.lepontdemazerat.com\/de\/wp-json\/wp\/v2\/comments?post=2862"}],"version-history":[{"count":2,"href":"https:\/\/www.lepontdemazerat.com\/de\/wp-json\/wp\/v2\/pages\/2862\/revisions"}],"predecessor-version":[{"id":3109,"href":"https:\/\/www.lepontdemazerat.com\/de\/wp-json\/wp\/v2\/pages\/2862\/revisions\/3109"}],"wp:attachment":[{"href":"https:\/\/www.lepontdemazerat.com\/de\/wp-json\/wp\/v2\/media?parent=2862"}],"curies":[{"name":"wp","href":"https:\/\/api.w.org\/{rel}","templated":true}]}}