{"id":2889,"date":"2023-11-13T15:06:10","date_gmt":"2023-11-13T14:06:10","guid":{"rendered":"https:\/\/www.lepontdemazerat.com\/vermietungen\/ungewoehnliche-unterkuenfte\/"},"modified":"2026-02-05T11:58:55","modified_gmt":"2026-02-05T10:58:55","slug":"ungewoehnliche-unterkuenfte","status":"publish","type":"page","link":"https:\/\/www.lepontdemazerat.com\/de\/vermietungen\/ungewoehnliche-unterkuenfte\/","title":{"rendered":"Ungew\u00f6hnliche Unterk\u00fcnfte"},"content":{"rendered":"\n<div class=\"wp-block-cover alignfull\"><span aria-hidden=\"true\" class=\"has-background-dim-60 wp-block-cover__gradient-background has-background-dim\"><\/span><img loading=\"lazy\" width=\"2560\" height=\"1707\" class=\"wp-block-cover__image-background wp-image-789\" alt=\"h\u00e9bergement insolite \u00e0 sarlat en dordogne\" src=\"https:\/\/www.lepontdemazerat.com\/wp-content\/uploads\/2023\/01\/DSC_0538-scaled.jpg\" style=\"object-position:51% 15%\" data-object-fit=\"cover\" data-object-position=\"51% 15%\" srcset=\"https:\/\/www.lepontdemazerat.com\/wp-content\/uploads\/2023\/01\/DSC_0538-scaled.jpg 2560w, https:\/\/www.lepontdemazerat.com\/wp-content\/uploads\/2023\/01\/DSC_0538-300x200.jpg 300w, https:\/\/www.lepontdemazerat.com\/wp-content\/uploads\/2023\/01\/DSC_0538-1024x683.jpg 1024w, https:\/\/www.lepontdemazerat.com\/wp-content\/uploads\/2023\/01\/DSC_0538-768x512.jpg 768w, https:\/\/www.lepontdemazerat.com\/wp-content\/uploads\/2023\/01\/DSC_0538-1536x1024.jpg 1536w, https:\/\/www.lepontdemazerat.com\/wp-content\/uploads\/2023\/01\/DSC_0538-2048x1365.jpg 2048w\" sizes=\"(max-width: 2560px) 100vw, 2560px\" \/><div class=\"wp-block-cover__inner-container\">\n<p class=\"has-text-align-center has-large-font-size\"><\/p>\n<\/div><\/div>\n\n\n\n<div class=\"wp-container-69f0e6cbeb334 wp-block-group alignwide has-fond-background-color has-background\"><div class=\"wp-block-group__inner-container\">\n<h1 class=\"has-text-align-center\" id=\"cyprum-itidem-insulam-procul-a-continenti-discretam-1\">Ungew\u00f6hnliche Unterk\u00fcnfte in Sarlat in der Dordogne<\/h1>\n\n\n\n<p class=\"has-text-align-center\">Ein Urlaub auf einem <a href=\"https:\/\/www.lepontdemazerat.com\/de\/\">4-Sterne-Campingplatz im P\u00e9rigord Noir<\/a> oder in einer <strong>ungew\u00f6hnlichen Unterkunft in der Dordogne in der N\u00e4he von Sarlat<\/strong> bedeutet oftmals Abwechslung. Probieren Sie eine unserer <strong>4 ungew\u00f6hnlichen<\/strong>, originellen und gem\u00fctlichen <strong>Unterk\u00fcnfte<\/strong> aus, die neben den <a href=\"https:\/\/www.lepontdemazerat.com\/de\/vermietungen\/mobilheim-aquitaine\/\">Mobilheimen<\/a> und unserem <a href=\"https:\/\/www.lepontdemazerat.com\/de\/vermietungen\/chalets\/\">Chalet<\/a> angeboten werden.<\/p>\n\n\n\n<p class=\"has-text-align-center\">Sie haben Lust auf Ver\u00e4nderung und m\u00f6chten zu den Wurzeln des <strong>Campens im Herzen der Dordogne<\/strong> zur\u00fcckkehren. Wir bieten Ihnen eine <strong>ungew\u00f6hnliche Unterkunft im P\u00e9rigord, die komfortabel und originell<\/strong> ist. Entdecken Sie gleich unsere drei <strong>Leinwandh\u00fctten<\/strong>, vier<strong> Coco Sweets<\/strong>, vier gro\u00dfe <strong>Safarizelte<\/strong> und das <strong>Tit&#8217;home<\/strong>.  <\/p>\n\n\n\n<div class=\"wp-container-69f0e6cbeac3b wp-block-buttons\">\n<div class=\"wp-block-button btn_resa\"><a class=\"wp-block-button__link\">Suche nach einem Aufenthalt<\/a><\/div>\n<\/div>\n\n\n\n<div class=\"wp-block-columns are-vertically-aligned-center\">\n<div class=\"wp-block-column is-vertically-aligned-center\">\n<h2 id=\"les-coco-sweets-en-dordogne-une-ambiance-cosy\">Les Coco Sweets in der Dordogne: ein gem\u00fctliches Ambiente<\/h2>\n\n\n\n<p>Entdecken Sie diese <strong>ungew\u00f6hnliche und trendige Unterkunft<\/strong>: die <strong>Coco Sweet<\/strong>! Die Coco Sweet ist mit einer K\u00fcchenzeile und zwei Schlafzimmern ausgestattet und bietet Ihnen au\u00dferdem eine Terrasse, auf der Sie sich in der Sonne mitten in der Natur entspannen k\u00f6nnen.<\/p>\n\n\n\n<figure class=\"wp-block-image size-full\"><img loading=\"lazy\" width=\"900\" height=\"600\" src=\"https:\/\/www.lepontdemazerat.com\/wp-content\/uploads\/2022\/12\/camping-dordogne-cocosweet-hebergement-insolite-le-pont-de-mazerat.jpg\" alt=\"ungew\u00f6hnliche unterkunft dordogne : coco sweet\" class=\"wp-image-639\" srcset=\"https:\/\/www.lepontdemazerat.com\/wp-content\/uploads\/2022\/12\/camping-dordogne-cocosweet-hebergement-insolite-le-pont-de-mazerat.jpg 900w, https:\/\/www.lepontdemazerat.com\/wp-content\/uploads\/2022\/12\/camping-dordogne-cocosweet-hebergement-insolite-le-pont-de-mazerat-300x200.jpg 300w, https:\/\/www.lepontdemazerat.com\/wp-content\/uploads\/2022\/12\/camping-dordogne-cocosweet-hebergement-insolite-le-pont-de-mazerat-768x512.jpg 768w\" sizes=\"(max-width: 900px) 100vw, 900px\" \/><figcaption>Coco Sweet<\/figcaption><\/figure>\n<\/div>\n\n\n\n<div class=\"wp-block-column is-vertically-aligned-center\">\n<figure class=\"wp-block-image size-large\"><img loading=\"lazy\" width=\"1024\" height=\"683\" src=\"https:\/\/www.lepontdemazerat.com\/wp-content\/uploads\/2022\/12\/cabane-toilee-camping-le-pont-de-Mazerat-a-Tamnies-e1580312553803-1024x683.jpg\" alt=\"ungew\u00f6hnliche unterkunft im zeltlager: zelth\u00fctte\" class=\"wp-image-641\" srcset=\"https:\/\/www.lepontdemazerat.com\/wp-content\/uploads\/2022\/12\/cabane-toilee-camping-le-pont-de-Mazerat-a-Tamnies-e1580312553803-1024x683.jpg 1024w, https:\/\/www.lepontdemazerat.com\/wp-content\/uploads\/2022\/12\/cabane-toilee-camping-le-pont-de-Mazerat-a-Tamnies-e1580312553803-300x200.jpg 300w, https:\/\/www.lepontdemazerat.com\/wp-content\/uploads\/2022\/12\/cabane-toilee-camping-le-pont-de-Mazerat-a-Tamnies-e1580312553803-768x512.jpg 768w, https:\/\/www.lepontdemazerat.com\/wp-content\/uploads\/2022\/12\/cabane-toilee-camping-le-pont-de-Mazerat-a-Tamnies-e1580312553803.jpg 1152w\" sizes=\"(max-width: 1024px) 100vw, 1024px\" \/><figcaption>Leinwandh\u00fctte<\/figcaption><\/figure>\n\n\n\n<h2 id=\"les-cabanes-toilees-avec-terrasse-mi-tente-mi-cabane\">Die Zelth\u00fctten mit Terrasse: halb Zelt, halb H\u00fctte!<\/h2>\n\n\n\n<p>Diese <strong>ungew\u00f6hnlichen Unterk\u00fcnfte<\/strong> werden von unserem <strong>Campingplatz in der N\u00e4he von Sarlat<\/strong> angeboten und verf\u00fcgen \u00fcber eine Terrasse und ein Wohnzimmer im Freien. Die <strong>Zelth\u00fctten<\/strong> k\u00f6nnen bis zu 5 Personen beherbergen und bieten 2 Teile zum Schlafen und einen Teil f\u00fcr den Essbereich.<\/p>\n<\/div>\n<\/div>\n\n\n\n<div style=\"height:22px\" aria-hidden=\"true\" class=\"wp-block-spacer\"><\/div>\n\n\n\n<div class=\"wp-block-columns are-vertically-aligned-center\">\n<div class=\"wp-block-column is-vertically-aligned-center\">\n<h2 id=\"la-tente-safari-la-version-spacieuse-de-la-tente\">Das Safari-Zelt: die ger\u00e4umige Version des Zeltes<\/h2>\n\n\n\n<p>Suchen Sie eine <strong>ger\u00e4umige ungew\u00f6hnliche Unterkunft f\u00fcr Ihren Urlaub in der Dordogne<\/strong>? Das <strong>35 m\u00b2 gro\u00dfe Safarizelt <\/strong>bietet mit seinen zwei Schlafzimmern Platz f\u00fcr eine vier- oder f\u00fcnfk\u00f6pfige Familie. Seine mit Sesseln ausgestattete Terrasse sowie seine H\u00e4ngematte werden die ganze Familie begeistern!<\/p>\n\n\n\n<figure class=\"wp-block-image size-full\"><img loading=\"lazy\" width=\"1024\" height=\"768\" src=\"https:\/\/www.lepontdemazerat.com\/wp-content\/uploads\/2023\/01\/tente-safari-camping-le-pont-de-mazerat-05-1024x768-1.jpg\" alt=\"ungew\u00f6hnliche unterkunft sarlat : tit'home\" class=\"wp-image-770\" srcset=\"https:\/\/www.lepontdemazerat.com\/wp-content\/uploads\/2023\/01\/tente-safari-camping-le-pont-de-mazerat-05-1024x768-1.jpg 1024w, https:\/\/www.lepontdemazerat.com\/wp-content\/uploads\/2023\/01\/tente-safari-camping-le-pont-de-mazerat-05-1024x768-1-300x225.jpg 300w, https:\/\/www.lepontdemazerat.com\/wp-content\/uploads\/2023\/01\/tente-safari-camping-le-pont-de-mazerat-05-1024x768-1-768x576.jpg 768w\" sizes=\"(max-width: 1024px) 100vw, 1024px\" \/><figcaption>Safari-Zelt<\/figcaption><\/figure>\n<\/div>\n\n\n\n<div class=\"wp-block-column is-vertically-aligned-center\">\n<h2 id=\"les-tit-homes-l-entre-deux-entre-la-tente-et-le-mobil-home\">Die Tit&#8217;homes: die Zwischenwelt zwischen Zelt und Mobilheim<\/h2>\n\n\n\n<p>Sind Sie sich nicht sicher, ob Sie ein Zelt oder ein Mobilheim kaufen sollen? Die <strong>Tit&#8217;Home<\/strong> ist der perfekte Kompromiss! Mit einer Fl\u00e4che von 20 m\u00b2 und einer Au\u00dfenterrasse kann es eine Familie mit bis zu 5 Personen beherbergen, da es \u00fcber 2 separate Schlafzimmer verf\u00fcgt.<\/p>\n\n\n\n<h2 id=\"la-tente-lodge-safari-une-tente-esprit-glamping-super-confort\">Das Lodge Safari-Zelt: ein Glamping-Zelt mit Superkomfort<\/h2>\n\n\n\n<p>Genie\u00dfen Sie den modernen Komfort dieses <strong>Safari-Lodge-Zeltes<\/strong>, das mit einer gro\u00dfen Terrasse und einem Badezimmer und einer Toilette ausgestattet ist! Sie bietet Platz f\u00fcr bis zu 4 Urlauber.<\/p>\n<\/div>\n<\/div>\n\n\n\n<h2 id=\"les-disponibilites-des-hebergements-insolites-a-sarlat\">Die Verf\u00fcgbarkeit von ungew\u00f6hnlichen Unterk\u00fcnften in Sarlat<\/h2>\n\n\n<p><ctv-product-list><\/ctv-product-list><\/p>\n\n\n\n<h2 class=\"has-text-align-center\" id=\"toutes-les-photos-des-hebergements-insolites\">Alle Fotos von ungew\u00f6hnlichen Unterk\u00fcnften<\/h2>\n\n\n\n<figure class=\"wp-block-gallery alignwide has-nested-images columns-6 is-cropped diaporama--3\">\n<figure class=\"wp-block-image size-large\"><img loading=\"lazy\" width=\"1024\" height=\"683\" src=\"https:\/\/www.lepontdemazerat.com\/wp-content\/uploads\/2023\/01\/camping-dordogne-cocosweet-proche-de-sarlat.jpg\" alt=\"\" class=\"wp-image-768\" srcset=\"https:\/\/www.lepontdemazerat.com\/wp-content\/uploads\/2023\/01\/camping-dordogne-cocosweet-proche-de-sarlat.jpg 1024w, https:\/\/www.lepontdemazerat.com\/wp-content\/uploads\/2023\/01\/camping-dordogne-cocosweet-proche-de-sarlat-300x200.jpg 300w, https:\/\/www.lepontdemazerat.com\/wp-content\/uploads\/2023\/01\/camping-dordogne-cocosweet-proche-de-sarlat-768x512.jpg 768w\" sizes=\"(max-width: 1024px) 100vw, 1024px\" \/><\/figure>\n\n\n\n<figure class=\"wp-block-image size-large\"><img loading=\"lazy\" width=\"800\" height=\"533\" src=\"https:\/\/www.lepontdemazerat.com\/wp-content\/uploads\/2023\/01\/cocosweet-chambre.jpg\" alt=\"\" class=\"wp-image-766\" srcset=\"https:\/\/www.lepontdemazerat.com\/wp-content\/uploads\/2023\/01\/cocosweet-chambre.jpg 800w, https:\/\/www.lepontdemazerat.com\/wp-content\/uploads\/2023\/01\/cocosweet-chambre-300x200.jpg 300w, https:\/\/www.lepontdemazerat.com\/wp-content\/uploads\/2023\/01\/cocosweet-chambre-768x512.jpg 768w\" sizes=\"(max-width: 800px) 100vw, 800px\" \/><\/figure>\n\n\n\n<figure class=\"wp-block-image size-large\"><img loading=\"lazy\" width=\"1024\" height=\"768\" src=\"https:\/\/www.lepontdemazerat.com\/wp-content\/uploads\/2023\/01\/tente-safari-camping-le-pont-de-mazerat-05-1024x768-1.jpg\" alt=\"\" class=\"wp-image-770\" srcset=\"https:\/\/www.lepontdemazerat.com\/wp-content\/uploads\/2023\/01\/tente-safari-camping-le-pont-de-mazerat-05-1024x768-1.jpg 1024w, https:\/\/www.lepontdemazerat.com\/wp-content\/uploads\/2023\/01\/tente-safari-camping-le-pont-de-mazerat-05-1024x768-1-300x225.jpg 300w, https:\/\/www.lepontdemazerat.com\/wp-content\/uploads\/2023\/01\/tente-safari-camping-le-pont-de-mazerat-05-1024x768-1-768x576.jpg 768w\" sizes=\"(max-width: 1024px) 100vw, 1024px\" \/><\/figure>\n\n\n\n<figure class=\"wp-block-image size-large\"><img loading=\"lazy\" width=\"1024\" height=\"768\" src=\"https:\/\/www.lepontdemazerat.com\/wp-content\/uploads\/2023\/01\/tente-safari-camping-le-pont-de-mazerat-04-1024x768-1.jpg\" alt=\"\" class=\"wp-image-772\" srcset=\"https:\/\/www.lepontdemazerat.com\/wp-content\/uploads\/2023\/01\/tente-safari-camping-le-pont-de-mazerat-04-1024x768-1.jpg 1024w, https:\/\/www.lepontdemazerat.com\/wp-content\/uploads\/2023\/01\/tente-safari-camping-le-pont-de-mazerat-04-1024x768-1-300x225.jpg 300w, https:\/\/www.lepontdemazerat.com\/wp-content\/uploads\/2023\/01\/tente-safari-camping-le-pont-de-mazerat-04-1024x768-1-768x576.jpg 768w\" sizes=\"(max-width: 1024px) 100vw, 1024px\" \/><\/figure>\n\n\n\n<figure class=\"wp-block-image size-large\"><img loading=\"lazy\" width=\"1024\" height=\"682\" src=\"https:\/\/www.lepontdemazerat.com\/wp-content\/uploads\/2023\/01\/cabane-toilee-camping-le-pont-de-Mazerat-a-Tamnies-1024x682-1.jpg\" alt=\"\" class=\"wp-image-774\" srcset=\"https:\/\/www.lepontdemazerat.com\/wp-content\/uploads\/2023\/01\/cabane-toilee-camping-le-pont-de-Mazerat-a-Tamnies-1024x682-1.jpg 1024w, https:\/\/www.lepontdemazerat.com\/wp-content\/uploads\/2023\/01\/cabane-toilee-camping-le-pont-de-Mazerat-a-Tamnies-1024x682-1-300x200.jpg 300w, https:\/\/www.lepontdemazerat.com\/wp-content\/uploads\/2023\/01\/cabane-toilee-camping-le-pont-de-Mazerat-a-Tamnies-1024x682-1-768x512.jpg 768w\" sizes=\"(max-width: 1024px) 100vw, 1024px\" \/><\/figure>\n\n\n\n<figure class=\"wp-block-image size-large\"><img loading=\"lazy\" width=\"1024\" height=\"731\" src=\"https:\/\/www.lepontdemazerat.com\/wp-content\/uploads\/2023\/01\/438A6471-1024x731-1.jpg\" alt=\"\" class=\"wp-image-775\" srcset=\"https:\/\/www.lepontdemazerat.com\/wp-content\/uploads\/2023\/01\/438A6471-1024x731-1.jpg 1024w, https:\/\/www.lepontdemazerat.com\/wp-content\/uploads\/2023\/01\/438A6471-1024x731-1-300x214.jpg 300w, https:\/\/www.lepontdemazerat.com\/wp-content\/uploads\/2023\/01\/438A6471-1024x731-1-768x548.jpg 768w\" sizes=\"(max-width: 1024px) 100vw, 1024px\" \/><\/figure>\n<\/figure>\n<\/div><\/div>\n","protected":false},"excerpt":{"rendered":"<p>Ungew\u00f6hnliche Unterk\u00fcnfte in Sarlat in der Dordogne Ein Urlaub auf einem 4-Sterne-Campingplatz im P\u00e9rigord Noir oder in einer ungew\u00f6hnlichen Unterkunft in der Dordogne in der N\u00e4he von Sarlat bedeutet oftmals Abwechslung. Probieren Sie eine unserer 4 ungew\u00f6hnlichen, originellen und gem\u00fctlichen Unterk\u00fcnfte aus, die neben den Mobilheimen und unserem Chalet angeboten werden. Sie haben Lust auf [&hellip;]<\/p>\n","protected":false},"author":1,"featured_media":3250,"parent":2866,"menu_order":0,"comment_status":"closed","ping_status":"closed","template":"","meta":[],"acf":[],"_links":{"self":[{"href":"https:\/\/www.lepontdemazerat.com\/de\/wp-json\/wp\/v2\/pages\/2889"}],"collection":[{"href":"https:\/\/www.lepontdemazerat.com\/de\/wp-json\/wp\/v2\/pages"}],"about":[{"href":"https:\/\/www.lepontdemazerat.com\/de\/wp-json\/wp\/v2\/types\/page"}],"author":[{"embeddable":true,"href":"https:\/\/www.lepontdemazerat.com\/de\/wp-json\/wp\/v2\/users\/1"}],"replies":[{"embeddable":true,"href":"https:\/\/www.lepontdemazerat.com\/de\/wp-json\/wp\/v2\/comments?post=2889"}],"version-history":[{"count":6,"href":"https:\/\/www.lepontdemazerat.com\/de\/wp-json\/wp\/v2\/pages\/2889\/revisions"}],"predecessor-version":[{"id":4851,"href":"https:\/\/www.lepontdemazerat.com\/de\/wp-json\/wp\/v2\/pages\/2889\/revisions\/4851"}],"up":[{"embeddable":true,"href":"https:\/\/www.lepontdemazerat.com\/de\/wp-json\/wp\/v2\/pages\/2866"}],"wp:featuredmedia":[{"embeddable":true,"href":"https:\/\/www.lepontdemazerat.com\/de\/wp-json\/wp\/v2\/media\/3250"}],"wp:attachment":[{"href":"https:\/\/www.lepontdemazerat.com\/de\/wp-json\/wp\/v2\/media?parent=2889"}],"curies":[{"name":"wp","href":"https:\/\/api.w.org\/{rel}","templated":true}]}}