{"id":2904,"date":"2023-11-13T15:06:34","date_gmt":"2023-11-13T14:06:34","guid":{"rendered":"https:\/\/www.lepontdemazerat.com\/vermietungen\/mobilheime\/"},"modified":"2026-02-05T12:01:55","modified_gmt":"2026-02-05T11:01:55","slug":"mobilheim-aquitaine","status":"publish","type":"page","link":"https:\/\/www.lepontdemazerat.com\/de\/vermietungen\/mobilheim-aquitaine\/","title":{"rendered":"Mobilheime"},"content":{"rendered":"\n<section class=\"wp-container-69f0d00a604e8 wp-block-group alignfull diapo_header\"><div class=\"wp-block-group__inner-container\">\n<figure class=\"wp-block-gallery has-nested-images columns-1 is-cropped fc-diapo\">\n<figure class=\"wp-block-image size-large\"><img loading=\"lazy\" width=\"1024\" height=\"400\" src=\"https:\/\/www.lepontdemazerat.com\/wp-content\/uploads\/2023\/01\/mobilhome-2chambres-camping-sarlat-lepontdemazerat-dordogne-1024x400.jpg\" alt=\"mobilheim aquitanien\" class=\"wp-image-1279\" srcset=\"https:\/\/www.lepontdemazerat.com\/wp-content\/uploads\/2023\/01\/mobilhome-2chambres-camping-sarlat-lepontdemazerat-dordogne-1024x400.jpg 1024w, https:\/\/www.lepontdemazerat.com\/wp-content\/uploads\/2023\/01\/mobilhome-2chambres-camping-sarlat-lepontdemazerat-dordogne-300x117.jpg 300w, https:\/\/www.lepontdemazerat.com\/wp-content\/uploads\/2023\/01\/mobilhome-2chambres-camping-sarlat-lepontdemazerat-dordogne-768x300.jpg 768w, https:\/\/www.lepontdemazerat.com\/wp-content\/uploads\/2023\/01\/mobilhome-2chambres-camping-sarlat-lepontdemazerat-dordogne-1536x600.jpg 1536w, https:\/\/www.lepontdemazerat.com\/wp-content\/uploads\/2023\/01\/mobilhome-2chambres-camping-sarlat-lepontdemazerat-dordogne-2048x800.jpg 2048w\" sizes=\"(max-width: 1024px) 100vw, 1024px\" \/><\/figure>\n<\/figure>\n<\/div><\/section>\n\n\n\n<div class=\"wp-block-columns alignfull are-vertically-aligned-center reverse-mob has-blanc-background-color has-background\">\n<div class=\"wp-block-column is-vertically-aligned-center\" style=\"flex-basis:45%\">\n<figure class=\"wp-block-gallery has-nested-images columns-default is-cropped gal_2\">\n<figure class=\"wp-block-image size-large\"><img loading=\"lazy\" width=\"700\" height=\"441\" src=\"https:\/\/www.lepontdemazerat.com\/wp-content\/uploads\/2023\/01\/mobilhome-camping-sarlat-lepontdemazerat-dordogne-700x441-1.jpg\" alt=\"vermietung mobilheim sarlat dordogne\" class=\"wp-image-710\" srcset=\"https:\/\/www.lepontdemazerat.com\/wp-content\/uploads\/2023\/01\/mobilhome-camping-sarlat-lepontdemazerat-dordogne-700x441-1.jpg 700w, https:\/\/www.lepontdemazerat.com\/wp-content\/uploads\/2023\/01\/mobilhome-camping-sarlat-lepontdemazerat-dordogne-700x441-1-300x189.jpg 300w\" sizes=\"(max-width: 700px) 100vw, 700px\" \/><\/figure>\n\n\n\n<figure class=\"wp-block-image size-large\"><img loading=\"lazy\" width=\"1024\" height=\"681\" src=\"https:\/\/www.lepontdemazerat.com\/wp-content\/uploads\/2022\/12\/Mobilhome-32-m\u00b2-camping-le-pont-de-Mazerat-Dordogne-e1580312984871-1024x681.jpg\" alt=\"mobilheim sarlat\" class=\"wp-image-643\" srcset=\"https:\/\/www.lepontdemazerat.com\/wp-content\/uploads\/2022\/12\/Mobilhome-32-m\u00b2-camping-le-pont-de-Mazerat-Dordogne-e1580312984871-1024x681.jpg 1024w, https:\/\/www.lepontdemazerat.com\/wp-content\/uploads\/2022\/12\/Mobilhome-32-m\u00b2-camping-le-pont-de-Mazerat-Dordogne-e1580312984871-300x200.jpg 300w, https:\/\/www.lepontdemazerat.com\/wp-content\/uploads\/2022\/12\/Mobilhome-32-m\u00b2-camping-le-pont-de-Mazerat-Dordogne-e1580312984871-768x511.jpg 768w, https:\/\/www.lepontdemazerat.com\/wp-content\/uploads\/2022\/12\/Mobilhome-32-m\u00b2-camping-le-pont-de-Mazerat-Dordogne-e1580312984871.jpg 1154w\" sizes=\"(max-width: 1024px) 100vw, 1024px\" \/><\/figure>\n<\/figure>\n<\/div>\n\n\n\n<div class=\"wp-block-column is-vertically-aligned-center\">\n<h1 id=\"mieten-sie-ihr-mobilheim-in-der-aquitaine-frankreich\">Mieten Sie Ihr Mobilheim in der Aquitaine, Frankreich<\/h1>\n\n\n\n<ul class=\"pictos col-4\"><li><i class=\"fas fa-backpack\"><\/i>  Bis zu 8 Personen<\/li><li><i class=\"fas fa-house-tree\"><\/i>  Ausgestattete Mobilheime<\/li><li><i class=\"fas fa-umbrella-beach\"><\/i>  \u00dcberdachte Terrasse<\/li><li><i class=\"fas fa-trees\"><\/i>  Bis zu 120 m\u00b2 Fl\u00e4che<\/li><\/ul>\n\n\n\n<p>Verbringen Sie einen geselligen <a href=\"https:\/\/www.lepontdemazerat.com\/de\/\">Campingurlaub in Frankreich, in der Dordogne<\/a>, mit der Familie, zu zweit oder mit Freunden, in einem unserer <strong>komfortablen Mobilheime<\/strong>, nur 15 Minuten von Sarlat entfernt.<\/p>\n\n\n\n<p>Ob Sie eine gro\u00dfe Familie sind oder ein kleines Budget haben, genie\u00dfen Sie Ihren Aufenthalt in der Dordogne in Ruhe und inmitten der Natur mit unseren <strong>Tit&#8217;home-Mobilheimen<\/strong> oder <strong>Mobilheimen f\u00fcr bis zu 8 Personen<\/strong>, die mit einer Terrasse ausgestattet sind!<\/p>\n\n\n\n<p>Bringen Sie Ihr Haustier mit. Es wird auf dem Campingplatz willkommen sein. Um sein Wohlbefinden zu gew\u00e4hrleisten, sollten Sie es jedoch nicht allein im <strong>Mobilheim<\/strong> lassen.<\/p>\n\n\n\n<div class=\"wp-container-69f0d00a6090c wp-block-buttons\">\n<div class=\"wp-block-button btn_resa\"><a class=\"wp-block-button__link\">Buchen Sie Ihren Urlaub<\/a><\/div>\n<\/div>\n<\/div>\n<\/div>\n\n\n\n<div class=\"wp-container-69f0d00a61011 wp-block-group alignfull has-fond-background-color has-background\"><div class=\"wp-block-group__inner-container\">\n<h2 class=\"has-text-align-center\" id=\"die-verschiedenen-mobilheimserien\">Die verschiedenen Mobilheimserien<\/h2>\n\n\n\n<p>Der <strong>Campingplatz Pont de Mazerat, gelegen in der Dordogne in der Region Aquitanien<\/strong>, bietet mehrere <strong>Mobilheime <\/strong>f\u00fcr alle Bed\u00fcrfnisse sowie <a href=\"https:\/\/www.lepontdemazerat.com\/de\/stellplatz-dordogne-aquitaine\/\">Stellpl\u00e4tze f\u00fcr Liebhaber des traditionellen Campings<\/a>.<\/p>\n\n\n\n<ul><li>Das <strong>30 m\u00b2 gro\u00dfe Mobilheim Louisiane<\/strong> mit seinem modernen Look und allem Komfort verf\u00fcgt \u00fcber <strong>2 Schlafzimmer<\/strong> und bietet Platz f\u00fcr bis zu 4 Personen.<\/li><li>F\u00fcr gro\u00dfe Familien bietet das <strong>32 m\u00b2 gro\u00dfe Mobilheim<\/strong> mit seinen <strong>3 separaten Schlafzimmer<\/strong>n und einem zus\u00e4tzlichen Schlafplatz au\u00dferhalb des Schlafzimmers Platz f\u00fcr bis zu 8 Urlauber.<\/li><li>Die <strong>21 m\u00b2 und 28 m\u00b2 gro\u00dfen Mobilheime <\/strong>bieten mit ihren <strong>zwei Schlafzimmern<\/strong> Platz f\u00fcr bis zu 4 bzw. 6 Personen. Das Mobilheim 28 m\u00b2 ist au\u00dferdem mit einer zus\u00e4tzlichen Schlafgelegenheit au\u00dferhalb des Schlafzimmers ausgestattet.<\/li><\/ul>\n\n\n\n<p>Alle diese Unterk\u00fcnfte stehen auf ger\u00e4umigen Stellpl\u00e4tzen und verf\u00fcgen \u00fcber eine sch\u00f6ne halb\u00fcberdachte Holzterrasse, ideal, um die umliegende Natur und den Gesang der V\u00f6gel zu genie\u00dfen. Einige Mobilheime sind au\u00dferdem mit Gartenm\u00f6beln ausgestattet und bieten gesellige Momente mit der Familie oder mit Freunden.<\/p>\n\n\n\n<figure class=\"wp-block-gallery alignwide has-nested-images columns-6 is-cropped diaporama--3\">\n<figure class=\"wp-block-image size-large\"><img loading=\"lazy\" width=\"800\" height=\"600\" src=\"https:\/\/www.lepontdemazerat.com\/wp-content\/uploads\/2023\/06\/PHOTO-2023-05-23-16-19-35.jpg\" alt=\"mobilheim lousiane 4 Personen, Dordogne\" class=\"wp-image-2602\" srcset=\"https:\/\/www.lepontdemazerat.com\/wp-content\/uploads\/2023\/06\/PHOTO-2023-05-23-16-19-35.jpg 800w, https:\/\/www.lepontdemazerat.com\/wp-content\/uploads\/2023\/06\/PHOTO-2023-05-23-16-19-35-300x225.jpg 300w, https:\/\/www.lepontdemazerat.com\/wp-content\/uploads\/2023\/06\/PHOTO-2023-05-23-16-19-35-768x576.jpg 768w\" sizes=\"(max-width: 800px) 100vw, 800px\" \/><figcaption>Neuer Mobilheim Louisiane 30 m\u00b2 &#8211; 4 Personen<\/figcaption><\/figure>\n\n\n\n<figure class=\"wp-block-image size-full\"><img loading=\"lazy\" width=\"640\" height=\"427\" src=\"https:\/\/www.lepontdemazerat.com\/wp-content\/uploads\/2023\/01\/mobilhome-camping-dordogne-perigord-le-pont-de-mazerat.jpg\" alt=\"Mobilheim 21 m\u00b2 Sarlat, 2 bis 4 Personen\" class=\"wp-image-727\" srcset=\"https:\/\/www.lepontdemazerat.com\/wp-content\/uploads\/2023\/01\/mobilhome-camping-dordogne-perigord-le-pont-de-mazerat.jpg 640w, https:\/\/www.lepontdemazerat.com\/wp-content\/uploads\/2023\/01\/mobilhome-camping-dordogne-perigord-le-pont-de-mazerat-300x200.jpg 300w\" sizes=\"(max-width: 640px) 100vw, 640px\" \/><figcaption>Mobilheim 21 m\u00b2 &#8211; 2 bis 4 Personen<\/figcaption><\/figure>\n\n\n\n<figure class=\"wp-block-image size-full\"><img loading=\"lazy\" width=\"1024\" height=\"681\" src=\"https:\/\/www.lepontdemazerat.com\/wp-content\/uploads\/2023\/01\/00000288786.webp\" alt=\"Mobilheim 4 bis 6 Personen Sarlat\" class=\"wp-image-1267\" srcset=\"https:\/\/www.lepontdemazerat.com\/wp-content\/uploads\/2023\/01\/00000288786.webp 1024w, https:\/\/www.lepontdemazerat.com\/wp-content\/uploads\/2023\/01\/00000288786-300x200.webp 300w, https:\/\/www.lepontdemazerat.com\/wp-content\/uploads\/2023\/01\/00000288786-768x511.webp 768w\" sizes=\"(max-width: 1024px) 100vw, 1024px\" \/><figcaption>Mobilheim 28 m\u00b2 &#8211; 4 bis 6 Personen<\/figcaption><\/figure>\n\n\n\n<figure class=\"wp-block-image size-large\"><img loading=\"lazy\" width=\"1024\" height=\"681\" src=\"https:\/\/www.lepontdemazerat.com\/wp-content\/uploads\/2022\/12\/Mobilhome-32-m\u00b2-camping-le-pont-de-Mazerat-Dordogne-e1580312984871-1024x681.jpg\" alt=\"Mobilheim 6 bis 8 Personen Dordogne\" class=\"wp-image-643\" srcset=\"https:\/\/www.lepontdemazerat.com\/wp-content\/uploads\/2022\/12\/Mobilhome-32-m\u00b2-camping-le-pont-de-Mazerat-Dordogne-e1580312984871-1024x681.jpg 1024w, https:\/\/www.lepontdemazerat.com\/wp-content\/uploads\/2022\/12\/Mobilhome-32-m\u00b2-camping-le-pont-de-Mazerat-Dordogne-e1580312984871-300x200.jpg 300w, https:\/\/www.lepontdemazerat.com\/wp-content\/uploads\/2022\/12\/Mobilhome-32-m\u00b2-camping-le-pont-de-Mazerat-Dordogne-e1580312984871-768x511.jpg 768w, https:\/\/www.lepontdemazerat.com\/wp-content\/uploads\/2022\/12\/Mobilhome-32-m\u00b2-camping-le-pont-de-Mazerat-Dordogne-e1580312984871.jpg 1154w\" sizes=\"(max-width: 1024px) 100vw, 1024px\" \/><figcaption>Mobilheim 32 m\u00b2 &#8211; 6 bis 8 Personen<\/figcaption><\/figure>\n<\/figure>\n\n\n\n<div class=\"wp-container-69f0d00a60d64 wp-block-buttons\">\n<div class=\"wp-block-button btn_resa\"><a class=\"wp-block-button__link\">Verf\u00fcgbarkeiten ansehen<\/a><\/div>\n<\/div>\n<\/div><\/div>\n\n\n\n<div class=\"wp-block-cover alignfull M-05-a\"><span aria-hidden=\"true\" class=\"has-background-dim-60 wp-block-cover__gradient-background has-background-dim\"><\/span><img loading=\"lazy\" width=\"1920\" height=\"1277\" class=\"wp-block-cover__image-background wp-image-712\" alt=\"mobil mit terrasse sarlat\" src=\"https:\/\/www.lepontdemazerat.com\/wp-content\/uploads\/2023\/01\/Mobilhome-28m\u00b2-Camping-le-Pont-de-Mazerat.webp\" style=\"object-position:50% 81%\" data-object-fit=\"cover\" data-object-position=\"50% 81%\" srcset=\"https:\/\/www.lepontdemazerat.com\/wp-content\/uploads\/2023\/01\/Mobilhome-28m\u00b2-Camping-le-Pont-de-Mazerat.webp 1920w, https:\/\/www.lepontdemazerat.com\/wp-content\/uploads\/2023\/01\/Mobilhome-28m\u00b2-Camping-le-Pont-de-Mazerat-300x200.webp 300w, https:\/\/www.lepontdemazerat.com\/wp-content\/uploads\/2023\/01\/Mobilhome-28m\u00b2-Camping-le-Pont-de-Mazerat-1024x681.webp 1024w, https:\/\/www.lepontdemazerat.com\/wp-content\/uploads\/2023\/01\/Mobilhome-28m\u00b2-Camping-le-Pont-de-Mazerat-768x511.webp 768w, https:\/\/www.lepontdemazerat.com\/wp-content\/uploads\/2023\/01\/Mobilhome-28m\u00b2-Camping-le-Pont-de-Mazerat-1536x1022.webp 1536w\" sizes=\"(max-width: 1920px) 100vw, 1920px\" \/><div class=\"wp-block-cover__inner-container\">\n<h2 class=\"h3\" id=\"mietunterkunfte-auf-dem-campingplatz-in-aquitanien\">Mietunterk\u00fcnfte auf dem Campingplatz in Aquitanien<\/h2>\n\n\n\n<p>F\u00fcr eine <strong>gro\u00dfe Familie<\/strong> ist es nicht immer einfach, ein <strong>Mobilheim auf einem Campingplatz in der N\u00e4he von Sarlat zu mieten<\/strong>. Das Mobilheim muss <strong>gro\u00df genug<\/strong> sein, gen\u00fcgend <strong>Platz<\/strong> bieten und sich in der N\u00e4he von <strong>Sarlat<\/strong> und auf einem Campingplatz im Herzen des <strong>P\u00e9rigord Noir<\/strong> befinden.<\/p>\n\n\n\n<p>Genie\u00dfen Sie Ihren <strong>Aufenthalt in einem Mobilheim<\/strong>, <strong>ganz nah an der Natur<\/strong>, mit den Einrichtungen und dem Charme eines Campingplatzes in der Dordogne.<\/p>\n\n\n\n<p>Am <strong>Waldrand<\/strong> gelegen, entdecken Sie unsere <strong>Mobilheime mit Terrasse<\/strong> inmitten der B\u00e4ume. Genie\u00dfen Sie einen unbeschwerten Urlaub in der Dordogne.<\/p>\n\n\n\n<ul class=\"pictos col-3\"><li><i class=\"fas fa-leaf-heart\"><\/i>  In der Natur<\/li><li><i class=\"fas fa-family\"><\/i>  Urlaub mit der Familie<\/li><li><i class=\"fas fa-house-heart\"><\/i>  Raum &amp; Komfort<\/li><\/ul>\n<\/div><\/div>\n\n\n\n<div class=\"wp-container-69f0d00a616a6 wp-block-group\"><div class=\"wp-block-group__inner-container\">\n<p class=\"has-text-align-center h3\" id=\"cyprum-itidem-insulam-procul-a-continenti-discretam-1\">F\u00fcr Ihren <strong>Urlaub in Sarlat<\/strong>, w\u00e4hlen Sie aus unserem Angebot an Mobilheimen die Unterkunft, die am besten f\u00fcr Ihre Familie geeignet ist.<\/p>\n\n\n\n<p class=\"has-text-align-center\">Wir bieten Ihnen die M\u00f6glichkeit, Ihr Mobilheim in der Dordogne entweder f\u00fcr <strong>ein Wochenende oder f\u00fcr einen l\u00e4ngeren Aufenthalt<\/strong> zu mieten.<\/p>\n\n\n\n<p class=\"has-text-align-center\">In <strong>der Nebensaison<\/strong> buchen Sie Ihre Unterkunft f\u00fcr einen beliebigen Zeitraum und f\u00fcr beliebige Wochentage.<\/p>\n\n\n\n<p class=\"has-text-align-center\">Unsere Mobilheime stehen auf Stellpl\u00e4tzen mit einer Gr\u00f6\u00dfe von bis zu <strong>120 m\u00b2<\/strong> auf Parzellen, die durch B\u00e4ume und Hecken gut abgegrenzt sind und den <strong>ganzen Tag \u00fcber Schatten und Sonne<\/strong> spenden. Auf der<strong> gro\u00dfen, nach S\u00fcdwesten ausgerichteten Terrasse<\/strong> k\u00f6nnen Sie ein leckeres Barbecue genie\u00dfen, w\u00e4hrend Sie den <strong>Sonnenuntergang<\/strong> beobachten.<\/p>\n\n\n\n<div class=\"wp-container-69f0d00a61413 wp-block-buttons\">\n<div class=\"wp-block-button btn_resa\"><a class=\"wp-block-button__link\">Buchen Sie schnell!<\/a><\/div>\n<\/div>\n<\/div><\/div>\n\n\n\n<div class=\"wp-block-columns alignfull are-vertically-aligned-center reverse-mob has-fond-background-color has-background\">\n<div class=\"wp-block-column is-vertically-aligned-center\" style=\"flex-basis:45%\">\n<figure class=\"wp-block-gallery has-nested-images columns-default is-cropped gal_2\">\n<figure class=\"wp-block-image size-large\"><img loading=\"lazy\" width=\"1024\" height=\"576\" src=\"https:\/\/www.lepontdemazerat.com\/wp-content\/uploads\/2024\/01\/2308-piscine-1024x576.jpg\" alt=\" mobilheim mit schwimmbad Aquitaine\" class=\"wp-image-3187\" srcset=\"https:\/\/www.lepontdemazerat.com\/wp-content\/uploads\/2024\/01\/2308-piscine-1024x576.jpg 1024w, https:\/\/www.lepontdemazerat.com\/wp-content\/uploads\/2024\/01\/2308-piscine-300x169.jpg 300w, https:\/\/www.lepontdemazerat.com\/wp-content\/uploads\/2024\/01\/2308-piscine-768x432.jpg 768w, https:\/\/www.lepontdemazerat.com\/wp-content\/uploads\/2024\/01\/2308-piscine-1536x864.jpg 1536w, https:\/\/www.lepontdemazerat.com\/wp-content\/uploads\/2024\/01\/2308-piscine.jpg 1920w\" sizes=\"(max-width: 1024px) 100vw, 1024px\" \/><\/figure>\n\n\n\n<figure class=\"wp-block-image size-large\"><img loading=\"lazy\" width=\"1024\" height=\"768\" src=\"https:\/\/www.lepontdemazerat.com\/wp-content\/uploads\/2023\/01\/IMG-20221205-WA0015-1024x768.jpg\" alt=\"vermietung mobilheim sarlat mit schwimmbad\" class=\"wp-image-1196\" srcset=\"https:\/\/www.lepontdemazerat.com\/wp-content\/uploads\/2023\/01\/IMG-20221205-WA0015-1024x768.jpg 1024w, https:\/\/www.lepontdemazerat.com\/wp-content\/uploads\/2023\/01\/IMG-20221205-WA0015-300x225.jpg 300w, https:\/\/www.lepontdemazerat.com\/wp-content\/uploads\/2023\/01\/IMG-20221205-WA0015-768x576.jpg 768w, https:\/\/www.lepontdemazerat.com\/wp-content\/uploads\/2023\/01\/IMG-20221205-WA0015-1536x1152.jpg 1536w, https:\/\/www.lepontdemazerat.com\/wp-content\/uploads\/2023\/01\/IMG-20221205-WA0015.jpg 1600w\" sizes=\"(max-width: 1024px) 100vw, 1024px\" \/><\/figure>\n<\/figure>\n<\/div>\n\n\n\n<div class=\"wp-block-column is-vertically-aligned-center\">\n<h2 id=\"ihr-mobilheim-auf-einem-campingplatz-in-der-nahe-von-sarlat-mit-pool\">Ihr Mobilheim auf einem Campingplatz in der N\u00e4he von Sarlat mit Pool<\/h2>\n\n\n\n<p>Machen Sie sich von Ihrem Mobilheim aus oder nach einem Tag voller Besichtigungen und Spazierg\u00e4nge in der Dordogne auf den Weg zum Pool und g\u00f6nnen Sie sich einen Moment der Entspannung. Der <a href=\"https:\/\/www.lepontdemazerat.com\/de\/swimmingpool\/\">Au\u00dfenpool ist auf 28\u00b0C<\/a> beheizt und profitiert von einer nat\u00fcrlichen und friedlichen Umgebung.<\/p>\n\n\n\n<p>Der Vorteil der Buchung eines Mobilheims in der Dordogne mit Pool besteht darin, dass Sie sich mit Ihrer Familie erfrischen, die Sonne genie\u00dfen oder sich auf einer Liege im Schatten eines Sonnenschirms entspannen k\u00f6nnen. Und f\u00fcr die Sicherheit und den Komfort der Kinder verf\u00fcgt der Wasserbereich \u00fcber ein Planschbecken.<\/p>\n\n\n\n<div class=\"wp-container-69f0d00a61a7b wp-block-buttons\">\n<div class=\"wp-block-button is-style-outline\"><a class=\"wp-block-button__link\" href=\"https:\/\/www.lepontdemazerat.com\/de\/swimmingpool\/\">Mehr zum Pool<\/a><\/div>\n<\/div>\n<\/div>\n<\/div>\n","protected":false},"excerpt":{"rendered":"<p>Mieten Sie Ihr Mobilheim in der Aquitaine, Frankreich Bis zu 8 Personen Ausgestattete Mobilheime \u00dcberdachte Terrasse Bis zu 120 m\u00b2 Fl\u00e4che Verbringen Sie einen geselligen Campingurlaub in Frankreich, in der Dordogne, mit der Familie, zu zweit oder mit Freunden, in einem unserer komfortablen Mobilheime, nur 15 Minuten von Sarlat entfernt. Ob Sie eine gro\u00dfe Familie [&hellip;]<\/p>\n","protected":false},"author":1,"featured_media":2886,"parent":2866,"menu_order":0,"comment_status":"closed","ping_status":"closed","template":"","meta":[],"acf":[],"_links":{"self":[{"href":"https:\/\/www.lepontdemazerat.com\/de\/wp-json\/wp\/v2\/pages\/2904"}],"collection":[{"href":"https:\/\/www.lepontdemazerat.com\/de\/wp-json\/wp\/v2\/pages"}],"about":[{"href":"https:\/\/www.lepontdemazerat.com\/de\/wp-json\/wp\/v2\/types\/page"}],"author":[{"embeddable":true,"href":"https:\/\/www.lepontdemazerat.com\/de\/wp-json\/wp\/v2\/users\/1"}],"replies":[{"embeddable":true,"href":"https:\/\/www.lepontdemazerat.com\/de\/wp-json\/wp\/v2\/comments?post=2904"}],"version-history":[{"count":6,"href":"https:\/\/www.lepontdemazerat.com\/de\/wp-json\/wp\/v2\/pages\/2904\/revisions"}],"predecessor-version":[{"id":4855,"href":"https:\/\/www.lepontdemazerat.com\/de\/wp-json\/wp\/v2\/pages\/2904\/revisions\/4855"}],"up":[{"embeddable":true,"href":"https:\/\/www.lepontdemazerat.com\/de\/wp-json\/wp\/v2\/pages\/2866"}],"wp:featuredmedia":[{"embeddable":true,"href":"https:\/\/www.lepontdemazerat.com\/de\/wp-json\/wp\/v2\/media\/2886"}],"wp:attachment":[{"href":"https:\/\/www.lepontdemazerat.com\/de\/wp-json\/wp\/v2\/media?parent=2904"}],"curies":[{"name":"wp","href":"https:\/\/api.w.org\/{rel}","templated":true}]}}