{"id":2909,"date":"2023-11-13T15:08:16","date_gmt":"2023-11-13T14:08:16","guid":{"rendered":"https:\/\/www.lepontdemazerat.com\/swimmingpool\/"},"modified":"2026-03-18T12:03:20","modified_gmt":"2026-03-18T11:03:20","slug":"swimmingpool","status":"publish","type":"page","link":"https:\/\/www.lepontdemazerat.com\/de\/swimmingpool\/","title":{"rendered":"Swimmingpool"},"content":{"rendered":"\n<div class=\"wp-block-cover alignfull\"><span aria-hidden=\"true\" class=\"has-background-dim-60 wp-block-cover__gradient-background has-background-dim\"><\/span><img loading=\"lazy\" width=\"1920\" height=\"1080\" class=\"wp-block-cover__image-background wp-image-3387\" alt=\"campingplatz mit pool dordogne\" src=\"https:\/\/www.lepontdemazerat.com\/wp-content\/uploads\/2024\/03\/pont-de-mazerat-2023-piscine-1-1.jpg\" style=\"object-position:55% 68%\" data-object-fit=\"cover\" data-object-position=\"55% 68%\" srcset=\"https:\/\/www.lepontdemazerat.com\/wp-content\/uploads\/2024\/03\/pont-de-mazerat-2023-piscine-1-1.jpg 1920w, https:\/\/www.lepontdemazerat.com\/wp-content\/uploads\/2024\/03\/pont-de-mazerat-2023-piscine-1-1-300x169.jpg 300w, https:\/\/www.lepontdemazerat.com\/wp-content\/uploads\/2024\/03\/pont-de-mazerat-2023-piscine-1-1-1024x576.jpg 1024w, https:\/\/www.lepontdemazerat.com\/wp-content\/uploads\/2024\/03\/pont-de-mazerat-2023-piscine-1-1-768x432.jpg 768w, https:\/\/www.lepontdemazerat.com\/wp-content\/uploads\/2024\/03\/pont-de-mazerat-2023-piscine-1-1-1536x864.jpg 1536w\" sizes=\"(max-width: 1920px) 100vw, 1920px\" \/><div class=\"wp-block-cover__inner-container\">\n<p class=\"has-text-align-center has-large-font-size\"><\/p>\n<\/div><\/div>\n\n\n\n<div class=\"wp-block-columns alignwide\">\n<div class=\"wp-block-column padding-t-b\" style=\"flex-basis:32%\">\n<h1 id=\"camping-sarlat-avec-piscine-en-dordogne\">Campingplatz Sarlat mit Pool in der Dordogne<\/h1>\n\n\n\n<p>Ein Aufenthalt auf einem <strong>Campingplatz in Sarlat mit einem beheizten Schwimmbad<\/strong> verspricht einen <strong>Urlaub in der Dordogne<\/strong> voller Entspannung in <strong>28 \u00b0C warmem Wasser<\/strong>. Nutzen Sie den Wasserbereich des <a href=\"https:\/\/www.lepontdemazerat.com\/de\/\">Campingplatzes Le Pont de Mazerat<\/a> und entspannen Sie sich anschlie\u00dfend auf einer der bereitstehenden <strong>Liegen <\/strong>zum Sonnenbaden.<\/p>\n\n\n\n<ul class=\"pictos col-2 picto-mob\"><li><i class=\"fas fa-heat\"><\/i>  Beheizter Swimmingpool<\/li><li><i class=\"fas fa-water-ladder\"><\/i>  Planschbecken<\/li><li><i class=\"fas fa-futbol\"><\/i>  Spielplatz (Volleyball, Badminton, Fu\u00dfball, Trampoline&#8230;)<\/li><li><i class=\"fas fa-castle\"><\/i>  Aufblasbare Burg<\/li><\/ul>\n<\/div>\n\n\n\n<div class=\"wp-block-column\">\n<figure class=\"wp-block-gallery alignfull has-nested-images columns-4 is-cropped diaporama--2 gal_overflow\">\n<figure class=\"wp-block-image size-large\"><img loading=\"lazy\" width=\"1024\" height=\"768\" src=\"https:\/\/www.lepontdemazerat.com\/wp-content\/uploads\/2023\/01\/IMG-20221205-WA0002-1024x768.jpg\" alt=\"campingplatz sarlat mit schwimmbad\" class=\"wp-image-1194\" srcset=\"https:\/\/www.lepontdemazerat.com\/wp-content\/uploads\/2023\/01\/IMG-20221205-WA0002-1024x768.jpg 1024w, https:\/\/www.lepontdemazerat.com\/wp-content\/uploads\/2023\/01\/IMG-20221205-WA0002-300x225.jpg 300w, https:\/\/www.lepontdemazerat.com\/wp-content\/uploads\/2023\/01\/IMG-20221205-WA0002-768x576.jpg 768w, https:\/\/www.lepontdemazerat.com\/wp-content\/uploads\/2023\/01\/IMG-20221205-WA0002-1536x1152.jpg 1536w, https:\/\/www.lepontdemazerat.com\/wp-content\/uploads\/2023\/01\/IMG-20221205-WA0002.jpg 1600w\" sizes=\"(max-width: 1024px) 100vw, 1024px\" \/><\/figure>\n\n\n\n<figure class=\"wp-block-image size-large\"><img loading=\"lazy\" width=\"1024\" height=\"768\" src=\"https:\/\/www.lepontdemazerat.com\/wp-content\/uploads\/2023\/01\/IMG-20230106-WA0007-1024x768.jpg\" alt=\"campingplatz dordogne mit schwimmbad\" class=\"wp-image-1440\" srcset=\"https:\/\/www.lepontdemazerat.com\/wp-content\/uploads\/2023\/01\/IMG-20230106-WA0007-1024x768.jpg 1024w, https:\/\/www.lepontdemazerat.com\/wp-content\/uploads\/2023\/01\/IMG-20230106-WA0007-300x225.jpg 300w, https:\/\/www.lepontdemazerat.com\/wp-content\/uploads\/2023\/01\/IMG-20230106-WA0007-768x576.jpg 768w, https:\/\/www.lepontdemazerat.com\/wp-content\/uploads\/2023\/01\/IMG-20230106-WA0007-1536x1152.jpg 1536w, https:\/\/www.lepontdemazerat.com\/wp-content\/uploads\/2023\/01\/IMG-20230106-WA0007.jpg 1600w\" sizes=\"(max-width: 1024px) 100vw, 1024px\" \/><\/figure>\n\n\n\n<figure class=\"wp-block-image size-large\"><img loading=\"lazy\" width=\"2560\" height=\"1920\" src=\"https:\/\/www.lepontdemazerat.com\/wp-content\/uploads\/2022\/12\/camping-piscine-dordogne-le-pont-de-mazerat-scaled.jpg\" alt=\"campingplatz perigord mit schwimmbad\" class=\"wp-image-649\" srcset=\"https:\/\/www.lepontdemazerat.com\/wp-content\/uploads\/2022\/12\/camping-piscine-dordogne-le-pont-de-mazerat-scaled.jpg 2560w, https:\/\/www.lepontdemazerat.com\/wp-content\/uploads\/2022\/12\/camping-piscine-dordogne-le-pont-de-mazerat-300x225.jpg 300w, https:\/\/www.lepontdemazerat.com\/wp-content\/uploads\/2022\/12\/camping-piscine-dordogne-le-pont-de-mazerat-1024x768.jpg 1024w, https:\/\/www.lepontdemazerat.com\/wp-content\/uploads\/2022\/12\/camping-piscine-dordogne-le-pont-de-mazerat-768x576.jpg 768w, https:\/\/www.lepontdemazerat.com\/wp-content\/uploads\/2022\/12\/camping-piscine-dordogne-le-pont-de-mazerat-1536x1152.jpg 1536w, https:\/\/www.lepontdemazerat.com\/wp-content\/uploads\/2022\/12\/camping-piscine-dordogne-le-pont-de-mazerat-2048x1536.jpg 2048w\" sizes=\"(max-width: 2560px) 100vw, 2560px\" \/><\/figure>\n\n\n\n<figure class=\"wp-block-image size-large\"><img loading=\"lazy\" width=\"1200\" height=\"1600\" src=\"https:\/\/www.lepontdemazerat.com\/wp-content\/uploads\/2022\/12\/IMG-20221205-WA0010.jpg\" alt=\"familiencampingplatz dordogne mit schwimmbad\" class=\"wp-image-681\" srcset=\"https:\/\/www.lepontdemazerat.com\/wp-content\/uploads\/2022\/12\/IMG-20221205-WA0010.jpg 1200w, https:\/\/www.lepontdemazerat.com\/wp-content\/uploads\/2022\/12\/IMG-20221205-WA0010-225x300.jpg 225w, https:\/\/www.lepontdemazerat.com\/wp-content\/uploads\/2022\/12\/IMG-20221205-WA0010-768x1024.jpg 768w, https:\/\/www.lepontdemazerat.com\/wp-content\/uploads\/2022\/12\/IMG-20221205-WA0010-1152x1536.jpg 1152w\" sizes=\"(max-width: 1200px) 100vw, 1200px\" \/><\/figure>\n\n\n\n<figure class=\"wp-block-image size-large\"><img loading=\"lazy\" width=\"1024\" height=\"683\" src=\"https:\/\/www.lepontdemazerat.com\/wp-content\/uploads\/2023\/01\/camping-dordogne-sarlat-piscine-chauffee-lepontdemazerat.jpg\" alt=\"campingplatz sarlat mit beheiztem schwimmbad\" class=\"wp-image-873\" srcset=\"https:\/\/www.lepontdemazerat.com\/wp-content\/uploads\/2023\/01\/camping-dordogne-sarlat-piscine-chauffee-lepontdemazerat.jpg 1024w, https:\/\/www.lepontdemazerat.com\/wp-content\/uploads\/2023\/01\/camping-dordogne-sarlat-piscine-chauffee-lepontdemazerat-300x200.jpg 300w, https:\/\/www.lepontdemazerat.com\/wp-content\/uploads\/2023\/01\/camping-dordogne-sarlat-piscine-chauffee-lepontdemazerat-768x512.jpg 768w\" sizes=\"(max-width: 1024px) 100vw, 1024px\" \/><\/figure>\n\n\n\n<figure class=\"wp-block-image size-large\"><img loading=\"lazy\" width=\"1024\" height=\"683\" src=\"https:\/\/www.lepontdemazerat.com\/wp-content\/uploads\/2023\/01\/camping-sarlat-piscine-chauffee-camping-lepontdemazerat-dordogne.jpg\" alt=\"tauchen schwimmbad camping 4 sterne sarlat\" class=\"wp-image-877\" srcset=\"https:\/\/www.lepontdemazerat.com\/wp-content\/uploads\/2023\/01\/camping-sarlat-piscine-chauffee-camping-lepontdemazerat-dordogne.jpg 1024w, https:\/\/www.lepontdemazerat.com\/wp-content\/uploads\/2023\/01\/camping-sarlat-piscine-chauffee-camping-lepontdemazerat-dordogne-300x200.jpg 300w, https:\/\/www.lepontdemazerat.com\/wp-content\/uploads\/2023\/01\/camping-sarlat-piscine-chauffee-camping-lepontdemazerat-dordogne-768x512.jpg 768w\" sizes=\"(max-width: 1024px) 100vw, 1024px\" \/><\/figure>\n\n\n\n<figure class=\"wp-block-image size-large\"><img loading=\"lazy\" width=\"2560\" height=\"1707\" src=\"https:\/\/www.lepontdemazerat.com\/wp-content\/uploads\/2023\/01\/drone-065-scaled.jpg\" alt=\"familiencampingplatz perigord mit schwimmbad\" class=\"wp-image-879\" srcset=\"https:\/\/www.lepontdemazerat.com\/wp-content\/uploads\/2023\/01\/drone-065-scaled.jpg 2560w, https:\/\/www.lepontdemazerat.com\/wp-content\/uploads\/2023\/01\/drone-065-300x200.jpg 300w, https:\/\/www.lepontdemazerat.com\/wp-content\/uploads\/2023\/01\/drone-065-1024x683.jpg 1024w, https:\/\/www.lepontdemazerat.com\/wp-content\/uploads\/2023\/01\/drone-065-768x512.jpg 768w, https:\/\/www.lepontdemazerat.com\/wp-content\/uploads\/2023\/01\/drone-065-1536x1024.jpg 1536w, https:\/\/www.lepontdemazerat.com\/wp-content\/uploads\/2023\/01\/drone-065-2048x1365.jpg 2048w\" sizes=\"(max-width: 2560px) 100vw, 2560px\" \/><\/figure>\n\n\n\n<figure class=\"wp-block-image size-large\"><img loading=\"lazy\" width=\"1685\" height=\"1123\" src=\"https:\/\/www.lepontdemazerat.com\/wp-content\/uploads\/2023\/01\/Piscine-camping-le-pont-de-Mazerat-Tamnies-Perigord-Dordogne.jpg\" alt=\"campingplatz sarlat mit schwimmbad\" class=\"wp-image-881\" srcset=\"https:\/\/www.lepontdemazerat.com\/wp-content\/uploads\/2023\/01\/Piscine-camping-le-pont-de-Mazerat-Tamnies-Perigord-Dordogne.jpg 1685w, https:\/\/www.lepontdemazerat.com\/wp-content\/uploads\/2023\/01\/Piscine-camping-le-pont-de-Mazerat-Tamnies-Perigord-Dordogne-300x200.jpg 300w, https:\/\/www.lepontdemazerat.com\/wp-content\/uploads\/2023\/01\/Piscine-camping-le-pont-de-Mazerat-Tamnies-Perigord-Dordogne-1024x682.jpg 1024w, https:\/\/www.lepontdemazerat.com\/wp-content\/uploads\/2023\/01\/Piscine-camping-le-pont-de-Mazerat-Tamnies-Perigord-Dordogne-768x512.jpg 768w, https:\/\/www.lepontdemazerat.com\/wp-content\/uploads\/2023\/01\/Piscine-camping-le-pont-de-Mazerat-Tamnies-Perigord-Dordogne-1536x1024.jpg 1536w\" sizes=\"(max-width: 1685px) 100vw, 1685px\" \/><\/figure>\n<\/figure>\n<\/div>\n<\/div>\n\n\n\n<div class=\"wp-block-columns are-vertically-aligned-center\">\n<div class=\"wp-block-column is-vertically-aligned-center\" style=\"flex-basis:45%\">\n<figure class=\"wp-block-gallery has-nested-images columns-default is-cropped gal_2\">\n<figure class=\"wp-block-image size-large\"><img loading=\"lazy\" width=\"1024\" height=\"768\" src=\"https:\/\/www.lepontdemazerat.com\/wp-content\/uploads\/2023\/01\/IMG-20221205-WA0015-1024x768.jpg\" alt=\"Familiencampingplatz in Sarlat mit Schwimmbad\" class=\"wp-image-1196\" srcset=\"https:\/\/www.lepontdemazerat.com\/wp-content\/uploads\/2023\/01\/IMG-20221205-WA0015-1024x768.jpg 1024w, https:\/\/www.lepontdemazerat.com\/wp-content\/uploads\/2023\/01\/IMG-20221205-WA0015-300x225.jpg 300w, https:\/\/www.lepontdemazerat.com\/wp-content\/uploads\/2023\/01\/IMG-20221205-WA0015-768x576.jpg 768w, https:\/\/www.lepontdemazerat.com\/wp-content\/uploads\/2023\/01\/IMG-20221205-WA0015-1536x1152.jpg 1536w, https:\/\/www.lepontdemazerat.com\/wp-content\/uploads\/2023\/01\/IMG-20221205-WA0015.jpg 1600w\" sizes=\"(max-width: 1024px) 100vw, 1024px\" \/><\/figure>\n\n\n\n<figure class=\"wp-block-image size-full\"><img loading=\"lazy\" width=\"800\" height=\"600\" src=\"https:\/\/www.lepontdemazerat.com\/wp-content\/uploads\/2024\/03\/pont-de-mazerat-2023-piscine-3-1.jpg\" alt=\"Planschbecken am Campingplatz in Sarlat\" class=\"wp-image-3391\" srcset=\"https:\/\/www.lepontdemazerat.com\/wp-content\/uploads\/2024\/03\/pont-de-mazerat-2023-piscine-3-1.jpg 800w, https:\/\/www.lepontdemazerat.com\/wp-content\/uploads\/2024\/03\/pont-de-mazerat-2023-piscine-3-1-300x225.jpg 300w, https:\/\/www.lepontdemazerat.com\/wp-content\/uploads\/2024\/03\/pont-de-mazerat-2023-piscine-3-1-768x576.jpg 768w\" sizes=\"(max-width: 800px) 100vw, 800px\" \/><\/figure>\n<\/figure>\n<\/div>\n\n\n\n<div class=\"wp-block-column is-vertically-aligned-center\">\n<h2 id=\"detendez-vous-dans-notre-camping-4-etoiles-a-sarlat-avec-piscine\">Entspannen Sie sich auf unserem 4-Sterne-Campingplatz in Sarlat mit Pool<\/h2>\n\n\n\n<p>Es ist soweit, der <strong>Urlaub in der Dordogne<\/strong> ist endlich da! Nach einem <a href=\"https:\/\/www.lepontdemazerat.com\/de\/umgebung\/\">Tag voller Wanderungen oder Spazierg\u00e4nge im Herzen des P\u00e9rigord<\/a> k\u00f6nnen Sie einen <strong>Moment der Entspannung in unserem beheizten Pool<\/strong> genie\u00dfen. In einer <strong>idyllischen und friedlichen Umgebung<\/strong> gelegen, wird Sie dieser Moment des <strong>Badens <\/strong>begeistern.<\/p>\n\n\n\n<p>Unser <strong>Familiencampingplatz in der Dordogne mit Schwimmbad<\/strong> wei\u00df auch Ihre Kinder zu begeistern! Im Sommer werden Ihre <strong>Kinder den Spa\u00df im Wasser genie\u00dfen<\/strong>, und die Kleinsten k\u00f6nnen sich unter Aufsicht der Erwachsenen sicher im <strong>Planschbecken <\/strong>abk\u00fchlen.<\/p>\n\n\n\n<div class=\"wp-container-69f0cfbd5b606 wp-block-buttons\">\n<div class=\"wp-block-button btn_resa\"><a class=\"wp-block-button__link\">R\u00e9servez vite !<\/a><\/div>\n<\/div>\n<\/div>\n<\/div>\n\n\n\n<div class=\"wp-block-cover alignfull M-05-a\"><span aria-hidden=\"true\" class=\"has-background-dim-60 wp-block-cover__gradient-background has-background-dim\"><\/span><img loading=\"lazy\" width=\"1920\" height=\"1279\" class=\"wp-block-cover__image-background wp-image-4634\" alt=\"Teich von Tamni\u00e8s in der Dordogne\" src=\"https:\/\/www.lepontdemazerat.com\/wp-content\/uploads\/2026\/01\/camping-bord-lac-dordogne.jpg\" style=\"object-position:82% 24%\" data-object-fit=\"cover\" data-object-position=\"82% 24%\" srcset=\"https:\/\/www.lepontdemazerat.com\/wp-content\/uploads\/2026\/01\/camping-bord-lac-dordogne.jpg 1920w, https:\/\/www.lepontdemazerat.com\/wp-content\/uploads\/2026\/01\/camping-bord-lac-dordogne-300x200.jpg 300w, https:\/\/www.lepontdemazerat.com\/wp-content\/uploads\/2026\/01\/camping-bord-lac-dordogne-1024x682.jpg 1024w, https:\/\/www.lepontdemazerat.com\/wp-content\/uploads\/2026\/01\/camping-bord-lac-dordogne-768x512.jpg 768w, https:\/\/www.lepontdemazerat.com\/wp-content\/uploads\/2026\/01\/camping-bord-lac-dordogne-1536x1023.jpg 1536w\" sizes=\"(max-width: 1920px) 100vw, 1920px\" \/><div class=\"wp-block-cover__inner-container\">\n<h2 id=\"wo-kann-man-in-sarlat-la-caneda-in-der-dordogne-baden\">Wo kann man in Sarlat-la-Can\u00e9da in der Dordogne baden?<\/h2>\n\n\n\n<p>Neben unserem Wasserbereich, den unser Campingplatz in der N\u00e4he von Sarlat bietet, finden Sie in <strong>300 m Entfernung den See von Tamni\u00e8s<\/strong>. Dieser See, der im Herzen des Beune-Tals im P\u00e9rigord liegt, verf\u00fcgt \u00fcber einen feinen Sandstrand und ist zum Baden und Angeln ge\u00f6ffnet. Au\u00dferdem bietet er zahlreiche Aktivit\u00e4ten f\u00fcr Kinder, darunter insbesondere eine aufblasbare Spielstruktur. Nur wenige Kilometer von Sarlat entfernt bietet die Dordogne viele geeignete Badestellen. Sie k\u00f6nnen sich zu angelegten Bereichen wie den Str\u00e4nden von La Roque-Gageac begeben, um sich im ruhigen Wasser des Flusses zu erfrischen.<\/p>\n\n\n\n<div class=\"wp-container-69f0cfbd5b94a wp-block-buttons\">\n<div class=\"wp-block-button aligncenter is-style-outline\"><a class=\"wp-block-button__link\" href=\"https:\/\/www.lepontdemazerat.com\/de\/campingplatz-mit-see-dordogne\/\">Den See von Tamni\u00e8s entdecken<\/a><\/div>\n<\/div>\n<\/div><\/div>\n\n\n\n<div class=\"wp-block-columns alignwide\">\n<div class=\"wp-block-column padding-t-b\" style=\"flex-basis:32%\">\n<h2 id=\"les-activites-autour-de-la-piscine-chauffee\">Aktivit\u00e4ten rund um den beheizten Pool<\/h2>\n\n\n\n<p>Und wenn Sie sich sportlich bet\u00e4tigen m\u00f6chten, ist ebenfalls alles vorhanden: mehrere Spielpl\u00e4tze und ein Fitnessbereich. Alles ist bereit f\u00fcr ein kleines Trainingsprogramm oder f\u00fcr sch\u00f6ne gemeinsame Momente mit der Familie oder mit Freunden!<\/p>\n\n\n\n<p>Auch die Kleinsten kommen nicht zu kurz \u2013 mit einem altersgerechten Spielbereich und einer H\u00fcpfburg!<\/p>\n\n\n\n<p>Da wird es nach dem Urlaub viele sch\u00f6ne Erinnerungen zu erz\u00e4hlen geben!<\/p>\n\n\n\n<div class=\"wp-container-69f0cfbd5bc93 wp-block-buttons\">\n<div class=\"wp-block-button is-style-outline\"><a class=\"wp-block-button__link\" href=\"https:\/\/www.lepontdemazerat.com\/de\/animationen\/\">Die Aktivit\u00e4ten entdecken<\/a><\/div>\n<\/div>\n<\/div>\n\n\n\n<div class=\"wp-block-column\">\n<figure class=\"wp-block-gallery alignfull has-nested-images columns-2 is-cropped fc-diapo gal_overflow\">\n<figure class=\"wp-block-image size-large\"><img loading=\"lazy\" width=\"730\" height=\"966\" src=\"https:\/\/www.lepontdemazerat.com\/wp-content\/uploads\/2022\/12\/camping-sarlat-lepontdemazerat-jeux-gonflable-1.jpg\" alt=\"Spiele f\u00fcr Kinder auf dem Familiencampingplatz in Sarlat\" class=\"wp-image-661\" srcset=\"https:\/\/www.lepontdemazerat.com\/wp-content\/uploads\/2022\/12\/camping-sarlat-lepontdemazerat-jeux-gonflable-1.jpg 730w, https:\/\/www.lepontdemazerat.com\/wp-content\/uploads\/2022\/12\/camping-sarlat-lepontdemazerat-jeux-gonflable-1-227x300.jpg 227w\" sizes=\"(max-width: 730px) 100vw, 730px\" \/><\/figure>\n\n\n\n<figure class=\"wp-block-image size-large\"><img loading=\"lazy\" width=\"1024\" height=\"768\" src=\"https:\/\/www.lepontdemazerat.com\/wp-content\/uploads\/2022\/12\/IMG-20221205-WA0008-1024x768.jpg\" alt=\"\" class=\"wp-image-683\" srcset=\"https:\/\/www.lepontdemazerat.com\/wp-content\/uploads\/2022\/12\/IMG-20221205-WA0008-1024x768.jpg 1024w, https:\/\/www.lepontdemazerat.com\/wp-content\/uploads\/2022\/12\/IMG-20221205-WA0008-300x225.jpg 300w, https:\/\/www.lepontdemazerat.com\/wp-content\/uploads\/2022\/12\/IMG-20221205-WA0008-768x576.jpg 768w, https:\/\/www.lepontdemazerat.com\/wp-content\/uploads\/2022\/12\/IMG-20221205-WA0008-1536x1152.jpg 1536w, https:\/\/www.lepontdemazerat.com\/wp-content\/uploads\/2022\/12\/IMG-20221205-WA0008.jpg 1600w\" sizes=\"(max-width: 1024px) 100vw, 1024px\" \/><\/figure>\n\n\n\n<figure class=\"wp-block-image size-large\"><img loading=\"lazy\" width=\"768\" height=\"1024\" src=\"https:\/\/www.lepontdemazerat.com\/wp-content\/uploads\/2023\/06\/2208-petanque-768x1024.jpg\" alt=\"\" class=\"wp-image-2535\" srcset=\"https:\/\/www.lepontdemazerat.com\/wp-content\/uploads\/2023\/06\/2208-petanque-768x1024.jpg 768w, https:\/\/www.lepontdemazerat.com\/wp-content\/uploads\/2023\/06\/2208-petanque-225x300.jpg 225w, https:\/\/www.lepontdemazerat.com\/wp-content\/uploads\/2023\/06\/2208-petanque-1152x1536.jpg 1152w, https:\/\/www.lepontdemazerat.com\/wp-content\/uploads\/2023\/06\/2208-petanque.jpg 1200w\" sizes=\"(max-width: 768px) 100vw, 768px\" \/><\/figure>\n\n\n\n<figure class=\"wp-block-image size-large\"><img loading=\"lazy\" width=\"730\" height=\"964\" src=\"https:\/\/www.lepontdemazerat.com\/wp-content\/uploads\/2022\/12\/forest-g847a92284_1280-1.jpg\" alt=\"\" class=\"wp-image-663\" srcset=\"https:\/\/www.lepontdemazerat.com\/wp-content\/uploads\/2022\/12\/forest-g847a92284_1280-1.jpg 730w, https:\/\/www.lepontdemazerat.com\/wp-content\/uploads\/2022\/12\/forest-g847a92284_1280-1-227x300.jpg 227w\" sizes=\"(max-width: 730px) 100vw, 730px\" \/><\/figure>\n<\/figure>\n<\/div>\n<\/div>\n\n\n\n<div class=\"wp-block-cover alignfull M-05-a display-mob\"><span aria-hidden=\"true\" class=\"has-background-dim-60 wp-block-cover__gradient-background has-background-dim\"><\/span><img loading=\"lazy\" width=\"2048\" height=\"1463\" class=\"wp-block-cover__image-background wp-image-885\" alt=\"\" src=\"https:\/\/www.lepontdemazerat.com\/wp-content\/uploads\/2023\/01\/438A6346.webp\" data-object-fit=\"cover\" srcset=\"https:\/\/www.lepontdemazerat.com\/wp-content\/uploads\/2023\/01\/438A6346.webp 2048w, https:\/\/www.lepontdemazerat.com\/wp-content\/uploads\/2023\/01\/438A6346-300x214.webp 300w, https:\/\/www.lepontdemazerat.com\/wp-content\/uploads\/2023\/01\/438A6346-1024x732.webp 1024w, https:\/\/www.lepontdemazerat.com\/wp-content\/uploads\/2023\/01\/438A6346-768x549.webp 768w, https:\/\/www.lepontdemazerat.com\/wp-content\/uploads\/2023\/01\/438A6346-1536x1097.webp 1536w\" sizes=\"(max-width: 2048px) 100vw, 2048px\" \/><div class=\"wp-block-cover__inner-container\">\n<div class=\"wp-container-69f0cfbd5c06c wp-block-buttons\">\n<div class=\"wp-block-button btn_galerie\"><a class=\"wp-block-button__link\" href=\"https:\/\/www.lepontdemazerat.com\/de\/mediengalerie\/?galerie=psicine\">Entdecken Sie den Pool in Bildern<\/a><\/div>\n<\/div>\n<\/div><\/div>\n","protected":false},"excerpt":{"rendered":"<p>Campingplatz Sarlat mit Pool in der Dordogne Ein Aufenthalt auf einem Campingplatz in Sarlat mit einem beheizten Schwimmbad verspricht einen Urlaub in der Dordogne voller Entspannung in 28 \u00b0C warmem Wasser. Nutzen Sie den Wasserbereich des Campingplatzes Le Pont de Mazerat und entspannen Sie sich anschlie\u00dfend auf einer der bereitstehenden Liegen zum Sonnenbaden. Beheizter Swimmingpool [&hellip;]<\/p>\n","protected":false},"author":1,"featured_media":2921,"parent":0,"menu_order":0,"comment_status":"closed","ping_status":"closed","template":"","meta":[],"acf":[],"_links":{"self":[{"href":"https:\/\/www.lepontdemazerat.com\/de\/wp-json\/wp\/v2\/pages\/2909"}],"collection":[{"href":"https:\/\/www.lepontdemazerat.com\/de\/wp-json\/wp\/v2\/pages"}],"about":[{"href":"https:\/\/www.lepontdemazerat.com\/de\/wp-json\/wp\/v2\/types\/page"}],"author":[{"embeddable":true,"href":"https:\/\/www.lepontdemazerat.com\/de\/wp-json\/wp\/v2\/users\/1"}],"replies":[{"embeddable":true,"href":"https:\/\/www.lepontdemazerat.com\/de\/wp-json\/wp\/v2\/comments?post=2909"}],"version-history":[{"count":6,"href":"https:\/\/www.lepontdemazerat.com\/de\/wp-json\/wp\/v2\/pages\/2909\/revisions"}],"predecessor-version":[{"id":4982,"href":"https:\/\/www.lepontdemazerat.com\/de\/wp-json\/wp\/v2\/pages\/2909\/revisions\/4982"}],"wp:featuredmedia":[{"embeddable":true,"href":"https:\/\/www.lepontdemazerat.com\/de\/wp-json\/wp\/v2\/media\/2921"}],"wp:attachment":[{"href":"https:\/\/www.lepontdemazerat.com\/de\/wp-json\/wp\/v2\/media?parent=2909"}],"curies":[{"name":"wp","href":"https:\/\/api.w.org\/{rel}","templated":true}]}}