{"id":2960,"date":"2023-11-13T15:08:50","date_gmt":"2023-11-13T14:08:50","guid":{"rendered":"https:\/\/www.lepontdemazerat.com\/dienste\/"},"modified":"2025-01-31T15:43:46","modified_gmt":"2025-01-31T14:43:46","slug":"dienste","status":"publish","type":"page","link":"https:\/\/www.lepontdemazerat.com\/de\/dienste\/","title":{"rendered":"Dienste"},"content":{"rendered":"\n<div class=\"wp-block-cover alignfull\"><span aria-hidden=\"true\" class=\"wp-block-cover__gradient-background has-background-dim\"><\/span><img loading=\"lazy\" width=\"1920\" height=\"804\" class=\"wp-block-cover__image-background wp-image-1229\" alt=\"\" src=\"https:\/\/www.lepontdemazerat.com\/wp-content\/uploads\/2023\/01\/eco-camping-en-dordogne-lepontdemazerat.jpg\" data-object-fit=\"cover\" srcset=\"https:\/\/www.lepontdemazerat.com\/wp-content\/uploads\/2023\/01\/eco-camping-en-dordogne-lepontdemazerat.jpg 1920w, https:\/\/www.lepontdemazerat.com\/wp-content\/uploads\/2023\/01\/eco-camping-en-dordogne-lepontdemazerat-300x126.jpg 300w, https:\/\/www.lepontdemazerat.com\/wp-content\/uploads\/2023\/01\/eco-camping-en-dordogne-lepontdemazerat-1024x429.jpg 1024w, https:\/\/www.lepontdemazerat.com\/wp-content\/uploads\/2023\/01\/eco-camping-en-dordogne-lepontdemazerat-768x322.jpg 768w, https:\/\/www.lepontdemazerat.com\/wp-content\/uploads\/2023\/01\/eco-camping-en-dordogne-lepontdemazerat-1536x643.jpg 1536w\" sizes=\"(max-width: 1920px) 100vw, 1920px\" \/><div class=\"wp-block-cover__inner-container\">\n<p class=\"has-text-align-center has-large-font-size\"><\/p>\n<\/div><\/div>\n\n\n\n<h1 class=\"has-text-align-center\" id=\"les-services-de-votre-camping-a-sarlat\">Die Dienstleistungen Ihres Campingplatzes in Sarlat<\/h1>\n\n\n\n<ul class=\"pictos col-4\"><li><i class=\"fas fa-utensils\"><\/i>  Lokale Gourmetk\u00fcche<\/li><li><i class=\"fas fa-glass-citrus\"><\/i>  Geselliges Guinguette<\/li><li><i class=\"fas fa-burger-fries\"><\/i>  Salat, Burger, Pommes frites&#8230;<\/li><li><i class=\"fas fa-pizza\"><\/i>  Pizzas und Burger zum Mitnehmen<\/li><\/ul>\n\n\n\n<p>Entdecken Sie den Charme von <strong>Sarlat <\/strong>und machen Sie sich bereit f\u00fcr einen <strong>unvergesslichen Aufenthalt im Herzen der Dordogne<\/strong>. Unser <a href=\"https:\/\/www.lepontdemazerat.com\/de\/\">Campingplatz, der 11 km von Sarlat entfernt liegt<\/a>, bietet Ihnen <strong>zahlreiche Serviceleistungen<\/strong>, um Ihren <strong>Urlaub in der Dordogne<\/strong> noch angenehmer zu gestalten.  <\/p>\n\n\n\n<div class=\"wp-block-columns alignwide\">\n<div class=\"wp-block-column padding-t-b\" style=\"flex-basis:32%\">\n<h3 id=\"la-guinguette\">Die Guinguette<\/h3>\n\n\n\n<p id=\"les-richesses-de-notre-region-et-sa-convivialite-sont-a-retrouver-au-bar-restaurant\">Die Reicht\u00fcmer unserer Region und ihre Geselligkeit sind im <strong>Bar-Restaurant<\/strong> zu finden.<\/p>\n\n\n\n<p id=\"en-haute-saison-nous-vous-accueillons-pour-le-service-du-soir-de-19h30-a-21h30\">In der Hochsaison begr\u00fc\u00dfen wir Sie zum Abendservice von 19:30 bis 21:30 Uhr.<\/p>\n\n\n\n<div class=\"wp-block-group lire-plus-pc\"><div class=\"wp-block-group__inner-container\">\n<p>Lesen Sie mehr<\/p>\n\n\n\n<div class=\"wp-container-69f0cfc63eeea wp-block-group\"><div class=\"wp-block-group__inner-container\">\n<p id=\"les-horaires-d-ouverture-pour-boissons-crepes-gaufres-glaces-sont-8h-12h-et-14h-24h\">Die \u00d6ffnungszeiten f\u00fcr Getr\u00e4nke, Crepes, Waffeln und Eis sind 8:00-12:00 Uhr und 14:00-24:00 Uhr.<\/p>\n\n\n\n<p>Wenn Sie Ihr Baguette holen m\u00f6chten, kommen Sie vorbei und genie\u00dfen Sie einen schwarzen Kaffee oder einen Snack, kommen Sie vorbei und probieren Sie Cr\u00eapes, Waffeln, Eis&#8230;<\/p>\n\n\n\n<p>Am Abend, nach einem sch\u00f6nen Tag in der sch\u00f6nen Dordogne, k\u00f6nnen Sie sich im Bar-Restaurant-Bereich entspannen. Wir bieten Ihnen Gerichte, die Sie vor Ort genie\u00dfen k\u00f6nnen, aber auch Pizzas und Burger zum Mitnehmen.<\/p>\n\n\n\n<p>Testen Sie unsere Plancha-Tische f\u00fcr einen gro\u00dfen Moment der Geselligkeit! (Mit Reservierung)<\/p>\n<\/div><\/div>\n<\/div><\/div>\n\n\n\n<h3 id=\"epicerie\"><strong>Lebensmittelgesch\u00e4ft<\/strong><\/h3>\n\n\n\n<p>Von kleinen St\u00e4nden f\u00fcr Notf\u00e4lle bis hin zu regionalen Produkten &#8211; unser Lebensmittelgesch\u00e4ft hei\u00dft Sie willkommen.<\/p>\n\n\n\n<p>Jeden Morgen finden Sie Baguettes und Geb\u00e4ck, die Sie am Vortag bestellt haben!<\/p>\n\n\n\n<h3 id=\"laverie\"><strong>W\u00e4scherei<\/strong><\/h3>\n\n\n\n<p>Im<strong>Sanit\u00e4rbereich<\/strong> finden Sie zwei <strong>Waschmaschinen<\/strong> und einen <strong>W\u00e4schetrockner<\/strong>. Chips sind im Lebensmittelgesch\u00e4ft erh\u00e4ltlich<\/p>\n\n\n\n<h3 id=\"locations\"><strong>Vermietungen<\/strong><\/h3>\n\n\n\n<p>Wir bieten Ihnen einen Mietservice an (bitte gleichzeitig mit Ihrer Miete buchen) :<\/p>\n\n\n\n<ul><li>Bettw\u00e4sche und Handt\u00fccher<\/li><li>Babyhochstuhl<\/li><li>Babyklappbett<\/li><li>K\u00fchlschrank 45\/50 l f\u00fcr <a href=\"https:\/\/www.lepontdemazerat.com\/de\/nackter-stellplatz\/\">nackten Stellplatz<\/a> (Achtung: der K\u00fchlschrank muss sich in einem \u00fcberdachten Bereich befinden (Vorzelt, Zelt))<\/li><\/ul>\n\n\n\n<p>Z\u00f6gern Sie nicht, uns bez\u00fcglich der Verf\u00fcgbarkeit zu kontaktieren.<\/p>\n\n\n\n<h3 id=\"wifi\"><strong>WIFI<\/strong><\/h3>\n\n\n\n<p>Neu!!! Nutzen Sie unser kostenloses* WLAN-Netz (Glasfaser) auf dem gesamten Campingplatz.<\/p>\n\n\n\n<p>*Streaming ist mit<\/p>\n<\/div>\n\n\n\n<div class=\"wp-block-column\">\n<figure class=\"wp-block-gallery alignfull has-nested-images columns-4 is-cropped diaporama--2 gal_overflow\">\n<figure class=\"wp-block-image size-large\"><img loading=\"lazy\" width=\"300\" height=\"200\" src=\"https:\/\/www.lepontdemazerat.com\/wp-content\/uploads\/2023\/01\/camping-lepontdemazerat-burger-maison-dordogne-300x200-1.jpg\" alt=\"restaurant camping sarlat\" class=\"wp-image-1065\"\/><\/figure>\n\n\n\n<figure class=\"wp-block-image size-large\"><img loading=\"lazy\" width=\"300\" height=\"214\" src=\"https:\/\/www.lepontdemazerat.com\/wp-content\/uploads\/2023\/01\/snack-camping-le-pont-de-mazerat-300x214-1.jpg\" alt=\"4-Sterne-Campingplatz saralt in der Dordogne\" class=\"wp-image-1069\"\/><\/figure>\n\n\n\n<figure class=\"wp-block-image size-large\"><img loading=\"lazy\" width=\"300\" height=\"200\" src=\"https:\/\/www.lepontdemazerat.com\/wp-content\/uploads\/2023\/01\/camping-dordogne-restaurant-pizza-sarlat-lepontdemazerat-300x200-1.jpg\" alt=\"essen camping sarlat perigord noir\" class=\"wp-image-1067\"\/><\/figure>\n\n\n\n<figure class=\"wp-block-image size-large\"><img loading=\"lazy\" width=\"1200\" height=\"1600\" src=\"https:\/\/www.lepontdemazerat.com\/wp-content\/uploads\/2023\/01\/IMG-20221205-WA0013.jpg\" alt=\"camping in der N\u00e4he von sarlat\" class=\"wp-image-1076\" srcset=\"https:\/\/www.lepontdemazerat.com\/wp-content\/uploads\/2023\/01\/IMG-20221205-WA0013.jpg 1200w, https:\/\/www.lepontdemazerat.com\/wp-content\/uploads\/2023\/01\/IMG-20221205-WA0013-225x300.jpg 225w, https:\/\/www.lepontdemazerat.com\/wp-content\/uploads\/2023\/01\/IMG-20221205-WA0013-768x1024.jpg 768w, https:\/\/www.lepontdemazerat.com\/wp-content\/uploads\/2023\/01\/IMG-20221205-WA0013-1152x1536.jpg 1152w\" sizes=\"(max-width: 1200px) 100vw, 1200px\" \/><\/figure>\n\n\n\n<figure class=\"wp-block-image size-large\"><img loading=\"lazy\" width=\"300\" height=\"200\" src=\"https:\/\/www.lepontdemazerat.com\/wp-content\/uploads\/2023\/01\/camping-sarlat-perigord-dordogne-le-pont-de-mazerat-300x200-1.jpg\" alt=\"\" class=\"wp-image-1063\"\/><\/figure>\n<\/figure>\n<\/div>\n<\/div>\n\n\n\n<div class=\"wp-block-columns alignfull reverse-mob has-fond-background-color has-background\">\n<div class=\"wp-block-column\" style=\"flex-basis:60%\">\n<figure class=\"wp-block-image alignfull size-large\"><img loading=\"lazy\" width=\"768\" height=\"1024\" src=\"https:\/\/www.lepontdemazerat.com\/wp-content\/uploads\/2023\/01\/IMG-20230106-WA0001-768x1024.jpg\" alt=\"\" class=\"wp-image-1450\" srcset=\"https:\/\/www.lepontdemazerat.com\/wp-content\/uploads\/2023\/01\/IMG-20230106-WA0001-768x1024.jpg 768w, https:\/\/www.lepontdemazerat.com\/wp-content\/uploads\/2023\/01\/IMG-20230106-WA0001-225x300.jpg 225w, https:\/\/www.lepontdemazerat.com\/wp-content\/uploads\/2023\/01\/IMG-20230106-WA0001-1152x1536.jpg 1152w, https:\/\/www.lepontdemazerat.com\/wp-content\/uploads\/2023\/01\/IMG-20230106-WA0001.jpg 1536w\" sizes=\"(max-width: 768px) 100vw, 768px\" \/><\/figure>\n<\/div>\n\n\n\n<div class=\"wp-block-column\">\n<h2 id=\"envie-d-etre-respectueux-de-la-nature\">Lust auf einen respektvollen Umgang mit der Natur<\/h2>\n\n\n\n<ul class=\"pictos ligne picto-mob\"><li><i class=\"fas fa-faucet-drip\"><\/i> <strong>Wasser ist kostbar!<\/strong><br>Ein Wasserleck, ein tropfender Wasserhahn!<br>Benachrichtigen Sie uns. Achten Sie darauf, dass Sie das Wasser nicht unn\u00f6tig laufen lassen. Aus Gr\u00fcnden des Umweltschutzes (N\u00e4he zum Bach und zum Grundwasser) ist das Waschen von Autos verboten.<\/li><li><i class=\"fas fa-person-hiking\"><\/i> <strong>Besuchen Sie anders!<\/strong><br>Nutzen Sie unsere sch\u00f6ne Natur, um Ihr Auto vor Ort stehen zu lassen.<br>An der Rezeption erhalten Sie Informationen \u00fcber den Verleih von Mountainbikes und \u00fcber Wanderrouten, die vom Campingplatz aus starten.<\/li><li><i class=\"fas fa-trash\"><\/i> <strong>Sortieren ist keine Hexerei!<\/strong><br>Trennen wir unseren wiederverwertbaren, gr\u00fcnen und gef\u00e4hrlichen Abfall.<br>Verwenden Sie die Sortieranleitung.<\/li><li><i class=\"fas fa-lightbulb-on\"><\/i> <strong>Seien Sie brillant!<\/strong><br>Achten Sie darauf, dass Sie das Licht ausschalten, sobald Sie Ihr Mietobjekt verlassen.<br>Schalten Sie die Heizung aus, wenn Sie die Fenster \u00f6ffnen.<\/li><\/ul>\n<\/div>\n<\/div>\n","protected":false},"excerpt":{"rendered":"<p>Die Dienstleistungen Ihres Campingplatzes in Sarlat Lokale Gourmetk\u00fcche Geselliges Guinguette Salat, Burger, Pommes frites&#8230; Pizzas und Burger zum Mitnehmen Entdecken Sie den Charme von Sarlat und machen Sie sich bereit f\u00fcr einen unvergesslichen Aufenthalt im Herzen der Dordogne. Unser Campingplatz, der 11 km von Sarlat entfernt liegt, bietet Ihnen zahlreiche Serviceleistungen, um Ihren Urlaub in [&hellip;]<\/p>\n","protected":false},"author":1,"featured_media":0,"parent":0,"menu_order":0,"comment_status":"closed","ping_status":"closed","template":"","meta":[],"acf":[],"_links":{"self":[{"href":"https:\/\/www.lepontdemazerat.com\/de\/wp-json\/wp\/v2\/pages\/2960"}],"collection":[{"href":"https:\/\/www.lepontdemazerat.com\/de\/wp-json\/wp\/v2\/pages"}],"about":[{"href":"https:\/\/www.lepontdemazerat.com\/de\/wp-json\/wp\/v2\/types\/page"}],"author":[{"embeddable":true,"href":"https:\/\/www.lepontdemazerat.com\/de\/wp-json\/wp\/v2\/users\/1"}],"replies":[{"embeddable":true,"href":"https:\/\/www.lepontdemazerat.com\/de\/wp-json\/wp\/v2\/comments?post=2960"}],"version-history":[{"count":3,"href":"https:\/\/www.lepontdemazerat.com\/de\/wp-json\/wp\/v2\/pages\/2960\/revisions"}],"predecessor-version":[{"id":3890,"href":"https:\/\/www.lepontdemazerat.com\/de\/wp-json\/wp\/v2\/pages\/2960\/revisions\/3890"}],"wp:attachment":[{"href":"https:\/\/www.lepontdemazerat.com\/de\/wp-json\/wp\/v2\/media?parent=2960"}],"curies":[{"name":"wp","href":"https:\/\/api.w.org\/{rel}","templated":true}]}}