{"id":4055,"date":"2025-04-03T17:33:10","date_gmt":"2025-04-03T15:33:10","guid":{"rendered":"https:\/\/www.lepontdemazerat.com\/unser-campingplatz-am-see-in-der-dordogne\/"},"modified":"2025-04-04T09:36:48","modified_gmt":"2025-04-04T07:36:48","slug":"campingplatz-mit-see-dordogne","status":"publish","type":"page","link":"https:\/\/www.lepontdemazerat.com\/de\/campingplatz-mit-see-dordogne\/","title":{"rendered":"Unser Campingplatz am See in der Dordogne"},"content":{"rendered":"\n<div class=\"wp-block-cover alignfull\"><span aria-hidden=\"true\" class=\"has-background-dim-60 wp-block-cover__gradient-background has-background-dim\"><\/span><img loading=\"lazy\" width=\"1967\" height=\"1105\" class=\"wp-block-cover__image-background wp-image-537\" alt=\"Campingplatz am See in der Dordogne (24)\" src=\"https:\/\/www.lepontdemazerat.com\/wp-content\/uploads\/2022\/12\/drone-16-redim.jpg\" data-object-fit=\"cover\" srcset=\"https:\/\/www.lepontdemazerat.com\/wp-content\/uploads\/2022\/12\/drone-16-redim.jpg 1967w, https:\/\/www.lepontdemazerat.com\/wp-content\/uploads\/2022\/12\/drone-16-redim-300x169.jpg 300w, https:\/\/www.lepontdemazerat.com\/wp-content\/uploads\/2022\/12\/drone-16-redim-1024x575.jpg 1024w, https:\/\/www.lepontdemazerat.com\/wp-content\/uploads\/2022\/12\/drone-16-redim-768x431.jpg 768w, https:\/\/www.lepontdemazerat.com\/wp-content\/uploads\/2022\/12\/drone-16-redim-1536x864.jpg 1536w, https:\/\/www.lepontdemazerat.com\/wp-content\/uploads\/2022\/12\/drone-16-redim-1920x1080.jpg 1920w\" sizes=\"(max-width: 1967px) 100vw, 1967px\" \/><div class=\"wp-block-cover__inner-container\">\n<p class=\"has-text-align-center has-large-font-size\"><\/p>\n<\/div><\/div>\n\n\n\n<div class=\"wp-container-69ee61cba5b6b wp-block-group\"><div class=\"wp-block-group__inner-container\">\n<div class=\"wp-block-columns alignfull are-vertically-aligned-center reverse-mob has-blanc-background-color has-background\">\n<div class=\"wp-block-column is-vertically-aligned-center\" style=\"flex-basis:45%\">\n<figure class=\"wp-block-gallery has-nested-images columns-default is-cropped gal_2\">\n<figure class=\"wp-block-image size-large\"><img loading=\"lazy\" width=\"1024\" height=\"683\" src=\"https:\/\/www.lepontdemazerat.com\/wp-content\/uploads\/2023\/01\/uniq-trek-bQYlRayXynE-unsplash-1024x683.jpg\" alt=\"campingplatz mit fischteich dordogne\" class=\"wp-image-1142\" srcset=\"https:\/\/www.lepontdemazerat.com\/wp-content\/uploads\/2023\/01\/uniq-trek-bQYlRayXynE-unsplash-1024x683.jpg 1024w, https:\/\/www.lepontdemazerat.com\/wp-content\/uploads\/2023\/01\/uniq-trek-bQYlRayXynE-unsplash-300x200.jpg 300w, https:\/\/www.lepontdemazerat.com\/wp-content\/uploads\/2023\/01\/uniq-trek-bQYlRayXynE-unsplash-768x512.jpg 768w, https:\/\/www.lepontdemazerat.com\/wp-content\/uploads\/2023\/01\/uniq-trek-bQYlRayXynE-unsplash-1536x1024.jpg 1536w, https:\/\/www.lepontdemazerat.com\/wp-content\/uploads\/2023\/01\/uniq-trek-bQYlRayXynE-unsplash.jpg 1920w\" sizes=\"(max-width: 1024px) 100vw, 1024px\" \/><\/figure>\n\n\n\n<figure class=\"wp-block-image size-full\"><img loading=\"lazy\" width=\"300\" height=\"300\" src=\"https:\/\/www.lepontdemazerat.com\/wp-content\/uploads\/2023\/01\/Jeux-gonflables-etang-de-tamnies-1-300x300-1.jpg\" alt=\"aktivit\u00e4ten teich von tamnies\" class=\"wp-image-957\" srcset=\"https:\/\/www.lepontdemazerat.com\/wp-content\/uploads\/2023\/01\/Jeux-gonflables-etang-de-tamnies-1-300x300-1.jpg 300w, https:\/\/www.lepontdemazerat.com\/wp-content\/uploads\/2023\/01\/Jeux-gonflables-etang-de-tamnies-1-300x300-1-150x150.jpg 150w\" sizes=\"(max-width: 300px) 100vw, 300px\" \/><\/figure>\n<\/figure>\n<\/div>\n\n\n\n<div class=\"wp-block-column is-vertically-aligned-center\">\n<h1 id=\"notre-camping-en-bord-de-lac-en-dordogne\">Unser Campingplatz am See in der Dordogne<\/h1>\n\n\n\n<p>Unser <a href=\"https:\/\/www.lepontdemazerat.com\/de\/\"> Naturcampingplatz in der Dordogne<\/a> genie\u00dft eine privilegierte Lage <strong>nur 300 Meter vomEtang de Tamni\u00e8s entfernt<\/strong>. Dieser <strong>5 Hektar gro\u00dfeTeich<\/strong>, der zu Fu\u00df erreichbar ist, bietet eine Vielzahl von Wassersportaktivit\u00e4ten, die es Ihnen erm\u00f6glicht, in aller Ruhe zu <strong>baden und <\/strong> <strong>das Angeln zugenie\u00dfen<\/strong>. <\/p>\n\n\n\n<h2 class=\"has-text-align-left h3\" id=\"l-etang-de-tamnies\">Der Teich von Tamni\u00e8s<\/h2>\n\n\n\n<p class=\"has-text-align-left\">Es gibt nichts Besseres, als <a href=\"https:\/\/www.lepontdemazerat.com\/de\/vermietungen\/mobilheim-aquitaine\/\">Mobilheimzu mieten. home<\/a> oder einen <a href=\"https:\/\/www.lepontdemazerat.com\/de\/stellplatz-dordogne-aquitaine\/\" data-type=\"page\">Stellplatz<\/a> auf dem Campingplatz Le Pont de Mazerat um <strong>den Teich von Tamni\u00e8s<\/strong> und das <strong>P\u00e9rigord<\/strong> zu <strong>genie\u00dfen<\/strong>. Sie<strong> brauchen kein Auto zu nehmen<\/strong>. Sie k\u00f6nnen seine Landschaft entdecken, seine H\u00e4user aus gelben Steinen und mit Schieferd\u00e4chern zu Fu\u00df oder mit dem Fahrrad.  <\/p>\n<\/div>\n<\/div>\n<\/div><\/div>\n\n\n\n<div class=\"wp-container-69ee61cba5ff9 wp-block-group alignfull has-fond-background-color has-background\"><div class=\"wp-block-group__inner-container\">\n<h2 class=\"has-text-align-center\" id=\"ergo-ego-senator-inimicus-si-ita-vultis-1\">Angeln und Baden am See in der Dordogne<\/h2>\n\n\n\n<p class=\"has-text-align-center\">Dieses <strong>Gew\u00e4sser in der Dordogne<\/strong> bietet eine <strong>Vielzahl von Aktivit\u00e4ten<\/strong> f\u00fcr Outdoor-Fans. Die ruhigen Gew\u00e4sser des Teichs eignen sich hervorragend zum <strong>Angeln<\/strong>, wo man versuchen kann, verschiedene <strong> Fischarten<\/strong> zu fangen. Um sich abzuk\u00fchlen, ist <strong>Schwimmen<\/strong> mit seinem kristallklaren Wasser eine unwiderstehliche Option. Familien werden auch den <strong> feinen Sandstrand<\/strong> zu sch\u00e4tzen wissen, perfekt, um sich zu entspannen und die Sonne zu genie\u00dfen. Ob Sie nun ein leidenschaftlicher Angler sind oder gerne baden, <strong>der \u00c9tang de Tamni\u00e8s<\/strong> ist ein wahres Paradies f\u00fcr Naturliebhaber.    <\/p>\n\n\n\n<div class=\"wp-block-columns\">\n<div class=\"wp-block-column\">\n<h3 id=\"un-havre-de-paix-pour-la-peche\">Eine Oase der Ruhe f\u00fcr Angler<\/h3>\n\n\n\n<p>F\u00fcr <strong> Angelfreunde<\/strong>, werden Sie sich \u00fcber einen Aufenthalt auf einem <strong>Campingplatz mit Angelteich in der Dordogne<\/strong> freuen. Dieser bietet verschiedene <strong>Arten von S\u00fc\u00dfwasserfischen<\/strong> wie den <strong>Karpfen, St\u00f6r, Black Bass, Hecht, Zander<\/strong>&#8230; <\/p>\n\n\n\n<p>Der<strong> Fischteich von Tamni\u00e8s ist vom 1. Mai bis zum 31. Dezember ge\u00f6ffnet<\/strong>. Die <strong> Angelkarte<\/strong> ist dort Pflicht. <\/p>\n\n\n\n<h3 id=\"les-tarifs-de-la-carte-de-peche\">Die Preise f\u00fcr die Angelkarte<\/h3>\n\n\n\n<p>Sie k\u00f6nnen Ihre <strong> Angelkarte<\/strong> im Rathaus von Tamni\u00e8s oder ab dem 1. Juli vor Ort abholen. Dort werden mehrere Tarife angeboten. <\/p>\n\n\n\n<ul><li><strong>Jahreskarte<\/strong>: 40 \u20ac und 60 \u20ac f\u00fcr ein Paar<\/li><li><strong> Wochenkarte<\/strong>: 20 \u20ac und 30 \u20ac f\u00fcr ein Paar<\/li><li><strong> Tagesticket<\/strong>: 5 \u20ac<\/li><\/ul>\n<\/div>\n\n\n\n<div class=\"wp-block-column\" style=\"flex-basis:50%\">\n<h3 id=\"baignade-dans-l-etang-de-tamnies-en-dordogne\">Baden im Teich von Tamni\u00e8s in der Dordogne<\/h3>\n\n\n\n<p>Der Campingplatz befindet sich neben <strong>dem Teich von Tamni\u00e8s<\/strong>, der seit 2011 mit dem <strong>G\u00fctesiegel blaue Flagge<\/strong> ausgezeichnet ist. Die blaue Flagge ist ein Symbol der Anerkennung f\u00fcr die Orte, die sich aktiv f\u00fcr die Erhaltung der Umwelt einsetzen, die nachhaltige Bewirtschaftung der nat\u00fcrlichen Ressourcen, die Qualit\u00e4t des Badewassers, das Umweltbewusstsein und die Sicherheit der Nutzer. Dieser kleine See mit einer Fl\u00e4che von <strong>5 Hektar<\/strong> bietet also die M\u00f6glichkeit zum<strong> zu baden<\/strong> oder sich an einem<strong> bewachten Sandstrand<\/strong> zu sonnen. <\/p>\n\n\n\n<p>Unsere Hundefreunde sind auf den Grasfl\u00e4chen an der Leine erlaubt, aber <strong>das Baden im Teich ist nicht gestattet<\/strong>.<\/p>\n\n\n\n<p>Ob im Teich oder im <a href=\"https:\/\/www.lepontdemazerat.com\/de\/swimmingpool\/\">Schwimmbad des Campingplatzes Pont de Mazerat in der Dordogne<\/a>, haben Badefreunde die Qual der Wahl: ein nat\u00fcrliches Eintauchen in die ruhigen Gew\u00e4sser des Teichs oder Momente der Erholung und des Wasserspiels im Schwimmbad des Campingplatzes.<\/p>\n\n\n\n<h3 id=\"les-tarifs-de-l-etang\">Die Geb\u00fchren f\u00fcr den Teich<\/h3>\n\n\n\n<p>Am Eingang des Teichs wird eine Geb\u00fchr von <strong>2\u00a0\u20ac<\/strong> pro Person und Tag erhoben. Diese erm\u00f6glicht einen <strong>Bademeister<\/strong> und eine qualitativ hochwertige Infrastruktur. Aber auch sie hilft der Gemeinde, den Teich zu pflegen und eine gute Verwaltung des Teichs zu haben.<\/p>\n<\/div>\n<\/div>\n<\/div><\/div>\n\n\n\n<div class=\"wp-block-columns\">\n<div class=\"wp-block-column\" style=\"flex-basis:35%\">\n<h2 id=\"les-activites-aux-alentours-de-l-etang-de-tamnies-en-dordogne\">Aktivit\u00e4ten in der Umgebung des Teichs von Tamni\u00e8s in der Dordogne<\/h2>\n\n\n\n<p>Der <strong>Etang de Tamni\u00e8s<\/strong> in der N\u00e4he von Sarlat bietet verschiedene Angebote. <strong>Aktivit\u00e4ten<\/strong> f\u00fcr <strong> Gro\u00df und Klein<\/strong> wie <strong>ping-?Pong<\/strong> oder <strong>Volleyball<\/strong>. Die Kinder werden von der H\u00fcpfburg begeistert sein, die mitten im Wasser positioniert ist. Sie k\u00f6nnen auch eine Wassersportart aus\u00fcben, um die Sch\u00f6nheit des Teiches zu genie\u00dfen. Sch\u00f6nheit des <a href=\"https:\/\/de.sarlat-tourisme.com\/ich-waehle-meine-aktivitaeten-aus\/freizeit-und-outdoor-aktivitaeten\/plan-deau-de-tamnies-tamnies-de-1942418\/\" target=\"_blank\" rel=\"noreferrer noopener\">Etang de Tamni\u00e8s<\/a>, indem Sie sich f\u00fcr einige Stunden Kajaks ausleihen. Sobald Ihre Aktivit\u00e4t beendet ist, ist der Teich angelegt, damit Sie die Sonnenstrahlen auf dem oder ein erfrischendes Getr\u00e4nk an der Bar genie\u00dfen.   <\/p>\n<\/div>\n\n\n\n<div class=\"wp-block-column\">\n<figure class=\"wp-block-image alignfull size-large\"><img loading=\"lazy\" width=\"1024\" height=\"768\" src=\"https:\/\/www.lepontdemazerat.com\/wp-content\/uploads\/2022\/12\/IMG-20221205-WA0018-1024x768.jpg\" alt=\"tamnies und Umgebung\" class=\"wp-image-651\" srcset=\"https:\/\/www.lepontdemazerat.com\/wp-content\/uploads\/2022\/12\/IMG-20221205-WA0018-1024x768.jpg 1024w, https:\/\/www.lepontdemazerat.com\/wp-content\/uploads\/2022\/12\/IMG-20221205-WA0018-300x225.jpg 300w, https:\/\/www.lepontdemazerat.com\/wp-content\/uploads\/2022\/12\/IMG-20221205-WA0018-768x576.jpg 768w, https:\/\/www.lepontdemazerat.com\/wp-content\/uploads\/2022\/12\/IMG-20221205-WA0018-1536x1152.jpg 1536w, https:\/\/www.lepontdemazerat.com\/wp-content\/uploads\/2022\/12\/IMG-20221205-WA0018.jpg 1600w\" sizes=\"(max-width: 1024px) 100vw, 1024px\" \/><\/figure>\n<\/div>\n<\/div>\n\n\n\n<div class=\"wp-block-columns alignfull has-fond-background-color has-background\">\n<div class=\"wp-block-column\">\n<figure class=\"wp-block-image alignfull size-large\"><img loading=\"lazy\" width=\"1024\" height=\"338\" src=\"https:\/\/www.lepontdemazerat.com\/wp-content\/uploads\/2023\/01\/IMG_5878-1024x338.jpeg\" alt=\"aktivit\u00e4ten etang de tamnies\" class=\"wp-image-900\" srcset=\"https:\/\/www.lepontdemazerat.com\/wp-content\/uploads\/2023\/01\/IMG_5878-1024x338.jpeg 1024w, https:\/\/www.lepontdemazerat.com\/wp-content\/uploads\/2023\/01\/IMG_5878-300x99.jpeg 300w, https:\/\/www.lepontdemazerat.com\/wp-content\/uploads\/2023\/01\/IMG_5878-768x254.jpeg 768w, https:\/\/www.lepontdemazerat.com\/wp-content\/uploads\/2023\/01\/IMG_5878-1536x507.jpeg 1536w, https:\/\/www.lepontdemazerat.com\/wp-content\/uploads\/2023\/01\/IMG_5878-2048x676.jpeg 2048w\" sizes=\"(max-width: 1024px) 100vw, 1024px\" \/><\/figure>\n<\/div>\n\n\n\n<div class=\"wp-block-column\" style=\"flex-basis:35%\">\n<h2 id=\"au-depart-du-camping\">Vom Campingplatz aus<\/h2>\n\n\n\n<p><strong>Zu Fu\u00df oder mit dem Mountainbike<\/strong><\/p>\n\n\n\n<p>Begeben Sie sich zu Fu\u00df oder mit dem Mountainbike auf die Wanderwege . Lassen Sie Ihr Auto am Campingplatz stehen.<\/p>\n\n\n\n<p>Viele Wege f\u00fchren vom Campingplatz weg. Pl\u00e4ne und alle Erkl\u00e4rungen finden Sie an der Rezeption. <\/p>\n\n\n\n<p>Die Bewohner des<strong> Dorfes Tamni\u00e8s<\/strong> helfen sich gegenseitig , das <strong>kleine Kulturerbe<\/strong> zu restaurieren. Bei einem Spaziergang k\u00f6nnen Sie die <strong> Steinh\u00fctten<\/strong> bewundern, die <strong>Brunnen und <\/strong> die restaurierten Wege. <\/p>\n<\/div>\n<\/div>\n","protected":false},"excerpt":{"rendered":"<p>Unser Campingplatz am See in der Dordogne Unser Naturcampingplatz in der Dordogne genie\u00dft eine privilegierte Lage nur 300 Meter vomEtang de Tamni\u00e8s entfernt. Dieser 5 Hektar gro\u00dfeTeich, der zu Fu\u00df erreichbar ist, bietet eine Vielzahl von Wassersportaktivit\u00e4ten, die es Ihnen erm\u00f6glicht, in aller Ruhe zu baden und das Angeln zugenie\u00dfen. Der Teich von Tamni\u00e8s Es [&hellip;]<\/p>\n","protected":false},"author":1,"featured_media":2932,"parent":0,"menu_order":0,"comment_status":"closed","ping_status":"closed","template":"","meta":[],"acf":[],"_links":{"self":[{"href":"https:\/\/www.lepontdemazerat.com\/de\/wp-json\/wp\/v2\/pages\/4055"}],"collection":[{"href":"https:\/\/www.lepontdemazerat.com\/de\/wp-json\/wp\/v2\/pages"}],"about":[{"href":"https:\/\/www.lepontdemazerat.com\/de\/wp-json\/wp\/v2\/types\/page"}],"author":[{"embeddable":true,"href":"https:\/\/www.lepontdemazerat.com\/de\/wp-json\/wp\/v2\/users\/1"}],"replies":[{"embeddable":true,"href":"https:\/\/www.lepontdemazerat.com\/de\/wp-json\/wp\/v2\/comments?post=4055"}],"version-history":[{"count":4,"href":"https:\/\/www.lepontdemazerat.com\/de\/wp-json\/wp\/v2\/pages\/4055\/revisions"}],"predecessor-version":[{"id":4059,"href":"https:\/\/www.lepontdemazerat.com\/de\/wp-json\/wp\/v2\/pages\/4055\/revisions\/4059"}],"wp:featuredmedia":[{"embeddable":true,"href":"https:\/\/www.lepontdemazerat.com\/de\/wp-json\/wp\/v2\/media\/2932"}],"wp:attachment":[{"href":"https:\/\/www.lepontdemazerat.com\/de\/wp-json\/wp\/v2\/media?parent=4055"}],"curies":[{"name":"wp","href":"https:\/\/api.w.org\/{rel}","templated":true}]}}