{"id":4298,"date":"2025-07-18T13:56:49","date_gmt":"2025-07-18T11:56:49","guid":{"rendered":"https:\/\/www.lepontdemazerat.com\/hoehlen-des-schwarzen-perigord\/"},"modified":"2026-02-05T14:07:54","modified_gmt":"2026-02-05T13:07:54","slug":"dordogne-holen","status":"publish","type":"page","link":"https:\/\/www.lepontdemazerat.com\/de\/dordogne-holen\/","title":{"rendered":"h\u00f6hlen des schwarzen perigord"},"content":{"rendered":"\n<div class=\"wp-block-cover alignfull\"><span aria-hidden=\"true\" class=\"has-background-dim-60 wp-block-cover__gradient-background has-background-dim\"><\/span><img loading=\"lazy\" width=\"1920\" height=\"1280\" class=\"wp-block-cover__image-background wp-image-4250\" alt=\"besuchbare h\u00f6hlen dordogne\" src=\"https:\/\/www.lepontdemazerat.com\/wp-content\/uploads\/2025\/07\/ADO-grottes-perigord-noir.jpg\" style=\"object-position:62% 38%\" data-object-fit=\"cover\" data-object-position=\"62% 38%\" srcset=\"https:\/\/www.lepontdemazerat.com\/wp-content\/uploads\/2025\/07\/ADO-grottes-perigord-noir.jpg 1920w, https:\/\/www.lepontdemazerat.com\/wp-content\/uploads\/2025\/07\/ADO-grottes-perigord-noir-300x200.jpg 300w, https:\/\/www.lepontdemazerat.com\/wp-content\/uploads\/2025\/07\/ADO-grottes-perigord-noir-1024x683.jpg 1024w, https:\/\/www.lepontdemazerat.com\/wp-content\/uploads\/2025\/07\/ADO-grottes-perigord-noir-768x512.jpg 768w, https:\/\/www.lepontdemazerat.com\/wp-content\/uploads\/2025\/07\/ADO-grottes-perigord-noir-1536x1024.jpg 1536w\" sizes=\"(max-width: 1920px) 100vw, 1920px\" \/><div class=\"wp-block-cover__inner-container\">\n<p class=\"has-text-align-center has-large-font-size\"><\/p>\n<\/div><\/div>\n\n\n\n<h1 class=\"has-text-align-center\" id=\"partez-a-la-decouverte-des-grottes-du-perigord-noir-depuis-le-camping\">Gehen Sie vom Campingplatz aus auf Entdeckungsreise zu den H\u00f6hlen der Dordogne<\/h1>\n\n\n\n<p class=\"has-text-align-center\">Die <strong>Dordogne im S\u00fcdwesten Frankreichs<\/strong> ist eine geschichtstr\u00e4chtige und geheimnisvolle Region, durchzogen von Kalksteint\u00e4lern, Fl\u00fcssen, H\u00f6hlen und bewohnten Klippen. In dieser von jahrhundertelanger geologischer Entwicklung ausgeh\u00f6hlten und seit der Vorgeschichte bewohnten Region treffen Kalksteint\u00e4ler, Fl\u00fcsse, H\u00f6hlen oder auch bewohnte Klippen in beeindruckender Harmonie aufeinander. Nicht weit davon entfernt, in Tamni\u00e8s, befindet sich der <a href=\"https:\/\/www.lepontdemazerat.com\/de\/\">Campingplatz Le Pont de Mazerat<\/a>. Er liegt nur wenige Kilometer von den <strong>ber\u00fchmtesten H\u00f6hlen der Dordogne<\/strong> entfernt: <strong>Lascaux IV<\/strong>, Font-de-Gaume, Combarelles&#8230; Es bietet die M\u00f6glichkeit, unvergessliche Ausfl\u00fcge voller Emotionen und Entdeckungen zu organisieren, ohne stundenlang auf der Stra\u00dfe zu verbringen.   <\/p>\n\n\n\n<div style=\"height:30px\" aria-hidden=\"true\" class=\"wp-block-spacer\"><\/div>\n\n\n\n<div class=\"wp-block-columns\">\n<div class=\"wp-block-column\">\n<h2 id=\"les-grottes-prehistoriques-incontournables-du-perigord-noir\">Die unumg\u00e4nglichen pr\u00e4historischen H\u00f6hlen in der Dordogne<\/h2>\n\n\n\n<p>Die Dordogne beherbergt eine au\u00dfergew\u00f6hnliche Dichte an verzierten H\u00f6hlen, die von einem \u00fcber 17.000 Jahre alten menschlichen Leben zeugen. Hier sind die wichtigsten Sehensw\u00fcrdigkeiten, die Sie in der N\u00e4he des Campingplatzes entdecken k\u00f6nnen. <\/p>\n\n\n\n<h3 id=\"la-grotte-de-lascaux-iv-a-montignac-14-km-20-min-en-voiture\">Die H\u00f6hle von Lascaux IV in Montignac &#8211; 14 km (~20 min mit dem Auto)<\/h3>\n\n\n\n<p><strong>Lascaux IV<\/strong> z\u00e4hlt zu den bekanntesten <strong>pr\u00e4historischen H\u00f6hlen der Dordogne<\/strong>. Es handelt sich um eine vollst\u00e4ndige Reproduktion der Originalh\u00f6hle von Lascaux, die seit 1963 f\u00fcr die \u00d6ffentlichkeit geschlossen ist, um ihre Fresken zu erhalten. Hier taucht man in einen modernen, immersiven Raum ein, in demman makellose Repliken der ber\u00fchmten schwarzen Pferde, Bisons, Hirsche und abstrakten Zeichen bewundern kann. Esist mehr alsnur eine H\u00f6hle, es ist ein multimediales Interpretationszentrum, in demman die ganze Symbolik dergro\u00dfartigen Kunst der Magdal\u00e9niens verstehen kann. In weniger alseiner halben Stunde Fahrt gelangt man von den Feldern zu einer faszinierenden visuellen und sensorischen Erfahrung.   <\/p>\n\n\n\n<h3 id=\"la-grotte-de-font-de-gaume-aux-eyzies-11-km-15-min\">Die H\u00f6hle von Font-de-Gaume in Les Eyzies &#8211; 11 km (~15 min)<\/h3>\n\n\n\n<p><strong>Font-de-Gaume ist eine der letzten authentischen verzierten Dordogne-H\u00f6hlen<\/strong>, die der \u00d6ffentlichkeit zug\u00e4nglich sind. Ihre W\u00e4nde sind mit vielfarbigen Zeichnungen bedeckt: rote, vibrierende Bisons, schwarze Pferde und Auerochsen. Ein Besuch in Font-de-Gaumebedeutet, die nat\u00fcrliche K\u00fchle der H\u00f6hle zu sp\u00fcren und die Emotionen beim Betrachten der \u00fcber 17.000 Jahre alten Kunstwerke zu erleben. Die Besuche finden unter F\u00fchrung statt und werden in kleinen Gruppen durchgef\u00fchrt, um die Atmosph\u00e4re zu bewahren.   <\/p>\n<\/div>\n\n\n\n<div class=\"wp-block-column\">\n<figure class=\"wp-block-gallery alignfull has-nested-images columns-2 is-cropped fc-diapo gal_overflow\">\n<figure class=\"wp-block-image size-large\"><img loading=\"lazy\" width=\"900\" height=\"600\" src=\"https:\/\/www.lepontdemazerat.com\/wp-content\/uploads\/2025\/07\/ADO-grotte-lascaux.jpg\" alt=\"lascaux-h\u00f6hle dordogne\" class=\"wp-image-4260\" srcset=\"https:\/\/www.lepontdemazerat.com\/wp-content\/uploads\/2025\/07\/ADO-grotte-lascaux.jpg 900w, https:\/\/www.lepontdemazerat.com\/wp-content\/uploads\/2025\/07\/ADO-grotte-lascaux-300x200.jpg 300w, https:\/\/www.lepontdemazerat.com\/wp-content\/uploads\/2025\/07\/ADO-grotte-lascaux-768x512.jpg 768w\" sizes=\"(max-width: 900px) 100vw, 900px\" \/><\/figure>\n\n\n\n<figure class=\"wp-block-image size-large\"><img loading=\"lazy\" width=\"900\" height=\"596\" src=\"https:\/\/www.lepontdemazerat.com\/wp-content\/uploads\/2025\/07\/ADO-grotte-dordogne.jpg\" alt=\"\" class=\"wp-image-4264\" srcset=\"https:\/\/www.lepontdemazerat.com\/wp-content\/uploads\/2025\/07\/ADO-grotte-dordogne.jpg 900w, https:\/\/www.lepontdemazerat.com\/wp-content\/uploads\/2025\/07\/ADO-grotte-dordogne-300x199.jpg 300w, https:\/\/www.lepontdemazerat.com\/wp-content\/uploads\/2025\/07\/ADO-grotte-dordogne-768x509.jpg 768w\" sizes=\"(max-width: 900px) 100vw, 900px\" \/><\/figure>\n\n\n\n<figure class=\"wp-block-image size-large\"><img loading=\"lazy\" width=\"900\" height=\"600\" src=\"https:\/\/www.lepontdemazerat.com\/wp-content\/uploads\/2025\/07\/ADO-peinture-grotte.jpg\" alt=\"H\u00f6hlenmalerei Perigord\" class=\"wp-image-4268\" srcset=\"https:\/\/www.lepontdemazerat.com\/wp-content\/uploads\/2025\/07\/ADO-peinture-grotte.jpg 900w, https:\/\/www.lepontdemazerat.com\/wp-content\/uploads\/2025\/07\/ADO-peinture-grotte-300x200.jpg 300w, https:\/\/www.lepontdemazerat.com\/wp-content\/uploads\/2025\/07\/ADO-peinture-grotte-768x512.jpg 768w\" sizes=\"(max-width: 900px) 100vw, 900px\" \/><\/figure>\n<\/figure>\n<\/div>\n<\/div>\n\n\n\n<div class=\"wp-container-69f0e6faec18e wp-block-group alignfull\"><div class=\"wp-block-group__inner-container\">\n<div class=\"wp-block-columns alignfull are-vertically-aligned-center reverse-mob has-fond-background-color has-background\">\n<div class=\"wp-block-column is-vertically-aligned-center\" style=\"flex-basis:45%\">\n<figure class=\"wp-block-gallery has-nested-images columns-default is-cropped gal_2\">\n<figure class=\"wp-block-image size-large\"><img loading=\"lazy\" width=\"900\" height=\"600\" src=\"https:\/\/www.lepontdemazerat.com\/wp-content\/uploads\/2025\/07\/ADO-peintures-grotte-1.jpg\" alt=\"\" class=\"wp-image-4281\" srcset=\"https:\/\/www.lepontdemazerat.com\/wp-content\/uploads\/2025\/07\/ADO-peintures-grotte-1.jpg 900w, https:\/\/www.lepontdemazerat.com\/wp-content\/uploads\/2025\/07\/ADO-peintures-grotte-1-300x200.jpg 300w, https:\/\/www.lepontdemazerat.com\/wp-content\/uploads\/2025\/07\/ADO-peintures-grotte-1-768x512.jpg 768w\" sizes=\"(max-width: 900px) 100vw, 900px\" \/><\/figure>\n\n\n\n<figure class=\"wp-block-image size-large\"><img loading=\"lazy\" width=\"900\" height=\"596\" src=\"https:\/\/www.lepontdemazerat.com\/wp-content\/uploads\/2025\/07\/ADO-grottes-dordogne.jpg\" alt=\"\" class=\"wp-image-4285\" srcset=\"https:\/\/www.lepontdemazerat.com\/wp-content\/uploads\/2025\/07\/ADO-grottes-dordogne.jpg 900w, https:\/\/www.lepontdemazerat.com\/wp-content\/uploads\/2025\/07\/ADO-grottes-dordogne-300x199.jpg 300w, https:\/\/www.lepontdemazerat.com\/wp-content\/uploads\/2025\/07\/ADO-grottes-dordogne-768x509.jpg 768w\" sizes=\"(max-width: 900px) 100vw, 900px\" \/><\/figure>\n<\/figure>\n<\/div>\n\n\n\n<div class=\"wp-block-column is-vertically-aligned-center\">\n<h3 id=\"la-grotte-des-combarelles-a-les-eyzies-13-km-16-min\">Die Combarelles-H\u00f6hle in Les Eyzies &#8211; 13 km (~16 min)<\/h3>\n\n\n\n<p>Die <strong>Grotte des Combarelles ist auch reich an Gravuren: \u00dcber 600 Tierfiguren wurden von unseren Vorfahren in die H\u00f6hle<\/strong> geritzt. Der Eingang ist steiler, der Boden rutschiger, was zur Authentizit\u00e4t beitr\u00e4gt. Es gibt kein nat\u00fcrliches Licht; nur mit tragbaren Lampen k\u00f6nnen Sie die Bisons, Pferde, Mammuts und fantastischen Figuren entdecken. Eine faszinierende <strong>Dordogne-H\u00f6hle<\/strong> f\u00fcr eine intensive Zeitreise<\/p>\n\n\n\n<h3 id=\"la-grotte-de-rouffignac-24-km-30-min\">Die H\u00f6hle von Rouffignac &#8211; 24 km (~30 min)<\/h3>\n\n\n\n<p>Etwas weiter entfernt, aber leicht zu erreichen, ist die Grotte, die auch als <strong>&#8220;Grotte der hundert Mammuts&#8221;<\/strong> bezeichnet wird. Man kann sie mit einem kleinen elektrischen Zug durchqueren. Sie bietet allen die M\u00f6glichkeit, in einer ged\u00e4mpften Atmosph\u00e4re Felsgravuren und Malereien von pr\u00e4historischen Tieren zu entdecken.  <\/p>\n<\/div>\n<\/div>\n<\/div><\/div>\n\n\n\n<h2 id=\"les-grottes-naturelles\">Nat\u00fcrliche H\u00f6hlen in der Dordogne<\/h2>\n\n\n\n<p>Neben den verzierten H\u00f6hlen ist <strong>die Dordogne auch reich an nat\u00fcrlich entstandenen unterirdischen St\u00e4tten<\/strong>. Hier sind zwei spektakul\u00e4re Orte, die es zu erkunden gilt.<\/p>\n\n\n\n<div class=\"wp-block-columns\">\n<div class=\"wp-block-column\">\n<h3 id=\"gouffre-de-proumeyssac-a-audrix-27-km-35-min\">Gouffre de Proumeyssac in Audrix &#8211; 27 km (~35 min)<\/h3>\n\n\n\n<p>Der Gouffre de Proumeyssac, der auch als <strong>&#8220;Kristallkathedrale&#8221;<\/strong> bezeichnet wird, ist eine spektakul\u00e4re nat\u00fcrliche H\u00f6hle, die reich an Stalaktiten, Stalagmiten und Kalzits\u00e4ulen ist. Die Besichtigung erfolgt mit einem F\u00fchrer durch beleuchtete G\u00e4nge, die eine Mineralwelt in ihren sch\u00f6nsten Effekten offenbaren. Am Ende des Rundgangs befindet sich ein gro\u00dfer Saal, der mit einer k\u00fcnstlerischen Beleuchtung ausgestattet ist und die Erhabenheit der Orte noch verst\u00e4rkt. Die N\u00e4he (30 Autominuten) erm\u00f6glicht einen Ausflug, der sich leicht mit dem Besuch einer H\u00f6hle kombinieren l\u00e4sst.   <\/p>\n<\/div>\n\n\n\n<div class=\"wp-block-column\">\n<h3 id=\"grotte-du-grand-roc-a-les-eyzies-17-km-20-min\">Grotte du Grand Roc in Les Eyzies &#8211; 17 km (~20 min)<\/h3>\n\n\n\n<p>Diese nat\u00fcrliche H\u00f6hle, die sich im Dorf Les Eyzies befindet, ist ber\u00fchmt f\u00fcr ihre schuppenartigen Konkretionen, Draperien und spektakul\u00e4ren Formationen. Sie ist vom Dorfzentrum aus in wenigen Schritten erreichbar und bietet einen sch\u00f6nen Spaziergang durch die beeindruckenden Galerien. Die Besichtigung ist schnell (1 km hin und zur\u00fcck), aber intensiv: Stalagmiten, S\u00e4ulen, Kalzitdrapierungen. Sie ist leicht zug\u00e4nglich und rundet die Entdeckung der <strong>Dordogne-H\u00f6hlen<\/strong> perfekt ab.   <\/p>\n<\/div>\n<\/div>\n\n\n\n<div class=\"wp-block-columns\">\n<div class=\"wp-block-column\">\n<h2 id=\"les-avantages-de-sejourner-au-camping-le-pont-de-mazerat\">Vorteile eines Aufenthalts auf dem Campingplatz Le Pont de Mazerat<\/h2>\n\n\n\n<p>Nach einem Tag, an dem Sie die unterirdischen Sch\u00e4tze der <strong>Dordogne<\/strong> erkundet haben, bietet Ihnen der Campingplatz Le Pont de Mazerat eine erholsame Umgebung, die f\u00fcr die ganze Familie geeignet ist.<\/p>\n\n\n\n<p>Der Campingplatz liegt in Tamni\u00e8s, weniger als 15 Fahrminuten von den wichtigsten historischen St\u00e4tten entfernt, in einer gr\u00fcnen Umgebung am Flussufer. Sie m\u00fcssen keine langen Wege zur\u00fccklegen; ein echter Pluspunkt nach einem Vormittag voller Besichtigungen. <\/p>\n\n\n\n<p><a href=\"https:\/\/www.lepontdemazerat.com\/de\/vermietungen\/mobilheim-aquitaine\/\">Mobilheime<\/a>, <a href=\"https:\/\/www.lepontdemazerat.com\/de\/vermietungen\/chalets\/\"> Holzchalets<\/a> oder <a href=\"https:\/\/www.lepontdemazerat.com\/de\/stellplatz-dordogne-aquitaine\/\">schattigeStellpl\u00e4tze<\/a>&#8211; hier finden Sie alles, was Sie f\u00fcr einen komfortablen Aufenthalt brauchen. Die Unterk\u00fcnfte sind modern und besonders gut ausgestattet; so k\u00f6nnen Sie sich nach zahlreichen unterirdischen Erkundungen bequem entspannen. <\/p>\n\n\n\n<p>Der Campingplatz verf\u00fcgt \u00fcber ein <a href=\"https:\/\/www.lepontdemazerat.com\/de\/stellplatz-dordogne-aquitaine\/\">beheiztes Schwimmbad, das in der Sommersaison unerl\u00e4sslich<\/a> ist, einen Spielplatz, eine Snackbar und gesellige Ferienabende. Es ist der ideale Ort, um an den Ufern der V\u00e9z\u00e8re die Batterien aufzuladen. <\/p>\n\n\n\n<p>Das Team des Campingplatzes kennt die <strong>H\u00f6hlen der Dordogne<\/strong> und die Wetterbedingungen gut. Es wird Sie beraten, um die besten Zeitfenster f\u00fcr Besichtigungen vorauszusehen (Font-de-Gaume und Combarelles reagieren empfindlich auf Besucherspitzen) und um Ihre Routen anzupassen. <\/p>\n\n\n\n<div class=\"wp-container-69f0e6faec615 wp-block-buttons\">\n<div class=\"wp-block-button btn_galerie\"><a class=\"wp-block-button__link\" href=\"https:\/\/www.lepontdemazerat.com\/de\/vermietungen\/mobilheim-aquitaine\/\">Entdecken Sie die Mobilheime<\/a><\/div>\n\n\n\n<div class=\"wp-block-button btn_resa\"><a class=\"wp-block-button__link\">Buchen Sie Ihren Urlaub<\/a><\/div>\n<\/div>\n<\/div>\n\n\n\n<div class=\"wp-block-column\">\n<figure class=\"wp-block-gallery alignfull has-nested-images columns-2 is-cropped fc-diapo gal_overflow\">\n<figure class=\"wp-block-image size-full\"><img loading=\"lazy\" width=\"1024\" height=\"681\" src=\"https:\/\/www.lepontdemazerat.com\/wp-content\/uploads\/2023\/01\/00000288786.webp\" alt=\"mobilheim mit terrasse perigord noir\" class=\"wp-image-1267\" srcset=\"https:\/\/www.lepontdemazerat.com\/wp-content\/uploads\/2023\/01\/00000288786.webp 1024w, https:\/\/www.lepontdemazerat.com\/wp-content\/uploads\/2023\/01\/00000288786-300x200.webp 300w, https:\/\/www.lepontdemazerat.com\/wp-content\/uploads\/2023\/01\/00000288786-768x511.webp 768w\" sizes=\"(max-width: 1024px) 100vw, 1024px\" \/><\/figure>\n\n\n\n<figure class=\"wp-block-image size-large\"><img loading=\"lazy\" width=\"1024\" height=\"768\" src=\"https:\/\/www.lepontdemazerat.com\/wp-content\/uploads\/2023\/01\/00000291710-1024x768.webp\" alt=\"standort mobil home perigord noir\" class=\"wp-image-1273\" srcset=\"https:\/\/www.lepontdemazerat.com\/wp-content\/uploads\/2023\/01\/00000291710-1024x768.webp 1024w, https:\/\/www.lepontdemazerat.com\/wp-content\/uploads\/2023\/01\/00000291710-300x225.webp 300w, https:\/\/www.lepontdemazerat.com\/wp-content\/uploads\/2023\/01\/00000291710-768x576.webp 768w, https:\/\/www.lepontdemazerat.com\/wp-content\/uploads\/2023\/01\/00000291710.webp 1176w\" sizes=\"(max-width: 1024px) 100vw, 1024px\" \/><\/figure>\n\n\n\n<figure class=\"wp-block-image size-full\"><img loading=\"lazy\" width=\"800\" height=\"533\" src=\"https:\/\/www.lepontdemazerat.com\/wp-content\/uploads\/2023\/01\/00000147452.webp\" alt=\"mobilheim perigord noir\" class=\"wp-image-1269\" srcset=\"https:\/\/www.lepontdemazerat.com\/wp-content\/uploads\/2023\/01\/00000147452.webp 800w, https:\/\/www.lepontdemazerat.com\/wp-content\/uploads\/2023\/01\/00000147452-300x200.webp 300w, https:\/\/www.lepontdemazerat.com\/wp-content\/uploads\/2023\/01\/00000147452-768x512.webp 768w\" sizes=\"(max-width: 800px) 100vw, 800px\" \/><\/figure>\n\n\n\n<figure class=\"wp-block-image size-full\"><img loading=\"lazy\" width=\"650\" height=\"488\" src=\"https:\/\/www.lepontdemazerat.com\/wp-content\/uploads\/2024\/01\/tente-lodge-dordogne-exterieur.jpg\" alt=\"ausgestattetes zelt perigord noir\" class=\"wp-image-3255\" srcset=\"https:\/\/www.lepontdemazerat.com\/wp-content\/uploads\/2024\/01\/tente-lodge-dordogne-exterieur.jpg 650w, https:\/\/www.lepontdemazerat.com\/wp-content\/uploads\/2024\/01\/tente-lodge-dordogne-exterieur-300x225.jpg 300w\" sizes=\"(max-width: 650px) 100vw, 650px\" \/><\/figure>\n<\/figure>\n<\/div>\n<\/div>\n","protected":false},"excerpt":{"rendered":"<p>Gehen Sie vom Campingplatz aus auf Entdeckungsreise zu den H\u00f6hlen der Dordogne Die Dordogne im S\u00fcdwesten Frankreichs ist eine geschichtstr\u00e4chtige und geheimnisvolle Region, durchzogen von Kalksteint\u00e4lern, Fl\u00fcssen, H\u00f6hlen und bewohnten Klippen. In dieser von jahrhundertelanger geologischer Entwicklung ausgeh\u00f6hlten und seit der Vorgeschichte bewohnten Region treffen Kalksteint\u00e4ler, Fl\u00fcsse, H\u00f6hlen oder auch bewohnte Klippen in beeindruckender Harmonie [&hellip;]<\/p>\n","protected":false},"author":1,"featured_media":0,"parent":0,"menu_order":0,"comment_status":"closed","ping_status":"closed","template":"","meta":[],"acf":[],"_links":{"self":[{"href":"https:\/\/www.lepontdemazerat.com\/de\/wp-json\/wp\/v2\/pages\/4298"}],"collection":[{"href":"https:\/\/www.lepontdemazerat.com\/de\/wp-json\/wp\/v2\/pages"}],"about":[{"href":"https:\/\/www.lepontdemazerat.com\/de\/wp-json\/wp\/v2\/types\/page"}],"author":[{"embeddable":true,"href":"https:\/\/www.lepontdemazerat.com\/de\/wp-json\/wp\/v2\/users\/1"}],"replies":[{"embeddable":true,"href":"https:\/\/www.lepontdemazerat.com\/de\/wp-json\/wp\/v2\/comments?post=4298"}],"version-history":[{"count":6,"href":"https:\/\/www.lepontdemazerat.com\/de\/wp-json\/wp\/v2\/pages\/4298\/revisions"}],"predecessor-version":[{"id":4892,"href":"https:\/\/www.lepontdemazerat.com\/de\/wp-json\/wp\/v2\/pages\/4298\/revisions\/4892"}],"wp:attachment":[{"href":"https:\/\/www.lepontdemazerat.com\/de\/wp-json\/wp\/v2\/media?parent=4298"}],"curies":[{"name":"wp","href":"https:\/\/api.w.org\/{rel}","templated":true}]}}