{"id":4304,"date":"2025-07-18T15:08:57","date_gmt":"2025-07-18T13:08:57","guid":{"rendered":"https:\/\/www.lepontdemazerat.com\/?page_id=4304"},"modified":"2025-07-18T15:08:59","modified_gmt":"2025-07-18T13:08:59","slug":"kanutour-dordogne","status":"publish","type":"page","link":"https:\/\/www.lepontdemazerat.com\/de\/kanutour-dordogne\/","title":{"rendered":"kanutour dordogne"},"content":{"rendered":"\n<div class=\"wp-block-cover alignfull\"><span aria-hidden=\"true\" class=\"has-background-dim-20 wp-block-cover__gradient-background has-background-dim\"><\/span><img loading=\"lazy\" width=\"1920\" height=\"1275\" class=\"wp-block-cover__image-background wp-image-3807\" alt=\"kanu dordogne\" src=\"https:\/\/www.lepontdemazerat.com\/wp-content\/uploads\/2024\/10\/ADO-banniere-canoe-sommieres.jpg\" style=\"object-position:60% 33%\" data-object-fit=\"cover\" data-object-position=\"60% 33%\" srcset=\"https:\/\/www.lepontdemazerat.com\/wp-content\/uploads\/2024\/10\/ADO-banniere-canoe-sommieres.jpg 1920w, https:\/\/www.lepontdemazerat.com\/wp-content\/uploads\/2024\/10\/ADO-banniere-canoe-sommieres-300x199.jpg 300w, https:\/\/www.lepontdemazerat.com\/wp-content\/uploads\/2024\/10\/ADO-banniere-canoe-sommieres-1024x680.jpg 1024w, https:\/\/www.lepontdemazerat.com\/wp-content\/uploads\/2024\/10\/ADO-banniere-canoe-sommieres-768x510.jpg 768w, https:\/\/www.lepontdemazerat.com\/wp-content\/uploads\/2024\/10\/ADO-banniere-canoe-sommieres-1536x1020.jpg 1536w\" sizes=\"(max-width: 1920px) 100vw, 1920px\" \/><div class=\"wp-block-cover__inner-container\">\n<p class=\"has-text-align-center has-large-font-size\"><\/p>\n<\/div><\/div>\n\n\n\n<h1 class=\"has-text-align-center\" id=\"kanutour-dordogne-natur-abenteuer-ab-dem-campingplatz-le-pont-de-mazerat\">Kanutour Dordogne \u2013 Natur &amp; Abenteuer ab dem Campingplatz Le Pont de Mazerat<\/h1>\n\n\n\n<p class=\"has-text-align-center\">Eine <strong>Kanutour in der Dordogne<\/strong> geh\u00f6rt zu den sch\u00f6nsten Naturerlebnissen S\u00fcdwestfrankreichs. Ob als Familie, Paar oder Abenteurer \u2013 wer <strong>in der Dordogne Kanu fahren<\/strong> m\u00f6chte, findet hier ideale Bedingungen. Zwischen gr\u00fcnen Ufern, Burgen und H\u00f6hlen ist die Dordogne eine perfekte Mischung aus Erholung, Kulturerbe und k\u00f6rperlicher Aktivit\u00e4t..<\/p>\n\n\n\n<p class=\"has-text-align-center\">Der <strong>Campingplatz Le Pont de Mazerat in Tamni\u00e8s<\/strong> liegt ideal, um die beiden bekanntesten Fl\u00fcsse der Region zu entdecken: die <strong>V\u00e9z\u00e8re<\/strong> und die <strong>Dordogne<\/strong>. Beide bieten tolle M\u00f6glichkeiten f\u00fcr Halbtages- oder Tagestouren im <strong>Kanu oder Kajak<\/strong>.<\/p>\n\n\n\n<div style=\"height:30px\" aria-hidden=\"true\" class=\"wp-block-spacer\"><\/div>\n\n\n\n<div class=\"wp-block-columns\">\n<div class=\"wp-block-column\">\n<h2 id=\"wo-kann-man-in-der-dordogne-kanu-fahren\">Wo kann man in der Dordogne Kanu fahren?<\/h2>\n\n\n\n<p>In der Umgebung des Campingplatzes bieten sich zwei tolle Optionen f\u00fcr eine <strong>Kanutour Dordogne<\/strong>:<\/p>\n\n\n\n<ul><li>auf der <strong>V\u00e9z\u00e8re<\/strong>, etwa 20 Minuten mit dem Auto entfernt<\/li><li>oder auf der <strong>Dordogne<\/strong>, ca. 30 Minuten s\u00fcdlich<\/li><\/ul>\n\n\n\n<p>Beide Fl\u00fcsse haben ihren ganz eigenen Charme \u2013 landschaftlich wie kulturell \u2013 und sind bei Anf\u00e4ngern wie Fortgeschrittenen sehr beliebt.<\/p>\n<\/div>\n\n\n\n<div class=\"wp-block-column\">\n<figure class=\"wp-block-gallery alignfull has-nested-images columns-2 is-cropped fc-diapo gal_overflow\">\n<figure class=\"wp-block-image size-large\"><img loading=\"lazy\" width=\"900\" height=\"600\" src=\"https:\/\/www.lepontdemazerat.com\/wp-content\/uploads\/2024\/10\/ADO-canoe-sommieres-1.jpg\" alt=\"kanutour dordogne\" class=\"wp-image-3799\" srcset=\"https:\/\/www.lepontdemazerat.com\/wp-content\/uploads\/2024\/10\/ADO-canoe-sommieres-1.jpg 900w, https:\/\/www.lepontdemazerat.com\/wp-content\/uploads\/2024\/10\/ADO-canoe-sommieres-1-300x200.jpg 300w, https:\/\/www.lepontdemazerat.com\/wp-content\/uploads\/2024\/10\/ADO-canoe-sommieres-1-768x512.jpg 768w\" sizes=\"(max-width: 900px) 100vw, 900px\" \/><\/figure>\n\n\n\n<figure class=\"wp-block-image size-large\"><img loading=\"lazy\" width=\"900\" height=\"600\" src=\"https:\/\/www.lepontdemazerat.com\/wp-content\/uploads\/2024\/10\/ADO-location-canoe-sommieres.jpg\" alt=\"kanu dordogne\" class=\"wp-image-3786\" srcset=\"https:\/\/www.lepontdemazerat.com\/wp-content\/uploads\/2024\/10\/ADO-location-canoe-sommieres.jpg 900w, https:\/\/www.lepontdemazerat.com\/wp-content\/uploads\/2024\/10\/ADO-location-canoe-sommieres-300x200.jpg 300w, https:\/\/www.lepontdemazerat.com\/wp-content\/uploads\/2024\/10\/ADO-location-canoe-sommieres-768x512.jpg 768w\" sizes=\"(max-width: 900px) 100vw, 900px\" \/><\/figure>\n\n\n\n<figure class=\"wp-block-image size-large\"><img loading=\"lazy\" width=\"900\" height=\"598\" src=\"https:\/\/www.lepontdemazerat.com\/wp-content\/uploads\/2024\/10\/ADO-canoe-kayak-sommieres-1.jpg\" alt=\"kajak dordogne\" class=\"wp-image-3791\" srcset=\"https:\/\/www.lepontdemazerat.com\/wp-content\/uploads\/2024\/10\/ADO-canoe-kayak-sommieres-1.jpg 900w, https:\/\/www.lepontdemazerat.com\/wp-content\/uploads\/2024\/10\/ADO-canoe-kayak-sommieres-1-300x199.jpg 300w, https:\/\/www.lepontdemazerat.com\/wp-content\/uploads\/2024\/10\/ADO-canoe-kayak-sommieres-1-768x510.jpg 768w\" sizes=\"(max-width: 900px) 100vw, 900px\" \/><\/figure>\n<\/figure>\n<\/div>\n<\/div>\n\n\n\n<div class=\"wp-block-columns\">\n<div class=\"wp-block-column\">\n<h3 id=\"kanutour-auf-der-vezere-ruhig-grun-authentisch\">Kanutour auf der V\u00e9z\u00e8re \u2013 ruhig, gr\u00fcn, authentisch<\/h3>\n\n\n\n<p>Die <strong>V\u00e9z\u00e8re<\/strong> ist ein ruhiger, wenig befahrener Fluss, ideal f\u00fcr <strong>entspanntes Kanufahren<\/strong> inmitten der Natur. W\u00e4lder, Felsen und charmante D\u00f6rfer s\u00e4umen den Weg \u2013 und wer genau hinsieht, entdeckt sogar Eisv\u00f6gel, Reiher und Libellen.<\/p>\n\n\n\n<p>Entlang der Strecke liegen viele <a href=\"https:\/\/www.lepontdemazerat.com\/de\/dordogne-holen\/\">pr\u00e4historische H\u00f6hlen<\/a>, darunter Lascaux oder La Roque Saint-Christophe \u2013 wahre Sch\u00e4tze der Region.<\/p>\n\n\n\n<ul><li><strong>Tipp: APA Cano\u00eb V\u00e9z\u00e8re in Saint-L\u00e9on-sur-V\u00e9z\u00e8re<\/strong><br>Nur 20 Autominuten vom Campingplatz entfernt bietet APA verschiedene Strecken, R\u00fccktransporte und familienfreundlichen Service \u2013 perfekt f\u00fcr Ihre erste <strong>Kanutour Dordogne<\/strong>.<\/li><\/ul>\n<\/div>\n\n\n\n<div class=\"wp-block-column\">\n<h3 id=\"kanutour-auf-der-dordogne-burgen-sonne-und-weite-perspektiven\">Kanutour auf der Dordogne \u2013 Burgen, Sonne und weite Perspektiven<\/h3>\n\n\n\n<p>Die <strong>Dordogne<\/strong> ist breiter, sonnenverw\u00f6hnt und bietet einmalige Ausblicke auf ber\u00fchmte Burgen wie Beynac oder Castelnaud. Eine <strong>Kanutour auf der Dordogne<\/strong> ist wie ein Gem\u00e4lde aus goldfarbenen Steinh\u00e4usern, Weinh\u00e4ngen und stillen Kieselstr\u00e4nden.<\/p>\n\n\n\n<p>Hier ist <strong>Kanuwandern in der Dordogne<\/strong> ein echtes Erlebnis \u2013 ruhig, aber beeindruckend. Ideal f\u00fcr alle, die Kultur und Natur verbinden wollen.<\/p>\n\n\n\n<ul><li><strong>Tipp: Bootsverleihe in Vitrac, C\u00e9nac, Beynac<\/strong><br>Etwa 30 Minuten vom Campingplatz entfernt finden Sie viele Anbieter mit flexiblen Streckenl\u00e4ngen, Transferservice und hochwertigem Material.<\/li><\/ul>\n<\/div>\n<\/div>\n\n\n\n<div class=\"wp-container-69f0e5bf1f4e7 wp-block-group alignfull\"><div class=\"wp-block-group__inner-container\">\n<div class=\"wp-block-columns alignfull are-vertically-aligned-center reverse-mob has-fond-background-color has-background\">\n<div class=\"wp-block-column is-vertically-aligned-center\" style=\"flex-basis:45%\">\n<figure class=\"wp-block-gallery has-nested-images columns-default is-cropped gal_2\">\n<figure class=\"wp-block-image size-large\"><img loading=\"lazy\" width=\"1920\" height=\"1275\" src=\"https:\/\/www.lepontdemazerat.com\/wp-content\/uploads\/2024\/10\/ADO-banniere-canoe-sommieres.jpg\" alt=\"\" class=\"wp-image-3807\" srcset=\"https:\/\/www.lepontdemazerat.com\/wp-content\/uploads\/2024\/10\/ADO-banniere-canoe-sommieres.jpg 1920w, https:\/\/www.lepontdemazerat.com\/wp-content\/uploads\/2024\/10\/ADO-banniere-canoe-sommieres-300x199.jpg 300w, https:\/\/www.lepontdemazerat.com\/wp-content\/uploads\/2024\/10\/ADO-banniere-canoe-sommieres-1024x680.jpg 1024w, https:\/\/www.lepontdemazerat.com\/wp-content\/uploads\/2024\/10\/ADO-banniere-canoe-sommieres-768x510.jpg 768w, https:\/\/www.lepontdemazerat.com\/wp-content\/uploads\/2024\/10\/ADO-banniere-canoe-sommieres-1536x1020.jpg 1536w\" sizes=\"(max-width: 1920px) 100vw, 1920px\" \/><\/figure>\n\n\n\n<figure class=\"wp-block-image size-large\"><img loading=\"lazy\" width=\"1920\" height=\"1080\" src=\"https:\/\/www.lepontdemazerat.com\/wp-content\/uploads\/2024\/03\/pont-de-mazerat-2023-piscine-1-1.jpg\" alt=\"\" class=\"wp-image-3390\" srcset=\"https:\/\/www.lepontdemazerat.com\/wp-content\/uploads\/2024\/03\/pont-de-mazerat-2023-piscine-1-1.jpg 1920w, https:\/\/www.lepontdemazerat.com\/wp-content\/uploads\/2024\/03\/pont-de-mazerat-2023-piscine-1-1-300x169.jpg 300w, https:\/\/www.lepontdemazerat.com\/wp-content\/uploads\/2024\/03\/pont-de-mazerat-2023-piscine-1-1-1024x576.jpg 1024w, https:\/\/www.lepontdemazerat.com\/wp-content\/uploads\/2024\/03\/pont-de-mazerat-2023-piscine-1-1-768x432.jpg 768w, https:\/\/www.lepontdemazerat.com\/wp-content\/uploads\/2024\/03\/pont-de-mazerat-2023-piscine-1-1-1536x864.jpg 1536w\" sizes=\"(max-width: 1920px) 100vw, 1920px\" \/><\/figure>\n<\/figure>\n<\/div>\n\n\n\n<div class=\"wp-block-column is-vertically-aligned-center\">\n<h2 id=\"la-grotte-des-combarelles-a-les-eyzies-13-km-16-min\">Praktische Tipps f\u00fcr Ihre Kanutour<\/h2>\n\n\n\n<p>Damit Ihre <strong>Kanutour Dordogne<\/strong> zum Erfolg wird, beachten Sie folgende Tipps:<\/p>\n\n\n\n<ul><li>Wasserschuhe oder Sandalen mit festem Halt<\/li><li>Sonnenschutz: Sonnencreme, Hut, Sonnenbrille mit Band<\/li><li>Ausreichend Wasser und Snacks<\/li><li>Wechselkleidung &amp; schnelltrocknende Outfits<\/li><li>Trockentasche f\u00fcr Handy, Kamera &amp; Co.<\/li><li>Schwimmwesten f\u00fcr Kinder bei allen Verleihern verf\u00fcgbar<\/li><li>Fr\u00fchzeitige Reservierung in der Hochsaison empfohlen<\/li><\/ul>\n\n\n\n<p>Und nach einer ausgedehnten Kanutour gibt es nichts Sch\u00f6neres, als in den beheizten Pool des Campingplatzes zu springen oder sich entspannt in Ihrem <a href=\"https:\/\/www.lepontdemazerat.com\/de\/vermietungen\/mobilheim-aquitaine\/\">Mobilheim <\/a>oder auf Ihrem schattigen <a href=\"https:\/\/www.lepontdemazerat.com\/de\/stellplatz-dordogne-aquitaine\/\">Stellplatz zur\u00fcckzulehnen<\/a>.<\/p>\n<\/div>\n<\/div>\n<\/div><\/div>\n","protected":false},"excerpt":{"rendered":"<p>Kanutour Dordogne \u2013 Natur &amp; Abenteuer ab dem Campingplatz Le Pont de Mazerat Eine Kanutour in der Dordogne geh\u00f6rt zu den sch\u00f6nsten Naturerlebnissen S\u00fcdwestfrankreichs. Ob als Familie, Paar oder Abenteurer \u2013 wer in der Dordogne Kanu fahren m\u00f6chte, findet hier ideale Bedingungen. Zwischen gr\u00fcnen Ufern, Burgen und H\u00f6hlen ist die Dordogne eine perfekte Mischung aus [&hellip;]<\/p>\n","protected":false},"author":1,"featured_media":0,"parent":0,"menu_order":0,"comment_status":"closed","ping_status":"closed","template":"","meta":[],"acf":[],"_links":{"self":[{"href":"https:\/\/www.lepontdemazerat.com\/de\/wp-json\/wp\/v2\/pages\/4304"}],"collection":[{"href":"https:\/\/www.lepontdemazerat.com\/de\/wp-json\/wp\/v2\/pages"}],"about":[{"href":"https:\/\/www.lepontdemazerat.com\/de\/wp-json\/wp\/v2\/types\/page"}],"author":[{"embeddable":true,"href":"https:\/\/www.lepontdemazerat.com\/de\/wp-json\/wp\/v2\/users\/1"}],"replies":[{"embeddable":true,"href":"https:\/\/www.lepontdemazerat.com\/de\/wp-json\/wp\/v2\/comments?post=4304"}],"version-history":[{"count":6,"href":"https:\/\/www.lepontdemazerat.com\/de\/wp-json\/wp\/v2\/pages\/4304\/revisions"}],"predecessor-version":[{"id":4314,"href":"https:\/\/www.lepontdemazerat.com\/de\/wp-json\/wp\/v2\/pages\/4304\/revisions\/4314"}],"wp:attachment":[{"href":"https:\/\/www.lepontdemazerat.com\/de\/wp-json\/wp\/v2\/media?parent=4304"}],"curies":[{"name":"wp","href":"https:\/\/api.w.org\/{rel}","templated":true}]}}