{"id":4346,"date":"2025-07-23T15:30:18","date_gmt":"2025-07-23T13:30:18","guid":{"rendered":"https:\/\/www.lepontdemazerat.com\/schloesser-perigord-noir\/"},"modified":"2026-02-05T11:59:43","modified_gmt":"2026-02-05T10:59:43","slug":"dordogne-schlosser","status":"publish","type":"page","link":"https:\/\/www.lepontdemazerat.com\/de\/dordogne-schlosser\/","title":{"rendered":"schl\u00f6sser perigord noir"},"content":{"rendered":"\n<div class=\"wp-block-cover alignfull\"><span aria-hidden=\"true\" class=\"has-background-dim-60 wp-block-cover__gradient-background has-background-dim\"><\/span><img loading=\"lazy\" width=\"1920\" height=\"1227\" class=\"wp-block-cover__image-background wp-image-4158\" alt=\"Schl\u00f6sser in der Dordogne\" src=\"https:\/\/www.lepontdemazerat.com\/wp-content\/uploads\/2025\/04\/ADO-chateau-perigord-noir.jpg\" style=\"object-position:57% 24%\" data-object-fit=\"cover\" data-object-position=\"57% 24%\" srcset=\"https:\/\/www.lepontdemazerat.com\/wp-content\/uploads\/2025\/04\/ADO-chateau-perigord-noir.jpg 1920w, https:\/\/www.lepontdemazerat.com\/wp-content\/uploads\/2025\/04\/ADO-chateau-perigord-noir-300x192.jpg 300w, https:\/\/www.lepontdemazerat.com\/wp-content\/uploads\/2025\/04\/ADO-chateau-perigord-noir-1024x654.jpg 1024w, https:\/\/www.lepontdemazerat.com\/wp-content\/uploads\/2025\/04\/ADO-chateau-perigord-noir-768x491.jpg 768w, https:\/\/www.lepontdemazerat.com\/wp-content\/uploads\/2025\/04\/ADO-chateau-perigord-noir-1536x982.jpg 1536w\" sizes=\"(max-width: 1920px) 100vw, 1920px\" \/><div class=\"wp-block-cover__inner-container\">\n<p class=\"has-text-align-center has-large-font-size\"><\/p>\n<\/div><\/div>\n\n\n\n<h1 class=\"has-text-align-center\" id=\"les-plus-beaux-chateaux-du-perigord-noir-a-proximite-du-camping\">Die sch\u00f6nsten Schl\u00f6sser der Dordogne in der N\u00e4he des Campingplatzes<\/h1>\n\n\n\n<p class=\"has-text-align-center\">Die Dordogne ist eine Region der tausend Schl\u00f6sser und Burgen und weist<strong> im P\u00e9rigord Noir die h\u00f6chste Konzentration an Festungen<\/strong> auf. Hier finden Sie eine au\u00dfergew\u00f6hnliche Natur und Geb\u00e4ude mit einem unvergleichlichen historischen und architektonischen Reichtum. Der <a href=\"https:\/\/www.lepontdemazerat.com\/de\/\">Campingplatz Le Pont de Mazerat<\/a>  liegt  im sogenannten Goldenen Dreieck  im P\u00e9rigord Noir und bietet einen idealen Standort, um diese Juwelen unseres Kulturerbes zu erkunden.  <\/p>\n\n\n\n<div style=\"height:29px\" aria-hidden=\"true\" class=\"wp-block-spacer\"><\/div>\n\n\n\n<div class=\"wp-block-columns\">\n<div class=\"wp-block-column\" style=\"flex-basis:50%\">\n<h2 id=\"notre-selection-de-chateaux-a-visiter-dans-le-perigord-noir\">Unsere Auswahl an Schl\u00f6ssern, die Sie in der Dordogne besuchen k\u00f6nnen<\/h2>\n\n\n\n<p>In den zahlreichen Festungen der Region sind alle Epochen vertreten, und es gibt f\u00fcr jeden Geschmack etwas zu besichtigen. Hier sind <strong>einige der sch\u00f6nsten Schl\u00f6sser der Dordogne<\/strong>, die Sie in unmittelbarer N\u00e4he unseres Campingplatzes besichtigen k\u00f6nnen. <\/p>\n\n\n\n<h3 id=\"chateau-de-commarque-a-8-km-du-camping-12-minutes-en-voiture\">Schloss von Commarque: 8 km vom Campingplatz entfernt, 12 Minuten mit dem Auto<\/h3>\n\n\n\n<p>Das <strong>Schloss Commarque<\/strong>, das in der N\u00e4he unseres Campingplatzes auf einem Felsvorsprung steht, ist schon von weitem zu erkennen. Es ist ein imposantes Bauwerk, das hoch ist und sich \u00fcber einen sehr gro\u00dfen Bereich erstreckt. Die Urspr\u00fcnge der Festung gehen auf das 12. Jahrhundert zur\u00fcck und ihre Restaurierung begann in den 1960er Jahren, mit einem beeindruckenden Ergebnis.  <\/p>\n\n\n\n<p>Zu der mittelalterlichen Burg kommen noch H\u00f6hlenwohnungen und eine pr\u00e4historische H\u00f6hle hinzu. Zahlreiche Veranstaltungen halten die Anlage am Leben, darunter n\u00e4chtliche Sommerfeste und ein Naturfest, sowie Workshops f\u00fcr Bogenschie\u00dfen und Steinbildhauerei. <\/p>\n\n\n\n<h3 id=\"chateau-de-losse-a-10-km-du-camping-13-minutes-en-voiture\">Schloss Losse: 10 km vom Campingplatz entfernt, 13 Minuten mit dem Auto<\/h3>\n\n\n\n<p>In eine ganz andere Stimmung versetzt uns das <strong>Schloss Losse<\/strong>. Elegant am Ufer der V\u00e9z\u00e8re gelegen, repr\u00e4sentiert es die Renaissance im schwarzen P\u00e9rigord. Das Geb\u00e4ude ist mit seinem goldenen Stein in perfektem Zustand von blendender Sch\u00f6nheit. Es wird von bemerkenswerten, wundersch\u00f6n gepflegten G\u00e4rten erg\u00e4nzt. Bei einem Besuch kann man sowohl die sch\u00f6n bl\u00fchenden Au\u00dfenanlagen als auch die m\u00f6blierten R\u00e4ume des Schlosses besichtigen. Im Sommer kann man hier Sternenabende sowie eine ganze Reihe anderer thematischer Veranstaltungen erleben.     <\/p>\n\n\n\n<h3 id=\"chateau-de-puymartin-a-10-km-du-camping-15-minutes-en-voiture\">Schloss Puymartin: 10 km vom Campingplatz entfernt, 15 Minuten mit dem Auto<\/h3>\n\n\n\n<p>Das vor den Toren Sarlatsgelegene <strong>Schloss Puymartin<\/strong> tr\u00e4gt acht Jahrhunderte Geschichte in sich und ist dennoch au\u00dfergew\u00f6hnlich gut erhalten. Tausende von Legenden ranken sich um diese Mauern, die ihre mittelalterlichen Urspr\u00fcnge mit architektonischen Elementen des 19. Jahrhunderts vermischen, die bei der Restaurierung des Schlosses entstanden sind. Die Innenr\u00e4ume sind stark von der Renaissance inspiriert, mit Gem\u00e4lden, Wandteppichen und M\u00f6beln, die der Marquise geh\u00f6rten, die hier lebte. Besonders sehenswert sind die Dekorationen des mythologischen Kabinetts, die unter Denkmalschutz stehen.   <\/p>\n<\/div>\n\n\n\n<div class=\"wp-block-column\">\n<figure class=\"wp-block-gallery alignfull has-nested-images columns-2 is-cropped\">\n<figure class=\"wp-block-image size-large\"><img loading=\"lazy\" width=\"650\" height=\"400\" src=\"https:\/\/www.lepontdemazerat.com\/wp-content\/uploads\/2023\/07\/chateau-commarque-sarlat.jpg\" alt=\"schloss commarque in les Eyzies de Tayac\" class=\"wp-image-2690\" srcset=\"https:\/\/www.lepontdemazerat.com\/wp-content\/uploads\/2023\/07\/chateau-commarque-sarlat.jpg 650w, https:\/\/www.lepontdemazerat.com\/wp-content\/uploads\/2023\/07\/chateau-commarque-sarlat-300x185.jpg 300w\" sizes=\"(max-width: 650px) 100vw, 650px\" \/><figcaption>Schloss Commarque<\/figcaption><\/figure>\n\n\n\n<figure class=\"wp-block-image size-large\"><img loading=\"lazy\" width=\"900\" height=\"506\" src=\"https:\/\/www.lepontdemazerat.com\/wp-content\/uploads\/2025\/04\/ADO-chateau-losse.jpg\" alt=\"chateau de losse, schwarzes perigord\" class=\"wp-image-4144\" srcset=\"https:\/\/www.lepontdemazerat.com\/wp-content\/uploads\/2025\/04\/ADO-chateau-losse.jpg 900w, https:\/\/www.lepontdemazerat.com\/wp-content\/uploads\/2025\/04\/ADO-chateau-losse-300x169.jpg 300w, https:\/\/www.lepontdemazerat.com\/wp-content\/uploads\/2025\/04\/ADO-chateau-losse-768x432.jpg 768w\" sizes=\"(max-width: 900px) 100vw, 900px\" \/><figcaption>Schloss Losse<\/figcaption><\/figure>\n\n\n\n<figure class=\"wp-block-image size-large\"><img loading=\"lazy\" width=\"1000\" height=\"750\" src=\"https:\/\/www.lepontdemazerat.com\/wp-content\/uploads\/2024\/06\/ADO-kestelen-dordogne.jpg\" alt=\"chateau de puymartin dordogne\" class=\"wp-image-3563\" srcset=\"https:\/\/www.lepontdemazerat.com\/wp-content\/uploads\/2024\/06\/ADO-kestelen-dordogne.jpg 1000w, https:\/\/www.lepontdemazerat.com\/wp-content\/uploads\/2024\/06\/ADO-kestelen-dordogne-300x225.jpg 300w, https:\/\/www.lepontdemazerat.com\/wp-content\/uploads\/2024\/06\/ADO-kestelen-dordogne-768x576.jpg 768w\" sizes=\"(max-width: 1000px) 100vw, 1000px\" \/><figcaption>Schloss Puymartin<\/figcaption><\/figure>\n<\/figure>\n<\/div>\n<\/div>\n\n\n\n<div class=\"wp-block-columns\">\n<div class=\"wp-block-column\">\n<figure class=\"wp-block-gallery alignfull has-nested-images columns-2 is-cropped\">\n<figure class=\"wp-block-image size-large\"><img loading=\"lazy\" width=\"900\" height=\"600\" src=\"https:\/\/www.lepontdemazerat.com\/wp-content\/uploads\/2025\/04\/ADO-chateau-falaise-reignac.jpg\" alt=\"chateau-falaise de reignac perigord noir\" class=\"wp-image-4148\" srcset=\"https:\/\/www.lepontdemazerat.com\/wp-content\/uploads\/2025\/04\/ADO-chateau-falaise-reignac.jpg 900w, https:\/\/www.lepontdemazerat.com\/wp-content\/uploads\/2025\/04\/ADO-chateau-falaise-reignac-300x200.jpg 300w, https:\/\/www.lepontdemazerat.com\/wp-content\/uploads\/2025\/04\/ADO-chateau-falaise-reignac-768x512.jpg 768w\" sizes=\"(max-width: 900px) 100vw, 900px\" \/><figcaption>Burg-Falaise von Reignac<\/figcaption><\/figure>\n\n\n\n<figure class=\"wp-block-image size-large\"><img loading=\"lazy\" width=\"1300\" height=\"866\" src=\"https:\/\/www.lepontdemazerat.com\/wp-content\/uploads\/2024\/06\/ADO-kastel-dordogne.jpg\" alt=\"chateau de beynac perigord noir\" class=\"wp-image-3569\" srcset=\"https:\/\/www.lepontdemazerat.com\/wp-content\/uploads\/2024\/06\/ADO-kastel-dordogne.jpg 1300w, https:\/\/www.lepontdemazerat.com\/wp-content\/uploads\/2024\/06\/ADO-kastel-dordogne-300x200.jpg 300w, https:\/\/www.lepontdemazerat.com\/wp-content\/uploads\/2024\/06\/ADO-kastel-dordogne-1024x682.jpg 1024w, https:\/\/www.lepontdemazerat.com\/wp-content\/uploads\/2024\/06\/ADO-kastel-dordogne-768x512.jpg 768w\" sizes=\"(max-width: 1300px) 100vw, 1300px\" \/><figcaption>Schloss Beynac<\/figcaption><\/figure>\n\n\n\n<figure class=\"wp-block-image size-large\"><img loading=\"lazy\" width=\"900\" height=\"600\" src=\"https:\/\/www.lepontdemazerat.com\/wp-content\/uploads\/2025\/02\/ADO-Castelnaud-la-Chapelle-1.jpg\" alt=\"schloss von castelnaud perigord noir\" class=\"wp-image-3942\" srcset=\"https:\/\/www.lepontdemazerat.com\/wp-content\/uploads\/2025\/02\/ADO-Castelnaud-la-Chapelle-1.jpg 900w, https:\/\/www.lepontdemazerat.com\/wp-content\/uploads\/2025\/02\/ADO-Castelnaud-la-Chapelle-1-300x200.jpg 300w, https:\/\/www.lepontdemazerat.com\/wp-content\/uploads\/2025\/02\/ADO-Castelnaud-la-Chapelle-1-768x512.jpg 768w\" sizes=\"(max-width: 900px) 100vw, 900px\" \/><figcaption>Chateau de Castelnaud<\/figcaption><\/figure>\n<\/figure>\n<\/div>\n\n\n\n<div class=\"wp-block-column is-vertically-aligned-top\" style=\"flex-basis:50%\">\n<h3 id=\"chateau-falaise-de-reignac-a-16-km-du-camping-19-minutes-en-voiture\">Ch\u00e2teau-falaise de Reignac: 16 km vom Campingplatz entfernt, 19 Minuten mit dem Auto<\/h3>\n\n\n\n<p>Diese erstaunliche <strong>Felsenburg ist unter dem Namen Maison forte de Reignac bekannt<\/strong>. Es geh\u00f6rt zu den H\u00f6hlenwohnungen im P\u00e9rigord Noir und schmiegt sich vollst\u00e4ndig an den Felsen an, in den es hineingebaut wurde. Dadurch entsteht eine absolut faszinierende Szenerie, in der sich der gebaute Stein mit den Klippen und B\u00e4umen vermischt.  <\/p>\n\n\n\n<p>Man entdeckt hier den sehr einzigartigen Lebensraum eines Herrschers, der sich in einer defensiven Position niederlassen wollte, mit der perfekten Architektur, um m\u00f6gliche Angreifer zu bek\u00e4mpfen. Die Innenr\u00e4ume sind dennoch sehr reizvoll, ebenso wie die gro\u00dfe Terrasse, von der aus man einen herrlichen Blick auf das Tal hat. <\/p>\n\n\n\n<h3 id=\"chateau-de-beynac-a-22-km-du-camping-27-minutes-en-voiture\">Schloss von Beynac: 22 km vom Campingplatz entfernt , 27 Minuten mit dem Auto<\/h3>\n\n\n\n<p><strong>Beynac-et-Cazenac<\/strong> geh\u00f6rt nicht nur zu den sch\u00f6nsten D\u00f6rfern Frankreichs, sondern ist auch wegen seiner au\u00dfergew\u00f6hnlichen Festung ein Muss im P\u00e9rigord Noir. Ganz oben auf der Klippe angesiedelt, \u00fcberragt sie das Tal. <\/p>\n\n\n\n<p>Das <strong>Schloss Beynac<\/strong>, das von au\u00dfen mit seinem riesigen Bergfried beeindruckt, ist im Inneren mit seiner K\u00fcche aus dem 13. Jahrhundert und dem Salle des Etats aus dem 15. Jahrhundert. Bei einem Besuch des Schlosses erlebt man unter anderem die Epen von Richard L\u00f6wenherz und Eleonore von Aquitanien. Eine der ber\u00fchmtesten historischen St\u00e4tten der Dordogne!  <\/p>\n\n\n\n<h3 id=\"chateau-de-castelnaud-a-24-km-du-camping-29-minutes-en-voiture\">Schloss Castelnaud: 24 km vom Campingplatz entfernt , 29 Minuten mit dem Auto<\/h3>\n\n\n\n<p>Direkt gegen\u00fcber von Beynac-et-Cazenac, auf der anderen Seite des Flusses Dordogne, ist Castelnaud-la-Chapelle ebenfalls eines der sch\u00f6nsten D\u00f6rfer Frankreichs. Seine Festung ist v\u00f6llig von der Geschichte durchdrungen, da man dort das Museum des Krieges im Mittelalter besuchen und beeindruckende Nachbildungen von Maschinen aus der damaligen Zeit entdecken kann. Die vor Ort angebotenen Workshops, Vorf\u00fchrungen und lebendigen Museen bieten einen sehr gelungenen Einblick in die Zeit der Ritter. Kinder lieben es!   <\/p>\n<\/div>\n<\/div>\n\n\n\n<h2 id=\"l-evenement-chateaux-en-fete-en-avril\">Die Veranstaltung &#8220;Ch\u00e2teaux en F\u00eate&#8221; im April<\/h2>\n\n\n\n<p>Jedes Jahr setzt das P\u00e9rigord alle Hebel in Bewegung, um sein au\u00dfergew\u00f6hnliches Ensemble an Schl\u00f6ssern zu feiern. Mehr als zwei Wochen lang im Fr\u00fchling bietet <strong>die Veranstaltung Ch\u00e2teaux en F\u00eate&#8221; (Schl\u00f6sser im Fest)<\/strong> zahlreiche au\u00dfergew\u00f6hnliche Veranstaltungen rund um die sch\u00f6nsten Festungen der Region. <\/p>\n\n\n\n<p>Mit <strong>rund 100 teilnehmenden Schl\u00f6ssern<\/strong> werden geschichtstr\u00e4chtige Orte in ein neues Licht ger\u00fcckt. Workshops f\u00fcr kleine Ritter in Castelnaud, Dressurvorf\u00fchrungen im Schloss Losse, musikalische Entdeckungen in Commarque, au\u00dfergew\u00f6hnliche Abendessen im Schloss Puymartin mit den kulinarischen Spezialit\u00e4ten des P\u00e9rigord Noir&nbsp;\u2026 Die Auswahl ist immer sehr gro\u00df und erm\u00f6glicht es, in einer festlichen Atmosph\u00e4re mehr zu erleben. <\/p>\n\n\n\n<div style=\"height:119px\" aria-hidden=\"true\" class=\"wp-block-spacer\"><\/div>\n\n\n\n<div class=\"wp-block-cover alignfull M-05-a\"><span aria-hidden=\"true\" class=\"has-background-dim-60 wp-block-cover__gradient-background has-background-dim\"><\/span><img loading=\"lazy\" width=\"2048\" height=\"1536\" class=\"wp-block-cover__image-background wp-image-3903\" alt=\"camping dordogne\" src=\"https:\/\/www.lepontdemazerat.com\/wp-content\/uploads\/2025\/02\/2306-Emplacement-1.jpg\" style=\"object-position:63% 55%\" data-object-fit=\"cover\" data-object-position=\"63% 55%\" srcset=\"https:\/\/www.lepontdemazerat.com\/wp-content\/uploads\/2025\/02\/2306-Emplacement-1.jpg 2048w, https:\/\/www.lepontdemazerat.com\/wp-content\/uploads\/2025\/02\/2306-Emplacement-1-300x225.jpg 300w, https:\/\/www.lepontdemazerat.com\/wp-content\/uploads\/2025\/02\/2306-Emplacement-1-1024x768.jpg 1024w, https:\/\/www.lepontdemazerat.com\/wp-content\/uploads\/2025\/02\/2306-Emplacement-1-768x576.jpg 768w, https:\/\/www.lepontdemazerat.com\/wp-content\/uploads\/2025\/02\/2306-Emplacement-1-1536x1152.jpg 1536w\" sizes=\"(max-width: 2048px) 100vw, 2048px\" \/><div class=\"wp-block-cover__inner-container\">\n<h2 id=\"le-camping-le-pont-de-mazerat-le-point-de-depart-ideal\">Der Campingplatz Le Pont de Mazerat: der ideale Ausgangspunkt<\/h2>\n\n\n\n<p>Unser 4-Sterne-Campingplatz genie\u00dft eine ideale Lage, um die Region zu erkunden. Wir befinden uns in Tamni\u00e8s, vor den Toren von Sarlat und Montignac, und weniger als 30 Minuten von<strong>vielen der wichtigsten Schl\u00f6sser im P\u00e9rigord Noir entfernt, die es zu besichtigen<\/strong> gilt. <\/p>\n\n\n\n<p>Wir bieten Ihnen eine <a href=\"https:\/\/www.lepontdemazerat.com\/de\/vermietungen\/mobilheim-aquitaine\/\">gro\u00dfe Auswahl an Mobilheimen<\/a> und <a href=\"https:\/\/www.lepontdemazerat.com\/de\/vermietungen\/chalets\/\">Chalets, die f\u00fcr einen komfortablen Familienurlaub ausgestattet<\/a> sind. Sie k\u00f6nnen sich auch von unseren ungew\u00f6hnlichen Glamping-Unterk\u00fcnften verf\u00fchren lassen oder einen unserer <a href=\"https:\/\/www.lepontdemazerat.com\/de\/stellplatz-dordogne-aquitaine\/\">nackten oder vorger\u00fcsteten Stellpl\u00e4tze f\u00fcr Zelt, Wohnwagen oder Wohnmobil<\/a> buchen. <\/p>\n\n\n\n<p>Wir bieten eine Reihe von familienfreundlichen Dienstleistungen an, um Ihren Aufenthalt so angenehm wie m\u00f6glich zu gestalten. Das <a href=\"https:\/\/www.lepontdemazerat.com\/de\/swimmingpool\/\"> beheizteSchwimmbad des Campingplatzes<\/a> und die f\u00fcr Gro\u00df und Klein ausgearbeiteten Animationen garantieren einen herzlichen Urlaub. Hier ist alles vereint, damit Sie sich nach einem <a href=\"https:\/\/www.guide-du-perigord.com\/fr\/tourisme\/decouvrir\/sites-touristiques\/chateaux.html\" target=\"_blank\" rel=\"noreferrer noopener\">Tag voller Besichtigungen der Schl\u00f6sser im schwarzen P\u00e9rigord<\/a> entspannen k\u00f6nnen!  <\/p>\n\n\n\n<div class=\"wp-container-6a049d7c64188 wp-block-buttons\">\n<div class=\"wp-block-button btn_resa\"><a class=\"wp-block-button__link\">Buchen Sie Ihren Aufenthalt!<\/a><\/div>\n<\/div>\n<\/div><\/div>\n","protected":false},"excerpt":{"rendered":"<p>Die sch\u00f6nsten Schl\u00f6sser der Dordogne in der N\u00e4he des Campingplatzes Die Dordogne ist eine Region der tausend Schl\u00f6sser und Burgen und weist im P\u00e9rigord Noir die h\u00f6chste Konzentration an Festungen auf. Hier finden Sie eine au\u00dfergew\u00f6hnliche Natur und Geb\u00e4ude mit einem unvergleichlichen historischen und architektonischen Reichtum. Der Campingplatz Le Pont de Mazerat liegt im sogenannten [&hellip;]<\/p>\n","protected":false},"author":1,"featured_media":0,"parent":0,"menu_order":0,"comment_status":"closed","ping_status":"closed","template":"","meta":[],"acf":[],"_links":{"self":[{"href":"https:\/\/www.lepontdemazerat.com\/de\/wp-json\/wp\/v2\/pages\/4346"}],"collection":[{"href":"https:\/\/www.lepontdemazerat.com\/de\/wp-json\/wp\/v2\/pages"}],"about":[{"href":"https:\/\/www.lepontdemazerat.com\/de\/wp-json\/wp\/v2\/types\/page"}],"author":[{"embeddable":true,"href":"https:\/\/www.lepontdemazerat.com\/de\/wp-json\/wp\/v2\/users\/1"}],"replies":[{"embeddable":true,"href":"https:\/\/www.lepontdemazerat.com\/de\/wp-json\/wp\/v2\/comments?post=4346"}],"version-history":[{"count":6,"href":"https:\/\/www.lepontdemazerat.com\/de\/wp-json\/wp\/v2\/pages\/4346\/revisions"}],"predecessor-version":[{"id":4853,"href":"https:\/\/www.lepontdemazerat.com\/de\/wp-json\/wp\/v2\/pages\/4346\/revisions\/4853"}],"wp:attachment":[{"href":"https:\/\/www.lepontdemazerat.com\/de\/wp-json\/wp\/v2\/media?parent=4346"}],"curies":[{"name":"wp","href":"https:\/\/api.w.org\/{rel}","templated":true}]}}