{"id":4967,"date":"2026-03-17T16:08:32","date_gmt":"2026-03-17T15:08:32","guid":{"rendered":"https:\/\/www.lepontdemazerat.com\/lp-camping-aquitaine\/"},"modified":"2026-03-17T16:17:40","modified_gmt":"2026-03-17T15:17:40","slug":"camping-aquitaine","status":"publish","type":"page","link":"https:\/\/www.lepontdemazerat.com\/de\/camping-aquitaine\/","title":{"rendered":"lp camping aquitaine"},"content":{"rendered":"\n<section class=\"wp-container-69f0fabecea12 wp-block-group alignfull diapo_header\"><div class=\"wp-block-group__inner-container\">\n<figure class=\"wp-block-video\"><video autoplay loop muted src=\"\/wp-content\/themes\/francecom\/img\/mazerat.mp4\"><\/video><\/figure>\n<\/div><\/section>\n\n\n\n<h1 id=\"kleinschalige-4-sterrencamping-in-de-regio-aquitaine-frankrijk\">Kleiner 4-Sterne-Campingplatz in der Region Aquitanien, Frankreich<\/h1>\n\n\n\n<p>Suchen Sie einen <strong>kleinen Campingplatz in der Region Aquitanien in Frankreich<\/strong> f\u00fcr einen Urlaub mitten in der Natur? Im ruhigen Dorf <strong>Tamni\u00e8s<\/strong>, zwischen dem <strong>V\u00e9z\u00e8re-Tal<\/strong> und dem <strong>Dordogne-Tal<\/strong>, hei\u00dft Sie der <strong>Campingplatz Le Pont de Mazerat<\/strong> herzlich willkommen. Dieser <strong>Campingplatz in Nouvelle-Aquitaine<\/strong> bietet alles f\u00fcr einen entspannten Familienurlaub oder eine erholsame Auszeit f\u00fcr Paare. Nur 300 Meter entfernt liegt der See von Tamni\u00e8s, und der Fluss V\u00e9z\u00e8re ist in 10 Minuten mit dem Auto erreichbar.   <\/p>\n\n\n\n<div class=\"wp-block-columns alignwide\">\n<div class=\"wp-block-column padding-t-b\" style=\"flex-basis:32%\">\n<h2 id=\"vakantieparken-aquitaine-frankrijk-kies-voor-natuur-en-rust\">Ferienparks in Aquitanien, Frankreich? Entscheiden Sie sich f\u00fcr Natur und Ruhe. <\/h2>\n\n\n\n<ul class=\"pictos col-3\"><li><i class=\"fas fa-leaf\"><\/i> Natur<\/li><li><i class=\"fas fa-users\"><\/i> Familienfreundlich<\/li><li><i class=\"fas fa-swimmer\"><\/i> Schwimmbad<\/li><li><i class=\"fas fa-water\"><\/i> 300 Meter von einem Badesee entfernt<\/li><li><i class=\"fas fa-map-marker-alt\"><\/i> Fl\u00fcsse in der Umgebung<\/li><\/ul>\n\n\n\n<p>Statt gro\u00dfer und \u00fcberlaufener <strong>Ferienparks in Aquitanien, Frankreich<\/strong>, entscheiden Sie sich hier f\u00fcr einen <strong>kleinen Campingplatz in Aquitanien<\/strong> mit pers\u00f6nlicher Atmosph\u00e4re, <a href=\"https:\/\/www.lepontdemazerat.com\/de\/stellplatz-dordogne-aquitaine\/\">gro\u00dfz\u00fcgigen Stellpl\u00e4tzen<\/a> und viel Gr\u00fcn. Sie k\u00f6nnen mit dem eigenen Zelt, Wohnwagen oder Wohnmobil campen oder sich f\u00fcr einen bereits <strong>ausgestatteten Stellplatz<\/strong> entscheiden, um noch mehr Komfort zu genie\u00dfen. <\/p>\n\n\n\n<h3 id=\"stacaravan-huren-in-aquitaine-dat-kan\">Mobilheim in Aquitanien mieten? Das ist m\u00f6glich! <\/h3>\n\n\n\n<p>Suchen Sie Komfort? Bei uns k\u00f6nnen Sie ein <strong>Mobilheim in Aquitanien<\/strong> mieten, komplett ausgestattet mit K\u00fcche, Bad, Schlafzimmern und Terrasse. Au\u00dferdem stehen auch <a href=\"https:\/\/www.lepontdemazerat.com\/de\/vermietungen\/ungewoehnliche-unterkuenfte\/\">Safarizelte <\/a>zur Verf\u00fcgung: ideal f\u00fcr alle, die Glamping m\u00f6gen, mit richtigen Betten und allem, was man braucht, und dennoch in direktem Kontakt mit der Natur.  <\/p>\n\n\n\n<div class=\"wp-container-69f0fabecee01 wp-block-buttons\">\n<div class=\"wp-block-button\"><a class=\"wp-block-button__link\" href=\"https:\/\/www.lepontdemazerat.com\/de\/vermietungen\/\">Unterk\u00fcnfte ansehen<\/a><\/div>\n\n\n\n<div class=\"wp-block-button btn_resa\"><a class=\"wp-block-button__link\">Buchen Sie!<\/a><\/div>\n<\/div>\n<\/div>\n\n\n\n<div class=\"wp-block-column\">\n<figure class=\"wp-block-gallery alignfull has-nested-images columns-4 is-cropped diaporama--2 gal_overflow\">\n<figure class=\"wp-block-image size-large\"><img loading=\"lazy\" width=\"650\" height=\"488\" src=\"https:\/\/www.lepontdemazerat.com\/wp-content\/uploads\/2024\/01\/tente-lodge-dordogne-exterieur.jpg\" alt=\"Chalet in Nouvelle-Aquitaine\" class=\"wp-image-3256\" srcset=\"https:\/\/www.lepontdemazerat.com\/wp-content\/uploads\/2024\/01\/tente-lodge-dordogne-exterieur.jpg 650w, https:\/\/www.lepontdemazerat.com\/wp-content\/uploads\/2024\/01\/tente-lodge-dordogne-exterieur-300x225.jpg 300w\" sizes=\"(max-width: 650px) 100vw, 650px\" \/><\/figure>\n\n\n\n<figure class=\"wp-block-image size-large\"><img loading=\"lazy\" width=\"1176\" height=\"882\" src=\"https:\/\/www.lepontdemazerat.com\/wp-content\/uploads\/2023\/01\/00000291710.webp\" alt=\"stacaravan camping aquitaine\" class=\"wp-image-2107\" srcset=\"https:\/\/www.lepontdemazerat.com\/wp-content\/uploads\/2023\/01\/00000291710.webp 1176w, https:\/\/www.lepontdemazerat.com\/wp-content\/uploads\/2023\/01\/00000291710-300x225.webp 300w, https:\/\/www.lepontdemazerat.com\/wp-content\/uploads\/2023\/01\/00000291710-1024x768.webp 1024w, https:\/\/www.lepontdemazerat.com\/wp-content\/uploads\/2023\/01\/00000291710-768x576.webp 768w\" sizes=\"(max-width: 1176px) 100vw, 1176px\" \/><\/figure>\n\n\n\n<figure class=\"wp-block-image size-large\"><img loading=\"lazy\" width=\"1024\" height=\"682\" src=\"https:\/\/www.lepontdemazerat.com\/wp-content\/uploads\/2023\/01\/chalet-dordogne-perigord-camping-le-pont-de-mazerat-1024x682-1.jpg\" alt=\"Ferienhaus Campingplatz Aquitanien\" class=\"wp-image-2011\" srcset=\"https:\/\/www.lepontdemazerat.com\/wp-content\/uploads\/2023\/01\/chalet-dordogne-perigord-camping-le-pont-de-mazerat-1024x682-1.jpg 1024w, https:\/\/www.lepontdemazerat.com\/wp-content\/uploads\/2023\/01\/chalet-dordogne-perigord-camping-le-pont-de-mazerat-1024x682-1-300x200.jpg 300w, https:\/\/www.lepontdemazerat.com\/wp-content\/uploads\/2023\/01\/chalet-dordogne-perigord-camping-le-pont-de-mazerat-1024x682-1-768x512.jpg 768w\" sizes=\"(max-width: 1024px) 100vw, 1024px\" \/><\/figure>\n\n\n\n<figure class=\"wp-block-image size-large\"><img loading=\"lazy\" width=\"1176\" height=\"882\" src=\"https:\/\/www.lepontdemazerat.com\/wp-content\/uploads\/2023\/01\/00000285920.webp\" alt=\"tentplaats camping aquitaine\" class=\"wp-image-2033\" srcset=\"https:\/\/www.lepontdemazerat.com\/wp-content\/uploads\/2023\/01\/00000285920.webp 1176w, https:\/\/www.lepontdemazerat.com\/wp-content\/uploads\/2023\/01\/00000285920-300x225.webp 300w, https:\/\/www.lepontdemazerat.com\/wp-content\/uploads\/2023\/01\/00000285920-1024x768.webp 1024w, https:\/\/www.lepontdemazerat.com\/wp-content\/uploads\/2023\/01\/00000285920-768x576.webp 768w\" sizes=\"(max-width: 1176px) 100vw, 1176px\" \/><\/figure>\n\n\n\n<figure class=\"wp-block-image size-large\"><img loading=\"lazy\" width=\"1967\" height=\"1105\" src=\"https:\/\/www.lepontdemazerat.com\/wp-content\/uploads\/2022\/12\/drone-16-redim.jpg\" alt=\"Naturcampingplatz in Nouvelle-Aquitaine\" class=\"wp-image-1983\" srcset=\"https:\/\/www.lepontdemazerat.com\/wp-content\/uploads\/2022\/12\/drone-16-redim.jpg 1967w, https:\/\/www.lepontdemazerat.com\/wp-content\/uploads\/2022\/12\/drone-16-redim-300x169.jpg 300w, https:\/\/www.lepontdemazerat.com\/wp-content\/uploads\/2022\/12\/drone-16-redim-1024x575.jpg 1024w, https:\/\/www.lepontdemazerat.com\/wp-content\/uploads\/2022\/12\/drone-16-redim-768x431.jpg 768w, https:\/\/www.lepontdemazerat.com\/wp-content\/uploads\/2022\/12\/drone-16-redim-1536x864.jpg 1536w, https:\/\/www.lepontdemazerat.com\/wp-content\/uploads\/2022\/12\/drone-16-redim-1920x1080.jpg 1920w\" sizes=\"(max-width: 1967px) 100vw, 1967px\" \/><\/figure>\n<\/figure>\n<\/div>\n<\/div>\n\n\n\n<div class=\"wp-block-columns alignfull are-vertically-aligned-center reverse-mob has-fond-background-color has-background\">\n<div class=\"wp-block-column is-vertically-aligned-center\" style=\"flex-basis:45%\">\n<figure class=\"wp-block-gallery has-nested-images columns-default is-cropped gal_2\">\n<figure class=\"wp-block-image size-large\"><img loading=\"lazy\" width=\"840\" height=\"600\" src=\"https:\/\/www.lepontdemazerat.com\/wp-content\/uploads\/2023\/01\/aire-de-jeux-2017-camping-le-pont-de-mazerat.jpg\" alt=\"Campingplatz f\u00fcr Familien Aquitanien\" class=\"wp-image-2073\" srcset=\"https:\/\/www.lepontdemazerat.com\/wp-content\/uploads\/2023\/01\/aire-de-jeux-2017-camping-le-pont-de-mazerat.jpg 840w, https:\/\/www.lepontdemazerat.com\/wp-content\/uploads\/2023\/01\/aire-de-jeux-2017-camping-le-pont-de-mazerat-300x214.jpg 300w, https:\/\/www.lepontdemazerat.com\/wp-content\/uploads\/2023\/01\/aire-de-jeux-2017-camping-le-pont-de-mazerat-768x549.jpg 768w\" sizes=\"(max-width: 840px) 100vw, 840px\" \/><\/figure>\n\n\n\n<figure class=\"wp-block-image size-large\"><img loading=\"lazy\" width=\"2009\" height=\"983\" src=\"https:\/\/www.lepontdemazerat.com\/wp-content\/uploads\/2023\/01\/camping-dordogn-piscine-chauffee-le-pont-de-mazerat-1.jpg\" alt=\"Campingplatz mit Au\u00dfenpool Nouvelle Aquitaine\" class=\"wp-image-2048\" srcset=\"https:\/\/www.lepontdemazerat.com\/wp-content\/uploads\/2023\/01\/camping-dordogn-piscine-chauffee-le-pont-de-mazerat-1.jpg 2009w, https:\/\/www.lepontdemazerat.com\/wp-content\/uploads\/2023\/01\/camping-dordogn-piscine-chauffee-le-pont-de-mazerat-1-300x147.jpg 300w, https:\/\/www.lepontdemazerat.com\/wp-content\/uploads\/2023\/01\/camping-dordogn-piscine-chauffee-le-pont-de-mazerat-1-1024x501.jpg 1024w, https:\/\/www.lepontdemazerat.com\/wp-content\/uploads\/2023\/01\/camping-dordogn-piscine-chauffee-le-pont-de-mazerat-1-768x376.jpg 768w, https:\/\/www.lepontdemazerat.com\/wp-content\/uploads\/2023\/01\/camping-dordogn-piscine-chauffee-le-pont-de-mazerat-1-1536x752.jpg 1536w\" sizes=\"(max-width: 2009px) 100vw, 2009px\" \/><\/figure>\n<\/figure>\n<\/div>\n\n\n\n<div class=\"wp-block-column is-vertically-aligned-center\">\n<h2 id=\"voor-jong-en-oud-animatie-zwembad-en-speelplezier\">F\u00fcr Jung und Alt: Animation, Schwimmbad und Spielspa\u00df<\/h2>\n\n\n\n<p>In der Hochsaison werden verschiedene <a href=\"https:\/\/www.lepontdemazerat.com\/de\/animationen\/\">Aktivit\u00e4ten f\u00fcr Kinder<\/a> organisiert, darunter ein Kinderclub am Vormittag (f\u00fcr 6- bis 11-J\u00e4hrige), kreative Workshops, Spiele und sportliche Aktivit\u00e4ten. Auch Familien k\u00f6nnen gemeinsam an Schnitzeljagden, Quizrunden oder kleinen Turnieren teilnehmen. Am Abend sorgen Themenabende, Musik oder lokale Spezialit\u00e4ten f\u00fcr eine gesellige Atmosph\u00e4re \u2013 immer mit R\u00fccksicht auf die Nachtruhe, denn das Unterhaltungsprogramm endet sp\u00e4testens um Mitternacht.  <\/p>\n\n\n\n<p>Auf dem Gel\u00e4nde finden Sie ein <a href=\"https:\/\/www.lepontdemazerat.com\/de\/swimmingpool\/\">beheiztes Freibad<\/a>, einen <strong>Spielplatz<\/strong>, und in fu\u00dfl\u00e4ufiger Entfernung liegt der <strong>Freizeitsee von Tamni\u00e8s<\/strong> \u2013 ideal zum Baden oder einfach zum Entspannen am Wasser.<\/p>\n\n\n\n<div class=\"wp-container-69f0fabecf2ef wp-block-buttons\">\n<div class=\"wp-block-button is-style-outline\"><a class=\"wp-block-button__link\" href=\"https:\/\/www.lepontdemazerat.com\/de\/mediengalerie\/\">Sehen Sie sich die Fotos an<\/a><\/div>\n\n\n\n<div class=\"wp-block-button\"><a class=\"wp-block-button__link\" href=\"https:\/\/www.lepontdemazerat.com\/de\/swimmingpool\/\">Sehen Sie sich das Schwimmbad an<\/a><\/div>\n<\/div>\n<\/div>\n<\/div>\n\n\n\n<div class=\"wp-block-columns alignwide\">\n<div class=\"wp-block-column padding-t-b\" style=\"flex-basis:32%\">\n<h2 id=\"genieten-van-natuur-cultuur-en-streekproducten\">Genie\u00dfen von Natur, Kultur und regionalen Produkten<\/h2>\n\n\n\n<p>Die Dordogne ist ein Paradies f\u00fcr Naturliebhaber, Wanderfreunde und Kulturinteressierte. Vom Campingplatz aus k\u00f6nnen Sie Ausfl\u00fcge zu ber\u00fchmten Orten wie <strong>Sarlat-la-Can\u00e9da<\/strong>, den H\u00f6hlen von <strong>Lascaux<\/strong>, den Burgen von <strong>Beynac <\/strong>und Castelnaud oder zu den sch\u00f6nsten D\u00f6rfern Frankreichs wie <strong>Domme <\/strong>und <strong>La Roque-Gageac<\/strong> unternehmen. Auch Liebhaber <a href=\"https:\/\/www.lepontdemazerat.com\/nl\/markten-van-sarlat\/\">lokaler M\u00e4rkte<\/a>, regionaler Spezialit\u00e4ten wie Tr\u00fcffel, Waln\u00fcsse und Foie gras sowie von Wein kommen hier voll auf ihre Kosten.  <\/p>\n\n\n\n<p>Auch Radfahren ist m\u00f6glich: In der unmittelbaren Umgebung gibt es <strong>verschiedene Rad<\/strong>&#8211; und Wanderwege, und die Landschaft ist abwechslungsreich, aber gut zug\u00e4nglich.<\/p>\n\n\n\n<h2 id=\"internationale-sfeer-en-nederlandstalige-gasten\">Internationale Atmosph\u00e4re und niederl\u00e4ndischsprachige G\u00e4ste<\/h2>\n\n\n\n<p><strong>Der Campingplatz Le Pont de Mazerat<\/strong> hei\u00dft jedes Jahr viele <strong>niederl\u00e4ndische G\u00e4ste<\/strong>, die die Ruhe, Natur und Gastfreundschaft der Region sch\u00e4tzen. Die Atmosph\u00e4re auf dem Campingplatz ist gem\u00fctlich und international \u2013 selbst wenn Sie nicht perfekt Franz\u00f6sisch sprechen, f\u00fchlen Sie sich hier schnell zu Hause. <\/p>\n\n\n\n<hr class=\"wp-block-separator\"\/>\n\n\n\n<p>Campingplatz Le Pont de Mazerat: Ihr <strong>Campingplatz in Nouvelle-Aquitaine<\/strong> mit Schwimmbad, Mobilheimen, Glamping und Natur im Herzen der Dordogne.<\/p>\n\n\n\n<div class=\"wp-container-69f0fabecf687 wp-block-buttons\">\n<div class=\"wp-block-button btn_resa\"><a class=\"wp-block-button__link\">Buchen Sie!<\/a><\/div>\n<\/div>\n<\/div>\n\n\n\n<div class=\"wp-block-column\">\n<figure class=\"wp-block-gallery alignfull has-nested-images columns-4 is-cropped diaporama--2 gal_overflow\">\n<figure class=\"wp-block-image size-large\"><img loading=\"lazy\" width=\"1967\" height=\"1105\" src=\"https:\/\/www.lepontdemazerat.com\/wp-content\/uploads\/2022\/12\/drone-16-redim.jpg\" alt=\"\" class=\"wp-image-1983\" srcset=\"https:\/\/www.lepontdemazerat.com\/wp-content\/uploads\/2022\/12\/drone-16-redim.jpg 1967w, https:\/\/www.lepontdemazerat.com\/wp-content\/uploads\/2022\/12\/drone-16-redim-300x169.jpg 300w, https:\/\/www.lepontdemazerat.com\/wp-content\/uploads\/2022\/12\/drone-16-redim-1024x575.jpg 1024w, https:\/\/www.lepontdemazerat.com\/wp-content\/uploads\/2022\/12\/drone-16-redim-768x431.jpg 768w, https:\/\/www.lepontdemazerat.com\/wp-content\/uploads\/2022\/12\/drone-16-redim-1536x864.jpg 1536w, https:\/\/www.lepontdemazerat.com\/wp-content\/uploads\/2022\/12\/drone-16-redim-1920x1080.jpg 1920w\" sizes=\"(max-width: 1967px) 100vw, 1967px\" \/><\/figure>\n\n\n\n<figure class=\"wp-block-image size-large\"><img loading=\"lazy\" width=\"900\" height=\"600\" src=\"https:\/\/www.lepontdemazerat.com\/wp-content\/uploads\/2025\/07\/ADO-dordogne-radfahren.jpg\" alt=\"Radfahren in Nouvelle-Aquitaine\" class=\"wp-image-4336\" srcset=\"https:\/\/www.lepontdemazerat.com\/wp-content\/uploads\/2025\/07\/ADO-dordogne-radfahren.jpg 900w, https:\/\/www.lepontdemazerat.com\/wp-content\/uploads\/2025\/07\/ADO-dordogne-radfahren-300x200.jpg 300w, https:\/\/www.lepontdemazerat.com\/wp-content\/uploads\/2025\/07\/ADO-dordogne-radfahren-768x512.jpg 768w\" sizes=\"(max-width: 900px) 100vw, 900px\" \/><\/figure>\n\n\n\n<figure class=\"wp-block-image size-large\"><img loading=\"lazy\" width=\"900\" height=\"600\" src=\"https:\/\/www.lepontdemazerat.com\/wp-content\/uploads\/2025\/07\/ADO-grotte-lascaux.jpg\" alt=\"pr\u00e4historische H\u00f6hle Nouvelle-Aquitaine\" class=\"wp-image-4261\" srcset=\"https:\/\/www.lepontdemazerat.com\/wp-content\/uploads\/2025\/07\/ADO-grotte-lascaux.jpg 900w, https:\/\/www.lepontdemazerat.com\/wp-content\/uploads\/2025\/07\/ADO-grotte-lascaux-300x200.jpg 300w, https:\/\/www.lepontdemazerat.com\/wp-content\/uploads\/2025\/07\/ADO-grotte-lascaux-768x512.jpg 768w\" sizes=\"(max-width: 900px) 100vw, 900px\" \/><\/figure>\n\n\n\n<figure class=\"wp-block-image size-large\"><img loading=\"lazy\" width=\"900\" height=\"600\" src=\"https:\/\/www.lepontdemazerat.com\/wp-content\/uploads\/2025\/06\/village-Saint-Leon-sur-Vezere.jpg\" alt=\"\" class=\"wp-image-4196\" srcset=\"https:\/\/www.lepontdemazerat.com\/wp-content\/uploads\/2025\/06\/village-Saint-Leon-sur-Vezere.jpg 900w, https:\/\/www.lepontdemazerat.com\/wp-content\/uploads\/2025\/06\/village-Saint-Leon-sur-Vezere-300x200.jpg 300w, https:\/\/www.lepontdemazerat.com\/wp-content\/uploads\/2025\/06\/village-Saint-Leon-sur-Vezere-768x512.jpg 768w\" sizes=\"(max-width: 900px) 100vw, 900px\" \/><\/figure>\n\n\n\n<figure class=\"wp-block-image size-large\"><img loading=\"lazy\" width=\"900\" height=\"600\" src=\"https:\/\/www.lepontdemazerat.com\/wp-content\/uploads\/2025\/04\/ADO-truffe-perigord.jpg\" alt=\"Kulinarische Spezialit\u00e4ten aus Nouvelle-Aquitaine\" class=\"wp-image-4110\" srcset=\"https:\/\/www.lepontdemazerat.com\/wp-content\/uploads\/2025\/04\/ADO-truffe-perigord.jpg 900w, https:\/\/www.lepontdemazerat.com\/wp-content\/uploads\/2025\/04\/ADO-truffe-perigord-300x200.jpg 300w, https:\/\/www.lepontdemazerat.com\/wp-content\/uploads\/2025\/04\/ADO-truffe-perigord-768x512.jpg 768w\" sizes=\"(max-width: 900px) 100vw, 900px\" \/><\/figure>\n\n\n\n<figure class=\"wp-block-image size-large\"><img loading=\"lazy\" width=\"900\" height=\"675\" src=\"https:\/\/www.lepontdemazerat.com\/wp-content\/uploads\/2025\/02\/ADO-Beynac-et-Cazenac.jpg\" alt=\"\" class=\"wp-image-3914\" srcset=\"https:\/\/www.lepontdemazerat.com\/wp-content\/uploads\/2025\/02\/ADO-Beynac-et-Cazenac.jpg 900w, https:\/\/www.lepontdemazerat.com\/wp-content\/uploads\/2025\/02\/ADO-Beynac-et-Cazenac-300x225.jpg 300w, https:\/\/www.lepontdemazerat.com\/wp-content\/uploads\/2025\/02\/ADO-Beynac-et-Cazenac-768x576.jpg 768w\" sizes=\"(max-width: 900px) 100vw, 900px\" \/><\/figure>\n\n\n\n<figure class=\"wp-block-image size-large\"><img loading=\"lazy\" width=\"900\" height=\"600\" src=\"https:\/\/www.lepontdemazerat.com\/wp-content\/uploads\/2024\/10\/ADO-location-canoe-sommieres.jpg\" alt=\"\" class=\"wp-image-3784\" srcset=\"https:\/\/www.lepontdemazerat.com\/wp-content\/uploads\/2024\/10\/ADO-location-canoe-sommieres.jpg 900w, https:\/\/www.lepontdemazerat.com\/wp-content\/uploads\/2024\/10\/ADO-location-canoe-sommieres-300x200.jpg 300w, https:\/\/www.lepontdemazerat.com\/wp-content\/uploads\/2024\/10\/ADO-location-canoe-sommieres-768x512.jpg 768w\" sizes=\"(max-width: 900px) 100vw, 900px\" \/><\/figure>\n\n\n\n<figure class=\"wp-block-image size-large\"><img loading=\"lazy\" width=\"1500\" height=\"1000\" src=\"https:\/\/www.lepontdemazerat.com\/wp-content\/uploads\/2024\/06\/ADO-wandelen-dordogne.jpg\" alt=\"Wanderungen Neu Aquitanien\" class=\"wp-image-3636\" srcset=\"https:\/\/www.lepontdemazerat.com\/wp-content\/uploads\/2024\/06\/ADO-wandelen-dordogne.jpg 1500w, https:\/\/www.lepontdemazerat.com\/wp-content\/uploads\/2024\/06\/ADO-wandelen-dordogne-300x200.jpg 300w, https:\/\/www.lepontdemazerat.com\/wp-content\/uploads\/2024\/06\/ADO-wandelen-dordogne-1024x683.jpg 1024w, https:\/\/www.lepontdemazerat.com\/wp-content\/uploads\/2024\/06\/ADO-wandelen-dordogne-768x512.jpg 768w\" sizes=\"(max-width: 1500px) 100vw, 1500px\" \/><\/figure>\n\n\n\n<figure class=\"wp-block-image size-large\"><img loading=\"lazy\" width=\"650\" height=\"400\" src=\"https:\/\/www.lepontdemazerat.com\/wp-content\/uploads\/2023\/07\/chateau-commarque-sarlat.jpg\" alt=\"Schloss in Nouvelle-Aquitaine\" class=\"wp-image-2691\" srcset=\"https:\/\/www.lepontdemazerat.com\/wp-content\/uploads\/2023\/07\/chateau-commarque-sarlat.jpg 650w, https:\/\/www.lepontdemazerat.com\/wp-content\/uploads\/2023\/07\/chateau-commarque-sarlat-300x185.jpg 300w\" sizes=\"(max-width: 650px) 100vw, 650px\" \/><\/figure>\n\n\n\n<figure class=\"wp-block-image size-large\"><img loading=\"lazy\" width=\"1920\" height=\"1280\" src=\"https:\/\/www.lepontdemazerat.com\/wp-content\/uploads\/2023\/06\/nabih-el-boustani-gfRqnh2r00-unsplash-6.jpg\" alt=\"Dordogne Tal Nouvelle-Aquitaine\" class=\"wp-image-2652\" srcset=\"https:\/\/www.lepontdemazerat.com\/wp-content\/uploads\/2023\/06\/nabih-el-boustani-gfRqnh2r00-unsplash-6.jpg 1920w, https:\/\/www.lepontdemazerat.com\/wp-content\/uploads\/2023\/06\/nabih-el-boustani-gfRqnh2r00-unsplash-6-300x200.jpg 300w, https:\/\/www.lepontdemazerat.com\/wp-content\/uploads\/2023\/06\/nabih-el-boustani-gfRqnh2r00-unsplash-6-1024x683.jpg 1024w, https:\/\/www.lepontdemazerat.com\/wp-content\/uploads\/2023\/06\/nabih-el-boustani-gfRqnh2r00-unsplash-6-768x512.jpg 768w, https:\/\/www.lepontdemazerat.com\/wp-content\/uploads\/2023\/06\/nabih-el-boustani-gfRqnh2r00-unsplash-6-1536x1024.jpg 1536w\" sizes=\"(max-width: 1920px) 100vw, 1920px\" \/><\/figure>\n\n\n\n<figure class=\"wp-block-image size-large\"><img loading=\"lazy\" width=\"600\" height=\"800\" src=\"https:\/\/www.lepontdemazerat.com\/wp-content\/uploads\/2023\/06\/2208-dordogne-canoe-3-2-min-1.jpg\" alt=\"Kajak Nouvelle-Aquitaine\" class=\"wp-image-2561\" srcset=\"https:\/\/www.lepontdemazerat.com\/wp-content\/uploads\/2023\/06\/2208-dordogne-canoe-3-2-min-1.jpg 600w, https:\/\/www.lepontdemazerat.com\/wp-content\/uploads\/2023\/06\/2208-dordogne-canoe-3-2-min-1-225x300.jpg 225w\" sizes=\"(max-width: 600px) 100vw, 600px\" \/><\/figure>\n\n\n\n<figure class=\"wp-block-image size-large\"><img loading=\"lazy\" width=\"1280\" height=\"853\" src=\"https:\/\/www.lepontdemazerat.com\/wp-content\/uploads\/2023\/01\/to-go-biking-geaca5daa4_1280.jpg\" alt=\"\" class=\"wp-image-2097\" srcset=\"https:\/\/www.lepontdemazerat.com\/wp-content\/uploads\/2023\/01\/to-go-biking-geaca5daa4_1280.jpg 1280w, https:\/\/www.lepontdemazerat.com\/wp-content\/uploads\/2023\/01\/to-go-biking-geaca5daa4_1280-300x200.jpg 300w, https:\/\/www.lepontdemazerat.com\/wp-content\/uploads\/2023\/01\/to-go-biking-geaca5daa4_1280-1024x682.jpg 1024w, https:\/\/www.lepontdemazerat.com\/wp-content\/uploads\/2023\/01\/to-go-biking-geaca5daa4_1280-768x512.jpg 768w\" sizes=\"(max-width: 1280px) 100vw, 1280px\" \/><\/figure>\n<\/figure>\n<\/div>\n<\/div>\n","protected":false},"excerpt":{"rendered":"<p>Kleiner 4-Sterne-Campingplatz in der Region Aquitanien, Frankreich Suchen Sie einen kleinen Campingplatz in der Region Aquitanien in Frankreich f\u00fcr einen Urlaub mitten in der Natur? Im ruhigen Dorf Tamni\u00e8s, zwischen dem V\u00e9z\u00e8re-Tal und dem Dordogne-Tal, hei\u00dft Sie der Campingplatz Le Pont de Mazerat herzlich willkommen. Dieser Campingplatz in Nouvelle-Aquitaine bietet alles f\u00fcr einen entspannten Familienurlaub [&hellip;]<\/p>\n","protected":false},"author":1,"featured_media":0,"parent":0,"menu_order":0,"comment_status":"closed","ping_status":"closed","template":"","meta":[],"acf":[],"_links":{"self":[{"href":"https:\/\/www.lepontdemazerat.com\/de\/wp-json\/wp\/v2\/pages\/4967"}],"collection":[{"href":"https:\/\/www.lepontdemazerat.com\/de\/wp-json\/wp\/v2\/pages"}],"about":[{"href":"https:\/\/www.lepontdemazerat.com\/de\/wp-json\/wp\/v2\/types\/page"}],"author":[{"embeddable":true,"href":"https:\/\/www.lepontdemazerat.com\/de\/wp-json\/wp\/v2\/users\/1"}],"replies":[{"embeddable":true,"href":"https:\/\/www.lepontdemazerat.com\/de\/wp-json\/wp\/v2\/comments?post=4967"}],"version-history":[{"count":6,"href":"https:\/\/www.lepontdemazerat.com\/de\/wp-json\/wp\/v2\/pages\/4967\/revisions"}],"predecessor-version":[{"id":4975,"href":"https:\/\/www.lepontdemazerat.com\/de\/wp-json\/wp\/v2\/pages\/4967\/revisions\/4975"}],"wp:attachment":[{"href":"https:\/\/www.lepontdemazerat.com\/de\/wp-json\/wp\/v2\/media?parent=4967"}],"curies":[{"name":"wp","href":"https:\/\/api.w.org\/{rel}","templated":true}]}}