{"id":4977,"date":"2026-03-18T11:36:22","date_gmt":"2026-03-18T10:36:22","guid":{"rendered":"https:\/\/www.lepontdemazerat.com\/campingplatz-sarlat-mit-hund\/"},"modified":"2026-03-18T11:46:07","modified_gmt":"2026-03-18T10:46:07","slug":"urlaub-mit-hund-aquitaine","status":"publish","type":"page","link":"https:\/\/www.lepontdemazerat.com\/de\/urlaub-mit-hund-aquitaine\/","title":{"rendered":"Campingplatz Sarlat mit Hund"},"content":{"rendered":"\n<div class=\"wp-block-cover alignfull\"><span aria-hidden=\"true\" class=\"has-background-dim-60 wp-block-cover__gradient-background has-background-dim\"><\/span><img loading=\"lazy\" width=\"1920\" height=\"1064\" class=\"wp-block-cover__image-background wp-image-2658\" alt=\"Campingplatz in der Aquitaine, auf dem Hunde erlaubt sind\" src=\"https:\/\/www.lepontdemazerat.com\/wp-content\/uploads\/2023\/06\/pass-horizon-0VUjGKPuQ2g-unsplash.jpg\" style=\"object-position:52% 59%\" data-object-fit=\"cover\" data-object-position=\"52% 59%\" srcset=\"https:\/\/www.lepontdemazerat.com\/wp-content\/uploads\/2023\/06\/pass-horizon-0VUjGKPuQ2g-unsplash.jpg 1920w, https:\/\/www.lepontdemazerat.com\/wp-content\/uploads\/2023\/06\/pass-horizon-0VUjGKPuQ2g-unsplash-300x166.jpg 300w, https:\/\/www.lepontdemazerat.com\/wp-content\/uploads\/2023\/06\/pass-horizon-0VUjGKPuQ2g-unsplash-1024x567.jpg 1024w, https:\/\/www.lepontdemazerat.com\/wp-content\/uploads\/2023\/06\/pass-horizon-0VUjGKPuQ2g-unsplash-768x426.jpg 768w, https:\/\/www.lepontdemazerat.com\/wp-content\/uploads\/2023\/06\/pass-horizon-0VUjGKPuQ2g-unsplash-1536x851.jpg 1536w\" sizes=\"(max-width: 1920px) 100vw, 1920px\" \/><div class=\"wp-block-cover__inner-container\">\n<p class=\"has-text-align-center has-large-font-size\"><\/p>\n<\/div><\/div>\n\n\n\n<h1 class=\"has-text-align-center\" id=\"partez-en-vacances-en-camping-pres-de-sarlat-avec-votre-chien\">Fahren Sie mit Ihrem Hund in den Campingurlaub bei Sarlat in Aquitanien.<\/h1>\n\n\n\n<p class=\"has-text-align-center\"><strong>Campingurlaub bei Sarlat mit Hund in Aquitanien buchen<\/strong>? Nichts leichter als das \u2013 mit dem Campingplatz Le Pont de Mazerat. Im Herzen der Dordogne und in der N\u00e4he der sch\u00f6nsten Ausflugsziele wohnen Sie nur 11 km von Sarlat entfernt, in nur 14 Autominuten erreichbar. Unser<strong> Campingplatz erleichtert Ihnen den Familienurlaub mit Ihrem Haustier<\/strong>. Gemeinsam genie\u00dfen Sie die weiten Landschaften des P\u00e9rigord und verbringen Ihre sch\u00f6nsten Ferien auf einem <a href=\"https:\/\/www.lepontdemazerat.com\/de\/\">familienfreundlichen Campingplatz bei Sarlat<\/a>.    <\/p>\n\n\n\n<div style=\"height:19px\" aria-hidden=\"true\" class=\"wp-block-spacer\"><\/div>\n\n\n\n<div class=\"wp-block-columns\">\n<div class=\"wp-block-column\">\n<h2 id=\"votre-sejour-en-mobil-home-ou-sur-un-emplacement-avec-votre-chien\">Unsere hundefreundlichen Camping-Ferienunterk\u00fcnfte in Aquitanien<\/h2>\n\n\n\n<p>Unsere tierischen Freunde sind auf unserem <strong>Campingplatz ganz in der N\u00e4he von Sarlat-la-Can\u00e9da<\/strong> herzlich willkommen. Sie m\u00fcssen nur die passende Buchung ausw\u00e4hlen, und Ihr <strong>Hund wird Ihren Urlaub <\/strong>mit Ihnen teilen \u2013 zur gro\u00dfen Freude der ganzen Familie. <\/p>\n\n\n\n<p>Die Mobilheime von Le Pont de Mazerat werden in verschiedenen Kategorien angeboten, mit einer Wohnfl\u00e4che von 18 bis 32 m\u00b2. Angenehme Schlafm\u00f6glichkeiten, eigene Sanit\u00e4rbereiche und die komplette K\u00fcchenausstattung machen diese Unterk\u00fcnfte ideal f\u00fcr komfortable Ferien. In demselben Sinne bietet Ihnen unser Campingplatz auch gro\u00dfe Holzchalets f\u00fcr bis zu 5 Personen an.  <\/p>\n\n\n\n<p>Wenn Sie einen noch originelleren Aufenthalt w\u00fcnschen, finden Sie auf unserem Campingplatz auch eine ganze Auswahl an au\u00dfergew\u00f6hnlichen, ausgestatteten Unterk\u00fcnften. Sie k\u00f6nnen sich also f\u00fcr ein Safarizelt, eine Zeltkabine, eine Lodge im Glamping-Stil oder sogar f\u00fcr die Tit\u2019Home-Unterkunft entscheiden, die Zelt und Mobilheim miteinander verbindet. <\/p>\n\n\n\n<p>F\u00fcr einen besonders authentischen Aufenthalt in der N\u00e4he von Sarlat buchen Sie einen klassischen <a href=\"https:\/\/www.lepontdemazerat.com\/de\/stellplatz-dordogne-aquitaine\/\">Campingstellplatz<\/a> und zeigen Ihrem Tier die Freude an einem Urlaub unter dem Zelt. Sie k\u00f6nnen auch Ihren Wohnwagen auf den Stellpl\u00e4tzen aufstellen und so Ferien mitten in der Natur in einer au\u00dfergew\u00f6hnlichen Lage verbringen. Und wenn Sie sich daf\u00fcr entschieden haben, die <a href=\"https:\/\/www.lepontdemazerat.com\/visitez-sarlat-en-camping-car\/\">Dordogne und Sarlat mit dem Wohnmobil zu entdecken<\/a>, sind die Stellpl\u00e4tze bestens ausgestattet, um Ihren Komfort zu gew\u00e4hrleisten, insbesondere mit Entsorgungsstationen.  <\/p>\n\n\n\n<div class=\"wp-container-69da18b68936f wp-block-buttons\">\n<div class=\"wp-block-button btn_galerie\"><a class=\"wp-block-button__link\" href=\"https:\/\/www.lepontdemazerat.com\/de\/vermietungen\/mobilheim-aquitaine\/\">Entdecken Sie die Mobilheime<\/a><\/div>\n\n\n\n<div class=\"wp-block-button btn_resa\"><a class=\"wp-block-button__link\">Buchen Sie Ihren Urlaub<\/a><\/div>\n<\/div>\n<\/div>\n\n\n\n<div class=\"wp-block-column is-vertically-aligned-center\">\n<div class=\"wp-block-image\"><figure class=\"aligncenter size-full\"><img loading=\"lazy\" width=\"800\" height=\"534\" src=\"https:\/\/www.lepontdemazerat.com\/wp-content\/uploads\/2024\/04\/ADO-camping-chien-sarlat.jpg\" alt=\"Camping aquitaine Hund\" class=\"wp-image-3408\" srcset=\"https:\/\/www.lepontdemazerat.com\/wp-content\/uploads\/2024\/04\/ADO-camping-chien-sarlat.jpg 800w, https:\/\/www.lepontdemazerat.com\/wp-content\/uploads\/2024\/04\/ADO-camping-chien-sarlat-300x200.jpg 300w, https:\/\/www.lepontdemazerat.com\/wp-content\/uploads\/2024\/04\/ADO-camping-chien-sarlat-768x513.jpg 768w\" sizes=\"(max-width: 800px) 100vw, 800px\" \/><\/figure><\/div>\n<\/div>\n<\/div>\n\n\n\n<div class=\"wp-block-columns alignfull are-vertically-aligned-center reverse-mob has-blanc-background-color has-background\">\n<div class=\"wp-block-column is-vertically-aligned-center\" style=\"flex-basis:45%\">\n<figure class=\"wp-block-gallery has-nested-images columns-default is-cropped gal_2\">\n<figure class=\"wp-block-image size-large\"><img loading=\"lazy\" width=\"1024\" height=\"682\" src=\"https:\/\/www.lepontdemazerat.com\/wp-content\/uploads\/2023\/01\/to-go-biking-geaca5daa4_1280-1024x682.jpg\" alt=\"Dordogne mit dem Fahrrad\" class=\"wp-image-1202\" srcset=\"https:\/\/www.lepontdemazerat.com\/wp-content\/uploads\/2023\/01\/to-go-biking-geaca5daa4_1280-1024x682.jpg 1024w, https:\/\/www.lepontdemazerat.com\/wp-content\/uploads\/2023\/01\/to-go-biking-geaca5daa4_1280-300x200.jpg 300w, https:\/\/www.lepontdemazerat.com\/wp-content\/uploads\/2023\/01\/to-go-biking-geaca5daa4_1280-768x512.jpg 768w, https:\/\/www.lepontdemazerat.com\/wp-content\/uploads\/2023\/01\/to-go-biking-geaca5daa4_1280.jpg 1280w\" sizes=\"(max-width: 1024px) 100vw, 1024px\" \/><\/figure>\n\n\n\n<figure class=\"wp-block-image size-full\"><img loading=\"lazy\" width=\"800\" height=\"600\" src=\"https:\/\/www.lepontdemazerat.com\/wp-content\/uploads\/2024\/04\/ADO-activites-sarlat-chien.jpg\" alt=\"Aktivit\u00e4ten im Freien mit dem Hund\" class=\"wp-image-3414\" srcset=\"https:\/\/www.lepontdemazerat.com\/wp-content\/uploads\/2024\/04\/ADO-activites-sarlat-chien.jpg 800w, https:\/\/www.lepontdemazerat.com\/wp-content\/uploads\/2024\/04\/ADO-activites-sarlat-chien-300x225.jpg 300w, https:\/\/www.lepontdemazerat.com\/wp-content\/uploads\/2024\/04\/ADO-activites-sarlat-chien-768x576.jpg 768w\" sizes=\"(max-width: 800px) 100vw, 800px\" \/><\/figure>\n<\/figure>\n<\/div>\n\n\n\n<div class=\"wp-block-column is-vertically-aligned-center\">\n<h2 id=\"que-faire-a-sarlat-avec-votre-animal\">Was kann man in Sarlat mit Ihrem Haustier unternehmen?<\/h2>\n\n\n\n<p>Der Campingplatz Le Pont de Mazerat liegt ganz in der N\u00e4he des <a href=\"https:\/\/www.lepontdemazerat.com\/de\/campingplatz-mit-see-dordogne\/\">Sees von Tamni\u00e8s<\/a> und bietet die M\u00f6glichkeit zu baden, zu angeln und in einer wundersch\u00f6nen Naturlandschaft spazieren zu gehen. Das ist die perfekte Umgebung, um gemeinsam mit Ihrem Hund frische Luft zu tanken, denn hier hat er viel Platz, um sich die Beine zu vertreten! Und auch Sie selbst k\u00f6nnen den Rundweg um den See f\u00fcr eine sportliche Aktivit\u00e4t nutzen.  <\/p>\n\n\n\n<p>Das Dordogne-Tal ist reich an sch\u00f6nen Orten, die sich bei einem Spaziergang entdecken lassen, und die Gemeinde Tamni\u00e8s ist ein hervorragendes Beispiel daf\u00fcr. Unter den <strong>Wanderungen, die direkt am Campingplatz starten<\/strong>, ist der Weg von Gargagnasse eine ideale Option f\u00fcr einen Ausflug mit Ihrem Hund, um sowohl die Natursch\u00f6nheiten als auch eine geschichtstr\u00e4chtige Region kennenzulernen. <\/p>\n\n\n\n<h3 id=\"jardins-et-villages-a-visiter-avec-votre-chien\">G\u00e4rten und D\u00f6rfer, die Sie mit Ihrem Hund besuchen k\u00f6nnen<\/h3>\n\n\n\n<p>Zu den Naturaktivit\u00e4ten in der N\u00e4he des Campingplatzes z\u00e4hlen mehrere bemerkenswerte G\u00e4rten, die innerhalb einer halben Stunde erreichbar sind. So k\u00f6nnen Sie die wundersch\u00f6nen G\u00e4rten von Marqueyssac, die sehr erfrischenden Wasserg\u00e4rten von Carsac oder auch die ber\u00fchmten G\u00e4rten von Eyrignac besuchen. In allen drei Anlagen sind Hunde erlaubt, sofern sie an der Leine gef\u00fchrt werden.  <\/p>\n\n\n\n<p>Verpassen Sie auch nicht die h\u00fcbschen St\u00e4dte und D\u00f6rfer in der Umgebung, allen voran Sarlat selbst. Ein Spaziergang durch die historische Altstadt wird Sie begeistern \u2026 Achten Sie nur darauf, dass Ihr Hund nicht versucht, die bronzenen G\u00e4nse am Fu\u00df des Manoir de Gisson anzugreifen! Auch an malerischen D\u00f6rfern mangelt es nicht, etwa Castelnaud, Domme oder La Roque-Gageac.   <\/p>\n<\/div>\n<\/div>\n\n\n\n<h2 id=\"les-recommandations-de-notre-camping-acceptant-les-animaux\">Die Empfehlungen unseres haustierfreundlichen Campingplatzes<\/h2>\n\n\n\n<p>Unser <strong>Campingplatz in der N\u00e4he von Sarlat erlaubt Haustiere<\/strong> unter bestimmten Bedingungen. Hunde, die Sie w\u00e4hrend Ihres Aufenthalts begleiten, m\u00fcssen zwingend einen <strong>g\u00fcltigen Impfpass<\/strong> haben und <strong>auf dem gesamten Campingplatz an der Leine gef\u00fchrt werden<\/strong>. Au\u00dferdem d\u00fcrfen Sie sie unter keinen Umst\u00e4nden allein in den Mietunterk\u00fcnften lassen. Und wie \u00fcberall gilt auch hier ein r\u00fccksichtsvolles Miteinander: Die Halter m\u00fcssen die Hinterlassenschaften ihrer Tiere beseitigen, damit sich alle Camper wohlf\u00fchlen k\u00f6nnen.   <\/p>\n\n\n\n<p>Bitte beachten Sie, dass bestimmte Tiere nicht erlaubt sind, insbesondere Hunde der 1. Kategorie und Hunde der 2. Kategorie. Auch Katzen sind nicht gestattet. Hunde aller anderen Kategorien sind dagegen willkommen, damit die ganze Familie im Urlaub komplett ist!  <\/p>\n\n\n\n<p>Wir empfehlen Ihnen, die Rezeption des Campingplatzes zu kontaktieren, um sicherzugehen, dass Ihr Hund den Bestimmungen entspricht und zu den erlaubten Tieren geh\u00f6rt. So gehen Sie kein Risiko ein und k\u00f6nnen Ihren Aufenthalt auf dem <strong>Campingplatz bei Sarlat mit Ihrem Hund<\/strong> ganz entspannt genie\u00dfen! <\/p>\n\n\n\n<div style=\"height:63px\" aria-hidden=\"true\" class=\"wp-block-spacer\"><\/div>\n","protected":false},"excerpt":{"rendered":"<p>Fahren Sie mit Ihrem Hund in den Campingurlaub bei Sarlat in Aquitanien. Campingurlaub bei Sarlat mit Hund in Aquitanien buchen? Nichts leichter als das \u2013 mit dem Campingplatz Le Pont de Mazerat. Im Herzen der Dordogne und in der N\u00e4he der sch\u00f6nsten Ausflugsziele wohnen Sie nur 11 km von Sarlat entfernt, in nur 14 Autominuten [&hellip;]<\/p>\n","protected":false},"author":1,"featured_media":3411,"parent":0,"menu_order":0,"comment_status":"closed","ping_status":"closed","template":"","meta":[],"acf":[],"_links":{"self":[{"href":"https:\/\/www.lepontdemazerat.com\/de\/wp-json\/wp\/v2\/pages\/4977"}],"collection":[{"href":"https:\/\/www.lepontdemazerat.com\/de\/wp-json\/wp\/v2\/pages"}],"about":[{"href":"https:\/\/www.lepontdemazerat.com\/de\/wp-json\/wp\/v2\/types\/page"}],"author":[{"embeddable":true,"href":"https:\/\/www.lepontdemazerat.com\/de\/wp-json\/wp\/v2\/users\/1"}],"replies":[{"embeddable":true,"href":"https:\/\/www.lepontdemazerat.com\/de\/wp-json\/wp\/v2\/comments?post=4977"}],"version-history":[{"count":3,"href":"https:\/\/www.lepontdemazerat.com\/de\/wp-json\/wp\/v2\/pages\/4977\/revisions"}],"predecessor-version":[{"id":4980,"href":"https:\/\/www.lepontdemazerat.com\/de\/wp-json\/wp\/v2\/pages\/4977\/revisions\/4980"}],"wp:featuredmedia":[{"embeddable":true,"href":"https:\/\/www.lepontdemazerat.com\/de\/wp-json\/wp\/v2\/media\/3411"}],"wp:attachment":[{"href":"https:\/\/www.lepontdemazerat.com\/de\/wp-json\/wp\/v2\/media?parent=4977"}],"curies":[{"name":"wp","href":"https:\/\/api.w.org\/{rel}","templated":true}]}}