{"id":1633,"date":"2023-01-19T12:31:00","date_gmt":"2023-01-19T11:31:00","guid":{"rendered":"https:\/\/www.lepontdemazerat.com\/faq\/"},"modified":"2023-06-14T09:21:08","modified_gmt":"2023-06-14T07:21:08","slug":"faq","status":"publish","type":"page","link":"https:\/\/www.lepontdemazerat.com\/en\/faq\/","title":{"rendered":"faq"},"content":{"rendered":"\n<div class=\"wp-container-69f89cf78e2e8 wp-block-group\"><div class=\"wp-block-group__inner-container\">\n<h1 class=\"has-text-align-center has-noir-color has-text-color\" id=\"foire-aux-questions\">Frequently Asked Questions<\/h1>\n\n\n\n<h2 class=\"has-text-align-center\" id=\"une-question-sur-notre-camping-en-perigord\">A question about our campsite in Perigord ?<\/h2>\n\n\n\n<p class=\"has-text-align-center h3\" id=\"une-question-nous-y-repondons\">Any questions? We answer them<\/p>\n\n\n\n<p class=\"has-text-align-center\">For a peaceful vacation in the P\u00e9rigord Noir, we have transcribed the<strong> most common questions and answers<\/strong>.<\/p>\n\n\n\n<p class=\"has-text-align-center\">Do not hesitate to contact us by <a href=\"https:\/\/www.lepontdemazerat.com\/en\/contact\/\" data-type=\"page\" data-id=\"93\">\n  <strong>email<\/strong>\n<\/a> or by<strong> phone<\/strong>, if you can&#8217;t find your question.<\/p>\n\n\n\n<p class=\"has-text-align-center\">We are at your entire disposal.<\/p>\n<\/div><\/div>\n\n\n\n<div class=\"wp-block-group accordeon\"><div class=\"wp-block-group__inner-container\">\n<p>What is the opening period of the campsite?<\/p>\n\n\n\n<div class=\"wp-container-69f89cf78e621 wp-block-group\"><div class=\"wp-block-group__inner-container\">\n<p>Opening dates:<br><div itemprop=\"openingHoursSpecification\">Rentals from 27 April to 30 September<\/div><br><div itemprop=\"openingHoursSpecification\">Open air camping from 15 May to 30 September<\/div><\/p>\n<\/div><\/div>\n<\/div><\/div>\n\n\n\n<div class=\"wp-block-group accordeon\"><div class=\"wp-block-group__inner-container\">\n<p>Are there any BBQ&#8217;s on the campsite?<\/p>\n\n\n\n<div class=\"wp-container-69f89cf78e998 wp-block-group\"><div class=\"wp-block-group__inner-container\">\n<p>Several BBQ&#8217;s are available on the campsite. If you wish, you can bring your own.<\/p>\n<\/div><\/div>\n<\/div><\/div>\n\n\n\n<div class=\"wp-block-group accordeon\"><div class=\"wp-block-group__inner-container\">\n<p>Do you accept animals?<\/p>\n\n\n\n<div class=\"wp-container-69f89cf78ecae wp-block-group\"><div class=\"wp-block-group__inner-container\">\n<p>Pets are welcome at the campsite if they are vaccinated, except for dogs of class 1 and 2 which are forbidden. Several hiking trails start from the campsite, for their daily walk.<strong> Pets are not allowed to stay alone in the rentals<\/strong>. We also remind you that pet owners are required to pick up after their pets on the campsite.<\/p>\n<\/div><\/div>\n<\/div><\/div>\n\n\n\n<div class=\"wp-block-group accordeon\"><div class=\"wp-block-group__inner-container\">\n<p>Is there wifi on the campsite?<\/p>\n\n\n\n<div class=\"wp-container-69f89cf78efd9 wp-block-group\"><div class=\"wp-block-group__inner-container\">\n<p>You will find wifi on the whole campsite. Ask for the access codes at the reception or at the bar.<\/p>\n<\/div><\/div>\n<\/div><\/div>\n\n\n\n<div class=\"wp-block-group accordeon\"><div class=\"wp-block-group__inner-container\">\n<p>Does the campsite have a laundry?<\/p>\n\n\n\n<div class=\"wp-container-69f89cf78f304 wp-block-group\"><div class=\"wp-block-group__inner-container\">\n<p>Two washing machines and a dryer are at your disposal in the sanitary block.<\/p>\n<\/div><\/div>\n<\/div><\/div>\n\n\n\n<div class=\"wp-block-group accordeon\"><div class=\"wp-block-group__inner-container\">\n<p>How far is the city from the nearest supermarket?<\/p>\n\n\n\n<div class=\"wp-container-69f89cf78f600 wp-block-group\"><div class=\"wp-block-group__inner-container\">\n<p>The campsite is located 10 minutes from Sarlat where you will find several supermarkets.  <\/p>\n<\/div><\/div>\n<\/div><\/div>\n\n\n\n<div class=\"wp-block-group accordeon\"><div class=\"wp-block-group__inner-container\">\n<p>Is there a bread deposit in the campsite?<\/p>\n\n\n\n<div class=\"wp-container-69f89cf78f926 wp-block-group\"><div class=\"wp-block-group__inner-container\">\n<p>On site, you will find a convenience store with bread and pastries every morning on order.<\/p>\n<\/div><\/div>\n<\/div><\/div>\n\n\n\n<div class=\"wp-block-group accordeon\"><div class=\"wp-block-group__inner-container\">\n<p>Is there public transportation?<\/p>\n\n\n\n<div class=\"wp-container-69f89cf78fc95 wp-block-group\"><div class=\"wp-block-group__inner-container\">\n<p>We are located in a rural area. There is no public transportation. The car is indispensable.<\/p>\n<\/div><\/div>\n<\/div><\/div>\n\n\n\n<div class=\"wp-block-group accordeon\"><div class=\"wp-block-group__inner-container\">\n<p>What are the reception hours?<\/p>\n\n\n\n<div class=\"wp-container-69f89cf78ffa8 wp-block-group\"><div class=\"wp-block-group__inner-container\">\n<p>The reception is open from 9am to 7pm.<\/p>\n<\/div><\/div>\n<\/div><\/div>\n\n\n\n<h2 class=\"h3\" id=\"locations\">Rentals<\/h2>\n\n\n\n<div class=\"wp-block-group accordeon\"><div class=\"wp-block-group__inner-container\">\n<p>At what time can we arrive and leave the accommodation?<\/p>\n\n\n\n<div class=\"wp-container-69f89cf7902e2 wp-block-group\"><div class=\"wp-block-group__inner-container\">\n<p>Rentals are available from 4pm and must be vacated before 10am.<\/p>\n<\/div><\/div>\n<\/div><\/div>\n\n\n\n<div class=\"wp-block-group accordeon\"><div class=\"wp-block-group__inner-container\">\n<p>Is there a television in the rentals?<\/p>\n\n\n\n<div class=\"wp-container-69f89cf790603 wp-block-group\"><div class=\"wp-block-group__inner-container\">\n<p>Our rentals are not equipped with TV.<\/p>\n<\/div><\/div>\n<\/div><\/div>\n\n\n\n<div class=\"wp-block-group accordeon\"><div class=\"wp-block-group__inner-container\">\n<p>Are sheets and towels provided?<\/p>\n\n\n\n<div class=\"wp-container-69f89cf790909 wp-block-group\"><div class=\"wp-block-group__inner-container\">\n<p>Sheets are not provided, but you can rent them, as well as towels.<\/p>\n<\/div><\/div>\n<\/div><\/div>\n\n\n\n<h2 class=\"h3\" id=\"emplacements\">Locations<\/h2>\n\n\n\n<div class=\"wp-block-group accordeon\"><div class=\"wp-block-group__inner-container\">\n<p>From what time can we settle on the site?<\/p>\n\n\n\n<div class=\"wp-container-69f89cf790c3e wp-block-group\"><div class=\"wp-block-group__inner-container\">\n<p>Pitches are available from 2pm.<\/p>\n<\/div><\/div>\n<\/div><\/div>\n\n\n\n<div class=\"wp-block-group accordeon\"><div class=\"wp-block-group__inner-container\">\n<p>At what point should the site be released?<\/p>\n\n\n\n<div class=\"wp-container-69f89cf790f47 wp-block-group\"><div class=\"wp-block-group__inner-container\">\n<p>The site must be vacated before 12:00.<\/p>\n<\/div><\/div>\n<\/div><\/div>\n\n\n\n<div class=\"wp-block-group accordeon\"><div class=\"wp-block-group__inner-container\">\n<p>How big are the sites?<\/p>\n\n\n\n<div class=\"wp-container-69f89cf791274 wp-block-group\"><div class=\"wp-block-group__inner-container\">\n<p>All our pitches are about 100 m\u00b2.<\/p>\n<\/div><\/div>\n<\/div><\/div>\n\n\n\n<div class=\"wp-block-group accordeon\"><div class=\"wp-block-group__inner-container\">\n<p>Is there electricity on the sites?<\/p>\n\n\n\n<div class=\"wp-container-69f89cf7915b8 wp-block-group\"><div class=\"wp-block-group__inner-container\">\n<p>All of our sites are equipped with 10 amp electrical hookups.<\/p>\n<\/div><\/div>\n<\/div><\/div>\n\n\n\n<div class=\"wp-block-group accordeon\"><div class=\"wp-block-group__inner-container\">\n<p>Do we need to take a European power adapter?<\/p>\n\n\n\n<div class=\"wp-container-69f89cf791910 wp-block-group\"><div class=\"wp-block-group__inner-container\">\n<p>Our electrical terminals are equipped with French type E electrical outlets.<\/p>\n<\/div><\/div>\n<\/div><\/div>\n\n\n\n<div class=\"wp-block-group accordeon\"><div class=\"wp-block-group__inner-container\">\n<p>Are there any pitches for campers?<\/p>\n\n\n\n<div class=\"wp-container-69f89cf791c7f wp-block-group\"><div class=\"wp-block-group__inner-container\">\n<p>Motorhomes are allowed on the camping pitches. We also have 2 pitches specially reserved for campers who only want to stay for one night. (6pm &#8211; 10am)<\/p>\n<\/div><\/div>\n<\/div><\/div>\n\n\n\n<h2 class=\"h3\" id=\"camping\">Camping<\/h2>\n\n\n\n<div class=\"wp-block-group accordeon\"><div class=\"wp-block-group__inner-container\">\n<p>Do you accept the ANWB and ACSI card?<\/p>\n\n\n\n<div class=\"wp-container-69f89cf791fbb wp-block-group\"><div class=\"wp-block-group__inner-container\">\n<p>We do not accept them.<\/p>\n<\/div><\/div>\n<\/div><\/div>\n\n\n\n<div class=\"wp-block-group accordeon\"><div class=\"wp-block-group__inner-container\">\n<p>What payment methods are accepted?<\/p>\n\n\n\n<div class=\"wp-container-69f89cf7922ed wp-block-group\"><div class=\"wp-block-group__inner-container\">\n<p>We accept payment by credit card, bank transfer, checks and cash.<\/p>\n<\/div><\/div>\n<\/div><\/div>\n\n\n\n<div class=\"wp-block-group accordeon\"><div class=\"wp-block-group__inner-container\">\n<p>How to book online ?<\/p>\n\n\n\n<div class=\"wp-container-69f89cf79269d wp-block-group\"><div class=\"wp-block-group__inner-container\">\n<p>No need to panic. Choose your dates of stay. Select your accommodation and click on &#8220;book&#8221;. Then follow the procedure.<\/p>\n\n\n\n<p>If you encounter any problems, please do not hesitate to contact us.<\/p>\n<\/div><\/div>\n<\/div><\/div>\n\n\n\n<div class=\"wp-block-group accordeon\"><div class=\"wp-block-group__inner-container\">\n<p>Is there a cancellation insurance ?<\/p>\n\n\n\n<div class=\"wp-container-69f89cf7929e5 wp-block-group\"><div class=\"wp-block-group__inner-container\">\n<p>We work with the FFCC (F\u00e9d\u00e9ration Fran\u00e7aise des Campeurs et des Camping-caristes). Fill out the form and send it to the FFCC.<\/p>\n<\/div><\/div>\n<\/div><\/div>\n\n\n\n<div class=\"wp-block-group accordeon\"><div class=\"wp-block-group__inner-container\">\n<p>Do you accept VACAF?<\/p>\n\n\n\n<div class=\"wp-container-69f89cf792d03 wp-block-group\"><div class=\"wp-block-group__inner-container\">\n<p>We do not accept VACAF.<\/p>\n<\/div><\/div>\n<\/div><\/div>\n","protected":false},"excerpt":{"rendered":"<p>Frequently Asked Questions A question about our campsite in Perigord ? Any questions? We answer them For a peaceful vacation in the P\u00e9rigord Noir, we have transcribed the most common questions and answers. Do not hesitate to contact us by email or by phone, if you can&#8217;t find your question. We are at your entire [&hellip;]<\/p>\n","protected":false},"author":1,"featured_media":0,"parent":0,"menu_order":0,"comment_status":"closed","ping_status":"closed","template":"","meta":[],"acf":[],"_links":{"self":[{"href":"https:\/\/www.lepontdemazerat.com\/en\/wp-json\/wp\/v2\/pages\/1633"}],"collection":[{"href":"https:\/\/www.lepontdemazerat.com\/en\/wp-json\/wp\/v2\/pages"}],"about":[{"href":"https:\/\/www.lepontdemazerat.com\/en\/wp-json\/wp\/v2\/types\/page"}],"author":[{"embeddable":true,"href":"https:\/\/www.lepontdemazerat.com\/en\/wp-json\/wp\/v2\/users\/1"}],"replies":[{"embeddable":true,"href":"https:\/\/www.lepontdemazerat.com\/en\/wp-json\/wp\/v2\/comments?post=1633"}],"version-history":[{"count":3,"href":"https:\/\/www.lepontdemazerat.com\/en\/wp-json\/wp\/v2\/pages\/1633\/revisions"}],"predecessor-version":[{"id":2373,"href":"https:\/\/www.lepontdemazerat.com\/en\/wp-json\/wp\/v2\/pages\/1633\/revisions\/2373"}],"wp:attachment":[{"href":"https:\/\/www.lepontdemazerat.com\/en\/wp-json\/wp\/v2\/media?parent=1633"}],"curies":[{"name":"wp","href":"https:\/\/api.w.org\/{rel}","templated":true}]}}