{"id":1641,"date":"2023-01-19T12:33:06","date_gmt":"2023-01-19T11:33:06","guid":{"rendered":"https:\/\/www.lepontdemazerat.com\/rentals\/"},"modified":"2023-06-14T09:24:05","modified_gmt":"2023-06-14T07:24:05","slug":"rentals","status":"publish","type":"page","link":"https:\/\/www.lepontdemazerat.com\/en\/rentals\/","title":{"rendered":"Rentals"},"content":{"rendered":"\n<div class=\"wp-block-cover alignfull\"><span aria-hidden=\"true\" class=\"has-background-dim-60 wp-block-cover__gradient-background has-background-dim\"><\/span><img loading=\"lazy\" width=\"1920\" height=\"1277\" class=\"wp-block-cover__image-background wp-image-712\" alt=\"\" src=\"https:\/\/www.lepontdemazerat.com\/wp-content\/uploads\/2023\/01\/Mobilhome-28m\u00b2-Camping-le-Pont-de-Mazerat.webp\" style=\"object-position:52% 70%\" data-object-fit=\"cover\" data-object-position=\"52% 70%\" srcset=\"https:\/\/www.lepontdemazerat.com\/wp-content\/uploads\/2023\/01\/Mobilhome-28m\u00b2-Camping-le-Pont-de-Mazerat.webp 1920w, https:\/\/www.lepontdemazerat.com\/wp-content\/uploads\/2023\/01\/Mobilhome-28m\u00b2-Camping-le-Pont-de-Mazerat-300x200.webp 300w, https:\/\/www.lepontdemazerat.com\/wp-content\/uploads\/2023\/01\/Mobilhome-28m\u00b2-Camping-le-Pont-de-Mazerat-1024x681.webp 1024w, https:\/\/www.lepontdemazerat.com\/wp-content\/uploads\/2023\/01\/Mobilhome-28m\u00b2-Camping-le-Pont-de-Mazerat-768x511.webp 768w, https:\/\/www.lepontdemazerat.com\/wp-content\/uploads\/2023\/01\/Mobilhome-28m\u00b2-Camping-le-Pont-de-Mazerat-1536x1022.webp 1536w\" sizes=\"(max-width: 1920px) 100vw, 1920px\" \/><div class=\"wp-block-cover__inner-container\">\n<p class=\"has-text-align-center has-large-font-size\"><\/p>\n<\/div><\/div>\n\n\n\n<div class=\"wp-container-69f0d02f70782 wp-block-group\"><div class=\"wp-block-group__inner-container\">\n<h1 class=\"has-text-align-center\" id=\"un-camping-proche-de-sarlat\">A campsite near Sarlat<\/h1>\n\n\n\n<h2 class=\"has-text-align-center p\" id=\"des-vacances-en-famille-dans-un-camping-pres-de-sarlat\"><strong>Family vacations in a campsite near Sarlat<\/strong><\/h2>\n\n\n\n<p class=\"has-text-align-center\">Located 12 km from Sarlat la Can\u00e9da, the capital of the P\u00e9rigord Noir, our <a href=\"https:\/\/www.lepontdemazerat.com\/en\/\" data-type=\"page\" data-id=\"5\">campsite le Pont de Mazerat in Tamni\u00e8s<\/a> is designed for lovers of nature, sun and relaxation.<\/p>\n\n\n\n<p class=\"has-text-align-center\">Enter the musical world of the Beunes, small streams that meander in and around the campsite, admire the sparkling ponds typical of the region and finally contemplate the green forests natural belt of the campsite.<\/p>\n\n\n\n<p class=\"has-text-align-center\">To come to the Camping le Pont de Mazerat is to enjoy a warm, simple and rejuvenating break.<\/p>\n<\/div><\/div>\n\n\n\n<div class=\"wp-block-columns alignwide reverse-mob\">\n<div class=\"wp-block-column padding-t-b\" style=\"flex-basis:32%\">\n<h2 id=\"location-de-mobil-homes-au-camping-4-etoiles\">Mobile home rental at the 4 star campsite<\/h2>\n\n\n\n<ul class=\"pictos col-4\"><li><i class=\"fas fa-users\"><\/i>  2 to 8 persons<\/li><li><i class=\"fas fa-oven\"><\/i>  Equipped kitchen<\/li><li><i class=\"fas fa-shower\"><\/i>  Sanitary with separate toilet<\/li><li><i class=\"fas fa-umbrella-beach\"><\/i>  Terrace<\/li><li><i class=\"fas fa-tv\"><\/i>  Without TV<\/li><\/ul>\n\n\n\n<p>As a family, as a couple or with friends, with or without children, spend a convivial vacation in one of our comfortable mobile homes.<\/p>\n\n\n\n<p>Enjoy your stay in the P\u00e9rigord in the calm and in the middle of nature.<\/p>\n\n\n\n<p>Choose a moment of relaxation on the terrace, an activity with the children, an improvised barbecue with the neighbors&#8230; The vacations are starting!<\/p>\n\n\n\n<div class=\"wp-container-69f0d02f70b44 wp-block-buttons\">\n<div class=\"wp-block-button btn_galerie\"><a class=\"wp-block-button__link\" href=\"https:\/\/www.lepontdemazerat.com\/en\/rentals\/mobile-homes\/\">More information on mobile homes<\/a><\/div>\n<\/div>\n\n\n\n<div class=\"wp-container-69f0d02f70e13 wp-block-buttons\">\n<div class=\"wp-block-button btn_resa\"><a class=\"wp-block-button__link\">Book your vacation<\/a><\/div>\n<\/div>\n<\/div>\n\n\n\n<div class=\"wp-block-column\">\n<figure class=\"wp-block-gallery alignfull has-nested-images columns-4 is-cropped diaporama--2 gal_overflow\">\n<figure class=\"wp-block-image size-large\"><img loading=\"lazy\" width=\"1024\" height=\"681\" src=\"https:\/\/www.lepontdemazerat.com\/wp-content\/uploads\/2023\/01\/00000288786.webp\" alt=\"\" class=\"wp-image-1267\" srcset=\"https:\/\/www.lepontdemazerat.com\/wp-content\/uploads\/2023\/01\/00000288786.webp 1024w, https:\/\/www.lepontdemazerat.com\/wp-content\/uploads\/2023\/01\/00000288786-300x200.webp 300w, https:\/\/www.lepontdemazerat.com\/wp-content\/uploads\/2023\/01\/00000288786-768x511.webp 768w\" sizes=\"(max-width: 1024px) 100vw, 1024px\" \/><\/figure>\n\n\n\n<figure class=\"wp-block-image size-large\"><img loading=\"lazy\" width=\"800\" height=\"533\" src=\"https:\/\/www.lepontdemazerat.com\/wp-content\/uploads\/2023\/01\/00000147452.webp\" alt=\"\" class=\"wp-image-1269\" srcset=\"https:\/\/www.lepontdemazerat.com\/wp-content\/uploads\/2023\/01\/00000147452.webp 800w, https:\/\/www.lepontdemazerat.com\/wp-content\/uploads\/2023\/01\/00000147452-300x200.webp 300w, https:\/\/www.lepontdemazerat.com\/wp-content\/uploads\/2023\/01\/00000147452-768x512.webp 768w\" sizes=\"(max-width: 800px) 100vw, 800px\" \/><\/figure>\n\n\n\n<figure class=\"wp-block-image size-large\"><img loading=\"lazy\" width=\"1176\" height=\"882\" src=\"https:\/\/www.lepontdemazerat.com\/wp-content\/uploads\/2023\/01\/00000906749.webp\" alt=\"\" class=\"wp-image-1271\" srcset=\"https:\/\/www.lepontdemazerat.com\/wp-content\/uploads\/2023\/01\/00000906749.webp 1176w, https:\/\/www.lepontdemazerat.com\/wp-content\/uploads\/2023\/01\/00000906749-300x225.webp 300w, https:\/\/www.lepontdemazerat.com\/wp-content\/uploads\/2023\/01\/00000906749-1024x768.webp 1024w, https:\/\/www.lepontdemazerat.com\/wp-content\/uploads\/2023\/01\/00000906749-768x576.webp 768w\" sizes=\"(max-width: 1176px) 100vw, 1176px\" \/><\/figure>\n\n\n\n<figure class=\"wp-block-image size-large\"><img loading=\"lazy\" width=\"1176\" height=\"882\" src=\"https:\/\/www.lepontdemazerat.com\/wp-content\/uploads\/2023\/01\/00000291710.webp\" alt=\"\" class=\"wp-image-1273\" srcset=\"https:\/\/www.lepontdemazerat.com\/wp-content\/uploads\/2023\/01\/00000291710.webp 1176w, https:\/\/www.lepontdemazerat.com\/wp-content\/uploads\/2023\/01\/00000291710-300x225.webp 300w, https:\/\/www.lepontdemazerat.com\/wp-content\/uploads\/2023\/01\/00000291710-1024x768.webp 1024w, https:\/\/www.lepontdemazerat.com\/wp-content\/uploads\/2023\/01\/00000291710-768x576.webp 768w\" sizes=\"(max-width: 1176px) 100vw, 1176px\" \/><\/figure>\n<\/figure>\n<\/div>\n<\/div>\n\n\n\n<div class=\"wp-block-columns are-vertically-aligned-center\">\n<div class=\"wp-block-column is-vertically-aligned-center\" style=\"flex-basis:45%\">\n<figure class=\"wp-block-gallery has-nested-images columns-default is-cropped gal_2\">\n<figure class=\"wp-block-image size-large\"><img loading=\"lazy\" width=\"1024\" height=\"682\" src=\"https:\/\/www.lepontdemazerat.com\/wp-content\/uploads\/2023\/01\/chalet-camping-dordogne-le-pont-de-mazerat-terrasse-1024x682-1.jpg\" alt=\"\" class=\"wp-image-750\" srcset=\"https:\/\/www.lepontdemazerat.com\/wp-content\/uploads\/2023\/01\/chalet-camping-dordogne-le-pont-de-mazerat-terrasse-1024x682-1.jpg 1024w, https:\/\/www.lepontdemazerat.com\/wp-content\/uploads\/2023\/01\/chalet-camping-dordogne-le-pont-de-mazerat-terrasse-1024x682-1-300x200.jpg 300w, https:\/\/www.lepontdemazerat.com\/wp-content\/uploads\/2023\/01\/chalet-camping-dordogne-le-pont-de-mazerat-terrasse-1024x682-1-768x512.jpg 768w\" sizes=\"(max-width: 1024px) 100vw, 1024px\" \/><\/figure>\n\n\n\n<figure class=\"wp-block-image size-large\"><img loading=\"lazy\" width=\"1024\" height=\"682\" src=\"https:\/\/www.lepontdemazerat.com\/wp-content\/uploads\/2023\/01\/chalet-terrasse-camping-le-Pont-de-Mazerat-1024x682-1.jpg\" alt=\"\" class=\"wp-image-757\" srcset=\"https:\/\/www.lepontdemazerat.com\/wp-content\/uploads\/2023\/01\/chalet-terrasse-camping-le-Pont-de-Mazerat-1024x682-1.jpg 1024w, https:\/\/www.lepontdemazerat.com\/wp-content\/uploads\/2023\/01\/chalet-terrasse-camping-le-Pont-de-Mazerat-1024x682-1-300x200.jpg 300w, https:\/\/www.lepontdemazerat.com\/wp-content\/uploads\/2023\/01\/chalet-terrasse-camping-le-Pont-de-Mazerat-1024x682-1-768x512.jpg 768w\" sizes=\"(max-width: 1024px) 100vw, 1024px\" \/><\/figure>\n<\/figure>\n<\/div>\n\n\n\n<div class=\"wp-block-column is-vertically-aligned-center\">\n<h2 id=\"des-vacances-en-chalet-dans-le-perigord-en-dordogne\">Vacations in a chalet in the Perigord in Dordogne<\/h2>\n\n\n\n<ul class=\"pictos col-4\"><li><i class=\"fas fa-users\"><\/i>  2 to 5 persons<\/li><li><i class=\"fas fa-oven\"><\/i>  Equipped kitchen<\/li><li><i class=\"fas fa-shower\"><\/i>  Sanitary<\/li><li><i class=\"fas fa-umbrella-beach\"><\/i>  Terrace<\/li><li><i class=\"fas fa-tv\"><\/i>  Without TV<\/li><\/ul>\n\n\n\n<p>Nestled in its green setting, between the Dordogne and V\u00e9z\u00e8re valleys, our campsite near Sarlat, offers you a chalet to live in harmony with its environment<\/p>\n\n\n\n<p>Leave the hustle and bustle, the noise and enjoy your terrace, your own moments. Long live the vacations!<\/p>\n\n\n\n<div class=\"wp-container-69f0d02f712d6 wp-block-buttons\">\n<div class=\"wp-block-button btn_galerie\"><a class=\"wp-block-button__link\" href=\"https:\/\/www.lepontdemazerat.com\/en\/rentals\/cottages\/\">More information about the chalet<\/a><\/div>\n<\/div>\n\n\n\n<div class=\"wp-container-69f0d02f715e9 wp-block-buttons\">\n<div class=\"wp-block-button btn_resa\"><a class=\"wp-block-button__link\">Reserve quickly!<\/a><\/div>\n<\/div>\n<\/div>\n<\/div>\n\n\n\n<div class=\"wp-block-cover alignfull M-05-a\"><span aria-hidden=\"true\" class=\"has-background-dim-60 wp-block-cover__gradient-background has-background-dim\"><\/span><img loading=\"lazy\" width=\"2057\" height=\"804\" class=\"wp-block-cover__image-background wp-image-1279\" alt=\"\" src=\"https:\/\/www.lepontdemazerat.com\/wp-content\/uploads\/2023\/01\/mobilhome-2chambres-camping-sarlat-lepontdemazerat-dordogne.jpg\" data-object-fit=\"cover\" srcset=\"https:\/\/www.lepontdemazerat.com\/wp-content\/uploads\/2023\/01\/mobilhome-2chambres-camping-sarlat-lepontdemazerat-dordogne.jpg 2057w, https:\/\/www.lepontdemazerat.com\/wp-content\/uploads\/2023\/01\/mobilhome-2chambres-camping-sarlat-lepontdemazerat-dordogne-300x117.jpg 300w, https:\/\/www.lepontdemazerat.com\/wp-content\/uploads\/2023\/01\/mobilhome-2chambres-camping-sarlat-lepontdemazerat-dordogne-1024x400.jpg 1024w, https:\/\/www.lepontdemazerat.com\/wp-content\/uploads\/2023\/01\/mobilhome-2chambres-camping-sarlat-lepontdemazerat-dordogne-768x300.jpg 768w, https:\/\/www.lepontdemazerat.com\/wp-content\/uploads\/2023\/01\/mobilhome-2chambres-camping-sarlat-lepontdemazerat-dordogne-1536x600.jpg 1536w, https:\/\/www.lepontdemazerat.com\/wp-content\/uploads\/2023\/01\/mobilhome-2chambres-camping-sarlat-lepontdemazerat-dordogne-2048x800.jpg 2048w\" sizes=\"(max-width: 2057px) 100vw, 2057px\" \/><div class=\"wp-block-cover__inner-container\">\n<p class=\"has-text-align-center has-large-font-size\"><\/p>\n<\/div><\/div>\n\n\n\n<div class=\"wp-container-69f0d02f7200f wp-block-group\"><div class=\"wp-block-group__inner-container\">\n<h2 class=\"has-text-align-center\" id=\"cyprum-itidem-insulam-procul-a-continenti-discretam-1\">Unusual accommodations near Sarlat :<\/h2>\n\n\n\n<ul class=\"pictos centre\"><li><i class=\"fas fa-users\"><\/i>  1 to 5 persons<\/li><li><i class=\"fas fa-oven\"><\/i>  Equipped kitchen<\/li><li><i class=\"fas fa-umbrella-beach\"><\/i>  Terrace<\/li><li><i class=\"fas fa-leaf-heart\"><\/i>  Nature &amp; Comfort<\/li><li><i class=\"fas fa-minus\"><\/i>  Without sanitary facilities &amp; without TV<\/li><\/ul>\n\n\n\n<p class=\"has-text-align-center\">Want to try glamping? These accommodations have the same spirit and atmosphere as the camping but with comfort and originality!<\/p>\n\n\n\n<p class=\"has-text-align-center\">Canvas huts: made of wood and canvas, with a terrace and outdoor living room, you have an interior space arranged in three parts (two for the night and one part equipped with a kitchen with water, without sanitary facilities or TV). They can accommodate 5 people (1 double bed and bunk beds, 1 single bed)<\/p>\n\n\n\n<div class=\"wp-block-group lire-plus-pc\"><div class=\"wp-block-group__inner-container\">\n<p class=\"has-text-align-center\">Read more<\/p>\n\n\n\n<div class=\"wp-container-69f0d02f719df wp-block-group\"><div class=\"wp-block-group__inner-container\">\n<p class=\"has-text-align-center\">Safari tents: all made of canvas with wooden uprights, they have large interior and exterior spaces. The kitchen area is equipped with a fridge, cooking plate, dishes etc. They can accommodate 4 people and an extra bed (without sanitary facilities or TV)<\/p>\n\n\n\n<p class=\"has-text-align-center\">The Coco Sweet : cosy atmosphere, for these tents for 4 persons with a kitchenette, without water and without sanitary facilities or TV.<\/p>\n\n\n\n<p class=\"has-text-align-center\">The Tit&#8217;home : it&#8217;s the mobile home spirit on the night side (two bedrooms in a space with partitions and doors) and the tent spirit on the kitchen and terrace side. For 5 people, they have a private toilet. Without TV.<\/p>\n\n\n\n<p class=\"has-text-align-center\">Live with a free spirit!<\/p>\n<\/div><\/div>\n<\/div><\/div>\n\n\n\n<div class=\"wp-container-69f0d02f71cce wp-block-buttons\">\n<div class=\"wp-block-button btn_galerie\"><a class=\"wp-block-button__link\" href=\"https:\/\/www.lepontdemazerat.com\/en\/rentals\/unusual-accommodations\/\">Our unusual rentals<\/a><\/div>\n\n\n\n<div class=\"wp-block-button btn_resa\"><a class=\"wp-block-button__link\">Search for a stay<\/a><\/div>\n<\/div>\n\n\n\n<figure class=\"wp-block-gallery alignwide has-nested-images columns-5 is-cropped diaporama-mob\">\n<figure class=\"wp-block-image size-large\"><img loading=\"lazy\" width=\"900\" height=\"600\" src=\"https:\/\/www.lepontdemazerat.com\/wp-content\/uploads\/2022\/12\/camping-dordogne-cocosweet-hebergement-insolite-le-pont-de-mazerat.jpg\" alt=\"\" class=\"wp-image-639\" srcset=\"https:\/\/www.lepontdemazerat.com\/wp-content\/uploads\/2022\/12\/camping-dordogne-cocosweet-hebergement-insolite-le-pont-de-mazerat.jpg 900w, https:\/\/www.lepontdemazerat.com\/wp-content\/uploads\/2022\/12\/camping-dordogne-cocosweet-hebergement-insolite-le-pont-de-mazerat-300x200.jpg 300w, https:\/\/www.lepontdemazerat.com\/wp-content\/uploads\/2022\/12\/camping-dordogne-cocosweet-hebergement-insolite-le-pont-de-mazerat-768x512.jpg 768w\" sizes=\"(max-width: 900px) 100vw, 900px\" \/><figcaption>Coco sweets<\/figcaption><\/figure>\n\n\n\n<figure class=\"wp-block-image size-large\"><img loading=\"lazy\" width=\"1024\" height=\"683\" src=\"https:\/\/www.lepontdemazerat.com\/wp-content\/uploads\/2022\/12\/cabane-toilee-camping-le-pont-de-Mazerat-a-Tamnies-e1580312553803-1024x683.jpg\" alt=\"\" class=\"wp-image-641\" srcset=\"https:\/\/www.lepontdemazerat.com\/wp-content\/uploads\/2022\/12\/cabane-toilee-camping-le-pont-de-Mazerat-a-Tamnies-e1580312553803-1024x683.jpg 1024w, https:\/\/www.lepontdemazerat.com\/wp-content\/uploads\/2022\/12\/cabane-toilee-camping-le-pont-de-Mazerat-a-Tamnies-e1580312553803-300x200.jpg 300w, https:\/\/www.lepontdemazerat.com\/wp-content\/uploads\/2022\/12\/cabane-toilee-camping-le-pont-de-Mazerat-a-Tamnies-e1580312553803-768x512.jpg 768w, https:\/\/www.lepontdemazerat.com\/wp-content\/uploads\/2022\/12\/cabane-toilee-camping-le-pont-de-Mazerat-a-Tamnies-e1580312553803.jpg 1152w\" sizes=\"(max-width: 1024px) 100vw, 1024px\" \/><figcaption>Canvas huts<\/figcaption><\/figure>\n\n\n\n<figure class=\"wp-block-image size-large\"><img loading=\"lazy\" width=\"1024\" height=\"768\" src=\"https:\/\/www.lepontdemazerat.com\/wp-content\/uploads\/2023\/01\/tente-safari-camping-le-pont-de-mazerat-04-1024x768-1.jpg\" alt=\"\" class=\"wp-image-772\" srcset=\"https:\/\/www.lepontdemazerat.com\/wp-content\/uploads\/2023\/01\/tente-safari-camping-le-pont-de-mazerat-04-1024x768-1.jpg 1024w, https:\/\/www.lepontdemazerat.com\/wp-content\/uploads\/2023\/01\/tente-safari-camping-le-pont-de-mazerat-04-1024x768-1-300x225.jpg 300w, https:\/\/www.lepontdemazerat.com\/wp-content\/uploads\/2023\/01\/tente-safari-camping-le-pont-de-mazerat-04-1024x768-1-768x576.jpg 768w\" sizes=\"(max-width: 1024px) 100vw, 1024px\" \/><figcaption>Safari tent<\/figcaption><\/figure>\n<\/figure>\n<\/div><\/div>\n\n\n\n<div class=\"wp-block-columns alignfull are-vertically-aligned-center has-fond-background-color has-background\">\n<div class=\"wp-block-column is-vertically-aligned-center\" style=\"flex-basis:50%\">\n<h2 id=\"ergo-ego-senator-inimicus-si-ita-vultis-1\">Group vacations in Dordogne<\/h2>\n\n\n\n<div class=\"wp-block-group encart-citation\"><div class=\"wp-block-group__inner-container\">\n<p>Organize your gathering in a<strong> campsite in Dordogne<\/strong> adapted to <strong>groups<\/strong> and spend your vacations in Perigord with a free spirit.<\/p>\n<\/div><\/div>\n\n\n\n<p>Located in the heart of the Perigord, within a radius of 30km, you will find all the prehistoric sites and picturesque villages. The campsite Le Pont de Mazerat is a perfect starting point for group trips, to get together or for a road trip.<\/p>\n\n\n\n<p>To discover the P\u00e9rigord Noir, take the small roads. You will always find at the end of a bend, after a hamlet a beautiful landscape, a magnificent house with a lauze roof, a beautiful landscape to make the perfect photo.<\/p>\n\n\n\n<div class=\"wp-container-69f0d02f72387 wp-block-buttons\">\n<div class=\"wp-block-button btn_galerie\"><a class=\"wp-block-button__link\" href=\"https:\/\/www.lepontdemazerat.com\/en\/groups\/\">Go in a group!<\/a><\/div>\n<\/div>\n<\/div>\n\n\n\n<div class=\"wp-block-column is-vertically-aligned-center\">\n<figure class=\"wp-block-image size-full\"><img loading=\"lazy\" width=\"1024\" height=\"768\" src=\"https:\/\/www.lepontdemazerat.com\/wp-content\/uploads\/2023\/01\/IMG-20221205-WA0001-1024x768-1.webp\" alt=\"\" class=\"wp-image-1517\" srcset=\"https:\/\/www.lepontdemazerat.com\/wp-content\/uploads\/2023\/01\/IMG-20221205-WA0001-1024x768-1.webp 1024w, https:\/\/www.lepontdemazerat.com\/wp-content\/uploads\/2023\/01\/IMG-20221205-WA0001-1024x768-1-300x225.webp 300w, https:\/\/www.lepontdemazerat.com\/wp-content\/uploads\/2023\/01\/IMG-20221205-WA0001-1024x768-1-768x576.webp 768w\" sizes=\"(max-width: 1024px) 100vw, 1024px\" \/><\/figure>\n<\/div>\n<\/div>\n","protected":false},"excerpt":{"rendered":"<p>A campsite near Sarlat Family vacations in a campsite near Sarlat Located 12 km from Sarlat la Can\u00e9da, the capital of the P\u00e9rigord Noir, our campsite le Pont de Mazerat in Tamni\u00e8s is designed for lovers of nature, sun and relaxation. Enter the musical world of the Beunes, small streams that meander in and around [&hellip;]<\/p>\n","protected":false},"author":1,"featured_media":648,"parent":0,"menu_order":0,"comment_status":"closed","ping_status":"closed","template":"","meta":[],"acf":[],"_links":{"self":[{"href":"https:\/\/www.lepontdemazerat.com\/en\/wp-json\/wp\/v2\/pages\/1641"}],"collection":[{"href":"https:\/\/www.lepontdemazerat.com\/en\/wp-json\/wp\/v2\/pages"}],"about":[{"href":"https:\/\/www.lepontdemazerat.com\/en\/wp-json\/wp\/v2\/types\/page"}],"author":[{"embeddable":true,"href":"https:\/\/www.lepontdemazerat.com\/en\/wp-json\/wp\/v2\/users\/1"}],"replies":[{"embeddable":true,"href":"https:\/\/www.lepontdemazerat.com\/en\/wp-json\/wp\/v2\/comments?post=1641"}],"version-history":[{"count":4,"href":"https:\/\/www.lepontdemazerat.com\/en\/wp-json\/wp\/v2\/pages\/1641\/revisions"}],"predecessor-version":[{"id":2387,"href":"https:\/\/www.lepontdemazerat.com\/en\/wp-json\/wp\/v2\/pages\/1641\/revisions\/2387"}],"wp:featuredmedia":[{"embeddable":true,"href":"https:\/\/www.lepontdemazerat.com\/en\/wp-json\/wp\/v2\/media\/648"}],"wp:attachment":[{"href":"https:\/\/www.lepontdemazerat.com\/en\/wp-json\/wp\/v2\/media?parent=1641"}],"curies":[{"name":"wp","href":"https:\/\/api.w.org\/{rel}","templated":true}]}}