{"id":2170,"date":"2023-04-26T10:20:04","date_gmt":"2023-04-26T08:20:04","guid":{"rendered":"https:\/\/www.lepontdemazerat.com\/camping-in-sarlat-in-de-dordogne-in-de-perigord-noir\/"},"modified":"2026-02-05T12:17:01","modified_gmt":"2026-02-05T11:17:01","slug":"camping-in-sarlat-in-de-dordogne-in-de-perigord-noir","status":"publish","type":"page","link":"https:\/\/www.lepontdemazerat.com\/nl\/camping-in-sarlat-in-de-dordogne-in-de-perigord-noir\/","title":{"rendered":"Camping in Sarlat in de Dordogne in de P\u00e9rigord Noir"},"content":{"rendered":"\n<h1 id=\"camping-a-sarlat-en-dordogne-dans-le-perigord-noir\">Camping in Sarlat in de Dordogne in de P\u00e9rigord Noir<\/h1>\n\n\n\n<div class=\"wp-block-columns\">\n<div class=\"wp-block-column\" style=\"flex-basis:33.33%\">\n<figure class=\"wp-block-image size-full\"><img loading=\"lazy\" width=\"800\" height=\"531\" src=\"https:\/\/www.lepontdemazerat.com\/wp-content\/uploads\/2023\/02\/camping-sarlat-3.jpg\" alt=\"camping sarlat dordogne\" class=\"wp-image-1841\" srcset=\"https:\/\/www.lepontdemazerat.com\/wp-content\/uploads\/2023\/02\/camping-sarlat-3.jpg 800w, https:\/\/www.lepontdemazerat.com\/wp-content\/uploads\/2023\/02\/camping-sarlat-3-300x199.jpg 300w, https:\/\/www.lepontdemazerat.com\/wp-content\/uploads\/2023\/02\/camping-sarlat-3-768x510.jpg 768w\" sizes=\"(max-width: 800px) 100vw, 800px\" \/><\/figure>\n<\/div>\n\n\n\n<div class=\"wp-block-column\" style=\"flex-basis:66.66%\">\n<div style=\"height:79px\" aria-hidden=\"true\" class=\"wp-block-spacer\"><\/div>\n\n\n\n<p><strong>Sarlat is een gemeente in de Dordogne in de P\u00e9rigord<\/strong>. Een stad waar natuur en cultuur elkaar ontmoeten. Tijdens een <strong>kampeervakantie in Sarlat<\/strong> kunt u door de eeuwen heen wandelen en delen van de geschiedenis ontdekken die nog onbekend zijn. Dit is de perfecte manier om optimaal van uw <strong>natuurvakantie in Sarlat<\/strong> te genieten, met een combinatie van verandering van omgeving, natuur zover het oog reikt en algemene cultuur.<\/p>\n<\/div>\n<\/div>\n\n\n\n<h2 id=\"reservez-ses-vacances-en-camping-a-sarlat\">Boek een kampeervakantie in Sarlat<\/h2>\n\n\n\n<p>De <a href=\"https:\/\/www.lepontdemazerat.com\/nl\/\">4-sterren camping Le Pont de Mazerat in Sarlat<\/a> is een <strong>camping met het label kwaliteit<\/strong> en <strong>toerisme<\/strong>. Het ligt in een <strong>natuurlijke en groene omgeving<\/strong> voor een gegarandeerde verandering van omgeving. Deze <strong>familiecamping in Sarlat<\/strong> heeft geen groot team. Hier kent en waardeert iedereen elkaar. Tijdens uw <strong>verblijf in Sarlat in de Dordogne<\/strong> zult u een plek ontdekken waar vreugde en plezier centraal staan om van uw vakantie een onvergetelijk gezinsmoment te maken. Thema-avonden worden voorbereid om u het gevoel te geven dat u niet op uw plaats bent en vele activiteiten zullen uw verblijf verrijken om het zo magisch en ontspannend mogelijk te maken.<\/p>\n\n\n\n<h3 id=\"locations-de-mobil-home-a-sarlat\">Verhuur van stacaravans in Sarlat<\/h3>\n\n\n\n<div class=\"wp-block-columns\">\n<div class=\"wp-block-column\" style=\"flex-basis:33.33%\">\n<figure class=\"wp-block-image size-full\"><img loading=\"lazy\" width=\"640\" height=\"427\" src=\"https:\/\/www.lepontdemazerat.com\/wp-content\/uploads\/2023\/01\/mobilhome-camping-dordogne-perigord-le-pont-de-mazerat.jpg\" alt=\"stacaravan dordogne sarlat\" class=\"wp-image-727\" srcset=\"https:\/\/www.lepontdemazerat.com\/wp-content\/uploads\/2023\/01\/mobilhome-camping-dordogne-perigord-le-pont-de-mazerat.jpg 640w, https:\/\/www.lepontdemazerat.com\/wp-content\/uploads\/2023\/01\/mobilhome-camping-dordogne-perigord-le-pont-de-mazerat-300x200.jpg 300w\" sizes=\"(max-width: 640px) 100vw, 640px\" \/><\/figure>\n<\/div>\n\n\n\n<div class=\"wp-block-column\" style=\"flex-basis:66.66%\">\n<div style=\"height:43px\" aria-hidden=\"true\" class=\"wp-block-spacer\"><\/div>\n\n\n\n<p>De <strong>familiecamping in Sarlat<\/strong> biedt <a href=\"https:\/\/www.lepontdemazerat.com\/nl\/verhuur\/stacaravans-dordogne\/\">stacaravans van verschillende afmetingen<\/a> om aan uw wensen te voldoen. Of u nu met zijn twee\u00ebn, met uw gezin of met vrienden (tot 8 personen) op vakantie komt naar de camping, u zult ongetwijfeld in de ideale stacaravan worden ondergebracht. De stacaravans zijn volledig uitgerust en staan op groene plaatsen, omringd door bomen, zodat u heerlijk in het groen kunt ontspannen. Het terras van de stacaravans is overdekt zodat u er ook op regenachtige dagen van kunt genieten.<\/p>\n<\/div>\n<\/div>\n\n\n\n<h3 id=\"emplacements-de-camping-a-sarlat\">Kampeerplaatsen in Sarlat<\/h3>\n\n\n\n<p>Voor liefhebbers van het buitenleven en kamperen zijn er <a href=\"https:\/\/www.lepontdemazerat.com\/nl\/kampeerplaatsen-dordogne\/\">schaduwrijke, halfschaduwrijke en zonnige plaatsen<\/a>. Dus of u nu met een <strong>caravan<\/strong>, <strong>camper<\/strong>, <strong>bestelwagen <\/strong>of <strong>tent<\/strong> naar onze <strong>camping in Sarlat<\/strong> komt, u krijgt een plaats toegewezen.<\/p>\n\n\n\n<p>U kunt kiezen tussen onze <strong>kale standplaatsen<\/strong> en onze <strong>vooringerichte standplaatsen<\/strong> met een servicetent met koelkast, fornuis, keukentafel, tuinmeubilair, tafel en stoelen. Dus je kunt op vakantie komen zonder je zorgen te maken over iets anders.<\/p>\n\n\n\n<p>Elke standplaats is voorzien van een stroomaansluiting van 10A. Bovendien beschikt de <strong>4-sterren camping in Sarlat<\/strong> over een volledig uitgerust sanitair blok, een ledigingsvoorziening voor campers en talrijke barbecues met houtskool. Zodat u kunt genieten van uw verblijf en het meeste uit uw vakantie kunt halen.<\/p>\n\n\n\n<h2 id=\"camping-avec-piscine-a-sarlat\">Camping met zwembad in Sarlat<\/h2>\n\n\n\n<div class=\"wp-block-columns\">\n<div class=\"wp-block-column\" style=\"flex-basis:33.33%\">\n<figure class=\"wp-block-image size-full\"><img loading=\"lazy\" width=\"1022\" height=\"500\" src=\"https:\/\/www.lepontdemazerat.com\/wp-content\/uploads\/2023\/01\/camping-dordogn-piscine-chauffee-le-pont-de-mazerat-1-1.jpg\" alt=\"camping sarlat met zwembad\" class=\"wp-image-1745\" srcset=\"https:\/\/www.lepontdemazerat.com\/wp-content\/uploads\/2023\/01\/camping-dordogn-piscine-chauffee-le-pont-de-mazerat-1-1.jpg 1022w, https:\/\/www.lepontdemazerat.com\/wp-content\/uploads\/2023\/01\/camping-dordogn-piscine-chauffee-le-pont-de-mazerat-1-1-300x147.jpg 300w, https:\/\/www.lepontdemazerat.com\/wp-content\/uploads\/2023\/01\/camping-dordogn-piscine-chauffee-le-pont-de-mazerat-1-1-768x376.jpg 768w\" sizes=\"(max-width: 1022px) 100vw, 1022px\" \/><\/figure>\n<\/div>\n\n\n\n<div class=\"wp-block-column\" style=\"flex-basis:66.66%\">\n<div style=\"height:17px\" aria-hidden=\"true\" class=\"wp-block-spacer\"><\/div>\n\n\n\n<p>De <strong>familiecamping in Sarlat heeft een verwarmd zwembad van 28\u00b0<\/strong> en een <strong>uitgerust waterpark<\/strong>. Zo kun je de hele zomer plezier hebben, duiken en zwemmen en voorkomen dat je sterft van de hitte. Als u zich niet zo prettig voelt in het water, zijn er ligbedden beschikbaar rond de zwembaden. Voor de kleintjes die willen afkoelen is er een pierenbadje. En voor de grotere kinderen zijn er een springkussen en verschillende speeltuinen bij het zwembad voor gegarandeerd plezier.<\/p>\n\n\n\n<div class=\"wp-container-69f4c513bff70 wp-block-buttons\">\n<div class=\"wp-block-button\"><a class=\"wp-block-button__link\" href=\"https:\/\/www.lepontdemazerat.com\/nl\/camping-dordogne-met-zwembad\/\">Ontdek het zwembad<\/a><\/div>\n<\/div>\n<\/div>\n<\/div>\n\n\n\n<p><\/p>\n\n\n\n<h2 id=\"que-faire-autour-du-camping-a-sarlat-en-dordogne\">Wat te doen rond de camping in Sarlat in de Dordogne?<\/h2>\n\n\n\n<p>Tussen <strong>culturele<\/strong>, <strong>familie <\/strong>of <strong>toeristische<\/strong> <strong>activiteiten<\/strong>, <strong>Sarlat is vol met ongelooflijke en aantrekkelijke plaatsen om te ontdekken<\/strong>.<\/p>\n\n\n\n<h3 id=\"les-activites-en-plein-air\">Buitenactiviteiten<\/h3>\n\n\n\n<ul><li><strong>Wandelen en mountainbiken<\/strong> zijn mogelijk in de omgeving van <a href=\"https:\/\/www.lepontdemazerat.com\/camping-dordogne-etang-peche\/\">de Tamni\u00e8s-vijver<\/a>.<\/li><li><strong>Big Bird<\/strong>: het hoogste luchtparcours van Europa op meer dan 22 meter hoogte. Spanning gegarandeerd.<\/li><li><strong>Jungle Golf<\/strong>: Een midgetgolfbaan, omgeven door groen om het hele gezin te vermaken.<\/li><\/ul>\n\n\n\n<h3 id=\"les-activites-culturelles\">Culturele activiteiten<\/h3>\n\n\n\n<ul><li><strong>Lascaux<\/strong>, het internationale centrum voor grotkunst: een verkenning van de prehistorie in 3D en virtuele realiteit.<\/li><li><strong>Lascaux 2<\/strong>: De facsimile van de oorspronkelijke grot die sinds 1963 voor het publiek gesloten is.<\/li><li>Bezoek een aantal <a href=\"https:\/\/www.lepontdemazerat.com\/nl\/kastelen-dordogne\/\">kastelen in de Dordogne<\/a>: Ch\u00e2teau de Beynac, Ch\u00e2teau de Milandes, Ch\u00e2teau de Reignac, Ch\u00e2teau de Bridoire, Ch\u00e2teau de Castelnaud&#8230;<\/li><\/ul>\n\n\n\n<h3 id=\"les-activites-familiales\">Gezinsactiviteiten<\/h3>\n\n\n\n<ul><li><strong>Parc le Bournat<\/strong> om een stap terug in de tijd te zetten naar 1900 en oude ambachten, een dierenboerderij, een historische kermis en een draaimolen te ontdekken.<\/li><li>Een uitstapje naar <strong>het aquarium <\/strong>: het grootste zoetwateraquarium van Europa.<\/li><li>Een uitstapje naar het<strong> zo\u00f6logisch reservaat van Calviac<\/strong> om dieren te ontdekken en de tijd te nemen om ze te observeren.<\/li><\/ul>\n\n\n\n<p><strong>Een bezoek aan Sarlat in de Dordogne<\/strong>, tussen cultureel en natuurlijk erfgoed, is een ontdekking van de geschiedenis in al haar facetten. Een onvergetelijke <strong>kampeervakantie in Sarlat<\/strong> die jong en oud zal aanspreken.<\/p>\n\n\n\n<div style=\"height:36px\" aria-hidden=\"true\" class=\"wp-block-spacer\"><\/div>\n","protected":false},"excerpt":{"rendered":"<p>Camping in Sarlat in de Dordogne in de P\u00e9rigord Noir Sarlat is een gemeente in de Dordogne in de P\u00e9rigord. Een stad waar natuur en cultuur elkaar ontmoeten. Tijdens een kampeervakantie in Sarlat kunt u door de eeuwen heen wandelen en delen van de geschiedenis ontdekken die nog onbekend zijn. Dit is de perfecte manier [&hellip;]<\/p>\n","protected":false},"author":1,"featured_media":1991,"parent":0,"menu_order":0,"comment_status":"closed","ping_status":"closed","template":"","meta":[],"acf":[],"_links":{"self":[{"href":"https:\/\/www.lepontdemazerat.com\/nl\/wp-json\/wp\/v2\/pages\/2170"}],"collection":[{"href":"https:\/\/www.lepontdemazerat.com\/nl\/wp-json\/wp\/v2\/pages"}],"about":[{"href":"https:\/\/www.lepontdemazerat.com\/nl\/wp-json\/wp\/v2\/types\/page"}],"author":[{"embeddable":true,"href":"https:\/\/www.lepontdemazerat.com\/nl\/wp-json\/wp\/v2\/users\/1"}],"replies":[{"embeddable":true,"href":"https:\/\/www.lepontdemazerat.com\/nl\/wp-json\/wp\/v2\/comments?post=2170"}],"version-history":[{"count":6,"href":"https:\/\/www.lepontdemazerat.com\/nl\/wp-json\/wp\/v2\/pages\/2170\/revisions"}],"predecessor-version":[{"id":4869,"href":"https:\/\/www.lepontdemazerat.com\/nl\/wp-json\/wp\/v2\/pages\/2170\/revisions\/4869"}],"wp:featuredmedia":[{"embeddable":true,"href":"https:\/\/www.lepontdemazerat.com\/nl\/wp-json\/wp\/v2\/media\/1991"}],"wp:attachment":[{"href":"https:\/\/www.lepontdemazerat.com\/nl\/wp-json\/wp\/v2\/media?parent=2170"}],"curies":[{"name":"wp","href":"https:\/\/api.w.org\/{rel}","templated":true}]}}