{"id":2180,"date":"2023-04-26T10:22:23","date_gmt":"2023-04-26T08:22:23","guid":{"rendered":"https:\/\/www.lepontdemazerat.com\/kampeervakanties-in-de-perigord-noir-in-de-dordogne\/"},"modified":"2026-02-05T14:08:36","modified_gmt":"2026-02-05T13:08:36","slug":"kampeervakanties-in-de-perigord-noir-in-de-dordogne","status":"publish","type":"page","link":"https:\/\/www.lepontdemazerat.com\/nl\/kampeervakanties-in-de-perigord-noir-in-de-dordogne\/","title":{"rendered":"Kampeervakanties in de P\u00e9rigord Noir in de Dordogne"},"content":{"rendered":"\n<h1 id=\"des-vacances-en-camping-dans-le-perigord-noir-en-dordogne\">Kampeervakanties in de P\u00e9rigord Noir in de Dordogne<\/h1>\n\n\n\n<div class=\"wp-block-columns\">\n<div class=\"wp-block-column\" style=\"flex-basis:33.33%\">\n<figure class=\"wp-block-image size-full\"><img loading=\"lazy\" width=\"600\" height=\"450\" src=\"https:\/\/www.lepontdemazerat.com\/wp-content\/uploads\/2023\/03\/paysages-dordogne.jpg\" alt=\"camping perigord noir\" class=\"wp-image-1868\" srcset=\"https:\/\/www.lepontdemazerat.com\/wp-content\/uploads\/2023\/03\/paysages-dordogne.jpg 600w, https:\/\/www.lepontdemazerat.com\/wp-content\/uploads\/2023\/03\/paysages-dordogne-300x225.jpg 300w\" sizes=\"(max-width: 600px) 100vw, 600px\" \/><\/figure>\n<\/div>\n\n\n\n<div class=\"wp-block-column is-vertically-aligned-center\" style=\"flex-basis:66.66%\">\n<p><strong>Camping Le Pont de Mazerat ligt in het hart van de P\u00e9rigord Noir in de Dordogne<\/strong>, \u00e9\u00e9n van de mooiste departementen van Frankrijk. Geniet van een vakantiewoning die ideaal gelegen is om alle schatten van de P\u00e9rigord te ontdekken. In een natuurlijke omgeving ontvangt de <a href=\"https:\/\/www.lepontdemazerat.com\/nl\/\">4-sterren familiecamping Le Pont de Mazerat<\/a> u in een warme en familiale sfeer. Geniet van uw <strong>mooiste vakantie in de P\u00e9rigord Noir<\/strong>!<\/p>\n<\/div>\n<\/div>\n\n\n\n<div class=\"wp-block-columns\">\n<div class=\"wp-block-column\" style=\"flex-basis:66.66%\">\n<h2 id=\"les-locations-de-vacances-dans-le-perigord-noir\">Vakantiewoningen in de P\u00e9rigord Noir<\/h2>\n\n\n\n<p>Kies op de <strong>4-sterren camping P\u00e9rigord<\/strong> de <strong>vakantiewoning<\/strong> die aan uw verwachtingen voldoet. Afhankelijk van uw budget en uw wensen, heeft u toegang tot een ruime keuze aan vakantiewoningen. Wilt u zich thuis voelen, iets origineels huren of midden in de natuur verblijven? De keuze is aan u!<\/p>\n\n\n\n<h3 id=\"les-mobil-homes-et-autres-locations-de-vacances-du-camping\">Stacaravans en andere vakantieverblijven op de camping<\/h3>\n\n\n\n<p>De <a href=\"https:\/\/www.lepontdemazerat.com\/nl\/verhuur\/stacaravans-dordogne\/\">volledig ingerichte stacaravans<\/a> zijn geschikt voor maximaal 8 personen. Deze <strong>vakantiewoning in de P\u00e9rigord Noir<\/strong> is dus ideaal voor een gezinsvriendelijk verblijf. Midden in de natuur, in alle rust en privacy, geniet u van deze ruime en comfortabele accommodatie.<br>Voor een cocooning verblijf, laat u verleiden door een <a href=\"https:\/\/www.lepontdemazerat.com\/nl\/verhuur\/chalets\/\">houten chalet uitgerust<\/a> voor 5 personen, met een overdekt terras. Dit houten chalet is perfect ge\u00efntegreerd in de omringende natuur en biedt comfort en verandering van omgeving.<br>Tot slot, voor <a href=\"https:\/\/www.lepontdemazerat.com\/nl\/verhuur\/ongewone-accommodatie\/\">een meer ongewone accommodatie<\/a> biedt onze <strong>4-sterren camping in de P\u00e9rigord Noir<\/strong> een <strong>canvas hut, een safaritent of een cocos snoepje<\/strong>. Dit is de perfecte manier om een verblijf door te brengen in een origineel gezellig nest midden in de natuur.<\/p>\n\n\n\n<div class=\"wp-container-69f0e71e62b7d wp-block-buttons\">\n<div class=\"wp-block-button is-style-fill\"><a class=\"wp-block-button__link has-vert-background-color has-background\" href=\"https:\/\/www.lepontdemazerat.com\/nl\/verhuur\/\">Ontdek alle accommodaties van de camping<\/a><\/div>\n<\/div>\n<\/div>\n\n\n\n<div class=\"wp-block-column is-vertically-aligned-center\" style=\"flex-basis:33.33%\">\n<figure class=\"wp-block-image size-large\"><img loading=\"lazy\" width=\"1024\" height=\"681\" src=\"https:\/\/www.lepontdemazerat.com\/wp-content\/uploads\/2023\/01\/Mobilhome-28m\u00b2-Camping-le-Pont-de-Mazerat-1024x681.webp\" alt=\"vakantiehuizen perigord noir\" class=\"wp-image-712\" srcset=\"https:\/\/www.lepontdemazerat.com\/wp-content\/uploads\/2023\/01\/Mobilhome-28m\u00b2-Camping-le-Pont-de-Mazerat-1024x681.webp 1024w, https:\/\/www.lepontdemazerat.com\/wp-content\/uploads\/2023\/01\/Mobilhome-28m\u00b2-Camping-le-Pont-de-Mazerat-300x200.webp 300w, https:\/\/www.lepontdemazerat.com\/wp-content\/uploads\/2023\/01\/Mobilhome-28m\u00b2-Camping-le-Pont-de-Mazerat-768x511.webp 768w, https:\/\/www.lepontdemazerat.com\/wp-content\/uploads\/2023\/01\/Mobilhome-28m\u00b2-Camping-le-Pont-de-Mazerat-1536x1022.webp 1536w, https:\/\/www.lepontdemazerat.com\/wp-content\/uploads\/2023\/01\/Mobilhome-28m\u00b2-Camping-le-Pont-de-Mazerat.webp 1920w\" sizes=\"(max-width: 1024px) 100vw, 1024px\" \/><\/figure>\n<\/div>\n<\/div>\n\n\n\n<div class=\"wp-block-columns are-vertically-aligned-center\">\n<div class=\"wp-block-column is-vertically-aligned-center\" style=\"flex-basis:66.66%\">\n<h3 id=\"les-emplacements-et-aires-de-camping-dans-le-perigord-noir\">Campings en kampeerterreinen in de P\u00e9rigord Noir<\/h3>\n\n\n\n<p>Voor authentiek kamperen in de Dordogne kunt u een van de beschikbare <a href=\"https:\/\/www.lepontdemazerat.com\/nl\/kampeerplaatsen-dordogne\/\">plaatsen reserveren<\/a>. Op deze ruime, schaduwrijke of zonnige plaatsen kunt u in alle rust uw <strong>tent, caravan of camper<\/strong> installeren voor een <strong>verblijf in de P\u00e9rigord Noir<\/strong>. Deze <strong>4-sterren camping<\/strong> heeft alles voor een minder drukke vakantie. Sommige <strong>standplaatsen<\/strong> zijn namelijk <strong>vooraf uitgerust<\/strong> met een overdekte keuken met koelkast, fornuis, tafels en stoelen.<\/p>\n<\/div>\n\n\n\n<div class=\"wp-block-column is-vertically-aligned-center\" style=\"flex-basis:33.33%\">\n<div class=\"wp-block-image\"><figure class=\"aligncenter size-large\"><img loading=\"lazy\" width=\"1024\" height=\"682\" src=\"https:\/\/www.lepontdemazerat.com\/wp-content\/uploads\/2022\/12\/bet_004-1024x682.jpg\" alt=\"camping auto gebied perigord noir\" class=\"wp-image-645\" srcset=\"https:\/\/www.lepontdemazerat.com\/wp-content\/uploads\/2022\/12\/bet_004-1024x682.jpg 1024w, https:\/\/www.lepontdemazerat.com\/wp-content\/uploads\/2022\/12\/bet_004-300x200.jpg 300w, https:\/\/www.lepontdemazerat.com\/wp-content\/uploads\/2022\/12\/bet_004-768x512.jpg 768w, https:\/\/www.lepontdemazerat.com\/wp-content\/uploads\/2022\/12\/bet_004-1536x1024.jpg 1536w, https:\/\/www.lepontdemazerat.com\/wp-content\/uploads\/2022\/12\/bet_004.jpg 1922w\" sizes=\"(max-width: 1024px) 100vw, 1024px\" \/><\/figure><\/div>\n<\/div>\n<\/div>\n\n\n\n<div class=\"wp-block-columns\">\n<div class=\"wp-block-column\" style=\"flex-basis:33.33%\">\n<figure class=\"wp-block-image size-full\"><img loading=\"lazy\" width=\"1022\" height=\"500\" src=\"https:\/\/www.lepontdemazerat.com\/wp-content\/uploads\/2023\/01\/camping-dordogn-piscine-chauffee-le-pont-de-mazerat-1-1.jpg\" alt=\"camping perigord met zwembad\" class=\"wp-image-1745\" srcset=\"https:\/\/www.lepontdemazerat.com\/wp-content\/uploads\/2023\/01\/camping-dordogn-piscine-chauffee-le-pont-de-mazerat-1-1.jpg 1022w, https:\/\/www.lepontdemazerat.com\/wp-content\/uploads\/2023\/01\/camping-dordogn-piscine-chauffee-le-pont-de-mazerat-1-1-300x147.jpg 300w, https:\/\/www.lepontdemazerat.com\/wp-content\/uploads\/2023\/01\/camping-dordogn-piscine-chauffee-le-pont-de-mazerat-1-1-768x376.jpg 768w\" sizes=\"(max-width: 1022px) 100vw, 1022px\" \/><\/figure>\n<\/div>\n\n\n\n<div class=\"wp-block-column is-vertically-aligned-center\" style=\"flex-basis:66.66%\">\n<h2 id=\"camping-dans-le-perigord-avec-piscine\">Camping in de P\u00e9rigord met zwembad<\/h2>\n\n\n\n<p>Geniet van uw <strong>camping in de Dordogne P\u00e9rigord noir en zijn watergebied met verwarmd zwembad<\/strong>. Ongeacht het weer kunt u zich vermaken of een paar baantjes trekken in water met een goede temperatuur. De kleintjes kunnen zich in alle veiligheid vermaken in het pierenbadje. Bovendien kunt u op de ligstoelen die tot uw beschikking staan heerlijk ontspannen na een bezoek aan de omgeving. <a href=\"https:\/\/www.lepontdemazerat.com\/nl\/camping-dordogne-met-zwembad\/\">Het zwemparadijs van de camping<\/a> is een plek waar alle generaties samenkomen voor plezier en ontspanning.<\/p>\n<\/div>\n<\/div>\n\n\n\n<div class=\"wp-block-columns\">\n<div class=\"wp-block-column is-vertically-aligned-center\" style=\"flex-basis:66.66%\">\n<h2 id=\"perigord-noir-pourquoi-ce-nom\">Zwarte P\u00e9rigord, waarom deze naam?<\/h2>\n\n\n\n<p>U denkt misschien dat de <strong>P\u00e9rigord Noir<\/strong> zijn naam ontleent aan de zwarte truffel, een zeldzaam en uitzonderlijk product dat in het departement voorkomt? Nou, helemaal niet. In feite bestaat de <strong>Dordogne uit 4 P\u00e9rigords<\/strong>, elk met <strong>een andere kleur<\/strong>.<\/p>\n\n\n\n<ul><li>De <strong>P\u00e9rigord Noir<\/strong>, het meest toeristische gebied, <strong>verwijst naar de groene en donkere eiken die een bijna zwart aspect geven aan de bossen<\/strong> van dit gebied.<\/li><li>De <strong>P\u00e9rigord Blanc<\/strong>, het <strong>centrale deel van de Dordogne<\/strong>, wordt zo genoemd vanwege de <strong>kalksteen en het gesteente in de bodem<\/strong>.<\/li><li>De <strong>P\u00e9rigord Vert<\/strong> ligt in het <strong>noorden van het departement<\/strong>, waar het regionale natuurpark P\u00e9rigord-Limousin en het prachtige dorp Brant\u00f4me, bijgenaamd &#8220;het groene Veneti\u00eb&#8221;, liggen.<\/li><li>De <strong>Paarse P\u00e9rigord<\/strong> tenslotte doet denken aan de <strong>beroemde wijngaarden van Bergerac<\/strong>.<\/li><\/ul>\n<\/div>\n\n\n\n<div class=\"wp-block-column is-vertically-aligned-center\" style=\"flex-basis:33.33%\">\n<div class=\"wp-block-image\"><figure class=\"aligncenter size-large\"><img loading=\"lazy\" width=\"1024\" height=\"683\" src=\"https:\/\/www.lepontdemazerat.com\/wp-content\/uploads\/2023\/01\/nabih-el-boustani-1KUtI4wLaEI-unsplash-1-1024x683.jpg\" alt=\"toerisme perigord noir dordogne\" class=\"wp-image-1150\" srcset=\"https:\/\/www.lepontdemazerat.com\/wp-content\/uploads\/2023\/01\/nabih-el-boustani-1KUtI4wLaEI-unsplash-1-1024x683.jpg 1024w, https:\/\/www.lepontdemazerat.com\/wp-content\/uploads\/2023\/01\/nabih-el-boustani-1KUtI4wLaEI-unsplash-1-300x200.jpg 300w, https:\/\/www.lepontdemazerat.com\/wp-content\/uploads\/2023\/01\/nabih-el-boustani-1KUtI4wLaEI-unsplash-1-768x512.jpg 768w, https:\/\/www.lepontdemazerat.com\/wp-content\/uploads\/2023\/01\/nabih-el-boustani-1KUtI4wLaEI-unsplash-1-1536x1024.jpg 1536w, https:\/\/www.lepontdemazerat.com\/wp-content\/uploads\/2023\/01\/nabih-el-boustani-1KUtI4wLaEI-unsplash-1.jpg 1920w\" sizes=\"(max-width: 1024px) 100vw, 1024px\" \/><\/figure><\/div>\n<\/div>\n<\/div>\n\n\n\n<h2 id=\"tourisme-dans-le-perigord-noir-en-dordogne\">Toerisme in de P\u00e9rigord Noir in de Dordogne<\/h2>\n\n\n\n<p>Ontdek tijdens uw<strong> vakantie in de P\u00e9rigord Noir<\/strong> de <strong>belangrijkste toeristische trekpleisters<\/strong>. De <a href=\"https:\/\/www.lepontdemazerat.com\/nl\/omgeving\/\">steden en dorpen van de Dordogne<\/a> hebben een rijke geschiedenis en een unieke charme. Deze schilderachtige steden laten geen enkele bezoeker onverschillig. Ontdek de <strong>mooiste dorpen van de P\u00e9rigord Noir<\/strong>.<\/p>\n\n\n\n<div class=\"wp-block-columns\">\n<div class=\"wp-block-column\">\n<h3 id=\"sarlat-la-caneda\">Sarlat-la-Can\u00e9da<\/h3>\n\n\n\n<p>De <strong>&#8220;hoofdstad van de P\u00e9rigord Noir<\/strong> &#8221; is een van die steden waar je nooit genoeg van krijgt. Wandel in een sfeer vol geschiedenis door de smalle geplaveide straatjes van de <a href=\"https:\/\/www.lepontdemazerat.com\/nl\/camping-in-sarlat-in-de-dordogne-in-de-perigord-noir\/\">stad Sarlat<\/a>, tussen de kalkstenen huizen en historische monumenten van deze prachtige middeleeuwse stad.<br>Bewonder de kathedraal Saint-Sacerdos en zijn prachtige orgel, de oude kerk Sainte-Marie en zijn panoramische lift, het Maison de la Bo\u00e9tie, enz.<\/p>\n\n\n\n<h3 id=\"domme\">Domme<\/h3>\n\n\n\n<p>De <strong>bastide van Domme<\/strong>, een klifdorp, biedt een uniek uitzicht over de vallei van de Dordogne.<br>Vanaf het uitkijkpunt op de esplanade de la Barre ziet u Beynac, La Roque Gageac en de tuinen van Marqueyssac. De smalle straatjes van Domme nodigen uit tot wandelen. Aarzel niet om de kraampjes van de ambachtslieden binnen te gaan om de plaatselijke knowhow en de plaatselijke producten te ontdekken.<\/p>\n<\/div>\n\n\n\n<div class=\"wp-block-column\">\n<h3 id=\"la-roque-gageac\">La Roque-Gageac<\/h3>\n\n\n\n<p>Dit <strong>pittoreske dorpje<\/strong> is een schoonheid die geen enkele bezoeker onverschillig laat. Het is een van de niet te missen dorpen tijdens een kampeervakantie in de P\u00e9rigord. Een wandeling door de stad nodigt uit tot dromen. Wandel door de straten, tussen de huizen met bruine dakpannen en de 14e-eeuwse kerk. Een steegje met dichte begroeiing zal je verrassen. In het hart van het dorp kunt u een exotische steeg bewonderen die bezaaid is met palmbomen, bamboe, bananenbomen, cactussen en vijgenbomen.<\/p>\n\n\n\n<h3 id=\"le-village-et-le-chateau-de-beynac-et-cazenac\">Het dorp en het kasteel van Beynac-et-Cazenac<\/h3>\n\n\n\n<p>Komt dit kasteel je bekend voor? Dat is niet verwonderlijk, want het werd gebruikt als decor voor de film &#8220;The Visitors&#8221;. Dit zeer goed bewaarde gebouw uit de 12e eeuw, een beschermd monument, kijkt uit over het dorp. Het <strong>dorp Beynac<\/strong> neemt bezoekers mee terug naar de Middeleeuwen met zijn stenen straatjes en typische huizen. Tijdens het zomerseizoen wordt een rondleiding door het dorp aangeboden.<\/p>\n<\/div>\n<\/div>\n\n\n\n<div class=\"wp-container-69f0e71e632d8 wp-block-buttons\">\n<div class=\"wp-block-button aligncenter\"><a class=\"wp-block-button__link\" href=\"https:\/\/www.lepontdemazerat.com\/nl\/omgeving\/\">Ontdek alle omgeving in Dordogne<\/a><\/div>\n<\/div>\n\n\n\n<div style=\"height:64px\" aria-hidden=\"true\" class=\"wp-block-spacer\"><\/div>\n","protected":false},"excerpt":{"rendered":"<p>Kampeervakanties in de P\u00e9rigord Noir in de Dordogne Camping Le Pont de Mazerat ligt in het hart van de P\u00e9rigord Noir in de Dordogne, \u00e9\u00e9n van de mooiste departementen van Frankrijk. Geniet van een vakantiewoning die ideaal gelegen is om alle schatten van de P\u00e9rigord te ontdekken. In een natuurlijke omgeving ontvangt de 4-sterren familiecamping [&hellip;]<\/p>\n","protected":false},"author":1,"featured_media":2157,"parent":0,"menu_order":0,"comment_status":"closed","ping_status":"closed","template":"","meta":[],"acf":[],"_links":{"self":[{"href":"https:\/\/www.lepontdemazerat.com\/nl\/wp-json\/wp\/v2\/pages\/2180"}],"collection":[{"href":"https:\/\/www.lepontdemazerat.com\/nl\/wp-json\/wp\/v2\/pages"}],"about":[{"href":"https:\/\/www.lepontdemazerat.com\/nl\/wp-json\/wp\/v2\/types\/page"}],"author":[{"embeddable":true,"href":"https:\/\/www.lepontdemazerat.com\/nl\/wp-json\/wp\/v2\/users\/1"}],"replies":[{"embeddable":true,"href":"https:\/\/www.lepontdemazerat.com\/nl\/wp-json\/wp\/v2\/comments?post=2180"}],"version-history":[{"count":6,"href":"https:\/\/www.lepontdemazerat.com\/nl\/wp-json\/wp\/v2\/pages\/2180\/revisions"}],"predecessor-version":[{"id":4893,"href":"https:\/\/www.lepontdemazerat.com\/nl\/wp-json\/wp\/v2\/pages\/2180\/revisions\/4893"}],"wp:featuredmedia":[{"embeddable":true,"href":"https:\/\/www.lepontdemazerat.com\/nl\/wp-json\/wp\/v2\/media\/2157"}],"wp:attachment":[{"href":"https:\/\/www.lepontdemazerat.com\/nl\/wp-json\/wp\/v2\/media?parent=2180"}],"curies":[{"name":"wp","href":"https:\/\/api.w.org\/{rel}","templated":true}]}}