{"id":3749,"date":"2024-09-26T10:16:51","date_gmt":"2024-09-26T08:16:51","guid":{"rendered":"https:\/\/www.lepontdemazerat.com\/camping-sarlat-met-hond\/"},"modified":"2026-02-05T12:13:18","modified_gmt":"2026-02-05T11:13:18","slug":"camping-sarlat-met-hond","status":"publish","type":"page","link":"https:\/\/www.lepontdemazerat.com\/nl\/camping-sarlat-met-hond\/","title":{"rendered":"camping sarlat met hond"},"content":{"rendered":"\n<div class=\"wp-block-cover alignfull\"><span aria-hidden=\"true\" class=\"has-background-dim-60 wp-block-cover__gradient-background has-background-dim\"><\/span><img loading=\"lazy\" width=\"1920\" height=\"1064\" class=\"wp-block-cover__image-background wp-image-2658\" alt=\"camping sarlat acceptant les chiens\" src=\"https:\/\/www.lepontdemazerat.com\/wp-content\/uploads\/2023\/06\/pass-horizon-0VUjGKPuQ2g-unsplash.jpg\" style=\"object-position:52% 59%\" data-object-fit=\"cover\" data-object-position=\"52% 59%\" srcset=\"https:\/\/www.lepontdemazerat.com\/wp-content\/uploads\/2023\/06\/pass-horizon-0VUjGKPuQ2g-unsplash.jpg 1920w, https:\/\/www.lepontdemazerat.com\/wp-content\/uploads\/2023\/06\/pass-horizon-0VUjGKPuQ2g-unsplash-300x166.jpg 300w, https:\/\/www.lepontdemazerat.com\/wp-content\/uploads\/2023\/06\/pass-horizon-0VUjGKPuQ2g-unsplash-1024x567.jpg 1024w, https:\/\/www.lepontdemazerat.com\/wp-content\/uploads\/2023\/06\/pass-horizon-0VUjGKPuQ2g-unsplash-768x426.jpg 768w, https:\/\/www.lepontdemazerat.com\/wp-content\/uploads\/2023\/06\/pass-horizon-0VUjGKPuQ2g-unsplash-1536x851.jpg 1536w\" sizes=\"(max-width: 1920px) 100vw, 1920px\" \/><div class=\"wp-block-cover__inner-container\">\n<p class=\"has-text-align-center has-large-font-size\"><\/p>\n<\/div><\/div>\n\n\n\n<h1 class=\"has-text-align-center\" id=\"partez-en-vacances-en-camping-pres-de-sarlat-avec-votre-chien\">Kampeervakantie in de buurt van Sarlat met je hond<\/h1>\n\n\n\n<p class=\"has-text-align-center\">Een <strong>kampeervakantie in Sarlat met uw hond<\/strong> boeken? Camping Le Pont de Mazerat maakt het u gemakkelijk. In het hart van de Dordogne en dicht bij de mooiste plekjes om te bezoeken, verblijf op slechts 11 km van Sarlat, dat in slechts 14 minuten met de auto te bereiken is. Onze <strong>camping maakt het u en uw huisdier gemakkelijk om samen tijd door te brengen als gezin<\/strong>. Samen, genietenvan de weidsheid van de P\u00e9rigord beleef uw mooiste vakantie op een <a href=\"https:\/\/www.lepontdemazerat.com\/nl\/\"> familiecamping in de buurt van Sarlat<\/a>!    <\/p>\n\n\n\n<div style=\"height:19px\" aria-hidden=\"true\" class=\"wp-block-spacer\"><\/div>\n\n\n\n<div class=\"wp-block-columns\">\n<div class=\"wp-block-column\">\n<h2 id=\"votre-sejour-en-mobil-home-ou-sur-un-emplacement-avec-votre-chien\">Uw verblijf in een stacaravan of op een kampeerplaats met uw hond<\/h2>\n\n\n\n<p>Huisdieren zijn welkom op onze <strong>camping bij Sarlat-la-Can\u00e9da<\/strong>. <strong>U hoeft alleen maar de reservering te kiezen die het beste bij u past en uwhond <\/strong> deel uw vakantie tot groot genoegen van het hele gezin. <\/p>\n\n\n\n<p>De stacaravans van Le Pont de Mazerat hebben verschillende afmetingen , van 18 tot 32m\u00b2. Comfortabele slaapaccommodatie, individuele sanitaire voorzieningen en alle benodigde kookapparatuur maken ze perfect geschikt voor een comfortabele vakantie . In dezelfde geest biedt onze camping ook grote houten chalets voor maximaal 5 personen.  <\/p>\n\n\n\n<p>Als je op zoek bent naar iets nog originelers, vind je op onze camping een hele reeks omgebouwde , ongewone accommodaties. Je kunt kiezen voor een safaritent, een canvastent, een lodge in de geest van glamping, of waarom combineer je een tent en een stacaravan niet met Tit&#8217; Home-verhuur. <\/p>\n\n\n\n<p>Voor de meest authentieke vakantie in de buurt van Sarlat, boek dan een <a href=\"https:\/\/www.lepontdemazerat.com\/nl\/kampeerplaatsen-dordogne\/\"> traditionele kampeerplaats<\/a> en laat je huisdier kennismaken met de geneugten van een vakantie in een tent. Je kunt ook je caravan of camper op de staanplaatsen zetten en genieten van een vakantie midden in de natuur, op een uitzonderlijke locatie. <\/p>\n\n\n\n<div class=\"wp-container-69da1908484d0 wp-block-buttons\">\n<div class=\"wp-block-button btn_galerie\"><a class=\"wp-block-button__link\" href=\"https:\/\/www.lepontdemazerat.com\/nl\/verhuur\/stacaravans-dordogne\/\">Ontdek de stacaravans<\/a><\/div>\n\n\n\n<div class=\"wp-block-button btn_resa\"><a class=\"wp-block-button__link\">Boek uw vakantie<\/a><\/div>\n<\/div>\n<\/div>\n\n\n\n<div class=\"wp-block-column is-vertically-aligned-center\">\n<div class=\"wp-block-image\"><figure class=\"aligncenter size-full\"><img loading=\"lazy\" width=\"800\" height=\"534\" src=\"https:\/\/www.lepontdemazerat.com\/wp-content\/uploads\/2024\/04\/ADO-camping-chien-sarlat.jpg\" alt=\"camping sarlat met hond\" class=\"wp-image-3408\" srcset=\"https:\/\/www.lepontdemazerat.com\/wp-content\/uploads\/2024\/04\/ADO-camping-chien-sarlat.jpg 800w, https:\/\/www.lepontdemazerat.com\/wp-content\/uploads\/2024\/04\/ADO-camping-chien-sarlat-300x200.jpg 300w, https:\/\/www.lepontdemazerat.com\/wp-content\/uploads\/2024\/04\/ADO-camping-chien-sarlat-768x513.jpg 768w\" sizes=\"(max-width: 800px) 100vw, 800px\" \/><\/figure><\/div>\n<\/div>\n<\/div>\n\n\n\n<div class=\"wp-block-columns alignfull are-vertically-aligned-center reverse-mob has-blanc-background-color has-background\">\n<div class=\"wp-block-column is-vertically-aligned-center\" style=\"flex-basis:45%\">\n<figure class=\"wp-block-gallery has-nested-images columns-default is-cropped gal_2\">\n<figure class=\"wp-block-image size-large\"><img loading=\"lazy\" width=\"1024\" height=\"682\" src=\"https:\/\/www.lepontdemazerat.com\/wp-content\/uploads\/2023\/01\/to-go-biking-geaca5daa4_1280-1024x682.jpg\" alt=\"dordogne per fiets\" class=\"wp-image-1202\" srcset=\"https:\/\/www.lepontdemazerat.com\/wp-content\/uploads\/2023\/01\/to-go-biking-geaca5daa4_1280-1024x682.jpg 1024w, https:\/\/www.lepontdemazerat.com\/wp-content\/uploads\/2023\/01\/to-go-biking-geaca5daa4_1280-300x200.jpg 300w, https:\/\/www.lepontdemazerat.com\/wp-content\/uploads\/2023\/01\/to-go-biking-geaca5daa4_1280-768x512.jpg 768w, https:\/\/www.lepontdemazerat.com\/wp-content\/uploads\/2023\/01\/to-go-biking-geaca5daa4_1280.jpg 1280w\" sizes=\"(max-width: 1024px) 100vw, 1024px\" \/><\/figure>\n\n\n\n<figure class=\"wp-block-image size-full\"><img loading=\"lazy\" width=\"800\" height=\"600\" src=\"https:\/\/www.lepontdemazerat.com\/wp-content\/uploads\/2024\/04\/ADO-activites-sarlat-chien.jpg\" alt=\"\" class=\"wp-image-3414\" srcset=\"https:\/\/www.lepontdemazerat.com\/wp-content\/uploads\/2024\/04\/ADO-activites-sarlat-chien.jpg 800w, https:\/\/www.lepontdemazerat.com\/wp-content\/uploads\/2024\/04\/ADO-activites-sarlat-chien-300x225.jpg 300w, https:\/\/www.lepontdemazerat.com\/wp-content\/uploads\/2024\/04\/ADO-activites-sarlat-chien-768x576.jpg 768w\" sizes=\"(max-width: 800px) 100vw, 800px\" \/><\/figure>\n<\/figure>\n<\/div>\n\n\n\n<div class=\"wp-block-column is-vertically-aligned-center\">\n<h2 id=\"que-faire-a-sarlat-avec-votre-animal\">Wat te doen in Sarlat met je huisdier<\/h2>\n\n\n\n<p>Situ\u00e9 tout pr\u00e8s de <a href=\"https:\/\/www.lepontdemazerat.com\/nl\/camping-dordogne-aan-meer\/\">l&#8217;\u00e9tang de Tamni\u00e8s<\/a>, le camping Le Pont de Mazerat permet de se baigner, p\u00eacher et se promener dans un espace naturel de toute beaut\u00e9. C&#8217;est l&#8217;environnement parfait pour vous oxyg\u00e9ner avec votre chien, qui a toute la place pour se d\u00e9gourdir les pattes ! Et vous pouvez vous-m\u00eame profiter d&#8217;un parcours sportif en faisant le tour de l&#8217;\u00e9tang.  <\/p>\n\n\n\n<p>De Dordogne-vallei zit vol met mooie plekjes om rond te wandelen, en de gemeente Tamni\u00e8s is daar een uitstekend voorbeeld van. Een van de<strong> wandelingen vanaf de camping<\/strong> de Gargagnasse route is de perfecte manier om de natuurlijke schoonheid van dit gebied te ontdekken. om de natuurlijke schoonheid vaneen gebied met een rijke geschiedenis te ontdekken. <\/p>\n\n\n\n<h3 id=\"jardins-et-villages-a-visiter-avec-votre-chien\">Tuinen en dorpen om te bezoeken met je hond<\/h3>\n\n\n\n<p>Van de natuuractiviteiten in de buurt van de camping zijn er verschillende opmerkelijke tuinen binnen een straal van een half uur. Je kunt de prachtige tuinen van Marqueyssac bezoeken, de verfrissende watertuinen bij Carsac en de beroemde tuinen bij Eyrignac. Honden zijn in alle tuinen welkom, mits ze aangelijnd zijn.  <\/p>\n\n\n\n<p>En mis de mooie omliggende stadjes niet, te beginnen met Sarlat zelf. Een wandeling door het historische centrum zal je doen verbazen&#8230; Zorg ervoor dat je hond de bronzen ganzen niet probeert aan te vallen bronzen ganzen aan de voet van het Manoir de Gisson! Er is ook geen tekort aan pittoreske dorpjes, zoals Castelnaud, Domme en La Roque-Gageac.   <\/p>\n<\/div>\n<\/div>\n\n\n\n<h2 id=\"les-recommandations-de-notre-camping-acceptant-les-animaux\">Aanbevelingen van onze huisdiervriendelijke camping<\/h2>\n\n\n\n<p>Onze <strong>camping in de buurt van Sarlat accepteert huisdieren<\/strong>, onder bepaalde voorwaarden. Honden moeten een geldig <strong>vaccinatiebewijshebben<\/strong> en moeten op de camping aangelijnd zijn. en moeten <strong>op de camping aangelijnd zijn<\/strong>. U moet er ook voor zorgen dat ze nooit alleen gelaten worden in de accommodatie. En zoals overal is beleefdheid een must: Eigenaars moeten daarom uitwerpselen oprapen voor hetwelzijn van alle kampeerders.   <\/p>\n\n\n\n<p>Houd er rekening mee dat bepaalde dieren verboden zijn, namelijk honden van de 1e categorie en honden van de 2e categorie. Katten zijn ook niet toegestaan. Honden in alle andere categorie\u00ebn zijn wel welkom , zodat het gezin compleet is voor de feestdagen!  <\/p>\n\n\n\n<p>We raden je aan contact op te nemen met de receptie van de camping om er zeker van te zijn dat je hond aan de regels voldoet en geaccepteerd wordt. dat uw hond aan de regels voldoet en een van de geaccepteerde dieren is. <strong>Z o loopt u geen enkel risico en kunt u <\/strong> m et een gerust hart kamperen in Sarlat met uw hond! <\/p>\n\n\n\n<div style=\"height:63px\" aria-hidden=\"true\" class=\"wp-block-spacer\"><\/div>\n","protected":false},"excerpt":{"rendered":"<p>Kampeervakantie in de buurt van Sarlat met je hond Een kampeervakantie in Sarlat met uw hond boeken? Camping Le Pont de Mazerat maakt het u gemakkelijk. In het hart van de Dordogne en dicht bij de mooiste plekjes om te bezoeken, verblijf op slechts 11 km van Sarlat, dat in slechts 14 minuten met de [&hellip;]<\/p>\n","protected":false},"author":1,"featured_media":3409,"parent":0,"menu_order":0,"comment_status":"closed","ping_status":"closed","template":"","meta":[],"acf":[],"_links":{"self":[{"href":"https:\/\/www.lepontdemazerat.com\/nl\/wp-json\/wp\/v2\/pages\/3749"}],"collection":[{"href":"https:\/\/www.lepontdemazerat.com\/nl\/wp-json\/wp\/v2\/pages"}],"about":[{"href":"https:\/\/www.lepontdemazerat.com\/nl\/wp-json\/wp\/v2\/types\/page"}],"author":[{"embeddable":true,"href":"https:\/\/www.lepontdemazerat.com\/nl\/wp-json\/wp\/v2\/users\/1"}],"replies":[{"embeddable":true,"href":"https:\/\/www.lepontdemazerat.com\/nl\/wp-json\/wp\/v2\/comments?post=3749"}],"version-history":[{"count":3,"href":"https:\/\/www.lepontdemazerat.com\/nl\/wp-json\/wp\/v2\/pages\/3749\/revisions"}],"predecessor-version":[{"id":4867,"href":"https:\/\/www.lepontdemazerat.com\/nl\/wp-json\/wp\/v2\/pages\/3749\/revisions\/4867"}],"wp:featuredmedia":[{"embeddable":true,"href":"https:\/\/www.lepontdemazerat.com\/nl\/wp-json\/wp\/v2\/media\/3409"}],"wp:attachment":[{"href":"https:\/\/www.lepontdemazerat.com\/nl\/wp-json\/wp\/v2\/media?parent=3749"}],"curies":[{"name":"wp","href":"https:\/\/api.w.org\/{rel}","templated":true}]}}