{"id":4395,"date":"2025-07-28T16:40:58","date_gmt":"2025-07-28T14:40:58","guid":{"rendered":"https:\/\/www.lepontdemazerat.com\/?page_id=4395"},"modified":"2025-11-25T16:38:46","modified_gmt":"2025-11-25T15:38:46","slug":"natuurcamping-aquitaine-frankrijk","status":"publish","type":"page","link":"https:\/\/www.lepontdemazerat.com\/nl\/natuurcamping-aquitaine-frankrijk\/","title":{"rendered":"lp camping aquitaine"},"content":{"rendered":"\n<section class=\"wp-container-69f0e7755b172 wp-block-group alignfull diapo_header\"><div class=\"wp-block-group__inner-container\">\n<figure class=\"wp-block-video\"><video autoplay loop muted src=\"\/wp-content\/themes\/francecom\/img\/mazerat.mp4\"><\/video><\/figure>\n<\/div><\/section>\n\n\n\n<h1 id=\"kleinschalige-4-sterrencamping-in-de-regio-aquitaine-frankrijk\">Kleinschalige 4-sterrencamping in de regio Aquitaine, Frankrijk<\/h1>\n\n\n\n<p>Bent u op zoek naar een <strong>kleine camping in de regio Aquitaine in Frankrijk<\/strong> voor een vakantie midden in de natuur? In het rustige dorp <strong>Tamni\u00e8s<\/strong>, tussen de <strong>vallei van de V\u00e9z\u00e8re<\/strong> en de <strong>vallei van de Dordogne<\/strong>, heet <strong>Camping Le Pont de Mazerat<\/strong> u van harte welkom. Deze <strong>camping in Nouvelle-Aquitaine<\/strong> biedt alles voor een ontspannen gezinsvakantie of een rustgevende break voor stellen. Op slechts 300 meter ligt het meer van Tamni\u00e8s, en de rivier de V\u00e9z\u00e8re is bereikbaar in 10 minuten met de auto.<\/p>\n\n\n\n<div class=\"wp-block-columns alignwide\">\n<div class=\"wp-block-column padding-t-b\" style=\"flex-basis:32%\">\n<h2 id=\"vakantieparken-aquitaine-frankrijk-kies-voor-natuur-en-rust\">Vakantieparken Aquitaine Frankrijk? Kies voor natuur en rust<\/h2>\n\n\n\n<ul class=\"pictos col-3\"><li><i class=\"fas fa-leaf\"><\/i> Natuur<\/li><li><i class=\"fas fa-users\"><\/i> Gezinsvriendelijk<\/li><li><i class=\"fas fa-swimmer\"><\/i> Zwembad<\/li><li><i class=\"fas fa-water\"><\/i> 300 meter van een zwemmeer<\/li><li><i class=\"fas fa-map-marker-alt\"><\/i> Rivieren in de buurt<\/li><\/ul>\n\n\n\n<p>In plaats van massale en drukke <strong>vakantieparken in Aquitaine Frankrijk<\/strong>, kiest u hier voor een <strong>kleinschalige camping in de Aquitaine<\/strong> met een persoonlijke sfeer, <a href=\"https:\/\/www.lepontdemazerat.com\/nl\/kampeerplaatsen-dordogne\/\">ruime staanplaatsen<\/a> en veel groen. U kunt kamperen met eigen tent, caravan of camper, of kiezen voor een <strong>vooraf ingerichte staanplaats<\/strong> voor extra gemak.<\/p>\n\n\n\n<h3 id=\"stacaravan-huren-in-aquitaine-dat-kan\">Stacaravan huren in Aquitaine? Dat kan!<\/h3>\n\n\n\n<p>Zoekt u comfort? U kunt bij ons een <strong>stacaravan huren in Aquitaine<\/strong>, volledig ingericht met keuken, badkamer, slaapkamers en terras. Daarnaast zijn er ook <a href=\"https:\/\/www.lepontdemazerat.com\/nl\/verhuur\/ongewone-accommodatie\/\">safaritenten <\/a>beschikbaar: ideaal voor wie houdt van glamping, met echte bedden en alles bij de hand, maar toch in direct contact met de natuur.<\/p>\n\n\n\n<div class=\"wp-container-69f0e7755b57c wp-block-buttons\">\n<div class=\"wp-block-button\"><a class=\"wp-block-button__link\" href=\"https:\/\/www.lepontdemazerat.com\/nl\/verhuur\/\">Bekijk de accommodatie<\/a><\/div>\n\n\n\n<div class=\"wp-block-button btn_resa\"><a class=\"wp-block-button__link\">Boek nu!<\/a><\/div>\n<\/div>\n<\/div>\n\n\n\n<div class=\"wp-block-column\">\n<figure class=\"wp-block-gallery alignfull has-nested-images columns-4 is-cropped diaporama--2 gal_overflow\">\n<figure class=\"wp-block-image size-large\"><img loading=\"lazy\" width=\"650\" height=\"488\" src=\"https:\/\/www.lepontdemazerat.com\/wp-content\/uploads\/2024\/01\/tente-lodge-dordogne-exterieur.jpg\" alt=\"Chalet in Nouvelle-Aquitaine\" class=\"wp-image-3256\" srcset=\"https:\/\/www.lepontdemazerat.com\/wp-content\/uploads\/2024\/01\/tente-lodge-dordogne-exterieur.jpg 650w, https:\/\/www.lepontdemazerat.com\/wp-content\/uploads\/2024\/01\/tente-lodge-dordogne-exterieur-300x225.jpg 300w\" sizes=\"(max-width: 650px) 100vw, 650px\" \/><\/figure>\n\n\n\n<figure class=\"wp-block-image size-large\"><img loading=\"lazy\" width=\"1176\" height=\"882\" src=\"https:\/\/www.lepontdemazerat.com\/wp-content\/uploads\/2023\/01\/00000291710.webp\" alt=\"stacaravan camping aquitaine\" class=\"wp-image-2107\" srcset=\"https:\/\/www.lepontdemazerat.com\/wp-content\/uploads\/2023\/01\/00000291710.webp 1176w, https:\/\/www.lepontdemazerat.com\/wp-content\/uploads\/2023\/01\/00000291710-300x225.webp 300w, https:\/\/www.lepontdemazerat.com\/wp-content\/uploads\/2023\/01\/00000291710-1024x768.webp 1024w, https:\/\/www.lepontdemazerat.com\/wp-content\/uploads\/2023\/01\/00000291710-768x576.webp 768w\" sizes=\"(max-width: 1176px) 100vw, 1176px\" \/><\/figure>\n\n\n\n<figure class=\"wp-block-image size-large\"><img loading=\"lazy\" width=\"1024\" height=\"682\" src=\"https:\/\/www.lepontdemazerat.com\/wp-content\/uploads\/2023\/01\/chalet-dordogne-perigord-camping-le-pont-de-mazerat-1024x682-1.jpg\" alt=\"vakantiehuis camping aquitaine\" class=\"wp-image-2011\" srcset=\"https:\/\/www.lepontdemazerat.com\/wp-content\/uploads\/2023\/01\/chalet-dordogne-perigord-camping-le-pont-de-mazerat-1024x682-1.jpg 1024w, https:\/\/www.lepontdemazerat.com\/wp-content\/uploads\/2023\/01\/chalet-dordogne-perigord-camping-le-pont-de-mazerat-1024x682-1-300x200.jpg 300w, https:\/\/www.lepontdemazerat.com\/wp-content\/uploads\/2023\/01\/chalet-dordogne-perigord-camping-le-pont-de-mazerat-1024x682-1-768x512.jpg 768w\" sizes=\"(max-width: 1024px) 100vw, 1024px\" \/><\/figure>\n\n\n\n<figure class=\"wp-block-image size-large\"><img loading=\"lazy\" width=\"1176\" height=\"882\" src=\"https:\/\/www.lepontdemazerat.com\/wp-content\/uploads\/2023\/01\/00000285920.webp\" alt=\"tentplaats camping aquitaine\" class=\"wp-image-2033\" srcset=\"https:\/\/www.lepontdemazerat.com\/wp-content\/uploads\/2023\/01\/00000285920.webp 1176w, https:\/\/www.lepontdemazerat.com\/wp-content\/uploads\/2023\/01\/00000285920-300x225.webp 300w, https:\/\/www.lepontdemazerat.com\/wp-content\/uploads\/2023\/01\/00000285920-1024x768.webp 1024w, https:\/\/www.lepontdemazerat.com\/wp-content\/uploads\/2023\/01\/00000285920-768x576.webp 768w\" sizes=\"(max-width: 1176px) 100vw, 1176px\" \/><\/figure>\n\n\n\n<figure class=\"wp-block-image size-large\"><img loading=\"lazy\" width=\"1967\" height=\"1105\" src=\"https:\/\/www.lepontdemazerat.com\/wp-content\/uploads\/2022\/12\/drone-16-redim.jpg\" alt=\"Natuurcamping in Nouvelle-Aquitaine\" class=\"wp-image-1983\" srcset=\"https:\/\/www.lepontdemazerat.com\/wp-content\/uploads\/2022\/12\/drone-16-redim.jpg 1967w, https:\/\/www.lepontdemazerat.com\/wp-content\/uploads\/2022\/12\/drone-16-redim-300x169.jpg 300w, https:\/\/www.lepontdemazerat.com\/wp-content\/uploads\/2022\/12\/drone-16-redim-1024x575.jpg 1024w, https:\/\/www.lepontdemazerat.com\/wp-content\/uploads\/2022\/12\/drone-16-redim-768x431.jpg 768w, https:\/\/www.lepontdemazerat.com\/wp-content\/uploads\/2022\/12\/drone-16-redim-1536x864.jpg 1536w, https:\/\/www.lepontdemazerat.com\/wp-content\/uploads\/2022\/12\/drone-16-redim-1920x1080.jpg 1920w\" sizes=\"(max-width: 1967px) 100vw, 1967px\" \/><\/figure>\n<\/figure>\n<\/div>\n<\/div>\n\n\n\n<div class=\"wp-block-columns alignfull are-vertically-aligned-center reverse-mob has-fond-background-color has-background\">\n<div class=\"wp-block-column is-vertically-aligned-center\" style=\"flex-basis:45%\">\n<figure class=\"wp-block-gallery has-nested-images columns-default is-cropped gal_2\">\n<figure class=\"wp-block-image size-large\"><img loading=\"lazy\" width=\"840\" height=\"600\" src=\"https:\/\/www.lepontdemazerat.com\/wp-content\/uploads\/2023\/01\/aire-de-jeux-2017-camping-le-pont-de-mazerat.jpg\" alt=\"camping familiale aquitaine\" class=\"wp-image-2073\" srcset=\"https:\/\/www.lepontdemazerat.com\/wp-content\/uploads\/2023\/01\/aire-de-jeux-2017-camping-le-pont-de-mazerat.jpg 840w, https:\/\/www.lepontdemazerat.com\/wp-content\/uploads\/2023\/01\/aire-de-jeux-2017-camping-le-pont-de-mazerat-300x214.jpg 300w, https:\/\/www.lepontdemazerat.com\/wp-content\/uploads\/2023\/01\/aire-de-jeux-2017-camping-le-pont-de-mazerat-768x549.jpg 768w\" sizes=\"(max-width: 840px) 100vw, 840px\" \/><\/figure>\n\n\n\n<figure class=\"wp-block-image size-large\"><img loading=\"lazy\" width=\"2009\" height=\"983\" src=\"https:\/\/www.lepontdemazerat.com\/wp-content\/uploads\/2023\/01\/camping-dordogn-piscine-chauffee-le-pont-de-mazerat-1.jpg\" alt=\"camping met buitenzwembad nouvelle aquitaine\" class=\"wp-image-2048\" srcset=\"https:\/\/www.lepontdemazerat.com\/wp-content\/uploads\/2023\/01\/camping-dordogn-piscine-chauffee-le-pont-de-mazerat-1.jpg 2009w, https:\/\/www.lepontdemazerat.com\/wp-content\/uploads\/2023\/01\/camping-dordogn-piscine-chauffee-le-pont-de-mazerat-1-300x147.jpg 300w, https:\/\/www.lepontdemazerat.com\/wp-content\/uploads\/2023\/01\/camping-dordogn-piscine-chauffee-le-pont-de-mazerat-1-1024x501.jpg 1024w, https:\/\/www.lepontdemazerat.com\/wp-content\/uploads\/2023\/01\/camping-dordogn-piscine-chauffee-le-pont-de-mazerat-1-768x376.jpg 768w, https:\/\/www.lepontdemazerat.com\/wp-content\/uploads\/2023\/01\/camping-dordogn-piscine-chauffee-le-pont-de-mazerat-1-1536x752.jpg 1536w\" sizes=\"(max-width: 2009px) 100vw, 2009px\" \/><\/figure>\n<\/figure>\n<\/div>\n\n\n\n<div class=\"wp-block-column is-vertically-aligned-center\">\n<h2 id=\"voor-jong-en-oud-animatie-zwembad-en-speelplezier\">Voor jong en oud: animatie, zwembad en speelplezier<\/h2>\n\n\n\n<p>In het hoogseizoen worden er diverse <a href=\"https:\/\/www.lepontdemazerat.com\/nl\/animaties\/\">activiteiten voor kinderen<\/a> georganiseerd, waaronder een kinderclub in de ochtenden (voor 6- tot 11-jarigen), creatieve workshops, spelletjes en sportieve activiteiten. Ook gezinnen kunnen samen meedoen aan speurtochten, quizzen of kleine toernooien. \u2019s Avonds zorgen thema-avonden, muziek of lokale specialiteiten voor gezelligheid, altijd met respect voor de nachtrust (animatie stopt uiterlijk om middernacht).<\/p>\n\n\n\n<p>Op het terrein vindt u een <a href=\"https:\/\/www.lepontdemazerat.com\/nl\/camping-dordogne-met-zwembad\/\">verwarmd buitenzwembad<\/a>, een <strong>speeltuin<\/strong>, en op loopafstand ligt het <strong>recreatiemeer van Tamni\u00e8s<\/strong> \u2013 ideaal om te zwemmen of gewoon te relaxen aan het water.<\/p>\n\n\n\n<div class=\"wp-container-69f0e7755ba5e wp-block-buttons\">\n<div class=\"wp-block-button is-style-outline\"><a class=\"wp-block-button__link\" href=\"https:\/\/www.lepontdemazerat.com\/nl\/media-galerij\/\">Bekijk de foto&#8217;s<\/a><\/div>\n\n\n\n<div class=\"wp-block-button\"><a class=\"wp-block-button__link\" href=\"https:\/\/www.lepontdemazerat.com\/nl\/camping-dordogne-met-zwembad\/\">Bekijk het zwembad<\/a><\/div>\n<\/div>\n<\/div>\n<\/div>\n\n\n\n<div class=\"wp-block-columns alignwide\">\n<div class=\"wp-block-column padding-t-b\" style=\"flex-basis:32%\">\n<h2 id=\"genieten-van-natuur-cultuur-en-streekproducten\">Genieten van natuur, cultuur en streekproducten<\/h2>\n\n\n\n<p>De Dordogne is een paradijs voor natuurliefhebbers, wandelaars en cultuurliefhebbers. Vanaf de camping kunt u uitstapjes maken naar beroemde plekken zoals <strong>Sarlat-la-Can\u00e9da<\/strong>, de grotten van <strong>Lascaux<\/strong>, de kastelen van <strong>Beynac<\/strong> en <strong>Castelnaud<\/strong>, of de mooiste dorpen van Frankrijk zoals <strong>Domme<\/strong> en <strong>La Roque-Gageac<\/strong>. Liefhebbers van <a href=\"https:\/\/www.lepontdemazerat.com\/nl\/markten-van-sarlat\/\">lokale markten<\/a>, streekproducten (zoals truffels, walnoten en foie gras) en wijn komen hier volop aan hun trekken.<\/p>\n\n\n\n<p>Ook fietsen is mogelijk: er zijn diverse <strong>fiets- en wandelroutes<\/strong> in de directe omgeving, en het landschap is afwisselend maar toegankelijk.<\/p>\n\n\n\n<h2 id=\"internationale-sfeer-en-nederlandstalige-gasten\">Internationale sfeer en Nederlandstalige gasten<\/h2>\n\n\n\n<p><strong>Camping Le Pont de Mazerat<\/strong> verwelkomt elk jaar veel <strong>Nederlandse gasten<\/strong>, die de rust, natuur en gastvrijheid van de regio waarderen. De sfeer op de camping is gemoedelijk en internationaal \u2013 zelfs als u niet perfect Frans spreekt, voelt u zich hier snel thuis.<\/p>\n\n\n\n<hr class=\"wp-block-separator\"\/>\n\n\n\n<p>Camping Le Pont de Mazerat: uw <strong>camping in Nouvelle-Aquitaine<\/strong> met zwembad, stacaravans, glamping en natuur in het hart van de Dordogne.<\/p>\n\n\n\n<div class=\"wp-container-69f0e7755bde0 wp-block-buttons\">\n<div class=\"wp-block-button btn_resa\"><a class=\"wp-block-button__link\">Boek nu!<\/a><\/div>\n<\/div>\n<\/div>\n\n\n\n<div class=\"wp-block-column\">\n<figure class=\"wp-block-gallery alignfull has-nested-images columns-4 is-cropped diaporama--2 gal_overflow\">\n<figure class=\"wp-block-image size-large\"><img loading=\"lazy\" width=\"1967\" height=\"1105\" src=\"https:\/\/www.lepontdemazerat.com\/wp-content\/uploads\/2022\/12\/drone-16-redim.jpg\" alt=\"\" class=\"wp-image-1983\" srcset=\"https:\/\/www.lepontdemazerat.com\/wp-content\/uploads\/2022\/12\/drone-16-redim.jpg 1967w, https:\/\/www.lepontdemazerat.com\/wp-content\/uploads\/2022\/12\/drone-16-redim-300x169.jpg 300w, https:\/\/www.lepontdemazerat.com\/wp-content\/uploads\/2022\/12\/drone-16-redim-1024x575.jpg 1024w, https:\/\/www.lepontdemazerat.com\/wp-content\/uploads\/2022\/12\/drone-16-redim-768x431.jpg 768w, https:\/\/www.lepontdemazerat.com\/wp-content\/uploads\/2022\/12\/drone-16-redim-1536x864.jpg 1536w, https:\/\/www.lepontdemazerat.com\/wp-content\/uploads\/2022\/12\/drone-16-redim-1920x1080.jpg 1920w\" sizes=\"(max-width: 1967px) 100vw, 1967px\" \/><\/figure>\n\n\n\n<figure class=\"wp-block-image size-large\"><img loading=\"lazy\" width=\"900\" height=\"600\" src=\"https:\/\/www.lepontdemazerat.com\/wp-content\/uploads\/2025\/07\/ADO-dordogne-radfahren.jpg\" alt=\"Fietsen in Nouvelle-Aquitaine\" class=\"wp-image-4336\" srcset=\"https:\/\/www.lepontdemazerat.com\/wp-content\/uploads\/2025\/07\/ADO-dordogne-radfahren.jpg 900w, https:\/\/www.lepontdemazerat.com\/wp-content\/uploads\/2025\/07\/ADO-dordogne-radfahren-300x200.jpg 300w, https:\/\/www.lepontdemazerat.com\/wp-content\/uploads\/2025\/07\/ADO-dordogne-radfahren-768x512.jpg 768w\" sizes=\"(max-width: 900px) 100vw, 900px\" \/><\/figure>\n\n\n\n<figure class=\"wp-block-image size-large\"><img loading=\"lazy\" width=\"900\" height=\"600\" src=\"https:\/\/www.lepontdemazerat.com\/wp-content\/uploads\/2025\/07\/ADO-grotte-lascaux.jpg\" alt=\"prehistorische grot Nouvelle-Aquitaine\" class=\"wp-image-4261\" srcset=\"https:\/\/www.lepontdemazerat.com\/wp-content\/uploads\/2025\/07\/ADO-grotte-lascaux.jpg 900w, https:\/\/www.lepontdemazerat.com\/wp-content\/uploads\/2025\/07\/ADO-grotte-lascaux-300x200.jpg 300w, https:\/\/www.lepontdemazerat.com\/wp-content\/uploads\/2025\/07\/ADO-grotte-lascaux-768x512.jpg 768w\" sizes=\"(max-width: 900px) 100vw, 900px\" \/><\/figure>\n\n\n\n<figure class=\"wp-block-image size-large\"><img loading=\"lazy\" width=\"900\" height=\"600\" src=\"https:\/\/www.lepontdemazerat.com\/wp-content\/uploads\/2025\/06\/village-Saint-Leon-sur-Vezere.jpg\" alt=\"\" class=\"wp-image-4196\" srcset=\"https:\/\/www.lepontdemazerat.com\/wp-content\/uploads\/2025\/06\/village-Saint-Leon-sur-Vezere.jpg 900w, https:\/\/www.lepontdemazerat.com\/wp-content\/uploads\/2025\/06\/village-Saint-Leon-sur-Vezere-300x200.jpg 300w, https:\/\/www.lepontdemazerat.com\/wp-content\/uploads\/2025\/06\/village-Saint-Leon-sur-Vezere-768x512.jpg 768w\" sizes=\"(max-width: 900px) 100vw, 900px\" \/><\/figure>\n\n\n\n<figure class=\"wp-block-image size-large\"><img loading=\"lazy\" width=\"900\" height=\"600\" src=\"https:\/\/www.lepontdemazerat.com\/wp-content\/uploads\/2025\/04\/ADO-truffe-perigord.jpg\" alt=\"Culinaire specialiteiten uit Nouvelle-Aquitaine\" class=\"wp-image-4110\" srcset=\"https:\/\/www.lepontdemazerat.com\/wp-content\/uploads\/2025\/04\/ADO-truffe-perigord.jpg 900w, https:\/\/www.lepontdemazerat.com\/wp-content\/uploads\/2025\/04\/ADO-truffe-perigord-300x200.jpg 300w, https:\/\/www.lepontdemazerat.com\/wp-content\/uploads\/2025\/04\/ADO-truffe-perigord-768x512.jpg 768w\" sizes=\"(max-width: 900px) 100vw, 900px\" \/><\/figure>\n\n\n\n<figure class=\"wp-block-image size-large\"><img loading=\"lazy\" width=\"900\" height=\"675\" src=\"https:\/\/www.lepontdemazerat.com\/wp-content\/uploads\/2025\/02\/ADO-Beynac-et-Cazenac.jpg\" alt=\"\" class=\"wp-image-3914\" srcset=\"https:\/\/www.lepontdemazerat.com\/wp-content\/uploads\/2025\/02\/ADO-Beynac-et-Cazenac.jpg 900w, https:\/\/www.lepontdemazerat.com\/wp-content\/uploads\/2025\/02\/ADO-Beynac-et-Cazenac-300x225.jpg 300w, https:\/\/www.lepontdemazerat.com\/wp-content\/uploads\/2025\/02\/ADO-Beynac-et-Cazenac-768x576.jpg 768w\" sizes=\"(max-width: 900px) 100vw, 900px\" \/><\/figure>\n\n\n\n<figure class=\"wp-block-image size-large\"><img loading=\"lazy\" width=\"900\" height=\"600\" src=\"https:\/\/www.lepontdemazerat.com\/wp-content\/uploads\/2024\/10\/ADO-location-canoe-sommieres.jpg\" alt=\"\" class=\"wp-image-3784\" srcset=\"https:\/\/www.lepontdemazerat.com\/wp-content\/uploads\/2024\/10\/ADO-location-canoe-sommieres.jpg 900w, https:\/\/www.lepontdemazerat.com\/wp-content\/uploads\/2024\/10\/ADO-location-canoe-sommieres-300x200.jpg 300w, https:\/\/www.lepontdemazerat.com\/wp-content\/uploads\/2024\/10\/ADO-location-canoe-sommieres-768x512.jpg 768w\" sizes=\"(max-width: 900px) 100vw, 900px\" \/><\/figure>\n\n\n\n<figure class=\"wp-block-image size-large\"><img loading=\"lazy\" width=\"1500\" height=\"1000\" src=\"https:\/\/www.lepontdemazerat.com\/wp-content\/uploads\/2024\/06\/ADO-wandelen-dordogne.jpg\" alt=\"wandelingen Nieuw Aquitaine\" class=\"wp-image-3636\" srcset=\"https:\/\/www.lepontdemazerat.com\/wp-content\/uploads\/2024\/06\/ADO-wandelen-dordogne.jpg 1500w, https:\/\/www.lepontdemazerat.com\/wp-content\/uploads\/2024\/06\/ADO-wandelen-dordogne-300x200.jpg 300w, https:\/\/www.lepontdemazerat.com\/wp-content\/uploads\/2024\/06\/ADO-wandelen-dordogne-1024x683.jpg 1024w, https:\/\/www.lepontdemazerat.com\/wp-content\/uploads\/2024\/06\/ADO-wandelen-dordogne-768x512.jpg 768w\" sizes=\"(max-width: 1500px) 100vw, 1500px\" \/><\/figure>\n\n\n\n<figure class=\"wp-block-image size-large\"><img loading=\"lazy\" width=\"650\" height=\"400\" src=\"https:\/\/www.lepontdemazerat.com\/wp-content\/uploads\/2023\/07\/chateau-commarque-sarlat.jpg\" alt=\"kasteel Nouvelle-Aquitaine\" class=\"wp-image-2691\" srcset=\"https:\/\/www.lepontdemazerat.com\/wp-content\/uploads\/2023\/07\/chateau-commarque-sarlat.jpg 650w, https:\/\/www.lepontdemazerat.com\/wp-content\/uploads\/2023\/07\/chateau-commarque-sarlat-300x185.jpg 300w\" sizes=\"(max-width: 650px) 100vw, 650px\" \/><\/figure>\n\n\n\n<figure class=\"wp-block-image size-large\"><img loading=\"lazy\" width=\"1920\" height=\"1280\" src=\"https:\/\/www.lepontdemazerat.com\/wp-content\/uploads\/2023\/06\/nabih-el-boustani-gfRqnh2r00-unsplash-6.jpg\" alt=\"dordogne vallei Nieuw-Aquitaine\" class=\"wp-image-2652\" srcset=\"https:\/\/www.lepontdemazerat.com\/wp-content\/uploads\/2023\/06\/nabih-el-boustani-gfRqnh2r00-unsplash-6.jpg 1920w, https:\/\/www.lepontdemazerat.com\/wp-content\/uploads\/2023\/06\/nabih-el-boustani-gfRqnh2r00-unsplash-6-300x200.jpg 300w, https:\/\/www.lepontdemazerat.com\/wp-content\/uploads\/2023\/06\/nabih-el-boustani-gfRqnh2r00-unsplash-6-1024x683.jpg 1024w, https:\/\/www.lepontdemazerat.com\/wp-content\/uploads\/2023\/06\/nabih-el-boustani-gfRqnh2r00-unsplash-6-768x512.jpg 768w, https:\/\/www.lepontdemazerat.com\/wp-content\/uploads\/2023\/06\/nabih-el-boustani-gfRqnh2r00-unsplash-6-1536x1024.jpg 1536w\" sizes=\"(max-width: 1920px) 100vw, 1920px\" \/><\/figure>\n\n\n\n<figure class=\"wp-block-image size-large\"><img loading=\"lazy\" width=\"600\" height=\"800\" src=\"https:\/\/www.lepontdemazerat.com\/wp-content\/uploads\/2023\/06\/2208-dordogne-canoe-3-2-min-1.jpg\" alt=\"kajak Nouvelle-Aquitaine\" class=\"wp-image-2561\" srcset=\"https:\/\/www.lepontdemazerat.com\/wp-content\/uploads\/2023\/06\/2208-dordogne-canoe-3-2-min-1.jpg 600w, https:\/\/www.lepontdemazerat.com\/wp-content\/uploads\/2023\/06\/2208-dordogne-canoe-3-2-min-1-225x300.jpg 225w\" sizes=\"(max-width: 600px) 100vw, 600px\" \/><\/figure>\n\n\n\n<figure class=\"wp-block-image size-large\"><img loading=\"lazy\" width=\"1280\" height=\"853\" src=\"https:\/\/www.lepontdemazerat.com\/wp-content\/uploads\/2023\/01\/to-go-biking-geaca5daa4_1280.jpg\" alt=\"\" class=\"wp-image-2097\" srcset=\"https:\/\/www.lepontdemazerat.com\/wp-content\/uploads\/2023\/01\/to-go-biking-geaca5daa4_1280.jpg 1280w, https:\/\/www.lepontdemazerat.com\/wp-content\/uploads\/2023\/01\/to-go-biking-geaca5daa4_1280-300x200.jpg 300w, https:\/\/www.lepontdemazerat.com\/wp-content\/uploads\/2023\/01\/to-go-biking-geaca5daa4_1280-1024x682.jpg 1024w, https:\/\/www.lepontdemazerat.com\/wp-content\/uploads\/2023\/01\/to-go-biking-geaca5daa4_1280-768x512.jpg 768w\" sizes=\"(max-width: 1280px) 100vw, 1280px\" \/><\/figure>\n<\/figure>\n<\/div>\n<\/div>\n","protected":false},"excerpt":{"rendered":"<p>Kleinschalige 4-sterrencamping in de regio Aquitaine, Frankrijk Bent u op zoek naar een kleine camping in de regio Aquitaine in Frankrijk voor een vakantie midden in de natuur? In het rustige dorp Tamni\u00e8s, tussen de vallei van de V\u00e9z\u00e8re en de vallei van de Dordogne, heet Camping Le Pont de Mazerat u van harte welkom. [&hellip;]<\/p>\n","protected":false},"author":1,"featured_media":0,"parent":0,"menu_order":0,"comment_status":"closed","ping_status":"closed","template":"","meta":[],"acf":[],"_links":{"self":[{"href":"https:\/\/www.lepontdemazerat.com\/nl\/wp-json\/wp\/v2\/pages\/4395"}],"collection":[{"href":"https:\/\/www.lepontdemazerat.com\/nl\/wp-json\/wp\/v2\/pages"}],"about":[{"href":"https:\/\/www.lepontdemazerat.com\/nl\/wp-json\/wp\/v2\/types\/page"}],"author":[{"embeddable":true,"href":"https:\/\/www.lepontdemazerat.com\/nl\/wp-json\/wp\/v2\/users\/1"}],"replies":[{"embeddable":true,"href":"https:\/\/www.lepontdemazerat.com\/nl\/wp-json\/wp\/v2\/comments?post=4395"}],"version-history":[{"count":6,"href":"https:\/\/www.lepontdemazerat.com\/nl\/wp-json\/wp\/v2\/pages\/4395\/revisions"}],"predecessor-version":[{"id":4612,"href":"https:\/\/www.lepontdemazerat.com\/nl\/wp-json\/wp\/v2\/pages\/4395\/revisions\/4612"}],"wp:attachment":[{"href":"https:\/\/www.lepontdemazerat.com\/nl\/wp-json\/wp\/v2\/media?parent=4395"}],"curies":[{"name":"wp","href":"https:\/\/api.w.org\/{rel}","templated":true}]}}